{"id":2452,"date":"2022-09-02T15:24:06","date_gmt":"2022-09-02T15:24:06","guid":{"rendered":"https:\/\/ssscorp.org\/elections-speciales-de-la-societe-siri-singh-sahib-2020\/"},"modified":"2025-03-09T22:13:07","modified_gmt":"2025-03-09T22:13:07","slug":"elections-speciales-de-la-societe-siri-singh-sahib-2020","status":"publish","type":"page","link":"https:\/\/ssscorp.org\/fr\/elections-speciales-de-la-societe-siri-singh-sahib-2020\/","title":{"rendered":"\u00c9lections sp\u00e9ciales de la soci\u00e9t\u00e9 Siri Singh Sahib 2020"},"content":{"rendered":"\n\n  <div class=\"banner has-hover has-parallax\" id=\"banner-379558986\">\n          <div class=\"banner-inner fill\">\n        <div class=\"banner-bg fill\" data-parallax=\"-3\" data-parallax-container=\".banner\" data-parallax-background>\n            <div class=\"bg fill bg-fill \"><\/div>\n                        <div class=\"overlay\"><\/div>            \n                    <\/div>\n\t\t\n        <div class=\"banner-layers container\">\n            <div class=\"fill banner-link\"><\/div>            \n\n   <div id=\"text-box-1460445915\" class=\"text-box banner-layer x50 md-x50 lg-x50 y50 md-y50 lg-y50 res-text\">\n                                <div class=\"text-box-content text dark\">\n              \n              <div class=\"text-inner text-center\">\n                  \n\n<h3 class=\"uppercase\"><strong>\u00c9lections sp\u00e9ciales de la soci\u00e9t\u00e9 Siri Singh Sahib 2020<\/strong><\/h3>\n<p>Le seva, un service consistant \u00e0 donner sans penser au r\u00e9sultat, est une chose tr\u00e8s simple. Cela fait de vous un leader, que vous le soyez ou non, que vous le m\u00e9ritiez ou non. Et cela vous apporte des opportunit\u00e9s, des prosp\u00e9rit\u00e9s, et tous les biens, et Dieu, et les bonnes choses de l&#8217;Univers.<br>Yogi Bhajan 4\/20\/89<\/p>\n\n              <\/div>\n           <\/div>\n                            \n<style>\n#text-box-1460445915 {\n  width: 97%;\n}\n#text-box-1460445915 .text-box-content {\n  font-size: 100%;\n}\n<\/style>\n    <\/div>\n \n\n        <\/div>\n      <\/div>\n\n            \n<style>\n#banner-379558986 {\n  padding-top: 300px;\n}\n#banner-379558986 .bg.bg-loaded {\n  background-image: url(https:\/\/ssscorp.org\/wp-content\/uploads\/2022\/09\/Untitled-design-3-scaled-1.jpeg);\n}\n#banner-379558986 .overlay {\n  background-color: rgba(17, 33, 82, 0.855);\n}\n#banner-379558986 .ux-shape-divider--top svg {\n  height: 150px;\n  --divider-top-width: 100%;\n}\n#banner-379558986 .ux-shape-divider--bottom svg {\n  height: 150px;\n  --divider-width: 100%;\n}\n<\/style>\n  <\/div>\n\n\n\t<section class=\"section\" id=\"section_2132030955\">\n\t\t<div class=\"bg section-bg fill bg-fill  bg-loaded\" >\n\n\t\t\t\n\t\t\t\n\t\t\t\n\n\t\t<\/div>\n\n\t\t\n\n\t\t<div class=\"section-content relative\">\n\t\t\t\n\n<div class=\"row\"  id=\"row-599053357\">\n\n\n\t<div id=\"col-2114408503\" class=\"col small-12 large-12\"  >\n\t\t\t\t<div class=\"col-inner\"  >\n\t\t\t\n\t\t\t\n\n\t<div class=\"img has-hover x md-x lg-x y md-y lg-y\" id=\"image_1615587242\">\n\t\t\t\t\t\t\t\t<div class=\"img-inner dark\" >\n\t\t\t<img fetchpriority=\"high\" decoding=\"async\" width=\"1020\" height=\"376\" src=\"https:\/\/ssscorp.org\/wp-content\/uploads\/2022\/10\/sssc-election-timlines-3_orig-1024x377.jpg\" class=\"attachment-large size-large\" alt=\"\" srcset=\"https:\/\/ssscorp.org\/wp-content\/uploads\/2022\/10\/sssc-election-timlines-3_orig-1024x377.jpg 1024w, https:\/\/ssscorp.org\/wp-content\/uploads\/2022\/10\/sssc-election-timlines-3_orig-300x110.jpg 300w, https:\/\/ssscorp.org\/wp-content\/uploads\/2022\/10\/sssc-election-timlines-3_orig-768x283.jpg 768w, https:\/\/ssscorp.org\/wp-content\/uploads\/2022\/10\/sssc-election-timlines-3_orig-1536x566.jpg 1536w, https:\/\/ssscorp.org\/wp-content\/uploads\/2022\/10\/sssc-election-timlines-3_orig.jpg 1920w\" sizes=\"(max-width: 1020px) 100vw, 1020px\" \/>\t\t\t\t\t\t\n\t\t\t\t\t<\/div>\n\t\t\t\t\t\t\t\t\n<style>\n#image_1615587242 {\n  width: 100%;\n}\n<\/style>\n\t<\/div>\n\t\n\n<h3>R\u00e9sultats des \u00e9lections sp\u00e9ciales 2020<\/h3>\n<p>T\u00e9l\u00e9chargez les r\u00e9sultats officiels en cliquant <a href=\"https:\/\/ssscorp.org\/wp-content\/uploads\/2022\/10\/2020_sssc_special_trustees_election_final_certified_election_results.pdf\" target=\"_blank\" rel=\"noopener\" data-cke-saved-href=\"http:\/\/weebly-file\/1\/0\/7\/2\/107246343\/2020_sssc_special_trustees_election_final_certified_election_results.pdf\">ici.<\/a><\/p>\n\t<div class=\"img has-hover x md-x lg-x y md-y lg-y\" id=\"image_1392144821\">\n\t\t\t\t\t\t\t\t<div class=\"img-inner dark\" >\n\t\t\t<img decoding=\"async\" width=\"1020\" height=\"354\" src=\"https:\/\/ssscorp.org\/wp-content\/uploads\/2022\/10\/sssc-special-1024x355.jpg\" class=\"attachment-large size-large\" alt=\"\" srcset=\"https:\/\/ssscorp.org\/wp-content\/uploads\/2022\/10\/sssc-special-1024x355.jpg 1024w, https:\/\/ssscorp.org\/wp-content\/uploads\/2022\/10\/sssc-special-300x104.jpg 300w, https:\/\/ssscorp.org\/wp-content\/uploads\/2022\/10\/sssc-special-768x266.jpg 768w, https:\/\/ssscorp.org\/wp-content\/uploads\/2022\/10\/sssc-special.jpg 1120w\" sizes=\"(max-width: 1020px) 100vw, 1020px\" \/>\t\t\t\t\t\t\n\t\t\t\t\t<\/div>\n\t\t\t\t\t\t\t\t\n<style>\n#image_1392144821 {\n  width: 100%;\n}\n<\/style>\n\t<\/div>\n\t\n\n<h3>D\u00e9tails de l&#8217;\u00e9lection<\/h3>\n<p>Les statuts du SSSC pr\u00e9voient que le conseil d&#8217;administration sera compos\u00e9 de 15 administrateurs \u00e9lus. R\u00e9cemment, il y a eu quatre d\u00e9missions du conseil d&#8217;administration &#8211; MJ Amrit Singh Khalsa, SS Guru Amrit Singh Khalsa, MSS Krishna Kaur Khalsa et SS Guru Darbar Singh Khalsa. Deux des postes vacants ont \u00e9t\u00e9 pourvus par des candidats qui se sont pr\u00e9sent\u00e9s aux \u00e9lections pr\u00e9c\u00e9dentes, SS Gurumeet Kaur Khalsa et SS Sirivishnu Singh Khalsa. Cependant, il n&#8217;y avait pas suffisamment de candidats restants de cette \u00e9lection pour occuper le si\u00e8ge d\u00e9finitif. Comme il y a deux postes vacants au sein du conseil qui ne peuvent \u00eatre pourvus par notre processus normal, le SSSC organise une \u00e9lection sp\u00e9ciale pour combler les deux si\u00e8ges vacants.\u200b<br><br>Les deux membres du conseil d&#8217;administration qui ont d\u00e9missionn\u00e9 et cr\u00e9\u00e9 ces postes vacants ont \u00e9t\u00e9 \u00e9lus en septembre 2017 et les deux si\u00e8ges actuellement en cours d&#8217;attribution expireront en septembre 2022.<\/p>\n<h3>D\u00e9tail du calendrier des \u00e9lections sp\u00e9ciales de 2020<\/h3>\n<p><strong>1. Nomination : 1 octobre &#8211; 15 octobre 2020<\/strong><\/p>\n<ul>\n<li>Les membres du Sangat d\u00e9signeront les candidats par le biais d&#8217;un sondage \u00e9lectronique. Tous les membres de Sangat peuvent participer. <\/li>\n<\/ul>\n<p><br><strong>2. V\u00e9rification : du 21 au 31 octobre 2020<\/strong><\/p>\n<ul>\n<li> Le Bureau du Conseil Dharmique examinera les candidats conform\u00e9ment \u00e0 la section 2.6 des statuts pour d\u00e9terminer leur \u00e9ligibilit\u00e9. <\/li>\n<li> Le Bureau du secr\u00e9taire \u00e0 la religion fournira une liste des ministres qui se sont qualifi\u00e9s pour pouvoir voter lors des prochaines \u00e9lections. <\/li>\n<\/ul>\n<p><strong> <\/strong><br><strong>3. Annonce des candidats : 2 novembre 2020<\/strong><\/p>\n<ul>\n<li> Un e-mail sera envoy\u00e9 \u00e0 l&#8217;Electorat annon\u00e7ant les noms des Candidats \u00e9ligibles.<\/li>\n<\/ul>\n<p><strong> <\/strong><br><strong>4. Soumission des d\u00e9clarations des candidats : 2-7 novembre 2020<\/strong><\/p>\n<ul>\n<li>Les candidats \u00e9ligibles recevront un questionnaire demandant des informations biographiques pertinentes. Le questionnaire doit inclure la date limite de soumission et les crit\u00e8res de disqualification tels que sp\u00e9cifi\u00e9s dans la phase 5 de ce calendrier. <\/li>\n<li>Chaque Candidat \u00c9ligible doit soumettre une r\u00e9ponse au questionnaire.<\/li>\n<li>Les candidats qui ne soumettront pas de r\u00e9ponse avant la date limite seront disqualifi\u00e9s.<\/li>\n<\/ul>\n<p><strong> <\/strong><br><strong>5. Examen des d\u00e9clarations des candidats&nbsp;: du 8 au 15&nbsp;novembre&nbsp;2020<\/strong><\/p>\n<ul>\n<li>Cette phase peut se d\u00e9rouler en m\u00eame temps que les phases 4 et 6.<\/li>\n<li>Le Bureau du Conseil Dharmique et le Comit\u00e9 d&#8217;\u00e9lection examineront toutes les d\u00e9clarations des candidats.<\/li>\n<\/ul>\n<ul>\n<li>Les candidats dont les d\u00e9clarations contiennent un contenu inappropri\u00e9 peuvent soumettre une d\u00e9claration r\u00e9vis\u00e9e au plus tard trois (3) jours avant le d\u00e9but du vote. Les candidats qui n&#8217;ont pas soumis une d\u00e9claration r\u00e9vis\u00e9e appropri\u00e9e dans ce d\u00e9lai seront disqualifi\u00e9s. <\/li>\n<\/ul>\n<p><br><strong>6. Affichage des d\u00e9clarations des candidats : 16 novembre 2020<\/strong><\/p>\n<ul>\n<li>Cette phase peut se d\u00e9rouler en m\u00eame temps que les phases 4 et 5.<\/li>\n<li>Une fois que toutes les d\u00e9clarations appropri\u00e9es ont \u00e9t\u00e9 publi\u00e9es, le site Web est activ\u00e9 et une notification est envoy\u00e9e \u00e0 l&#8217;\u00e9lectorat. <\/li>\n<\/ul>\n<p><br><strong>7. Vote : 4-13 d\u00e9cembre 2020<\/strong><\/p>\n<ul>\n<li>Le vote aura lieu en ligne via un service de vote s\u00e9curis\u00e9.<\/li>\n<li>Chaque \u00e9lecteur recevra des informations d&#8217;identification uniques afin qu&#8217;il puisse remplir exactement un bulletin de vote.<\/li>\n<li>Chaque \u00e9lecteur peut \u00e9mettre un nombre de suffrages \u00e9gal ou inf\u00e9rieur au nombre de si\u00e8ges \u00e0 pourvoir. <\/li>\n<li> Il est interdit \u00e0 chaque \u00e9lecteur de voter plus d&#8217;une fois pour un candidat. <strong> <\/strong><\/li>\n<\/ul>\n<p><br><strong>8. D\u00e9compte et notification&nbsp;: 14 d\u00e9cembre 2020<\/strong><\/p>\n<ul>\n<li>Les votes sont compt\u00e9s \u00e9lectroniquement apr\u00e8s la fin du vote.<\/li>\n<li>Le candidat recevant le plus de votes sera assis. <\/li>\n<li>En cas d&#8217;\u00e9galit\u00e9 pour le si\u00e8ge, s&#8217;il y a plus de candidats \u00e0 \u00e9galit\u00e9 qu&#8217;il n&#8217;y a de si\u00e8ges vacants, le ou les si\u00e8ges vacants restants seront disput\u00e9s lors d&#8217;un second tour entre les candidats \u00e0 \u00e9galit\u00e9. <\/li>\n<li>La notification des r\u00e9sultats de l&#8217;\u00e9lection doit inclure le gagnant et le d\u00e9compte pour chaque candidat.<\/li>\n<\/ul>\n<p><br><strong> 9<strong>. Formation des nouveaux membres du conseil d&#8217;administration<\/strong><\/strong><\/p>\n<ul>\n<li>Les nouveaux membres du conseil suivent une formation de 2 semaines avant de faire officiellement partie du conseil.<\/li>\n<\/ul>\n<p><br><strong>10. Prise de fonction : 16 janvier 2021<\/strong><\/p>\n<ul>\n<li>Le gagnant de l&#8217;\u00e9lection entrera en fonction avant les r\u00e9unions face \u00e0 face de janvier. <\/li>\n<\/ul>\n<div class=\"is-divider divider clearfix\" style=\"max-width:100%;\"><\/div>\n\n<div class=\"row\"  id=\"row-1583165804\">\n\n\n\t<div id=\"col-1087687367\" class=\"col medium-6 small-12 large-6\"  >\n\t\t\t\t<div class=\"col-inner\"  >\n\t\t\t\n\t\t\t\n\n<h3>\u00c9lectorat<\/h3>\n<p>Le processus de l&#8217;\u00e9lectorat 2020 est termin\u00e9.  <\/p>\n\n\t\t<\/div>\n\t\t\t\t\t<\/div>\n\n\t\n\n\t<div id=\"col-379476206\" class=\"col medium-6 small-12 large-6\"  >\n\t\t\t\t<div class=\"col-inner\"  >\n\t\t\t\n\t\t\t\n\n<h3>Nominations<\/h3>\n<p>La proc\u00e9dure de nomination pour 2020 est termin\u00e9e.<\/p>\n\n\n\t\t<\/div>\n\t\t\t\t\t<\/div>\n\n\t\n\n<\/div>\n\n\t\t<\/div>\n\t\t\t\t\t<\/div>\n\n\t\n\n<\/div>\n\n\t\t<\/div>\n\n\t\t\n<style>\n#section_2132030955 {\n  padding-top: 30px;\n  padding-bottom: 30px;\n}\n#section_2132030955 .ux-shape-divider--top svg {\n  height: 150px;\n  --divider-top-width: 100%;\n}\n#section_2132030955 .ux-shape-divider--bottom svg {\n  height: 150px;\n  --divider-width: 100%;\n}\n<\/style>\n\t<\/section>\n\t\n\n  <div class=\"banner has-hover\" id=\"banner-942413311\">\n          <div class=\"banner-inner fill\">\n        <div class=\"banner-bg fill\" >\n            <div class=\"bg fill bg-fill \"><\/div>\n                                    \n                    <\/div>\n\t\t\n        <div class=\"banner-layers container\">\n            <div class=\"fill banner-link\"><\/div>            \n\n   <div id=\"text-box-769626694\" class=\"text-box banner-layer x50 md-x50 lg-x50 y50 md-y50 lg-y50 res-text\">\n                                <div class=\"text-box-content text dark\">\n              \n              <div class=\"text-inner text-center\">\n                  \n\n<p><span style=\"font-size: large;\">Choisissez qui vous voulez, mais vous devez voter. Je pense que toute personne qui ne s&#8217;est pas inscrite sur les listes \u00e9lectorales a fait une trag\u00e9die nationale. Quelle est cette d\u00e9mocratie o\u00f9 personne ne veut voter ? Votez bien et mal mais vous devez voter, c&#8217;est la d\u00e9mocratie. Et une d\u00e9mocratie dans laquelle seulement la moiti\u00e9 des gens votent, quelle est cette d\u00e9mocratie ?<\/span><br><span style=\"font-size: small;\">Yogi Bhajan 13\/10\/88<\/span><\/p>\n\n              <\/div>\n           <\/div>\n                            \n<style>\n#text-box-769626694 {\n  width: 100%;\n}\n#text-box-769626694 .text-box-content {\n  font-size: 100%;\n}\n<\/style>\n    <\/div>\n \n\n        <\/div>\n      <\/div>\n\n            \n<style>\n#banner-942413311 {\n  padding-top: 220px;\n  background-color: rgb(52, 61, 81);\n}\n#banner-942413311 .ux-shape-divider--top svg {\n  height: 150px;\n  --divider-top-width: 100%;\n}\n#banner-942413311 .ux-shape-divider--bottom svg {\n  height: 150px;\n  --divider-width: 100%;\n}\n<\/style>\n  <\/div>\n\n\n\n","protected":false},"excerpt":{"rendered":"","protected":false},"author":1,"featured_media":0,"parent":0,"menu_order":0,"comment_status":"closed","ping_status":"closed","template":"page-blank.php","meta":{"iawp_total_views":2,"footnotes":""},"class_list":["post-2452","page","type-page","status-publish","hentry"],"_links":{"self":[{"href":"https:\/\/ssscorp.org\/fr\/wp-json\/wp\/v2\/pages\/2452","targetHints":{"allow":["GET"]}}],"collection":[{"href":"https:\/\/ssscorp.org\/fr\/wp-json\/wp\/v2\/pages"}],"about":[{"href":"https:\/\/ssscorp.org\/fr\/wp-json\/wp\/v2\/types\/page"}],"author":[{"embeddable":true,"href":"https:\/\/ssscorp.org\/fr\/wp-json\/wp\/v2\/users\/1"}],"replies":[{"embeddable":true,"href":"https:\/\/ssscorp.org\/fr\/wp-json\/wp\/v2\/comments?post=2452"}],"version-history":[{"count":5,"href":"https:\/\/ssscorp.org\/fr\/wp-json\/wp\/v2\/pages\/2452\/revisions"}],"predecessor-version":[{"id":12813,"href":"https:\/\/ssscorp.org\/fr\/wp-json\/wp\/v2\/pages\/2452\/revisions\/12813"}],"wp:attachment":[{"href":"https:\/\/ssscorp.org\/fr\/wp-json\/wp\/v2\/media?parent=2452"}],"curies":[{"name":"wp","href":"https:\/\/api.w.org\/{rel}","templated":true}]}}