{"id":2428,"date":"2022-09-02T15:24:03","date_gmt":"2022-09-02T15:24:03","guid":{"rendered":"https:\/\/ssscorp.org\/elections-de-la-societe-siri-singh-sahib-2020\/"},"modified":"2022-10-23T00:58:11","modified_gmt":"2022-10-23T00:58:11","slug":"elections-de-la-societe-siri-singh-sahib-2020","status":"publish","type":"page","link":"https:\/\/ssscorp.org\/fr\/elections-de-la-societe-siri-singh-sahib-2020\/","title":{"rendered":"\u00c9lections de la soci\u00e9t\u00e9 Siri Singh Sahib 2020"},"content":{"rendered":"\n\n  <div class=\"banner has-hover has-parallax\" id=\"banner-589207016\">\n          <div class=\"banner-inner fill\">\n        <div class=\"banner-bg fill\" data-parallax=\"-3\" data-parallax-container=\".banner\" data-parallax-background>\n            <div class=\"bg fill bg-fill \"><\/div>\n                        <div class=\"overlay\"><\/div>            \n                    <\/div>\n\t\t\n        <div class=\"banner-layers container\">\n            <div class=\"fill banner-link\"><\/div>            \n\n   <div id=\"text-box-917444826\" class=\"text-box banner-layer x50 md-x50 lg-x50 y50 md-y50 lg-y50 res-text\">\n                                <div class=\"text-box-content text dark\">\n              \n              <div class=\"text-inner text-center\">\n                  \n\n<h3 class=\"uppercase\"><strong>\u00c9lections de la soci\u00e9t\u00e9 Siri Singh Sahib 2020<\/strong><\/h3>\n<p>Le seva, un service consistant \u00e0 donner sans penser au r\u00e9sultat, est une chose tr\u00e8s simple. Cela fait de vous un leader, que vous le soyez ou non, que vous le m\u00e9ritiez ou non. Et cela vous apporte des opportunit\u00e9s, des prosp\u00e9rit\u00e9s, et tous les biens, et Dieu, et les bonnes choses de l&#8217;Univers.<br>Yogi Bhajan 4\/20\/89<\/p>\n\n              <\/div>\n           <\/div>\n                            \n<style>\n#text-box-917444826 {\n  width: 99%;\n}\n#text-box-917444826 .text-box-content {\n  font-size: 100%;\n}\n<\/style>\n    <\/div>\n \n\n        <\/div>\n      <\/div>\n\n            \n<style>\n#banner-589207016 {\n  padding-top: 300px;\n}\n#banner-589207016 .bg.bg-loaded {\n  background-image: url(https:\/\/ssscorp.org\/wp-content\/uploads\/2022\/09\/Untitled-design-3-scaled-1.jpeg);\n}\n#banner-589207016 .overlay {\n  background-color: rgba(17, 33, 82, 0.855);\n}\n#banner-589207016 .ux-shape-divider--top svg {\n  height: 150px;\n  --divider-top-width: 100%;\n}\n#banner-589207016 .ux-shape-divider--bottom svg {\n  height: 150px;\n  --divider-width: 100%;\n}\n<\/style>\n  <\/div>\n\n\n\t<section class=\"section\" id=\"section_1901722034\">\n\t\t<div class=\"bg section-bg fill bg-fill  bg-loaded\" >\n\n\t\t\t\n\t\t\t\n\t\t\t\n\n\t\t<\/div>\n\n\t\t\n\n\t\t<div class=\"section-content relative\">\n\t\t\t\n\n<div class=\"row\"  id=\"row-1730723962\">\n\n\n\t<div id=\"col-862697537\" class=\"col small-12 large-12\"  >\n\t\t\t\t<div class=\"col-inner\"  >\n\t\t\t\n\t\t\t\n\n\t<div class=\"img has-hover x md-x lg-x y md-y lg-y\" id=\"image_405051681\">\n\t\t\t\t\t\t\t\t<div class=\"img-inner dark\" >\n\t\t\t<img fetchpriority=\"high\" decoding=\"async\" width=\"1020\" height=\"410\" src=\"https:\/\/ssscorp.org\/wp-content\/uploads\/2022\/10\/2020-sssc-election-infograph-most-current_orig-1024x412.jpg\" class=\"attachment-large size-large\" alt=\"\" srcset=\"https:\/\/ssscorp.org\/wp-content\/uploads\/2022\/10\/2020-sssc-election-infograph-most-current_orig-1024x412.jpg 1024w, https:\/\/ssscorp.org\/wp-content\/uploads\/2022\/10\/2020-sssc-election-infograph-most-current_orig-300x121.jpg 300w, https:\/\/ssscorp.org\/wp-content\/uploads\/2022\/10\/2020-sssc-election-infograph-most-current_orig-768x309.jpg 768w, https:\/\/ssscorp.org\/wp-content\/uploads\/2022\/10\/2020-sssc-election-infograph-most-current_orig.jpg 1456w\" sizes=\"(max-width: 1020px) 100vw, 1020px\" \/>\t\t\t\t\t\t\n\t\t\t\t\t<\/div>\n\t\t\t\t\t\t\t\t\n<style>\n#image_405051681 {\n  width: 100%;\n}\n<\/style>\n\t<\/div>\n\t\n\n<h2 id=\"869772807653871632\" class=\"element wsite-content-title editable-text cke_editable cke_editable_inline cke_contents_ltr cke_show_borders cke_focus\" tabindex=\"0\" role=\"textbox\" contenteditable=\"true\" spellcheck=\"true\" aria-label=\"false\"><span style=\"color: #8d7824; font-size: xx-large;\">R\u00e9sultats des \u00e9lections 2020<\/span><\/h2>\n<p>T\u00e9l\u00e9chargez les r\u00e9sultats officiels en cliquant <a href=\"https:\/\/ssscorp.org\/wp-content\/uploads\/2022\/10\/siri_singh_sahib_corporation_trustees_election_certification_letter_2020-03-30-1245.pdf\" target=\"_blank\" rel=\"noopener\" data-cke-saved-href=\"http:\/\/weebly-file\/1\/0\/7\/2\/107246343\/siri_singh_sahib_corporation_trustees_election_certification_letter_2020-03-30-1245.pdf\">ici<\/a>.<\/p>\n\t<div class=\"img has-hover x md-x lg-x y md-y lg-y\" id=\"image_1536055119\">\n\t\t\t\t\t\t\t\t<div class=\"img-inner dark\" >\n\t\t\t<img decoding=\"async\" width=\"1020\" height=\"633\" src=\"https:\/\/ssscorp.org\/wp-content\/uploads\/2022\/10\/table-2020-elections-1024x635.jpg\" class=\"attachment-large size-large\" alt=\"\" srcset=\"https:\/\/ssscorp.org\/wp-content\/uploads\/2022\/10\/table-2020-elections-1024x635.jpg 1024w, https:\/\/ssscorp.org\/wp-content\/uploads\/2022\/10\/table-2020-elections-300x186.jpg 300w, https:\/\/ssscorp.org\/wp-content\/uploads\/2022\/10\/table-2020-elections-768x476.jpg 768w, https:\/\/ssscorp.org\/wp-content\/uploads\/2022\/10\/table-2020-elections.jpg 1121w\" sizes=\"(max-width: 1020px) 100vw, 1020px\" \/>\t\t\t\t\t\t\n\t\t\t\t\t<\/div>\n\t\t\t\t\t\t\t\t\n<style>\n#image_1536055119 {\n  width: 100%;\n}\n<\/style>\n\t<\/div>\n\t\n\n<h2 id=\"684112980737863157\" class=\"element wsite-content-title editable-text cke_editable cke_editable_inline cke_contents_ltr cke_show_borders cke_focus\" style=\"text-align: center;\" tabindex=\"0\" role=\"textbox\" contenteditable=\"true\" spellcheck=\"true\" aria-label=\"false\">D\u00e9tails de l&#8217;\u00e9lection<\/h2>\n<p><strong><span style=\"color: #8d7824;\">Huit (8) des membres ont \u00e9t\u00e9 \u00e9lus lors de la derni\u00e8re \u00e9lection. Ils serviront jusqu&#8217;au Conseil Khalsa \u00e0 l&#8217;automne 2022&nbsp;:<\/span><\/strong><\/p>\n<ul>\n<li>SS Guru Amrit Singh Khalsa &#8211; Herndon, VA (tr\u00e9sorier)<\/li>\n<li>SS Gurusangat Singh Khalsa &#8211; Herndon, Virginie<\/li>\n<li>SS Gurudarbar Singh Khalsa &#8211; Espa\u00f1ola, Nouveau-Mexique<\/li>\n<li>SS Kulwant Kaur Khalsa &#8211; Espa\u00f1ola\/Los Angeles<\/li>\n<li>SS Dr. Harjot Kaur Singh &#8211; Calgary, Canada<\/li>\n<li>MSS Krishna Kaur Khalsa &#8211; Los Angeles, Californie<\/li>\n<li>SS Gurutej Singh Khalsa &#8211; Singapour<\/li>\n<li>SS Sahaj Singh Kahlas &#8211; Santa Fe, Nouveau-Mexique<\/li>\n<\/ul>\n<p><strong><span style=\"color: #a88d2e;\">Les sept (7) membres du conseil d&#8217;administration du SSSC dont les mandats expirent au printemps 2020 sont&nbsp;:<\/span><\/strong><\/p>\n<ul>\n<li>MJ Amrit Singh Khalsa &#8211; Espanola, NM<\/li>\n<li>SS Dharm Singh Khalsa &#8211; Espanola, NM<\/li>\n<li>SS Gurujodha Singh Khalsa &#8211; Bakersfield, Californie<\/li>\n<li>SS Gurujot Kaur Khalsa &#8211; Herndon, Virginie<\/li>\n<li>SS Sat Bachan Kaur Khalsa &#8211; Espanola, NM<\/li>\n<li>SS Sat Hari Singh Khalsa &#8211; Hambourg, Allemagne<\/li>\n<li>SS Viriam Singh Khalsa &#8211; Eugene, OR<\/li>\n<\/ul>\n<h3><span style=\"color: #a88d2e;\">D\u00e9tail du calendrier \u00e9lectoral 2022<\/span><\/h3>\n<p><strong>1. Nomination : 15 septembre &#8211; 15 octobre 2019<\/strong><\/p>\n<ul>\n<li>Les membres du Sangat d\u00e9signeront les candidats par le biais d&#8217;un sondage \u00e9lectronique. Tous les membres de Sangat peuvent participer. <\/li>\n<\/ul>\n<p><br><strong>2. V\u00e9rification : du 16 octobre au 31 d\u00e9cembre 2019<\/strong><\/p>\n<ul>\n<li> Le bureau du chancelier examine les candidats conform\u00e9ment \u00e0 l&#8217;article 2.6 des statuts pour d\u00e9terminer leur \u00e9ligibilit\u00e9. <\/li>\n<li> Le Bureau du secr\u00e9taire \u00e0 la religion fournira une liste des ministres qui se sont qualifi\u00e9s pour pouvoir voter lors des prochaines \u00e9lections. <\/li>\n<\/ul>\n<p><strong> <\/strong><br><strong>3. Annonce des candidats : 1er janvier 2020<\/strong><\/p>\n<ul>\n<li> Un e-mail sera envoy\u00e9 \u00e0 l&#8217;Electorat annon\u00e7ant les noms des Candidats \u00e9ligibles.<\/li>\n<\/ul>\n<p><strong> <\/strong><br><strong>4. Soumission des d\u00e9clarations des candidats : 2 janvier 2020 &#8211; 30 janvier 2020<\/strong><\/p>\n<ul>\n<li>Les candidats \u00e9ligibles recevront un questionnaire demandant des informations biographiques pertinentes. Le questionnaire doit inclure la date limite de soumission et les crit\u00e8res de disqualification tels que sp\u00e9cifi\u00e9s dans la phase 5 de ce calendrier. <\/li>\n<li>Chaque Candidat \u00c9ligible doit soumettre une r\u00e9ponse au questionnaire.<\/li>\n<li>Les candidats qui ne soumettront pas de r\u00e9ponse avant la date limite seront disqualifi\u00e9s.<\/li>\n<\/ul>\n<p><strong> <\/strong><br><strong>5. Examen des d\u00e9clarations des candidats&nbsp;: du 31&nbsp;janvier au 13&nbsp;f\u00e9vrier&nbsp;2020<\/strong><\/p>\n<ul>\n<li>Cette phase peut se d\u00e9rouler en m\u00eame temps que les phases 4 et 6.<\/li>\n<li>Le bureau du chancelier et le comit\u00e9 des \u00e9lections examinent toutes les d\u00e9clarations des candidats.<\/li>\n<\/ul>\n<ul>\n<li>Les candidats dont les d\u00e9clarations contiennent un contenu inappropri\u00e9 peuvent soumettre une d\u00e9claration r\u00e9vis\u00e9e au plus tard trois (3) jours avant le d\u00e9but du vote. Les candidats qui n&#8217;ont pas soumis une d\u00e9claration r\u00e9vis\u00e9e appropri\u00e9e dans ce d\u00e9lai seront disqualifi\u00e9s. <\/li>\n<\/ul>\n<p><br><strong>6. Affichage des d\u00e9clarations des candidats : 14 f\u00e9vrier 2020<\/strong><\/p>\n<ul>\n<li>Cette phase peut se d\u00e9rouler en m\u00eame temps que les phases 4 et 5.<\/li>\n<li>Une fois que toutes les d\u00e9clarations appropri\u00e9es ont \u00e9t\u00e9 publi\u00e9es, le site Web est activ\u00e9 et une notification est envoy\u00e9e \u00e0 l&#8217;\u00e9lectorat. <\/li>\n<\/ul>\n<p><br><strong>7. Mairie : 1-8 mars <strong>2020<\/strong><\/strong><\/p>\n<ul>\n<li> Des assembl\u00e9es publiques en ligne seront organis\u00e9es pour que l&#8217;\u00e9lectorat rencontre les candidats et leur pose des questions. <\/li>\n<\/ul>\n<p><br><strong>8. Vote : 9-22 mars 2020<\/strong><\/p>\n<ul>\n<li>Le vote aura lieu en ligne via un service de vote s\u00e9curis\u00e9.<\/li>\n<li>Chaque \u00e9lecteur recevra des informations d&#8217;identification uniques afin qu&#8217;il puisse remplir exactement un bulletin de vote.<\/li>\n<li>Chaque \u00e9lecteur peut \u00e9mettre un nombre de suffrages \u00e9gal ou inf\u00e9rieur au nombre de si\u00e8ges \u00e0 pourvoir. <\/li>\n<li> Il est interdit \u00e0 chaque \u00e9lecteur de voter plus d&#8217;une fois pour un candidat. <strong> <\/strong><\/li>\n<\/ul>\n<p><br><strong>9. D\u00e9compte et notification : 23 mars 2020<\/strong><\/p>\n<ul>\n<li>Les votes sont compt\u00e9s \u00e9lectroniquement apr\u00e8s la fin du vote.<\/li>\n<li>Les sept Candidats recevant le plus de votes seront assis. <\/li>\n<li>En cas d&#8217;\u00e9galit\u00e9 pour le(s) dernier(s) si\u00e8ge(s) vacant(s), s&#8217;il y a plus de candidats \u00e0 \u00e9galit\u00e9 que de si\u00e8ges vacants, le(s) si\u00e8ge(s) vacant(s) restant(s) seront disput\u00e9s lors d&#8217;un second tour entre les candidats ex aequo. <\/li>\n<li>La notification des r\u00e9sultats des \u00e9lections comprendra les gagnants et les d\u00e9comptes pour chaque candidat.<\/li>\n<\/ul>\n<p> <br><strong>10. Second tour des \u00e9lections (si n\u00e9cessaire) : 23-31 mars 2020<\/strong><\/p>\n<ul>\n<li>L&#8217;\u00e9lectorat est avis\u00e9 d&#8217;un second tour de scrutin le lendemain de la fin de l&#8217;\u00e9lection normale.<\/li>\n<li>Le vote et le d\u00e9pouillement des voix se d\u00e9roulent selon les phases 7 et 8.<\/li>\n<\/ul>\n<p><br><strong>11. Informer Sangat des r\u00e9sultats du second tour&nbsp;: 1er avril 2020 (si un second tour est requis)<\/strong><\/p>\n<ul>\n<li>Le Sangat est inform\u00e9 des r\u00e9sultats du second tour des \u00e9lections.<\/li>\n<\/ul>\n<p><br><strong>12. Prise de fonction : (Premier jour du Conseil Khalsa) 22 avril 2020<\/strong><\/p>\n<ul>\n<li>Les gagnants de l&#8217;\u00e9lection entrent en fonction \u00e0 l&#8217;expiration du mandat des administrateurs sortants. <\/li>\n<\/ul>\n<div class=\"is-divider divider clearfix\" style=\"max-width:100%;\"><\/div>\n\n<div class=\"row\"  id=\"row-1803770005\">\n\n\n\t<div id=\"col-366932885\" class=\"col medium-6 small-12 large-6\"  >\n\t\t\t\t<div class=\"col-inner\"  >\n\t\t\t\n\t\t\t\n\n<h3>\u00c9lectorat<\/h3>\n<p>Pour en savoir plus sur les conditions \u00e0 remplir pour faire partie de l&#8217;\u00e9lectorat ou pour poser sa candidature, veuillez cliquer sur le bouton suivant :<\/p>\n\n<a class=\"button primary is-outline reveal-icon\"  >\n    <span>L'\u00c9LECTORAT DE 2020<\/span>\n  <i class=\"icon-angle-right\" ><\/i><\/a>\n\n\n\n\t\t<\/div>\n\t\t\t\t\t<\/div>\n\n\t\n\n\t<div id=\"col-1315533068\" class=\"col medium-6 small-12 large-6\"  >\n\t\t\t\t<div class=\"col-inner\"  >\n\t\t\t\n\t\t\t\n\n<h3>Nominations<\/h3>\n<p>Pour proposer la candidature d&#8217;une personne \u00e0 un poste d&#8217;administrateur, veuillez cliquer sur le bouton suivant :<\/p>\n\n<a class=\"button primary is-outline reveal-icon\"  >\n    <span>FORMULAIRE DE NOMINATION D'UN ADMINISTRATEUR<\/span>\n  <i class=\"icon-angle-right\" ><\/i><\/a>\n\n\n\n\t\t<\/div>\n\t\t\t\t\t<\/div>\n\n\t\n\n<\/div>\n\n\t\t<\/div>\n\t\t\t\t\t<\/div>\n\n\t\n\n<\/div>\n\n\t\t<\/div>\n\n\t\t\n<style>\n#section_1901722034 {\n  padding-top: 30px;\n  padding-bottom: 30px;\n}\n#section_1901722034 .ux-shape-divider--top svg {\n  height: 150px;\n  --divider-top-width: 100%;\n}\n#section_1901722034 .ux-shape-divider--bottom svg {\n  height: 150px;\n  --divider-width: 100%;\n}\n<\/style>\n\t<\/section>\n\t\n\n  <div class=\"banner has-hover\" id=\"banner-1833086909\">\n          <div class=\"banner-inner fill\">\n        <div class=\"banner-bg fill\" >\n            <div class=\"bg fill bg-fill \"><\/div>\n                                    \n                    <\/div>\n\t\t\n        <div class=\"banner-layers container\">\n            <div class=\"fill banner-link\"><\/div>            \n\n   <div id=\"text-box-1646573035\" class=\"text-box banner-layer x50 md-x50 lg-x50 y50 md-y50 lg-y50 res-text\">\n                                <div class=\"text-box-content text dark\">\n              \n              <div class=\"text-inner text-center\">\n                  \n\n<p><span style=\"font-size: large;\">Choisissez qui vous voulez, mais vous devez voter. Je pense que toute personne qui ne s&#8217;est pas inscrite sur les listes \u00e9lectorales a fait une trag\u00e9die nationale. Quelle est cette d\u00e9mocratie o\u00f9 personne ne veut voter ? Votez bien et mal mais vous devez voter, c&#8217;est la d\u00e9mocratie. Et une d\u00e9mocratie dans laquelle seulement la moiti\u00e9 des gens votent, quelle est cette d\u00e9mocratie ?<\/span><br><span style=\"font-size: small;\">Yogi Bhajan 13\/10\/88<\/span><\/p>\n<a class=\"button white is-outline reveal-icon\"  >\n    <span>LES CANDIDATS DE 2020<\/span>\n  <i class=\"icon-angle-right\" ><\/i><\/a>\n\n\n\n              <\/div>\n           <\/div>\n                            \n<style>\n#text-box-1646573035 {\n  width: 97%;\n}\n#text-box-1646573035 .text-box-content {\n  font-size: 100%;\n}\n<\/style>\n    <\/div>\n \n\n        <\/div>\n      <\/div>\n\n            \n<style>\n#banner-1833086909 {\n  padding-top: 250px;\n  background-color: rgb(51, 61, 80);\n}\n#banner-1833086909 .ux-shape-divider--top svg {\n  height: 150px;\n  --divider-top-width: 100%;\n}\n#banner-1833086909 .ux-shape-divider--bottom svg {\n  height: 150px;\n  --divider-width: 100%;\n}\n<\/style>\n  <\/div>\n\n\n\n","protected":false},"excerpt":{"rendered":"","protected":false},"author":1,"featured_media":0,"parent":0,"menu_order":0,"comment_status":"closed","ping_status":"closed","template":"page-blank.php","meta":{"iawp_total_views":0,"footnotes":""},"class_list":["post-2428","page","type-page","status-publish","hentry"],"_links":{"self":[{"href":"https:\/\/ssscorp.org\/fr\/wp-json\/wp\/v2\/pages\/2428","targetHints":{"allow":["GET"]}}],"collection":[{"href":"https:\/\/ssscorp.org\/fr\/wp-json\/wp\/v2\/pages"}],"about":[{"href":"https:\/\/ssscorp.org\/fr\/wp-json\/wp\/v2\/types\/page"}],"author":[{"embeddable":true,"href":"https:\/\/ssscorp.org\/fr\/wp-json\/wp\/v2\/users\/1"}],"replies":[{"embeddable":true,"href":"https:\/\/ssscorp.org\/fr\/wp-json\/wp\/v2\/comments?post=2428"}],"version-history":[{"count":5,"href":"https:\/\/ssscorp.org\/fr\/wp-json\/wp\/v2\/pages\/2428\/revisions"}],"predecessor-version":[{"id":3198,"href":"https:\/\/ssscorp.org\/fr\/wp-json\/wp\/v2\/pages\/2428\/revisions\/3198"}],"wp:attachment":[{"href":"https:\/\/ssscorp.org\/fr\/wp-json\/wp\/v2\/media?parent=2428"}],"curies":[{"name":"wp","href":"https:\/\/api.w.org\/{rel}","templated":true}]}}