{"id":2399,"date":"2022-09-02T15:23:56","date_gmt":"2022-09-02T15:23:56","guid":{"rendered":"https:\/\/ssscorp.org\/elections-de-la-societe-siri-singh-sahib-2015\/"},"modified":"2022-10-23T00:43:55","modified_gmt":"2022-10-23T00:43:55","slug":"elections-de-la-societe-siri-singh-sahib-2015","status":"publish","type":"page","link":"https:\/\/ssscorp.org\/fr\/elections-de-la-societe-siri-singh-sahib-2015\/","title":{"rendered":"\u00c9lections de la soci\u00e9t\u00e9 Siri Singh Sahib 2015"},"content":{"rendered":"\n\n  <div class=\"banner has-hover has-parallax\" id=\"banner-1425331976\">\n          <div class=\"banner-inner fill\">\n        <div class=\"banner-bg fill\" data-parallax=\"-3\" data-parallax-container=\".banner\" data-parallax-background>\n            <div class=\"bg fill bg-fill \"><\/div>\n                        <div class=\"overlay\"><\/div>            \n                    <\/div>\n\t\t\n        <div class=\"banner-layers container\">\n            <div class=\"fill banner-link\"><\/div>            \n\n   <div id=\"text-box-587090238\" class=\"text-box banner-layer x50 md-x50 lg-x50 y50 md-y50 lg-y50 res-text\">\n                                <div class=\"text-box-content text dark\">\n              \n              <div class=\"text-inner text-center\">\n                  \n\n<h3 class=\"uppercase\"><strong>\u00c9lections de la soci\u00e9t\u00e9 Siri Singh Sahib 2015<\/strong><\/h3>\n\n\n              <\/div>\n           <\/div>\n                            \n<style>\n#text-box-587090238 {\n  width: 80%;\n}\n#text-box-587090238 .text-box-content {\n  font-size: 100%;\n}\n<\/style>\n    <\/div>\n \n\n        <\/div>\n      <\/div>\n\n            \n<style>\n#banner-1425331976 {\n  padding-top: 300px;\n}\n#banner-1425331976 .bg.bg-loaded {\n  background-image: url(https:\/\/ssscorp.org\/wp-content\/uploads\/2022\/09\/Untitled-design-3-scaled-1.jpeg);\n}\n#banner-1425331976 .overlay {\n  background-color: rgba(17, 33, 82, 0.855);\n}\n#banner-1425331976 .ux-shape-divider--top svg {\n  height: 150px;\n  --divider-top-width: 100%;\n}\n#banner-1425331976 .ux-shape-divider--bottom svg {\n  height: 150px;\n  --divider-width: 100%;\n}\n<\/style>\n  <\/div>\n\n\n\t<section class=\"section\" id=\"section_1566750149\">\n\t\t<div class=\"bg section-bg fill bg-fill  bg-loaded\" >\n\n\t\t\t\n\t\t\t\n\t\t\t\n\n\t\t<\/div>\n\n\t\t\n\n\t\t<div class=\"section-content relative\">\n\t\t\t\n\n<div class=\"row\"  id=\"row-1526206850\">\n\n\n\t<div id=\"col-1462210336\" class=\"col small-12 large-12\"  >\n\t\t\t\t<div class=\"col-inner\"  >\n\t\t\t\n\t\t\t\n\n<p>La Siri Singh Sahib Corporation (SSSC) est dirig\u00e9e par un conseil d&#8217;administration de dix-sept membres. Deux de ces membres, le Bhai Sahiba et le Siri Sikdar Sahiba, sont inclus en vertu de leurs fonctions et ne sont donc pas \u00e9lus. Les quinze membres restants sont \u00e9lus conform\u00e9ment aux statuts de la SSSC.<br>\u200b<br>Les membres actuels du conseil, ayant \u00e9t\u00e9 \u00e9lus en tant que conseil initial par le Sangat en mai 2012, ont pris leurs fonctions le 26 novembre 2012, comme stipul\u00e9 dans l&#8217;accord de r\u00e8glement g\u00e9n\u00e9ral avec l&#8217;ancien conseil Unto Infinity (UI). <br><br><strong><span style=\"color: #8d7824;\">Huit (8) des membres ont \u00e9t\u00e9 \u00e9lus lors de la derni\u00e8re \u00e9lection. Ils serviront jusqu&#8217;au Conseil Khalsa \u00e0 l&#8217;automne 2022&nbsp;:<\/span><\/strong><\/p>\n<ul>\n<li>SS Guru Amrit Singh Khalsa &#8211; Herndon, Virginie <\/li>\n<li>SS Avtar Hari Singh Khalsa &#8211; NM<\/li>\n<li>MSS Guru Singh Khalsa &#8211; Los Angeles, Californie<\/li>\n<li>SS Dr. Harjot Kaur Singh &#8211; Calgary, Canada<\/li>\n<li>SS Jai Singh Khalsa &#8211; Boston, MA<\/li>\n<li>MSS Krishna Kaur Khalsa &#8211; Los Angeles, Californie<\/li>\n<li>SS Siri Pritam Kaur Khalsa &#8211; Yuba City, Californie<\/li>\n<li>SS Siri Vishnu Singh Khalsa &#8211; Espa\u00f1ola, Nouveau-Mexique<\/li>\n<\/ul>\n<p><strong><span style=\"color: #a88d2e;\">Les sept (7) membres du conseil d&#8217;administration du SSSC dont les mandats expirent au printemps 2020 sont&nbsp;:<\/span><\/strong><\/p>\n<ul>\n<li>SS Guurujodha Singh Khalsa &#8211; Bakersfield, Californie <\/li>\n<li>SS Viriam Singh Khalsa &#8211; Eugene, OU<\/li>\n<li>SS Amrit Singh Khalsa &#8211; Espa\u00f1ola, Nouveau-Mexique<\/li>\n<li>SS Dharm Singh Khalsa &#8211; Espa\u00f1ola, Nouveau-Mexique<\/li>\n<li>SS Gurujot Kaur Khalsa &#8211; Eugene, OU<\/li>\n<li>SS Guru Raj Kaur Khalsa &#8211; Vancouver, Canada<\/li>\n<li>SS Harinam Singh Khalsa &#8211; New York, NY<\/li>\n<\/ul>\n<p><em>* Sur la base de sa position de deuxi\u00e8me meilleur obtenteur de voix (16e place) lors des \u00e9lections initiales, MJ Amrit Singh Khalsa a \u00e9t\u00e9 nomm\u00e9 pour servir le reste du mandat de SS Shanti Kaur Khalsa apr\u00e8s sa d\u00e9mission du conseil d&#8217;administration. <\/em><\/p>\n<h3><span style=\"color: #a88d2e;\">Admissibilit\u00e9 des candidats<\/span><\/h3>\n<p>Comme sp\u00e9cifi\u00e9 dans la politique \u00e9lectorale, les candidats au conseil d&#8217;administration doivent \u00eatre nomm\u00e9s par les membres de la Sangat (c&#8217;est-\u00e0-dire le grand public). Le processus de nomination est d\u00e9crit dans la section Calendrier \u00e9lectoral.<br><br>Tous les candidats doivent satisfaire aux exigences suivantes des statuts&nbsp;:<br><br><em><strong>Section 2.6 Conditions requises pour \u00eatre membre du conseil d&#8217;administration<\/strong><\/em><br><em>Pour \u00eatre admissible \u00e0 servir en tant que fiduciaire \u00e9lu, une personne doit&nbsp;:<br><br>(a) \u00eatre un ministre de Sikh Dharma International actuellement en r\u00e8gle et depuis au moins deux (2) ann\u00e9es compl\u00e8tes pr\u00e9c\u00e9dant imm\u00e9diatement sa nomination<br><br>(b) \u00eatre un donateur r\u00e9gulier \u00e0 une ou plusieurs des soci\u00e9t\u00e9s constitutives \u00e0 but non lucratif (telles que d\u00e9finies \u00e0 la section 1.4) et l&#8217;a \u00e9t\u00e9 pendant au moins deux (2) ann\u00e9es civiles pr\u00e9c\u00e9dant imm\u00e9diatement sa nomination<br><br>(c) \u00eatre de bonne moralit\u00e9&nbsp;; n&#8217;ont jamais \u00e9t\u00e9 reconnus coupables ou reconnus coupables d&#8217;un crime ou d&#8217;un d\u00e9lit impliquant une turpitude morale&nbsp;; ne pas repr\u00e9senter une menace pour la s\u00e9curit\u00e9 des \u00c9tats-Unis ou avoir des int\u00e9r\u00eats ou un statut \u00e9tranger qui entrent en conflit avec les int\u00e9r\u00eats des \u00c9tats-Unis ou avec tout \u00e9l\u00e9ment de la communaut\u00e9 et des entreprises Sikh Dharma\/3HO&nbsp;; accepter de fournir des informations pour une v\u00e9rification confidentielle des ant\u00e9c\u00e9dents&nbsp;; et<br><br>(d) ne pas \u00eatre simultan\u00e9ment membre votant du conseil d&#8217;administration d&#8217;une soci\u00e9t\u00e9 constitutive \u00e0 but non lucratif identifi\u00e9e \u00e0 l&#8217;annexe A des pr\u00e9sents statuts. Afin de se conformer \u00e0 cette<\/em><\/p>\n<ul>\n<li><em>(i) Un administrateur doit soit d\u00e9missionner, soit rester membre sans droit de vote du conseil d&#8217;administration d&#8217;une soci\u00e9t\u00e9 constitutive sans but lucratif d\u00e8s qu&#8217;il entre en fonction en tant qu&#8217;administrateur,<\/em><\/li>\n<li><em>(ii) Un administrateur peut si\u00e9ger sans droit de vote \u00e0 un maximum de deux (2) conseils d&#8217;administration de soci\u00e9t\u00e9s constituantes \u00e0 but non lucratif.<\/em><\/li>\n<li><em>(iii) Le cas \u00e9ch\u00e9ant, un administrateur au service d&#8217;une soci\u00e9t\u00e9 constituante \u00e0 but non lucratif sans droit de vote peut \u00eatre r\u00e9cus\u00e9 des votes du SSSC sur des questions impliquant ce constituant sujet<\/em><\/li>\n<\/ul>\n<p><em>(e) ne pas \u00eatre li\u00e9 par le sang ou le mariage (y compris les relations par alliance) \u00e0, ou dans un partenariat domestique avec, un autre fiduciaire.<\/em><\/p>\n<h3><span style=\"color: #8d7824;\">\u00c9lectorat 2015<\/span><\/h3>\n<p>L&#8217;\u00e9lectorat pour le conseil d&#8217;administration du SSSC est prescrit par une motion du conseil d&#8217;administration, comme suit&nbsp;:<br><em>Pour l&#8217;\u00e9lection de 2015, l&#8217;\u00e9lectorat \u00e9ligible est :<\/em><\/p>\n<ul>\n<li><em>Ministres du Sikh Dharma en r\u00e8gle quatorze (14) jours avant le d\u00e9but du vote, et<\/em><\/li>\n<li><em>Les \u00e9lecteurs qui ont vot\u00e9 lors de l&#8217;\u00e9lection initiale du conseil d&#8217;administration.<\/em><\/li>\n<\/ul>\n<p><em>Pour toutes les \u00e9lections ult\u00e9rieures, l&#8217;\u00e9lectorat \u00e9ligible est uniquement les ministres du Dharma sikh en bonne et due forme.<br>debout quatre-vingt-dix (90) jours avant le d\u00e9but du scrutin.<\/em><\/p>\n<h3><span style=\"color: #8d7824; font-size: 100%;\">R\u00e9sultats des \u00e9lections 2015<\/span><\/h3>\n<p>Pour t\u00e9l\u00e9charger et voir les r\u00e9sultats officiels , veuillez cliquer <a href=\"https:\/\/ssscorp.org\/wp-content\/uploads\/2022\/10\/2015_sssc_final_election_results_certification_board_member_election_20152.pdf\" target=\"_blank\" rel=\"noopener\" data-cke-saved-href=\"http:\/\/weebly-file\/1\/0\/7\/2\/107246343\/2015_sssc_final_election_results_certification_board_member_election_2015&#091;2&#093;.pdf\">ici<\/a> . <\/p>\n\t<div class=\"img has-hover x md-x lg-x y md-y lg-y\" id=\"image_1090549677\">\n\t\t\t\t\t\t\t\t<div class=\"img-inner dark\" >\n\t\t\t<img fetchpriority=\"high\" decoding=\"async\" width=\"702\" height=\"800\" src=\"https:\/\/ssscorp.org\/wp-content\/uploads\/2022\/10\/screen-shot-2019-04-27-at-11-36-36-am_orig.png\" class=\"attachment-large size-large\" alt=\"\" srcset=\"https:\/\/ssscorp.org\/wp-content\/uploads\/2022\/10\/screen-shot-2019-04-27-at-11-36-36-am_orig.png 702w, https:\/\/ssscorp.org\/wp-content\/uploads\/2022\/10\/screen-shot-2019-04-27-at-11-36-36-am_orig-263x300.png 263w\" sizes=\"(max-width: 702px) 100vw, 702px\" \/>\t\t\t\t\t\t\n\t\t\t\t\t<\/div>\n\t\t\t\t\t\t\t\t\n<style>\n#image_1090549677 {\n  width: 100%;\n}\n<\/style>\n\t<\/div>\n\t\n\n\n\t\t<\/div>\n\t\t\t\t\t<\/div>\n\n\t\n\n<\/div>\n\n\t\t<\/div>\n\n\t\t\n<style>\n#section_1566750149 {\n  padding-top: 30px;\n  padding-bottom: 30px;\n}\n#section_1566750149 .ux-shape-divider--top svg {\n  height: 150px;\n  --divider-top-width: 100%;\n}\n#section_1566750149 .ux-shape-divider--bottom svg {\n  height: 150px;\n  --divider-width: 100%;\n}\n<\/style>\n\t<\/section>\n\t\n\n","protected":false},"excerpt":{"rendered":"","protected":false},"author":1,"featured_media":0,"parent":0,"menu_order":0,"comment_status":"closed","ping_status":"closed","template":"page-blank.php","meta":{"iawp_total_views":3,"footnotes":""},"class_list":["post-2399","page","type-page","status-publish","hentry"],"_links":{"self":[{"href":"https:\/\/ssscorp.org\/fr\/wp-json\/wp\/v2\/pages\/2399","targetHints":{"allow":["GET"]}}],"collection":[{"href":"https:\/\/ssscorp.org\/fr\/wp-json\/wp\/v2\/pages"}],"about":[{"href":"https:\/\/ssscorp.org\/fr\/wp-json\/wp\/v2\/types\/page"}],"author":[{"embeddable":true,"href":"https:\/\/ssscorp.org\/fr\/wp-json\/wp\/v2\/users\/1"}],"replies":[{"embeddable":true,"href":"https:\/\/ssscorp.org\/fr\/wp-json\/wp\/v2\/comments?post=2399"}],"version-history":[{"count":3,"href":"https:\/\/ssscorp.org\/fr\/wp-json\/wp\/v2\/pages\/2399\/revisions"}],"predecessor-version":[{"id":3120,"href":"https:\/\/ssscorp.org\/fr\/wp-json\/wp\/v2\/pages\/2399\/revisions\/3120"}],"wp:attachment":[{"href":"https:\/\/ssscorp.org\/fr\/wp-json\/wp\/v2\/media?parent=2399"}],"curies":[{"name":"wp","href":"https:\/\/api.w.org\/{rel}","templated":true}]}}