{"id":2398,"date":"2022-09-02T15:22:33","date_gmt":"2022-09-02T15:22:33","guid":{"rendered":"https:\/\/ssscorp.org\/election-du-sssc\/"},"modified":"2022-11-02T21:54:36","modified_gmt":"2022-11-02T21:54:36","slug":"election-du-sssc","status":"publish","type":"page","link":"https:\/\/ssscorp.org\/fr\/election-du-sssc\/","title":{"rendered":"\u00c9lection du SSSC"},"content":{"rendered":"\n\n  <div class=\"banner has-hover has-parallax\" id=\"banner-437451990\">\n          <div class=\"banner-inner fill\">\n        <div class=\"banner-bg fill\" data-parallax=\"-3\" data-parallax-container=\".banner\" data-parallax-background>\n            <div class=\"bg fill bg-fill \"><\/div>\n                        <div class=\"overlay\"><\/div>            \n                    <\/div>\n\t\t\n        <div class=\"banner-layers container\">\n            <div class=\"fill banner-link\"><\/div>            \n\n   <div id=\"text-box-1687567918\" class=\"text-box banner-layer x50 md-x50 lg-x50 y50 md-y50 lg-y50 res-text\">\n                                <div class=\"text-box-content text dark\">\n              \n              <div class=\"text-inner text-center\">\n                  \n\n<h3 class=\"uppercase\"><strong>SSSC \u00c9lection des administrateurs <\/strong><\/h3>\n\n\n              <\/div>\n           <\/div>\n                            \n<style>\n#text-box-1687567918 {\n  width: 60%;\n}\n#text-box-1687567918 .text-box-content {\n  font-size: 100%;\n}\n<\/style>\n    <\/div>\n \n\n        <\/div>\n      <\/div>\n\n            \n<style>\n#banner-437451990 {\n  padding-top: 300px;\n}\n#banner-437451990 .bg.bg-loaded {\n  background-image: url(https:\/\/ssscorp.org\/wp-content\/uploads\/2022\/09\/Untitled-design-3-scaled-1.jpeg);\n}\n#banner-437451990 .overlay {\n  background-color: rgba(17, 33, 82, 0.855);\n}\n#banner-437451990 .ux-shape-divider--top svg {\n  height: 150px;\n  --divider-top-width: 100%;\n}\n#banner-437451990 .ux-shape-divider--bottom svg {\n  height: 150px;\n  --divider-width: 100%;\n}\n<\/style>\n  <\/div>\n\n\n\t<section class=\"section\" id=\"section_1894262688\">\n\t\t<div class=\"bg section-bg fill bg-fill  bg-loaded\" >\n\n\t\t\t\n\t\t\t\n\t\t\t\n\n\t\t<\/div>\n\n\t\t\n\n\t\t<div class=\"section-content relative\">\n\t\t\t\n\n<div class=\"row\"  id=\"row-964722981\">\n\n\n\t<div id=\"col-883587133\" class=\"col small-12 large-12\"  >\n\t\t\t\t<div class=\"col-inner\"  >\n\t\t\t\n\t\t\t\n\n<p>La Siri Singh Sahib Corporation (SSSC) est dirig\u00e9e par un conseil d&#8217;administration de dix-sept membres. Deux de ces membres, le Bhai Sahiba et le Siri Sikdar Sahiba, sont inclus en tant que membres du Conseil en vertu de leurs fonctions (&#8220;ex officio&#8221;) et ne sont donc pas \u00e9lus. <br>\u200b<br>Les mandats et l&#8217;\u00e9lection des membres du conseil d&#8217;administration sont pr\u00e9cis\u00e9s dans les r\u00e8glements administratifs et la politique \u00e9lectorale. <br><br>Section 2.4 Mandat et \u00e9lection. Le mandat des fiduciaires \u00e9lus est d&#8217;environ cinq (5) ans. Les \u00e9lections seront \u00e9chelonn\u00e9es avec la moiti\u00e9 des administrateurs \u00e9lus \u00e0 des intervalles d&#8217;environ 2,5 ans. Le processus d&#8217;\u00e9lection sera tel que sp\u00e9cifi\u00e9 dans la politique d&#8217;\u00e9lection du conseil d&#8217;administration de SSSC adopt\u00e9e par r\u00e9solution du conseil d&#8217;administration de temps \u00e0 autre. &#8230; Le mandat du conseil d&#8217;administration initial du SSSC sera tel que sp\u00e9cifi\u00e9 dans la politique d&#8217;\u00e9lection du conseil d&#8217;administration du SSSC. (extrait des statuts)<\/p>\n<p>Le mandat de sept (7) des administrateurs initiaux (&#8220;Groupe A&#8221;) expirera le premier jour des r\u00e9unions du Conseil de printemps de Khalsa en 2015. Le mandat des huit (8) autres administrateurs initiaux \u00e9lus (&#8220;Groupe B&#8221;) expirera le premier jour des r\u00e9unions du Conseil de Fall Khalsa en 2017. Le groupe A et le groupe B seront d\u00e9sign\u00e9s sur une base volontaire. Si l&#8217;un ou l&#8217;autre des groupes re\u00e7oit moins de b\u00e9n\u00e9voles que n\u00e9cessaire, les administrateurs restants pour ce groupe seront choisis au hasard. (tir\u00e9 de la politique \u00e9lectorale)<\/p>\n<p>Pour voir l&#8217;\u00e9lection actuelle ainsi que les r\u00e9sultats des \u00e9lections pr\u00e9c\u00e9dentes, faites d\u00e9filer vers le bas et cliquez sur les liens respectifs.<\/p>\n<div class=\"container section-title-container\" ><h3 class=\"section-title section-title-normal\"><b><\/b><span class=\"section-title-main\" >Calendrier des \u00e9lections&amp;nbsp;:<\/span><b><\/b><\/h3><\/div>\n\n<table>\n<thead>\n<tr style=\"background: #c2a43b;\">\n<th style=\"text-align: center;\">Ann\u00e9e<\/th>\n<th style=\"text-align: center;\">R\u00e9sultats<\/th>\n<\/tr>\n<\/thead>\n<tbody>\n<tr>\n<td style=\"text-align: center;\">2012<\/td>\n<td style=\"text-align: center;\"><a href=\"https:\/\/ssscorp.org\/fr\/elections-de-la-societe-siri-singh-sahib-2012\/\">Cliquez ici pour voir les r\u00e9sultats de cette ann\u00e9e \u00e9lectorale<\/a><\/td>\n<\/tr>\n<tr>\n<td style=\"text-align: center;\">2015<\/td>\n<td style=\"text-align: center;\"><a href=\"https:\/\/ssscorp.org\/fr\/elections-de-la-societe-siri-singh-sahib-2015\/\">Cliquez ici pour voir les r\u00e9sultats de cette ann\u00e9e \u00e9lectorale<\/a><\/td>\n<\/tr>\n<tr>\n<td style=\"text-align: center;\">2017<\/td>\n<td style=\"text-align: center;\"><a href=\"https:\/\/ssscorp.org\/fr\/elections-de-la-societe-siri-singh-sahib-2017\/\">Cliquez ici pour voir les r\u00e9sultats de cette ann\u00e9e \u00e9lectorale<\/a><\/td>\n<\/tr>\n<tr>\n<td style=\"text-align: center;\">2020<\/td>\n<td style=\"text-align: center;\"><a href=\"https:\/\/ssscorp.org\/fr\/elections-de-la-societe-siri-singh-sahib-2020\/\">Cliquez ici pour voir les r\u00e9sultats de cette ann\u00e9e \u00e9lectorale<\/a><\/td>\n<\/tr>\n<tr>\n<td style=\"text-align: center;\">2022<\/td>\n<td style=\"text-align: center;\"><a href=\"https:\/\/ssscorp.org\/fr\/elections-de-la-societe-siri-singh-sahib-2022\/\">Cliquez ici pour voir les r\u00e9sultats de cette ann\u00e9e \u00e9lectorale<\/a><\/td>\n<\/tr>\n<tr>\n<td style=\"text-align: center;\">2022<\/td>\n<td style=\"text-align: center;\">Pr\u00e9vu pour l&#8217;automne 2022<\/td>\n<\/tr>\n<tr>\n<td style=\"text-align: center;\">2025<\/td>\n<td style=\"text-align: center;\">Pr\u00e9vu pour le printemps 2025<\/td>\n<\/tr>\n<tr>\n<td style=\"text-align: center;\">2027<\/td>\n<td style=\"text-align: center;\">Pr\u00e9vu pour l&#8217;automne 2027<\/td>\n<\/tr>\n<tr>\n<td style=\"text-align: center;\">2030<\/td>\n<td style=\"text-align: center;\">Pr\u00e9vu pour le printemps 2030<\/td>\n<\/tr>\n<tr>\n<td style=\"text-align: center;\">2032<\/td>\n<td style=\"text-align: center;\">Pr\u00e9vu pour l&#8217;automne 2032<\/td>\n<\/tr>\n<\/tbody>\n<\/table>\n\n\t\t<\/div>\n\t\t\t\t\t<\/div>\n\n\t\n\n<\/div>\n\n\t\t<\/div>\n\n\t\t\n<style>\n#section_1894262688 {\n  padding-top: 30px;\n  padding-bottom: 30px;\n}\n#section_1894262688 .ux-shape-divider--top svg {\n  height: 150px;\n  --divider-top-width: 100%;\n}\n#section_1894262688 .ux-shape-divider--bottom svg {\n  height: 150px;\n  --divider-width: 100%;\n}\n<\/style>\n\t<\/section>\n\t\n\n","protected":false},"excerpt":{"rendered":"","protected":false},"author":1,"featured_media":0,"parent":0,"menu_order":0,"comment_status":"closed","ping_status":"closed","template":"page-blank.php","meta":{"iawp_total_views":3,"footnotes":""},"class_list":["post-2398","page","type-page","status-publish","hentry"],"_links":{"self":[{"href":"https:\/\/ssscorp.org\/fr\/wp-json\/wp\/v2\/pages\/2398","targetHints":{"allow":["GET"]}}],"collection":[{"href":"https:\/\/ssscorp.org\/fr\/wp-json\/wp\/v2\/pages"}],"about":[{"href":"https:\/\/ssscorp.org\/fr\/wp-json\/wp\/v2\/types\/page"}],"author":[{"embeddable":true,"href":"https:\/\/ssscorp.org\/fr\/wp-json\/wp\/v2\/users\/1"}],"replies":[{"embeddable":true,"href":"https:\/\/ssscorp.org\/fr\/wp-json\/wp\/v2\/comments?post=2398"}],"version-history":[{"count":5,"href":"https:\/\/ssscorp.org\/fr\/wp-json\/wp\/v2\/pages\/2398\/revisions"}],"predecessor-version":[{"id":3916,"href":"https:\/\/ssscorp.org\/fr\/wp-json\/wp\/v2\/pages\/2398\/revisions\/3916"}],"wp:attachment":[{"href":"https:\/\/ssscorp.org\/fr\/wp-json\/wp\/v2\/media?parent=2398"}],"curies":[{"name":"wp","href":"https:\/\/api.w.org\/{rel}","templated":true}]}}