{"id":2382,"date":"2022-09-02T15:23:50","date_gmt":"2022-09-02T15:23:50","guid":{"rendered":"https:\/\/ssscorp.org\/elections-de-la-societe-siri-singh-sahib-2012\/"},"modified":"2023-02-10T14:00:20","modified_gmt":"2023-02-10T14:00:20","slug":"elections-de-la-societe-siri-singh-sahib-2012","status":"publish","type":"page","link":"https:\/\/ssscorp.org\/fr\/elections-de-la-societe-siri-singh-sahib-2012\/","title":{"rendered":"\u00c9lections de la soci\u00e9t\u00e9 Siri Singh Sahib 2012"},"content":{"rendered":"\n\n  <div class=\"banner has-hover has-parallax\" id=\"banner-1567557049\">\n          <div class=\"banner-inner fill\">\n        <div class=\"banner-bg fill\" data-parallax=\"-3\" data-parallax-container=\".banner\" data-parallax-background>\n            <div class=\"bg fill bg-fill \"><\/div>\n                        <div class=\"overlay\"><\/div>            \n                    <\/div>\n\t\t\n        <div class=\"banner-layers container\">\n            <div class=\"fill banner-link\"><\/div>            \n\n   <div id=\"text-box-825372665\" class=\"text-box banner-layer x50 md-x50 lg-x50 y50 md-y50 lg-y50 res-text\">\n                                <div class=\"text-box-content text dark\">\n              \n              <div class=\"text-inner text-center\">\n                  \n\n<h3 class=\"uppercase\"><strong>\u00c9lections de la soci\u00e9t\u00e9 Siri Singh Sahib 2012<\/strong><\/h3>\n\n\n              <\/div>\n           <\/div>\n                            \n<style>\n#text-box-825372665 {\n  width: 79%;\n}\n#text-box-825372665 .text-box-content {\n  font-size: 100%;\n}\n<\/style>\n    <\/div>\n \n\n        <\/div>\n      <\/div>\n\n            \n<style>\n#banner-1567557049 {\n  padding-top: 300px;\n}\n#banner-1567557049 .bg.bg-loaded {\n  background-image: url(https:\/\/ssscorp.org\/wp-content\/uploads\/2022\/09\/Untitled-design-3-scaled-1.jpeg);\n}\n#banner-1567557049 .overlay {\n  background-color: rgba(17, 33, 82, 0.855);\n}\n#banner-1567557049 .ux-shape-divider--top svg {\n  height: 150px;\n  --divider-top-width: 100%;\n}\n#banner-1567557049 .ux-shape-divider--bottom svg {\n  height: 150px;\n  --divider-width: 100%;\n}\n<\/style>\n  <\/div>\n\n\n\t<section class=\"section\" id=\"section_359910184\">\n\t\t<div class=\"bg section-bg fill bg-fill  bg-loaded\" >\n\n\t\t\t\n\t\t\t\n\t\t\t\n\n\t\t<\/div>\n\n\t\t\n\n\t\t<div class=\"section-content relative\">\n\t\t\t\n\n<div class=\"row\"  id=\"row-231843420\">\n\n\n\t<div id=\"col-559938613\" class=\"col small-12 large-12\"  >\n\t\t\t\t<div class=\"col-inner\"  >\n\t\t\t\n\t\t\t\n\n<h2 id=\"468115970464387458\" class=\"element wsite-content-title editable-text cke_editable cke_editable_inline cke_contents_ltr cke_show_borders cke_focus\" tabindex=\"0\" role=\"textbox\" contenteditable=\"true\" spellcheck=\"true\" aria-label=\"false\"><strong><span style=\"color: #8d7824;\">Fonction, devoirs et responsabilit\u00e9s des membres initiaux du conseil<\/span><\/strong><\/h2>\n<p>La description suivante de la fonction, des devoirs et des responsabilit\u00e9s des membres initiaux de ce conseil d\u00e9pend quelque peu de l&#8217;environnement de litige dans lequel ce conseil peut \u00eatre appel\u00e9 \u00e0 fonctionner. Ce plan est pr\u00e9sent\u00e9 en partie pour ceux qui pourraient \u00eatre int\u00e9ress\u00e9s \u00e0 servir afin qu&#8217;ils aient une id\u00e9e des devoirs, des responsabilit\u00e9s et de l&#8217;engagement de temps qui peuvent \u00eatre impliqu\u00e9s dans le fait de si\u00e9ger \u00e0 ce conseil initial.<br><br><strong>Fonction&nbsp;:<\/strong> <strong>(Dans le cas o\u00f9 nous aurions la possibilit\u00e9 de repeupler le conseil d&#8217;administration du SSSC)*<\/strong><br><strong>(*Remarque&nbsp;: si une organisation \u00e0 but non lucratif distincte est cr\u00e9\u00e9e pour travailler avec le s\u00e9questre, la nature et l&#8217;\u00e9tendue des fonctions de ce conseil initial sont pour le moment inconnues et n&#8217;ont donc pas \u00e9t\u00e9 \u00e9num\u00e9r\u00e9es dans cette lettre.)<\/strong><\/p>\n<ol>\n<li>Le conseil d&#8217;administration de Siri Singh Sahib Corporation est la plus haute autorit\u00e9 de la famille d&#8217;organisations \u00e0 but lucratif et \u00e0 but non lucratif inspir\u00e9e par Siri Singh Sahib Yogi Bhajan. Il s&#8217;agit de Sikh Dharma International, 3HO, KRI, SDEI (Miri Piri Academy), Sikhnet, East-West Tea Company, LLC (anciennement Golden Temple of Oregon, LLC) et Akal Security, Inc. (ci-apr\u00e8s d\u00e9nomm\u00e9es les \u00ab Organisations \u00bb). ).<\/li>\n<li>Le conseil d&#8217;administration du SSSC veille \u00e0 ce que la vision et la conscience de Siri Singh Sahib impr\u00e8gnent toutes les activit\u00e9s des organisations h\u00e9rit\u00e9es.<\/li>\n<li>Le conseil d&#8217;administration du SSSC fixe des objectifs, fournit des orientations et des conseils, et maintient l&#8217;int\u00e9grit\u00e9, la projection et la conscience de groupe des organisations.<\/li>\n<li>En tant que plus haut niveau de leadership, le conseil d&#8217;administration du SSSC doit incarner les valeurs et les normes de conduite et de conscience les plus \u00e9lev\u00e9es.<\/li>\n<\/ol>\n<p><br><strong>Devoirs et responsabilit\u00e9s&nbsp;:<\/strong> <strong>(Dans le cas o\u00f9 nous aurions la possibilit\u00e9 de repeupler le conseil d&#8217;administration du SSSC)*<\/strong><br>Les responsabilit\u00e9s g\u00e9n\u00e9rales du conseil d&#8217;administration du SSSC pendant cette p\u00e9riode de litige et de transition peuvent inclure, mais sans s&#8217;y limiter&nbsp;:<\/p>\n<ol>\n<li>Prendre toutes les mesures n\u00e9cessaires pour s\u00e9curiser les actifs corporels et incorporels des Organisations.<\/li>\n<li>Continuer \u00e0 \u00eatre engag\u00e9 dans la poursuite et la r\u00e9solution du litige en cours, et assurer l&#8217;interface avec tout s\u00e9questre nomm\u00e9 par le tribunal et d&#8217;autres professionnels engag\u00e9s par lui.<\/li>\n<li>Examiner le statut des organisations et travailler avec des professionnels juridiques et comptables pour simplifier notre structure organisationnelle et mettre en \u0153uvre des proc\u00e9dures de bonne gouvernance pour nos organisations.<\/li>\n<li>\u00c9tablir et\/ou mettre \u00e0 jour des syst\u00e8mes de rapport et de surveillance \u00e0 l&#8217;\u00e9chelle de l&#8217;Organisation, notamment en adoptant une politique de conflit d&#8217;int\u00e9r\u00eats, en instituant des freins et contrepoids, en faisant preuve d&#8217;inclusion et de transparence si possible et en modifiant les documents de l&#8217;entreprise si n\u00e9cessaire.<\/li>\n<li>Nommer et superviser un conseil Unto Infinity (UI) si n\u00e9cessaire<\/li>\n<li>\u00c9tablir les politiques globales au sein desquelles les organisations op\u00e8rent.<\/li>\n<li>Allouer des ressources financi\u00e8res entre les Organisations et travailler avec les Organisations sur la collecte de fonds.<\/li>\n<li>\u00c9valuer et\/ou remplacer les membres du conseil d&#8217;administration des organisations, y compris la repr\u00e9sentation de la communaut\u00e9 internationale<\/li>\n<li>Examiner et approuver les objectifs annuels, les budgets de fonctionnement et les plans d&#8217;affaires des organisations.<\/li>\n<li>Tenir compte des griefs, des appels et des commentaires concernant leurs propres d\u00e9cisions ou actions ainsi que celles prises par les organisations.<\/li>\n<li>Interagir avec la communaut\u00e9 3HO \/ Sikh Dharma par l&#8217;enseignement, les voyages, le conseil et la communication.<\/li>\n<li>Autres actions jug\u00e9es n\u00e9cessaires ou appropri\u00e9es.<\/li>\n<\/ol>\n<p><br><strong>Composition du Conseil Initial :<\/strong><br>Le Conseil Initial sera compos\u00e9 de 17 membres :<\/p>\n<ul>\n<li>15 membres \u00e9lus ; et<\/li>\n<li>le Siri Sikdar Sahiba ; et<\/li>\n<li>le Bhai Sahiba<\/li>\n<li>Le chancelier ou la personne d\u00e9sign\u00e9e par le chancelier devra \u00eatre pr\u00e9sent \u00e0 toutes les r\u00e9unions du conseil initial en tant que conseiller juridique sans droit de vote. <\/li>\n<\/ul>\n<p><strong>Compensation:<\/strong><\/p>\n<ol>\n<li>Les membres du conseil sont des b\u00e9n\u00e9voles non r\u00e9mun\u00e9r\u00e9s<\/li>\n<li>Les membres du Conseil seront rembours\u00e9s pour les frais de d\u00e9placement, d&#8217;h\u00e9bergement et de repas directement li\u00e9s \u00e0 leurs responsabilit\u00e9s en tant que membres du Conseil (\u00e0 un taux \u00e0 \u00e9tablir).<\/li>\n<li>Ce conseil initial disposera d&#8217;un budget raisonnable pour financer ces remboursements.<\/li>\n<\/ol>\n<p><br><strong>L\u00e9gal:<\/strong><\/p>\n<ol>\n<li>Ce conseil initial cr\u00e9era un budget pour le conseil et d\u00e9terminera la source de financement.<\/li>\n<li>Les membres du conseil d&#8217;administration seront couverts par une police d&#8217;assurance des administrateurs et dirigeants (D&amp;O) s&#8217;il y en a une, et en tout \u00e9tat de cause, ils seront indemnis\u00e9s dans toute la mesure pr\u00e9vue par la loi.<\/li>\n<li>Le conseil d&#8217;administration initial disposera d&#8217;un budget raisonnable pour engager des avocats externes au besoin pour des conseils juridiques et une repr\u00e9sentation.<\/li>\n<\/ol>\n<p><br><strong>Engagement de temps :\u200b<\/strong><\/p>\n<ol>\n<li>Il est initialement pr\u00e9vu qu&#8217;il y aura un engagement de temps important pour si\u00e9ger \u00e0 ce conseil initial. Il est raisonnable d&#8217;estimer qu&#8217;il faudra un minimum de 6 \u00e0 15 heures de service par semaine.<\/li>\n<li>Il est pr\u00e9vu qu&#8217;apr\u00e8s le litige, ce conseil initial se r\u00e9unira probablement au moins 4 fois par an en personne et tiendra des r\u00e9unions t\u00e9l\u00e9phoniques mensuelles.<\/li>\n<li>Il est pr\u00e9vu que le mandat initial du Conseil initial sera d&#8217;un (1) \u00e0 deux (2) ans. Cela d\u00e9pendra de divers facteurs, y compris, mais sans s&#8217;y limiter, les appels en cours et autres litiges et la surveillance par les tribunaux, l&#8217;AG et\/ou le s\u00e9questre de l&#8217;activit\u00e9 de la Commission.<\/li>\n<\/ol>\n<h3><strong><span style=\"color: #8d7824;\">Exigences initiales d&#8217;admissibilit\u00e9 au conseil<\/span><\/strong><\/h3>\n<p><strong>Conditions d&#8217;admissibilit\u00e9 obligatoires<\/strong><br>Pour si\u00e9ger \u00e0 ce conseil initial, une personne doit satisfaire aux trois conditions d&#8217;\u00e9ligibilit\u00e9 obligatoires suivantes&nbsp;:<br><br><\/p>\n<ol>\n<li>A) Il ou elle a \u00e9t\u00e9 ministre de Sikh Dharma International en r\u00e8gle pour les ann\u00e9es 2011 &#8211; 2012 et 2012 &#8211; 2013 (une p\u00e9riode de gr\u00e2ce jusqu&#8217;au 30 juin 2012 sera accord\u00e9e pour compl\u00e9ter le renouvellement du ministre pour 2012 &#8211; 2013 <strong>OU<\/strong> B) Il ou elle est un membre actif du Conseil de Khalsa depuis septembre 2009 et est un ministre de Sikh Dharma International (une p\u00e9riode de gr\u00e2ce sera accord\u00e9e \u00e0 la personne pour mettre son minist\u00e8re \u00e0 jour jusqu&#8217;en 2012 &#8211; 2013.) Sont exclus ceux qui ne sont plus occupent leurs postes d&#8217;office au sein du Conseil Khalsa (ce qui signifie qu&#8217;ils faisaient partie du Conseil Khalsa en vertu de leur travail ou de leur position, et qu&#8217;ils n&#8217;occupent plus ce travail ou cette position.) <\/li>\n<li><strong>ET<\/strong> Il ou elle a \u00e9t\u00e9 un donateur annuel \u00e0 Dasvandh ou a \u00e9t\u00e9 un donateur \u00e0 une ou plusieurs des organisations au cours des 2 ann\u00e9es pr\u00e9c\u00e9dentes.<\/li>\n<li><strong>ET<\/strong> Il ou elle est un citoyen am\u00e9ricain (en raison de certaines exigences r\u00e9glementaires.)<\/li>\n<\/ol>\n<p><strong>(Remarque&nbsp;: si vous ne savez pas si vous \u00eates un ministre en r\u00e8gle, pour obtenir une carte de ministre actuelle ou pour compl\u00e9ter votre renouvellement pour 2012&nbsp;&#8211;&nbsp;2013, vous pouvez contacter Ek Ong Kar Kaur \u00e0 Los Angeles \u00e0&nbsp;: <a href=\"mailto:ekongkarkaur@earthlink.net\" target=\"_blank\" rel=\"noopener\" data-cke-saved-href=\"mailto:ekongkarkaur@earthlink.net\">ekongkarkaur@earthlink.net<\/a> )<\/strong><br><strong>Exclusions obligatoires&nbsp;: <\/strong><br><strong>\u200bUne personne qui est soumise \u00e0 l&#8217;une des exclusions mentionn\u00e9es ci-dessous ne sera PAS \u00e9ligible pour si\u00e9ger au conseil d&#8217;administration initial.<\/strong><\/p>\n<ol>\n<li>Est une menace pour la s\u00e9curit\u00e9 des \u00c9tats-Unis ou a des int\u00e9r\u00eats \u00e9trangers qui entrent en conflit avec les int\u00e9r\u00eats des \u00c9tats-Unis.<\/li>\n<li>A \u00e9t\u00e9 reconnu coupable ou reconnu coupable d&#8217;une infraction criminelle ou d&#8217;une infraction \u00e9quivalente aux \u00c9tats-Unis ou dans tout autre pays ou est actuellement accus\u00e9 ou mis en accusation pour une infraction criminelle aux \u00c9tats-Unis ou dans tout autre pays *. (* \u00c0 d\u00e9terminer par une v\u00e9rification des ant\u00e9c\u00e9dents criminels)<\/li>\n<li>Est maintenant et\/ou depuis le 15&nbsp;mars&nbsp;2010 est un d\u00e9fendeur d\u00e9sign\u00e9 et\/ou un administrateur ou un dirigeant (ou le conjoint d&#8217;un tel administrateur ou dirigeant) d&#8217;une entit\u00e9 d\u00e9fenderesse dans les poursuites regroup\u00e9es&nbsp;: Khalsa, et al c. Khalsa et al et \u00c9tat de l&#8217;Oregon et al c. Siri Singh Sahib Corp., et al d\u00e9pos\u00e9 dans le comt\u00e9 de Multnomah, affaire n\u00b0 1010-14518, dont le(s) d\u00e9fendeur(s) et les entit\u00e9s d\u00e9fenderesses sont&nbsp;:<\/li>\n<\/ol>\n<ul>\n<li>Kartar S. Khalsa; Sopurkh Kaur Khalsa; Pera\u00efm Kaur Khalsa&nbsp;; Siri Karm Kaur Khalsa; Karam S. Khalsa; Ajeet S. Khalsa, Guru Hari S. Khalsa, Gurudhan S. Khalsa, Robert Ziehl, Unto Infinity, LLC&nbsp;; Soci\u00e9t\u00e9 Siri Singh Sahib&nbsp;; Temple d&#8217;or de l&#8217;Oregon&nbsp;LLC&nbsp;; Golden Temple Management, LLC&nbsp;; Sikh Dharma Stewardship LLC&nbsp;; Sikh Dharma International; KIT. <\/li>\n<\/ul>\n<p><strong> Autres termes et conditions<\/strong><\/p>\n<ol>\n<li>Une personne si\u00e9geant \u00e0 ce Conseil initial ne peut pas \u00eatre simultan\u00e9ment administrateur d&#8217;une autre entit\u00e9 de l&#8217;Organisation, \u00e0 l&#8217;exception des membres d&#8217;office (c&#8217;est-\u00e0-dire des membres qui ne sont membres qu&#8217;en raison de leur fonction dans une autre entit\u00e9 de l&#8217;Organisation).<\/li>\n<li>S&#8217;il est \u00e9lu, un membre initial du conseil a 60 jours pour d\u00e9missionner d&#8217;un autre conseil afin de satisfaire aux exigences de la section (1) ci-dessus.<\/li>\n<li>Aucune personne li\u00e9e par le sang, le mariage (y compris les relations par alliance) ou en tant que partenaire domestique ne peut si\u00e9ger \u00e0 ce conseil initial en termes simultan\u00e9s ou qui se chevauchent<\/li>\n<\/ol>\n<p><strong>Il y a environ 160 ministres de Sikh Dharma International qui sont \u00e9ligibles pour si\u00e9ger au conseil initial.<\/strong><\/p>\n<h3><span style=\"color: #8d7824;\">\u00c9lectorat 2012<\/span><\/h3>\n<p><strong>\u00c9lecteurs \u00e9ligibles &#8211; Conform\u00e9ment au concept d&#8217;inclusion, conform\u00e9ment \u00e0 la conclusion du juge concernant la qualit\u00e9 pour agir et conform\u00e9ment \u00e0 notre pri\u00e8re de secours, les \u00e9lecteurs \u00e9ligibles (\u00ab&nbsp;\u00e9lecteurs&nbsp;\u00bb) comprendront&nbsp;:<\/strong><\/p>\n<ol>\n<li>Ministres de Sikh Dharma International en r\u00e8gle pour l&#8217;ann\u00e9e 2011 &#8211; 2012 et\/ou 2012 &#8211; 2013<\/li>\n<li>Membres actifs du Conseil Khalsa (depuis septembre 2009)<\/li>\n<li>Participants \u00e0 la r\u00e9union des fr\u00e8res et s\u0153urs du destin<\/li>\n<li>Supporteurs du Fonds juridique<\/li>\n<\/ol>\n<p><strong>Sont exclus du droit de vote les personnes qui satisfont aux \u00ab exclusions obligatoires \u00bb identifi\u00e9es ci-dessus.<\/strong><\/p>\n<p><span style=\"color: #8d7824; font-size: xx-large;\">R\u00e9sultats des \u00e9lections de 2012<\/span><\/p>\n<p>Il y avait 510 membres de notre Sangat qui ont re\u00e7u des pouvoirs de vote et 357 bulletins de vote ont \u00e9t\u00e9 soumis.<br>\u200b<br>Le conseil initial est compos\u00e9 des 15 membres suivants, en plus du Siri Sikdar Sahiba et du Bhai Sahiba :<\/p>\n<ul>\n<li>SS Gurujodha Singh<\/li>\n<li>SS Avtar Hari Singh<\/li>\n<li>SS Gurujot Kaur<\/li>\n<li>SS Shanti Kaur<\/li>\n<li>MSS Gourou Raj Kaur<\/li>\n<li>SS Sirivishnu Singh<\/li>\n<li>Gourou SS Amrit Singh<\/li>\n<li>SS Siri Pritam Kaur<\/li>\n<li>MSS Krishna Kaur<\/li>\n<li>SS Jai Singh<\/li>\n<li>SS Harjot Kaur<\/li>\n<li>SS Viriam Singh<\/li>\n<li>MSS Gourou Singh<\/li>\n<li>SS Dharm Singh<\/li>\n<li>SS Hari Nam Singh<\/li>\n<\/ul>\n<p><br>Si l&#8217;un de ces membres n&#8217;est pas en mesure de servir, le candidat class\u00e9 suivant le remplacera au sein du Conseil initial.<br>Les r\u00e9sultats complets des \u00e9lections sont les suivants :<\/p>\n<p>\u200b<\/p>\n\t<div class=\"img has-hover x md-x lg-x y md-y lg-y\" id=\"image_1476559104\">\n\t\t\t\t\t\t\t\t<div class=\"img-inner dark\" >\n\t\t\t<img fetchpriority=\"high\" decoding=\"async\" width=\"630\" height=\"1024\" src=\"https:\/\/ssscorp.org\/wp-content\/uploads\/2022\/10\/screen-shot-2019-04-28-at-11-29-27-am_orig-630x1024.png\" class=\"attachment-large size-large\" alt=\"\" srcset=\"https:\/\/ssscorp.org\/wp-content\/uploads\/2022\/10\/screen-shot-2019-04-28-at-11-29-27-am_orig-630x1024.png 630w, https:\/\/ssscorp.org\/wp-content\/uploads\/2022\/10\/screen-shot-2019-04-28-at-11-29-27-am_orig-185x300.png 185w, https:\/\/ssscorp.org\/wp-content\/uploads\/2022\/10\/screen-shot-2019-04-28-at-11-29-27-am_orig-768x1248.png 768w, https:\/\/ssscorp.org\/wp-content\/uploads\/2022\/10\/screen-shot-2019-04-28-at-11-29-27-am_orig-945x1536.png 945w, https:\/\/ssscorp.org\/wp-content\/uploads\/2022\/10\/screen-shot-2019-04-28-at-11-29-27-am_orig.png 1036w\" sizes=\"(max-width: 630px) 100vw, 630px\" \/>\t\t\t\t\t\t\n\t\t\t\t\t<\/div>\n\t\t\t\t\t\t\t\t\n<style>\n#image_1476559104 {\n  width: 100%;\n}\n<\/style>\n\t<\/div>\n\t\n\n<p>Sur la base du projet de d\u00e9cision du juge Roberts en avril, ce conseil initial n&#8217;aura le droit l\u00e9gal de travailler avec le s\u00e9questre que pour la gestion de Golden Temple\/Yogi Tea, car c&#8217;est le seul actif qui \u00e9chappe au contr\u00f4le du conseil de l&#8217;assurance-ch\u00f4mage et qui est plac\u00e9 entre les mains du s\u00e9questre. Il s&#8217;agit d&#8217;une responsabilit\u00e9 importante, car le commerce du th\u00e9 est une source majeure de financement pour l&#8217;Acad\u00e9mie Miri Piri (SDEI), 3HO, KRI, SDI et Sikhnet.<\/p>\n\n\t\t<\/div>\n\t\t\t\t\t<\/div>\n\n\t\n\n<\/div>\n\n\t\t<\/div>\n\n\t\t\n<style>\n#section_359910184 {\n  padding-top: 30px;\n  padding-bottom: 30px;\n}\n#section_359910184 .ux-shape-divider--top svg {\n  height: 150px;\n  --divider-top-width: 100%;\n}\n#section_359910184 .ux-shape-divider--bottom svg {\n  height: 150px;\n  --divider-width: 100%;\n}\n<\/style>\n\t<\/section>\n\t\n\n","protected":false},"excerpt":{"rendered":"","protected":false},"author":1,"featured_media":0,"parent":0,"menu_order":0,"comment_status":"closed","ping_status":"closed","template":"page-blank.php","meta":{"iawp_total_views":4,"footnotes":""},"class_list":["post-2382","page","type-page","status-publish","hentry"],"_links":{"self":[{"href":"https:\/\/ssscorp.org\/fr\/wp-json\/wp\/v2\/pages\/2382","targetHints":{"allow":["GET"]}}],"collection":[{"href":"https:\/\/ssscorp.org\/fr\/wp-json\/wp\/v2\/pages"}],"about":[{"href":"https:\/\/ssscorp.org\/fr\/wp-json\/wp\/v2\/types\/page"}],"author":[{"embeddable":true,"href":"https:\/\/ssscorp.org\/fr\/wp-json\/wp\/v2\/users\/1"}],"replies":[{"embeddable":true,"href":"https:\/\/ssscorp.org\/fr\/wp-json\/wp\/v2\/comments?post=2382"}],"version-history":[{"count":5,"href":"https:\/\/ssscorp.org\/fr\/wp-json\/wp\/v2\/pages\/2382\/revisions"}],"predecessor-version":[{"id":5126,"href":"https:\/\/ssscorp.org\/fr\/wp-json\/wp\/v2\/pages\/2382\/revisions\/5126"}],"wp:attachment":[{"href":"https:\/\/ssscorp.org\/fr\/wp-json\/wp\/v2\/media?parent=2382"}],"curies":[{"name":"wp","href":"https:\/\/api.w.org\/{rel}","templated":true}]}}