{"id":2344,"date":"2022-09-02T15:22:31","date_gmt":"2022-09-02T15:22:31","guid":{"rendered":"https:\/\/ssscorp.org\/sieger-au-conseil-dadministration-dune-filiale\/conseil-dadministration-de-sikh-dharma-international-sdi\/"},"modified":"2025-12-16T17:35:53","modified_gmt":"2025-12-16T17:35:53","slug":"conseil-dadministration-de-sikh-dharma-international-sdi","status":"publish","type":"page","link":"https:\/\/ssscorp.org\/fr\/qui-nous-servons\/sieger-au-conseil-dadministration-dune-filiale\/conseil-dadministration-de-sikh-dharma-international-sdi\/","title":{"rendered":"Conseil d&#8217;administration de Sikh Dharma International (SDI)"},"content":{"rendered":"\n\n  <div class=\"banner has-hover has-parallax\" id=\"banner-2013014080\">\n          <div class=\"banner-inner fill\">\n        <div class=\"banner-bg fill\" data-parallax=\"-3\" data-parallax-container=\".banner\" data-parallax-background>\n            <div class=\"bg fill bg-fill \"><\/div>\n                        <div class=\"overlay\"><\/div>            \n                    <\/div>\n\t\t\n        <div class=\"banner-layers container\">\n            <div class=\"fill banner-link\"><\/div>            \n\n   <div id=\"text-box-2067874306\" class=\"text-box banner-layer x50 md-x50 lg-x50 y50 md-y50 lg-y50 res-text\">\n                                <div class=\"text-box-content text dark\">\n              \n              <div class=\"text-inner text-center\">\n                  \n\n<h3 class=\"uppercase\"><strong>Conseil d&#8217;administration de Sikh Dharma International (SDI)<\/strong><\/h3>\n<p>SDI est \u00e0 la recherche de nouveaux membres du conseil d&#8217;administration pour aider \u00e0 servir sa mission. La mission de Sikh Dharma International est de maintenir la norme et la gr\u00e2ce du Siri Guru Granth Sahib et de servir \u00e0 \u00e9lever l&#8217;humanit\u00e9 gr\u00e2ce \u00e0 la technologie sacr\u00e9e du Shabad Guru. Notre vision est d&#8217;\u00e9lever l&#8217;esprit de l&#8217;humanit\u00e9. Nos objectifs sont de servir nos communaut\u00e9s mondiales par l&#8217;\u00e9ducation, le soutien communautaire, le leadership, la communication et l&#8217;inspiration. Nous croyons en l&#8217;universalit\u00e9 de Dieu en tout. Chez SDI, nous soutenons l&#8217;\u00e9galit\u00e9, la dignit\u00e9, la divinit\u00e9 et la gr\u00e2ce de tous les \u00eatres humains. C&#8217;est avec la plus grande gratitude envers Dieu et Guru que le personnel, les dirigeants et le conseil d&#8217;administration ont le privil\u00e8ge de servir la mission de Sikh Dharma au service des g\u00e9n\u00e9rations futures.<\/p>\n\n              <\/div>\n           <\/div>\n                            \n<style>\n#text-box-2067874306 {\n  width: 100%;\n}\n#text-box-2067874306 .text-box-content {\n  font-size: 100%;\n}\n<\/style>\n    <\/div>\n \n\n        <\/div>\n      <\/div>\n\n            \n<style>\n#banner-2013014080 {\n  padding-top: 400px;\n}\n#banner-2013014080 .bg.bg-loaded {\n  background-image: url(https:\/\/ssscorp.org\/wp-content\/uploads\/2022\/09\/Untitled-design-3-scaled-1.jpeg);\n}\n#banner-2013014080 .overlay {\n  background-color: rgba(17, 33, 82, 0.855);\n}\n#banner-2013014080 .ux-shape-divider--top svg {\n  height: 150px;\n  --divider-top-width: 100%;\n}\n#banner-2013014080 .ux-shape-divider--bottom svg {\n  height: 150px;\n  --divider-width: 100%;\n}\n<\/style>\n  <\/div>\n\n\n\t<section class=\"section\" id=\"section_305213084\">\n\t\t<div class=\"bg section-bg fill bg-fill  bg-loaded\" >\n\n\t\t\t\n\t\t\t\n\t\t\t\n\n\t\t<\/div>\n\n\t\t\n\n\t\t<div class=\"section-content relative\">\n\t\t\t\n\n<div class=\"row\"  id=\"row-965388359\">\n\n\n\t<div id=\"col-1370581442\" class=\"col small-12 large-12\"  >\n\t\t\t\t<div class=\"col-inner\"  >\n\t\t\t\n\t\t\t\n\n<div class=\"row\"  id=\"row-463532968\">\n\n\n\t<div id=\"col-709910344\" class=\"col small-12 large-12\"  >\n\t\t\t\t<div class=\"col-inner text-center\"  >\n\t\t\t\n\t\t\t\n\n\t<div class=\"img has-hover x md-x lg-x y md-y lg-y\" id=\"image_399605820\">\n\t\t\t\t\t\t\t\t<div class=\"img-inner dark\" >\n\t\t\t<img fetchpriority=\"high\" decoding=\"async\" width=\"1020\" height=\"510\" src=\"https:\/\/ssscorp.org\/wp-content\/uploads\/2022\/10\/sikh-dharma-1024x512.jpg\" class=\"attachment-large size-large\" alt=\"\" srcset=\"https:\/\/ssscorp.org\/wp-content\/uploads\/2022\/10\/sikh-dharma-1024x512.jpg 1024w, https:\/\/ssscorp.org\/wp-content\/uploads\/2022\/10\/sikh-dharma-300x150.jpg 300w, https:\/\/ssscorp.org\/wp-content\/uploads\/2022\/10\/sikh-dharma-768x384.jpg 768w, https:\/\/ssscorp.org\/wp-content\/uploads\/2022\/10\/sikh-dharma.jpg 1100w\" sizes=\"(max-width: 1020px) 100vw, 1020px\" \/>\t\t\t\t\t\t\n\t\t\t\t\t<\/div>\n\t\t\t\t\t\t\t\t\n<style>\n#image_399605820 {\n  width: 48%;\n}\n<\/style>\n\t<\/div>\n\t\n\n\n\t\t<\/div>\n\t\t\t\t\t<\/div>\n\n\t\n\n\t<div id=\"col-1400289749\" class=\"col small-12 large-12\"  >\n\t\t\t\t<div class=\"col-inner\"  >\n\t\t\t\n\t\t\t\n\n<p><strong>Pour \u00eatre membre du conseil d&#8217;administration, vous devez remplir les conditions d&#8217;\u00e9ligibilit\u00e9 suivantes<\/strong><\/p>\n<ul>\n<li>Soutenir les valeurs et la mission de la Soci\u00e9t\u00e9<\/li>\n<li>\u00catre un donateur r\u00e9gulier de Dasvandh ou devenir un donateur de Dasvandh, ou avoir eu une relation d\u00e9montrable (par exemple un sevadar r\u00e9gulier) avec l&#8217;une des organisations ou communaut\u00e9s Sikh Dharma \/ 3HO affili\u00e9es pendant au moins deux ans pr\u00e9c\u00e9dant imm\u00e9diatement votre nomination<\/li>\n<li>\u00catre ministre de Sikh Dharma International ou deviendra ministre de Sikh Dharma International en devenant membre du conseil d&#8217;administration<\/li>\n<li>\u00catre de bonne moralit\u00e9 avec des normes \u00e9thiques \u00e9lev\u00e9es<\/li>\n<li>Ne pas \u00eatre li\u00e9 par le sang ou le mariage (y compris les relations par alliance) \u00e0, ou dans un partenariat domestique avec, un autre administrateur&nbsp;; et<\/li>\n<li>Ne pas \u00eatre un employ\u00e9 de la Soci\u00e9t\u00e9\u200b\u200b\u200b<\/li>\n<\/ul>\n\n\t\t<\/div>\n\t\t\t\t\t<\/div>\n\n\t\n\n\t<div id=\"col-1680726052\" class=\"col small-12 large-12\"  >\n\t\t\t\t<div class=\"col-inner\"  >\n\t\t\t\n\t\t\t\n\n<h2 id=\"657329065555764734\" class=\"element wsite-content-title editable-text cke_editable cke_editable_inline cke_contents_ltr cke_focus cke_show_borders\" tabindex=\"0\" role=\"textbox\" contenteditable=\"true\" spellcheck=\"true\" aria-label=\"false\">Calendrier du processus de nomination&nbsp;:<\/h2>\n<p><strong>1. <b>1er d\u00e9cembre &#8211; 21 d\u00e9cembre 2025 <\/b> <\/strong><strong>Fen\u00eatre de candidature<\/strong><br>Les candidats peuvent soumettre leur candidature en ligne afin d&#8217;\u00eatre pris en consid\u00e9ration pour si\u00e9ger au conseil d&#8217;administration.<\/p>\n<p><strong>2. <b>22 d\u00e9cembre 2025 &#8211; 15 janvier 2026<\/b> Processus d&#8217;entretien<\/strong><br>Les entretiens seront men\u00e9s par une \u00e9quipe.  <\/p>\n<p>3. <b>16 janvier &#8211; 31 janvier 2025 Processus d&#8217;examen et de recommandation La <\/b>commission des entretiens et la commission de gouvernance examinent et filtrent les candidats et font des recommandations au conseil d&#8217;administration de la SSSC.<\/p>\n<p><strong>3. <b>1er f\u00e9vrier &#8211; 15 f\u00e9vrier 2026 : Approbation finale du Conseil d&#8217;administration de la SSSC<\/b><\/strong><br>Les candidats recommand\u00e9s seront envoy\u00e9s \u00e0 la SSSC pour examen final et approbation.<\/p>\n<p><strong>4. <b>15 f\u00e9vrier 2026 : D\u00e9but du processus de notification et d&#8217;int\u00e9gration<\/b><\/strong><br>Les conseils et les candidats seront inform\u00e9s de la nomination des nouveaux membres du conseil.  <\/p>\n<p> <\/p>\n<p><em>*Les dates peuvent \u00eatre modifi\u00e9es en raison de circonstances impr\u00e9vues.<\/em><\/p>\n\n\t\t<\/div>\n\t\t\t\t\t<\/div>\n\n\t\n\n<\/div>\n<div class=\"row align-middle align-center\"  id=\"row-1358819740\">\n\n\n\t<div id=\"col-2139199665\" class=\"col medium-6 small-12 large-6\"  >\n\t\t\t\t<div class=\"col-inner text-center\"  >\n\t\t\t\n\t\t\t\n\n\t<div class=\"img has-hover x md-x lg-x y md-y lg-y\" id=\"image_1674083277\">\n\t\t\t\t\t\t\t\t<div class=\"img-inner dark\" >\n\t\t\t<img decoding=\"async\" width=\"1020\" height=\"1020\" src=\"https:\/\/ssscorp.org\/wp-content\/uploads\/2022\/10\/4_orig-1024x1024.png\" class=\"attachment-large size-large\" alt=\"\" srcset=\"https:\/\/ssscorp.org\/wp-content\/uploads\/2022\/10\/4_orig-1024x1024.png 1024w, https:\/\/ssscorp.org\/wp-content\/uploads\/2022\/10\/4_orig-300x300.png 300w, https:\/\/ssscorp.org\/wp-content\/uploads\/2022\/10\/4_orig-150x150.png 150w, https:\/\/ssscorp.org\/wp-content\/uploads\/2022\/10\/4_orig-768x768.png 768w, https:\/\/ssscorp.org\/wp-content\/uploads\/2022\/10\/4_orig.png 1080w\" sizes=\"(max-width: 1020px) 100vw, 1020px\" \/>\t\t\t\t\t\t\n\t\t\t\t\t<\/div>\n\t\t\t\t\t\t\t\t\n<style>\n#image_1674083277 {\n  width: 30%;\n}\n<\/style>\n\t<\/div>\n\t\n\n<a href=\"https:\/\/ssscorp.org\/wp-content\/uploads\/2025\/12\/SDI-Board-Member-Job-Description-rev.-12.16.25.pdf\" target=\"_self\" class=\"button primary is-outline reveal-icon\"  >\n    <span>LIRE LA DESCRIPTION COMPL\u00c8TE DU POSTE ICI<\/span>\n  <i class=\"icon-angle-right\" ><\/i><\/a>\n\n\n\n\t\t<\/div>\n\t\t\t\t\t<\/div>\n\n\t\n\n\t<div id=\"col-1432199060\" class=\"col medium-6 small-12 large-6\"  >\n\t\t\t\t<div class=\"col-inner text-center\"  >\n\t\t\t\n\t\t\t\n\n\t<div class=\"img has-hover x md-x lg-x y md-y lg-y\" id=\"image_1494505433\">\n\t\t\t\t\t\t\t\t<div class=\"img-inner dark\" >\n\t\t\t<img decoding=\"async\" width=\"1020\" height=\"1020\" src=\"https:\/\/ssscorp.org\/wp-content\/uploads\/2022\/10\/5_orig-1024x1024.png\" class=\"attachment-large size-large\" alt=\"\" srcset=\"https:\/\/ssscorp.org\/wp-content\/uploads\/2022\/10\/5_orig-1024x1024.png 1024w, https:\/\/ssscorp.org\/wp-content\/uploads\/2022\/10\/5_orig-300x300.png 300w, https:\/\/ssscorp.org\/wp-content\/uploads\/2022\/10\/5_orig-150x150.png 150w, https:\/\/ssscorp.org\/wp-content\/uploads\/2022\/10\/5_orig-768x768.png 768w, https:\/\/ssscorp.org\/wp-content\/uploads\/2022\/10\/5_orig.png 1080w\" sizes=\"(max-width: 1020px) 100vw, 1020px\" \/>\t\t\t\t\t\t\n\t\t\t\t\t<\/div>\n\t\t\t\t\t\t\t\t\n<style>\n#image_1494505433 {\n  width: 30%;\n}\n<\/style>\n\t<\/div>\n\t\n\n<a rel=\"noopener noreferrer\" href=\"https:\/\/www.surveymonkey.com\/r\/72MT8RC\" target=\"_blank\" class=\"button primary is-outline reveal-icon\"  >\n    <span>POSTULEZ ICI<\/span>\n  <i class=\"icon-angle-right\" ><\/i><\/a>\n\n\n\n\t\t<\/div>\n\t\t\t\t\t<\/div>\n\n\t\n\n<\/div>\n<p style=\"text-align: center;\"><strong><em>Veuillez lire la description de poste de membre du conseil d&#8217;administration de SDI dans son int\u00e9gralit\u00e9 avant de remplir la demande.<\/em><\/strong><\/p>\n\n\t\t<\/div>\n\t\t\t\t\t<\/div>\n\n\t\n\n<\/div>\n\n\t\t<\/div>\n\n\t\t\n<style>\n#section_305213084 {\n  padding-top: 30px;\n  padding-bottom: 30px;\n}\n#section_305213084 .ux-shape-divider--top svg {\n  height: 150px;\n  --divider-top-width: 100%;\n}\n#section_305213084 .ux-shape-divider--bottom svg {\n  height: 150px;\n  --divider-width: 100%;\n}\n<\/style>\n\t<\/section>\n\t\n\n","protected":false},"excerpt":{"rendered":"","protected":false},"author":1,"featured_media":0,"parent":2323,"menu_order":0,"comment_status":"closed","ping_status":"closed","template":"page-blank.php","meta":{"iawp_total_views":0,"footnotes":""},"class_list":["post-2344","page","type-page","status-publish","hentry"],"_links":{"self":[{"href":"https:\/\/ssscorp.org\/fr\/wp-json\/wp\/v2\/pages\/2344","targetHints":{"allow":["GET"]}}],"collection":[{"href":"https:\/\/ssscorp.org\/fr\/wp-json\/wp\/v2\/pages"}],"about":[{"href":"https:\/\/ssscorp.org\/fr\/wp-json\/wp\/v2\/types\/page"}],"author":[{"embeddable":true,"href":"https:\/\/ssscorp.org\/fr\/wp-json\/wp\/v2\/users\/1"}],"replies":[{"embeddable":true,"href":"https:\/\/ssscorp.org\/fr\/wp-json\/wp\/v2\/comments?post=2344"}],"version-history":[{"count":9,"href":"https:\/\/ssscorp.org\/fr\/wp-json\/wp\/v2\/pages\/2344\/revisions"}],"predecessor-version":[{"id":16608,"href":"https:\/\/ssscorp.org\/fr\/wp-json\/wp\/v2\/pages\/2344\/revisions\/16608"}],"up":[{"embeddable":true,"href":"https:\/\/ssscorp.org\/fr\/wp-json\/wp\/v2\/pages\/2323"}],"wp:attachment":[{"href":"https:\/\/ssscorp.org\/fr\/wp-json\/wp\/v2\/media?parent=2344"}],"curies":[{"name":"wp","href":"https:\/\/api.w.org\/{rel}","templated":true}]}}