{"id":2211,"date":"2022-09-02T15:20:08","date_gmt":"2022-09-02T15:20:08","guid":{"rendered":"https:\/\/ssscorp.org\/assemblees-regulieres-et-extraordinaires-de-2017\/"},"modified":"2022-10-20T15:20:46","modified_gmt":"2022-10-20T15:20:46","slug":"assemblees-regulieres-et-extraordinaires-de-2017","status":"publish","type":"page","link":"https:\/\/ssscorp.org\/fr\/assemblees-regulieres-et-extraordinaires-de-2017\/","title":{"rendered":"Assembl\u00e9es r\u00e9guli\u00e8res et extraordinaires de 2017"},"content":{"rendered":"\n\n  <div class=\"banner has-hover has-parallax\" id=\"banner-1992605505\">\n          <div class=\"banner-inner fill\">\n        <div class=\"banner-bg fill\" data-parallax=\"-3\" data-parallax-container=\".banner\" data-parallax-background>\n            <div class=\"bg fill bg-fill \"><\/div>\n                        <div class=\"overlay\"><\/div>            \n                    <\/div>\n\t\t\n        <div class=\"banner-layers container\">\n            <div class=\"fill banner-link\"><\/div>            \n\n   <div id=\"text-box-1750232598\" class=\"text-box banner-layer x50 md-x50 lg-x50 y50 md-y50 lg-y50 res-text\">\n                                <div class=\"text-box-content text dark\">\n              \n              <div class=\"text-inner text-center\">\n                  \n\n<h3 class=\"uppercase\"><strong>R\u00e9unions ordinaires et extraordinaires de 2017<\/strong><\/h3>\n<p>Cliquez sur chaque date de r\u00e9union ordinaire pour voir l&#8217;ordre du jour de cette r\u00e9union.\u200b<\/p>\n\n              <\/div>\n           <\/div>\n                            \n<style>\n#text-box-1750232598 {\n  width: 98%;\n}\n#text-box-1750232598 .text-box-content {\n  font-size: 100%;\n}\n<\/style>\n    <\/div>\n \n\n        <\/div>\n      <\/div>\n\n            \n<style>\n#banner-1992605505 {\n  padding-top: 300px;\n}\n#banner-1992605505 .bg.bg-loaded {\n  background-image: url(https:\/\/ssscorp.org\/wp-content\/uploads\/2022\/09\/Untitled-design-3-scaled-1.jpeg);\n}\n#banner-1992605505 .overlay {\n  background-color: rgba(17, 33, 82, 0.855);\n}\n#banner-1992605505 .ux-shape-divider--top svg {\n  height: 150px;\n  --divider-top-width: 100%;\n}\n#banner-1992605505 .ux-shape-divider--bottom svg {\n  height: 150px;\n  --divider-width: 100%;\n}\n<\/style>\n  <\/div>\n\n\n\t<section class=\"section\" id=\"section_72880295\">\n\t\t<div class=\"bg section-bg fill bg-fill  bg-loaded\" >\n\n\t\t\t\n\t\t\t\n\t\t\t\n\n\t\t<\/div>\n\n\t\t\n\n\t\t<div class=\"section-content relative\">\n\t\t\t\n\n<div class=\"row\"  id=\"row-1728394883\">\n\n\n\t<div id=\"col-720487719\" class=\"col medium-6 small-12 large-6\"  >\n\t\t\t\t<div class=\"col-inner\"  >\n\t\t\t\n\t\t\t\n\n<div class=\"container section-title-container\" ><h3 class=\"section-title section-title-normal\"><b><\/b><span class=\"section-title-main\" >Ordres du jour des r\u00e9unions ordinaires de 2017<\/span><b><\/b><\/h3><\/div>\n\n<ul>\n<li>1er mars 2017 Ordre du jour de la r\u00e9union ordinaire du SSSC<\/li>\n<li>Ordre du jour de la r\u00e9union ordinaire du SSSC du 8 mars 2017<\/li>\n<li>Ordre du jour de la r\u00e9union ordinaire du SSSC du 22 mars 2017<\/li>\n<li>\u200bOrdre du jour de la r\u00e9union ordinaire du SSSC du 12 avril 2017<\/li>\n<li>Ordre du jour de la r\u00e9union ordinaire du SSSC du 10 mai 2017<\/li>\n<li>Ordre du jour de la r\u00e9union ordinaire du SSSC du 23 mai 2017<\/li>\n<li>Ordre du jour de la r\u00e9union ordinaire du SSSC du 7 juin 2017<\/li>\n<li>Ordre du jour de la r\u00e9union ordinaire du SSSC du 5 juillet 2017<\/li>\n<li>R\u00e9union ordinaire du 20 juillet 2017<\/li>\n<li>R\u00e9union ordinaire du 6 septembre 2017<\/li>\n<li>R\u00e9union ordinaire du 24 septembre 2017 (face \u00e0 face septembre)<\/li>\n<li>R\u00e9union ordinaire du 25 septembre 2017 (face \u00e0 face septembre)<\/li>\n<li>Ordre du jour de la r\u00e9union ordinaire du SSSC du 11 octobre 2017<\/li>\n<li>Ordre du jour de la r\u00e9union ordinaire du SSSC du 28 novembre 2017<\/li>\n<\/ul>\n\n\t\t<\/div>\n\t\t\t\t\t<\/div>\n\n\t\n\n\t<div id=\"col-1615968488\" class=\"col medium-6 small-12 large-6\"  >\n\t\t\t\t<div class=\"col-inner\"  >\n\t\t\t\n\t\t\t\n\n<div class=\"container section-title-container\" ><h3 class=\"section-title section-title-normal\"><b><\/b><span class=\"section-title-main\" >R\u00e9unions sp\u00e9ciales de 2017<\/span><b><\/b><\/h3><\/div>\n\n<ul>\n<li>R\u00e9union sp\u00e9ciale du CSSA du 18 janvier 2017<\/li>\n<li>R\u00e9union sp\u00e9ciale du CSSA du 25 janvier 2017<\/li>\n<li>R\u00e9union sp\u00e9ciale du CSSA du 1er f\u00e9vrier 2017<\/li>\n<li>18 f\u00e9vrier 2017 R\u00e9union sp\u00e9ciale SSSC<\/li>\n<li>19 f\u00e9vrier 2017 R\u00e9union sp\u00e9ciale SSSC<\/li>\n<li>1er mars 2017 R\u00e9union sp\u00e9ciale du SSSC<\/li>\n<li>15 mars 2017 R\u00e9union sp\u00e9ciale SSSC<\/li>\n<li>5 avril 2017 R\u00e9union sp\u00e9ciale SSSC<\/li>\n<li>23 avril 2017 R\u00e9union sp\u00e9ciale SSSC<\/li>\n<li>7 juin 2017 R\u00e9union sp\u00e9ciale SSSC<\/li>\n<li>9 ao\u00fbt 2017 R\u00e9union sp\u00e9ciale SSSC<\/li>\n<li>22 ao\u00fbt 2017 R\u00e9union sp\u00e9ciale SSSC<\/li>\n<li>R\u00e9union sp\u00e9ciale du SSSC du 6 septembre 2017<\/li>\n<li>12 septembre 2017 R\u00e9union sp\u00e9ciale SSSC<\/li>\n<li>24 septembre 2017 R\u00e9union sp\u00e9ciale SSSC<\/li>\n<li>25 septembre 2017 R\u00e9union sp\u00e9ciale SSSC<\/li>\n<li>24 octobre 2017 R\u00e9union sp\u00e9ciale SSSC<\/li>\n<li>8 novembre 2017 R\u00e9union sp\u00e9ciale SSSC<\/li>\n<li>28 novembre 2017 R\u00e9union sp\u00e9ciale du SSSC<\/li>\n<li>13 d\u00e9cembre 2017 R\u00e9union sp\u00e9ciale SSSC<\/li>\n<\/ul>\n\n\t\t<\/div>\n\t\t\t\t\t<\/div>\n\n\t\n\n<\/div>\n\n\t\t<\/div>\n\n\t\t\n<style>\n#section_72880295 {\n  padding-top: 30px;\n  padding-bottom: 30px;\n}\n#section_72880295 .ux-shape-divider--top svg {\n  height: 150px;\n  --divider-top-width: 100%;\n}\n#section_72880295 .ux-shape-divider--bottom svg {\n  height: 150px;\n  --divider-width: 100%;\n}\n<\/style>\n\t<\/section>\n\t\n\n","protected":false},"excerpt":{"rendered":"","protected":false},"author":1,"featured_media":0,"parent":0,"menu_order":0,"comment_status":"closed","ping_status":"closed","template":"page-blank.php","meta":{"iawp_total_views":1,"footnotes":""},"class_list":["post-2211","page","type-page","status-publish","hentry"],"_links":{"self":[{"href":"https:\/\/ssscorp.org\/fr\/wp-json\/wp\/v2\/pages\/2211","targetHints":{"allow":["GET"]}}],"collection":[{"href":"https:\/\/ssscorp.org\/fr\/wp-json\/wp\/v2\/pages"}],"about":[{"href":"https:\/\/ssscorp.org\/fr\/wp-json\/wp\/v2\/types\/page"}],"author":[{"embeddable":true,"href":"https:\/\/ssscorp.org\/fr\/wp-json\/wp\/v2\/users\/1"}],"replies":[{"embeddable":true,"href":"https:\/\/ssscorp.org\/fr\/wp-json\/wp\/v2\/comments?post=2211"}],"version-history":[{"count":1,"href":"https:\/\/ssscorp.org\/fr\/wp-json\/wp\/v2\/pages\/2211\/revisions"}],"predecessor-version":[{"id":2228,"href":"https:\/\/ssscorp.org\/fr\/wp-json\/wp\/v2\/pages\/2211\/revisions\/2228"}],"wp:attachment":[{"href":"https:\/\/ssscorp.org\/fr\/wp-json\/wp\/v2\/media?parent=2211"}],"curies":[{"name":"wp","href":"https:\/\/api.w.org\/{rel}","templated":true}]}}