{"id":2192,"date":"2022-09-02T15:17:07","date_gmt":"2022-09-02T15:17:07","guid":{"rendered":"https:\/\/ssscorp.org\/assemblees-regulieres-et-extraordinaires-de-2016\/"},"modified":"2022-10-20T15:20:39","modified_gmt":"2022-10-20T15:20:39","slug":"assemblees-regulieres-et-extraordinaires-de-2016","status":"publish","type":"page","link":"https:\/\/ssscorp.org\/fr\/assemblees-regulieres-et-extraordinaires-de-2016\/","title":{"rendered":"Assembl\u00e9es r\u00e9guli\u00e8res et extraordinaires de 2016"},"content":{"rendered":"\n\n  <div class=\"banner has-hover has-parallax\" id=\"banner-1752198807\">\n          <div class=\"banner-inner fill\">\n        <div class=\"banner-bg fill\" data-parallax=\"-3\" data-parallax-container=\".banner\" data-parallax-background>\n            <div class=\"bg fill bg-fill \"><\/div>\n                        <div class=\"overlay\"><\/div>            \n                    <\/div>\n\t\t\n        <div class=\"banner-layers container\">\n            <div class=\"fill banner-link\"><\/div>            \n\n   <div id=\"text-box-362700963\" class=\"text-box banner-layer x50 md-x50 lg-x50 y50 md-y50 lg-y50 res-text\">\n                                <div class=\"text-box-content text dark\">\n              \n              <div class=\"text-inner text-center\">\n                  \n\n<h3 class=\"uppercase\"><strong>R\u00e9unions ordinaires et extraordinaires de 2016<\/strong><\/h3>\n\n\n              <\/div>\n           <\/div>\n                            \n<style>\n#text-box-362700963 {\n  width: 98%;\n}\n#text-box-362700963 .text-box-content {\n  font-size: 100%;\n}\n<\/style>\n    <\/div>\n \n\n        <\/div>\n      <\/div>\n\n            \n<style>\n#banner-1752198807 {\n  padding-top: 300px;\n}\n#banner-1752198807 .bg.bg-loaded {\n  background-image: url(https:\/\/ssscorp.org\/wp-content\/uploads\/2022\/09\/Untitled-design-3-scaled-1.jpeg);\n}\n#banner-1752198807 .overlay {\n  background-color: rgba(17, 33, 82, 0.855);\n}\n#banner-1752198807 .ux-shape-divider--top svg {\n  height: 150px;\n  --divider-top-width: 100%;\n}\n#banner-1752198807 .ux-shape-divider--bottom svg {\n  height: 150px;\n  --divider-width: 100%;\n}\n<\/style>\n  <\/div>\n\n\n\t<section class=\"section\" id=\"section_346106246\">\n\t\t<div class=\"bg section-bg fill bg-fill  bg-loaded\" >\n\n\t\t\t\n\t\t\t\n\t\t\t\n\n\t\t<\/div>\n\n\t\t\n\n\t\t<div class=\"section-content relative\">\n\t\t\t\n\n<div class=\"row\"  id=\"row-84887058\">\n\n\n\t<div id=\"col-1890841295\" class=\"col medium-6 small-12 large-6\"  >\n\t\t\t\t<div class=\"col-inner\"  >\n\t\t\t\n\t\t\t\n\n<div class=\"container section-title-container\" ><h3 class=\"section-title section-title-normal\"><b><\/b><span class=\"section-title-main\" >Ordres du jour des r\u00e9unions ordinaires de 2016<\/span><b><\/b><\/h3><\/div>\n\n<ul>\n<li>Ordre du jour de la r\u00e9union ordinaire du SSSC du 16 mars 2016<\/li>\n<li>Ordre du jour de la r\u00e9union ordinaire du SSSC du 23 mars 2016<\/li>\n<li>30 mars 2016 Ordre du jour de la r\u00e9union ordinaire du SSSC<\/li>\n<li>Ordre du jour de la r\u00e9union ordinaire du SSSC du 6 avril 2016<\/li>\n<li>\u200bOrdre du jour de la r\u00e9union ordinaire du SSSC du 25 avril 2016<\/li>\n<li>Ordre du jour de la r\u00e9union ordinaire du SSSC du 4 mai 2016<\/li>\n<li>Ordre du jour de la r\u00e9union ordinaire du SSSC du 11 mai 2016<\/li>\n<li>Ordre du jour de la r\u00e9union ordinaire du SSSC du 18 mai 2016<\/li>\n<li>Ordre du jour de la r\u00e9union ordinaire du SSSC du 29 juin 2016<\/li>\n<li>Ordre du jour de la r\u00e9union ordinaire du SSSC du 17 ao\u00fbt 2016<\/li>\n<li>Ordre du jour de la r\u00e9union ordinaire du SSSC du 24 ao\u00fbt 2016<\/li>\n<li>Ordre du jour de la r\u00e9union ordinaire du SSSC du 7 d\u00e9cembre 2016<\/li>\n<\/ul>\n\n\t\t<\/div>\n\t\t\t\t\t<\/div>\n\n\t\n\n\t<div id=\"col-260811370\" class=\"col medium-6 small-12 large-6\"  >\n\t\t\t\t<div class=\"col-inner\"  >\n\t\t\t\n\t\t\t\n\n<div class=\"container section-title-container\" ><h3 class=\"section-title section-title-normal\"><b><\/b><span class=\"section-title-main\" >R\u00e9unions sp\u00e9ciales de 2016<\/span><b><\/b><\/h3><\/div>\n\n<ul>\n<li>6 janvier 2016 R\u00e9union sp\u00e9ciale du CSSA<\/li>\n<li>R\u00e9union sp\u00e9ciale du CSSA du 13 janvier 2016<\/li>\n<li>R\u00e9union sp\u00e9ciale du CSSA du 16 janvier 2016<\/li>\n<li>R\u00e9union sp\u00e9ciale du CSSA du 17 janvier 2016<\/li>\n<li>18 janvier 2016 R\u00e9union sp\u00e9ciale du CSSA<\/li>\n<li>R\u00e9union sp\u00e9ciale du CSSA du 27 janvier 2016<\/li>\n<li>R\u00e9union sp\u00e9ciale du CSSA du 30 janvier 2016<\/li>\n<li>R\u00e9union sp\u00e9ciale du CSSA du 3 f\u00e9vrier 2016<\/li>\n<li>10 f\u00e9vrier 2016 R\u00e9union sp\u00e9ciale SSSC<\/li>\n<li>17 f\u00e9vrier 2016 R\u00e9union sp\u00e9ciale SSSC<\/li>\n<li>24 f\u00e9vrier 2016 R\u00e9union sp\u00e9ciale SSSC<\/li>\n<li>2 mars 2016 R\u00e9union sp\u00e9ciale SSSC<\/li>\n<li>3 mars 2016 R\u00e9union sp\u00e9ciale SSSC<\/li>\n<li>8 mars 2016 R\u00e9union sp\u00e9ciale SSSC<\/li>\n<li>9 mars 2016 R\u00e9union sp\u00e9ciale SSSC<\/li>\n<li>16 mars 2016 R\u00e9union sp\u00e9ciale SSSC<\/li>\n<li>6 avril 2016 R\u00e9union sp\u00e9ciale SSSC<\/li>\n<li>13 avril 2016 R\u00e9union sp\u00e9ciale SSSC<\/li>\n<li>24 avril 2016 R\u00e9union sp\u00e9ciale SSSC<\/li>\n<li>11 mai 2016 R\u00e9union sp\u00e9ciale SSSC<\/li>\n<li>25 mai 2016 R\u00e9union sp\u00e9ciale SSSC<\/li>\n<li>27 mai 2016 R\u00e9union sp\u00e9ciale SSSC<\/li>\n<li>1er juin 2016 R\u00e9union sp\u00e9ciale du SSSC<\/li>\n<li>8 juin 2016 R\u00e9union sp\u00e9ciale SSSC<\/li>\n<li>15 juin 2016 R\u00e9union sp\u00e9ciale SSSC<\/li>\n<li>6 juillet 2016 R\u00e9union sp\u00e9ciale SSSC<\/li>\n<li>13 juillet 2016 R\u00e9union sp\u00e9ciale SSSC<\/li>\n<li>20 juillet 2016 R\u00e9union sp\u00e9ciale SSSC<\/li>\n<li>21 juillet 2016 R\u00e9union sp\u00e9ciale SSSC<\/li>\n<li>26 juillet 2016 R\u00e9union sp\u00e9ciale SSSC<\/li>\n<li>27 juillet 2016 R\u00e9union sp\u00e9ciale SSSC<\/li>\n<li>3 ao\u00fbt 2016 R\u00e9union sp\u00e9ciale SSSC<\/li>\n<li>4 ao\u00fbt 2016 R\u00e9union sp\u00e9ciale SSSC<\/li>\n<li>10 ao\u00fbt 2016 R\u00e9union sp\u00e9ciale SSSC<\/li>\n<li>31 ao\u00fbt 2016 R\u00e9union sp\u00e9ciale SSSC<\/li>\n<li>7 septembre 2016 R\u00e9union sp\u00e9ciale SSSC<\/li>\n<li>14 septembre 2016 R\u00e9union sp\u00e9ciale SSSC<\/li>\n<li>16 septembre 2016 R\u00e9union sp\u00e9ciale SSSC<\/li>\n<li>25 septembre 2016 R\u00e9union sp\u00e9ciale SSSC<\/li>\n<li>26 septembre 2016 R\u00e9union sp\u00e9ciale SSSC<\/li>\n<li>29 septembre 2016 R\u00e9union sp\u00e9ciale SSSC<\/li>\n<li>5 octobre 2016 R\u00e9union sp\u00e9ciale SSSC<\/li>\n<li>12 octobre 2016 R\u00e9union sp\u00e9ciale SSSC<\/li>\n<li>19 octobre 2016 R\u00e9union sp\u00e9ciale SSSC<\/li>\n<li>26 octobre 2016 R\u00e9union sp\u00e9ciale SSSC<\/li>\n<li>2 novembre 2016 R\u00e9union sp\u00e9ciale SSSC<\/li>\n<li>9 novembre 2016 R\u00e9union sp\u00e9ciale SSSC<\/li>\n<li>16 novembre 2016 R\u00e9union sp\u00e9ciale SSSC<\/li>\n<li>22 novembre 2016 R\u00e9union sp\u00e9ciale SSSC<\/li>\n<li>30 novembre 2016 R\u00e9union sp\u00e9ciale SSSC<\/li>\n<li>14 d\u00e9cembre 2016 R\u00e9union sp\u00e9ciale SSSC<\/li>\n<\/ul>\n\n\t\t<\/div>\n\t\t\t\t\t<\/div>\n\n\t\n\n<\/div>\n\n\t\t<\/div>\n\n\t\t\n<style>\n#section_346106246 {\n  padding-top: 30px;\n  padding-bottom: 30px;\n}\n#section_346106246 .ux-shape-divider--top svg {\n  height: 150px;\n  --divider-top-width: 100%;\n}\n#section_346106246 .ux-shape-divider--bottom svg {\n  height: 150px;\n  --divider-width: 100%;\n}\n<\/style>\n\t<\/section>\n\t\n\n","protected":false},"excerpt":{"rendered":"","protected":false},"author":1,"featured_media":0,"parent":0,"menu_order":0,"comment_status":"closed","ping_status":"closed","template":"page-blank.php","meta":{"iawp_total_views":4,"footnotes":""},"class_list":["post-2192","page","type-page","status-publish","hentry"],"_links":{"self":[{"href":"https:\/\/ssscorp.org\/fr\/wp-json\/wp\/v2\/pages\/2192","targetHints":{"allow":["GET"]}}],"collection":[{"href":"https:\/\/ssscorp.org\/fr\/wp-json\/wp\/v2\/pages"}],"about":[{"href":"https:\/\/ssscorp.org\/fr\/wp-json\/wp\/v2\/types\/page"}],"author":[{"embeddable":true,"href":"https:\/\/ssscorp.org\/fr\/wp-json\/wp\/v2\/users\/1"}],"replies":[{"embeddable":true,"href":"https:\/\/ssscorp.org\/fr\/wp-json\/wp\/v2\/comments?post=2192"}],"version-history":[{"count":1,"href":"https:\/\/ssscorp.org\/fr\/wp-json\/wp\/v2\/pages\/2192\/revisions"}],"predecessor-version":[{"id":2196,"href":"https:\/\/ssscorp.org\/fr\/wp-json\/wp\/v2\/pages\/2192\/revisions\/2196"}],"wp:attachment":[{"href":"https:\/\/ssscorp.org\/fr\/wp-json\/wp\/v2\/media?parent=2192"}],"curies":[{"name":"wp","href":"https:\/\/api.w.org\/{rel}","templated":true}]}}