{"id":2175,"date":"2022-09-02T15:17:04","date_gmt":"2022-09-02T15:17:04","guid":{"rendered":"https:\/\/ssscorp.org\/journee-de-priere-pour-la-paix\/"},"modified":"2022-10-22T21:02:14","modified_gmt":"2022-10-22T21:02:14","slug":"journee-de-priere-pour-la-paix","status":"publish","type":"page","link":"https:\/\/ssscorp.org\/fr\/journee-de-priere-pour-la-paix\/","title":{"rendered":"Journ\u00e9e de pri\u00e8re pour la paix"},"content":{"rendered":"\n\n  <div class=\"banner has-hover\" id=\"banner-2034078151\">\n          <div class=\"banner-inner fill\">\n        <div class=\"banner-bg fill\" >\n            <div class=\"bg fill bg-fill \"><\/div>\n                                    \n                    <\/div>\n\t\t\n        <div class=\"banner-layers container\">\n            <div class=\"fill banner-link\"><\/div>            \n\n\n        <\/div>\n      <\/div>\n\n            \n<style>\n#banner-2034078151 {\n  padding-top: 625px;\n}\n#banner-2034078151 .bg.bg-loaded {\n  background-image: url(https:\/\/ssscorp.org\/wp-content\/uploads\/2022\/10\/52450587.png);\n}\n#banner-2034078151 .ux-shape-divider--top svg {\n  height: 150px;\n  --divider-top-width: 100%;\n}\n#banner-2034078151 .ux-shape-divider--bottom svg {\n  height: 150px;\n  --divider-width: 100%;\n}\n<\/style>\n  <\/div>\n\n\n\t<section class=\"section\" id=\"section_236781497\">\n\t\t<div class=\"bg section-bg fill bg-fill  bg-loaded\" >\n\n\t\t\t\n\t\t\t\n\t\t\t\n\n\t\t<\/div>\n\n\t\t\n\n\t\t<div class=\"section-content relative\">\n\t\t\t\n\n<div class=\"row\"  id=\"row-1520176374\">\n\n\n\t<div id=\"col-1906992479\" class=\"col small-12 large-12\"  >\n\t\t\t\t<div class=\"col-inner\"  >\n\t\t\t\n\t\t\t\n\n<h1 style=\"text-align: center;\">Solstice d&#8217;\u00e9t\u00e9 et journ\u00e9e de pri\u00e8re pour la paix<\/h1>\n<p>Une journ\u00e9e de musique, de danse et de pri\u00e8re &#8211; La Journ\u00e9e internationale de pri\u00e8re pour la paix est un rassemblement sur la terre sacr\u00e9e de Guru Ram Das Puri o\u00f9 nous pouvons exprimer notre gratitude et notre espoir pour l&#8217;avenir \u00e0 travers le yoga, la m\u00e9ditation, le chant et la marche de gu\u00e9rison sacr\u00e9e. C&#8217;est un moment puissant pour offrir vos pri\u00e8res pour la paix, la gu\u00e9rison et l&#8217;unit\u00e9 de toute l&#8217;humanit\u00e9, pour b\u00e9nir et honorer cette terre sacr\u00e9e et, pour ceux qui participent \u00e0 la sadhana du solstice d&#8217;\u00e9t\u00e9, pour nous pr\u00e9parer \u00e0 traverser le voyage transformateur du solstice . Tous sont invit\u00e9s \u00e0 participer \u00e0 cet \u00e9v\u00e9nement gratuit.<\/p>\n<h1 style=\"text-align: center;\">Prix Siri Singh Sahib Corporation pour la justice sociale<\/h1>\n<p>En l&#8217;honneur de notre ma\u00eetre spirituel Yogi Bhajan, la Siri Singh Sahib Corporation, en coordination avec 3HO Foundation International, Sikh Dharma International et East West Tea Company, ont lanc\u00e9 une tradition d&#8217;honorer les personnes dont la vie et le travail ont \u00e9t\u00e9 consacr\u00e9s au d\u00e9veloppement de paix, d&#8217;\u00e9galit\u00e9 et de justice. Nous commen\u00e7ons cet hommage avec la pr\u00e9sentation du prix Siri Singh Sahib Corporation pour la justice sociale.<br>Le prix Siri Singh Sahib Corporation pour la justice sociale est d\u00e9cern\u00e9 \u00e0 ceux qui ont agi de mani\u00e8re d\u00e9sint\u00e9ress\u00e9e dans la poursuite de la paix et la r\u00e9alisation de l&#8217;\u00e9galit\u00e9. L&#8217;esprit de ce prix est captur\u00e9 par le but de la Journ\u00e9e de pri\u00e8re pour la paix, une journ\u00e9e o\u00f9 nous nous r\u00e9unissons pour c\u00e9l\u00e9brer la paix. O\u00f9 toutes les personnes de tous horizons sont les bienvenues. C&#8217;est un jour o\u00f9 nous nous r\u00e9jouissons de l&#8217;esprit profond qui vit en chacun de nous et c&#8217;est un moment o\u00f9 nous partageons ext\u00e9rieurement une conscience de compr\u00e9hension, de compassion, de joie et d&#8217;\u00e9l\u00e9vation. <\/p>\n<h1 style=\"text-align: center;\"><span style=\"color: #000000;\">Les solstices d&#8217;\u00e9t\u00e9 2020 et 2021 ont \u00e9t\u00e9 suspendus en raison de Covid<\/span><\/h1>\n\n\t\t<\/div>\n\t\t\t\t\t<\/div>\n\n\t\n\n\t<div id=\"col-1540304506\" class=\"col small-12 large-12\"  >\n\t\t\t\t<div class=\"col-inner\"  >\n\t\t\t\n\t\t\t\n\n<h1 style=\"text-align: center;\">Conf\u00e9renciers pass\u00e9s<\/h1>\n<div class=\"is-divider divider clearfix\" style=\"max-width:100%;height:2px;\"><\/div>\n\n<div class=\"row align-middle\"  id=\"row-62219274\">\n\n\n\t<div id=\"col-453560780\" class=\"col medium-5 small-12 large-5\"  >\n\t\t\t\t<div class=\"col-inner\"  >\n\t\t\t\n\t\t\t\n\n\t<div class=\"img has-hover x md-x lg-x y md-y lg-y\" id=\"image_1988637743\">\n\t\t\t\t\t\t\t\t<div class=\"img-inner dark\" >\n\t\t\t<img fetchpriority=\"high\" decoding=\"async\" width=\"417\" height=\"334\" src=\"https:\/\/ssscorp.org\/wp-content\/uploads\/2022\/10\/54aef3972fba1-image.jpg\" class=\"attachment-large size-large\" alt=\"\" srcset=\"https:\/\/ssscorp.org\/wp-content\/uploads\/2022\/10\/54aef3972fba1-image.jpg 417w, https:\/\/ssscorp.org\/wp-content\/uploads\/2022\/10\/54aef3972fba1-image-300x240.jpg 300w\" sizes=\"(max-width: 417px) 100vw, 417px\" \/>\t\t\t\t\t\t\n\t\t\t\t\t<\/div>\n\t\t\t\t\t\t\t\t\n<style>\n#image_1988637743 {\n  width: 100%;\n}\n<\/style>\n\t<\/div>\n\t\n\n\n\t\t<\/div>\n\t\t\t\t\t<\/div>\n\n\t\n\n\t<div id=\"col-217013373\" class=\"col medium-7 small-12 large-7\"  >\n\t\t\t\t<div class=\"col-inner\"  >\n\t\t\t\n\t\t\t\n\n<div class=\"container section-title-container\" ><h3 class=\"section-title section-title-normal\"><b><\/b><span class=\"section-title-main\" >Fania Davis<\/span><b><\/b><a href=\"#\" target=\"\">2019<i class=\"icon-angle-right\" ><\/i><\/a><\/h3><\/div>\n\n<p>Fania Davis est une voix nationale de premier plan sur la justice r\u00e9paratrice, un domaine en \u00e9mergence rapide qui invite \u00e0 un changement fondamental dans notre fa\u00e7on de penser et de rendre la justice. La justice r\u00e9paratrice est bas\u00e9e sur un ensemble de principes et de pratiques souhait\u00e9s pour arbitrer les conflits, renforcer la communaut\u00e9 et r\u00e9parer les torts. Elle est une militante de longue date pour la justice sociale, une avocate pour les droits civils, une praticienne de la justice r\u00e9paratrice, une \u00e9crivaine et une universitaire titulaire d&#8217;un doctorat en connaissances autochtones.<br>Devenu majeur \u00e0 Birmingham, en Alabama, pendant l&#8217;effervescence sociale de l&#8217;\u00e8re des droits civiques, le meurtre de deux amis d&#8217;enfance proches lors de l&#8217;attentat \u00e0 la bombe de l&#8217;\u00e9cole du dimanche de 1963 a cristallis\u00e9 au sein de Fania un engagement passionn\u00e9 en faveur de la transformation sociale. Au cours des d\u00e9cennies suivantes, elle a \u00e9t\u00e9 active dans les mouvements pour les droits civiques, la lib\u00e9ration des Noirs, les femmes, les prisonniers, la paix, la violence antiraciale et anti-apartheid. Apr\u00e8s avoir obtenu son dipl\u00f4me en droit de l&#8217;Universit\u00e9 de Californie \u00e0 Berkeley en 1979, Fania a exerc\u00e9 pendant 27 ans en tant qu&#8217;avocate plaidante pour les droits civils.<\/p>\n\n\t\t<\/div>\n\t\t\t\t\t<\/div>\n\n\t\n\n\t<div id=\"col-1043022129\" class=\"col small-12 large-12\"  >\n\t\t\t\t<div class=\"col-inner\"  >\n\t\t\t\n\t\t\t\n\n<p>Au milieu des ann\u00e9es 1990, elle entre au doctorat. programme d&#8217;\u00e9tudes autochtones au California Institute of Integral Studies et a fait son apprentissage aupr\u00e8s de gu\u00e9risseurs traditionnels du monde entier, en particulier en Afrique. Depuis l&#8217;obtention de son doctorat. en 2003, Fania s&#8217;est engag\u00e9e dans une recherche d&#8217;alternatives curatives \u00e0 la justice contradictoire. Elle a enseign\u00e9 la justice r\u00e9paratrice \u00e0 la New College Law School de San Francisco et le r\u00e9tablissement de la paix autochtone au Centre pour la justice et la consolidation de la paix de l&#8217;Eastern Mennonite University. Elle \u00e9crit et parle sur ces sujets.<br>\u200b<br>La recherche d&#8217;une justice de gu\u00e9rison a \u00e9galement conduit Fania \u00e0 apporter une justice r\u00e9paratrice \u00e0 Oakland. Fondatrice et actuellement directrice de Restorative Justice of Oakland Youth (RJOY), Fania a \u00e9t\u00e9 conseill\u00e8re aupr\u00e8s du Conseil international des treize grands-m\u00e8res autochtones. De nombreuses distinctions incluent le prix Ubuntu pour service \u00e0 l&#8217;humanit\u00e9, le prix Dennis Maloney pour l&#8217;excellence en justice r\u00e9paratrice pour les jeunes et le prix Healing Justice du World Trust. Le Los Angeles Times l&#8217;a r\u00e9cemment nomm\u00e9e nouvelle leader des droits civiques du 21e si\u00e8cle. Les int\u00e9r\u00eats de recherche de Fania comprennent la justice raciale et r\u00e9paratrice, la justice sociale et la justice r\u00e9paratrice, et l&#8217;exploration des racines autochtones, en particulier les racines autochtones africaines, de la justice r\u00e9paratrice.<\/p>\n<a rel=\"noopener noreferrer\" href=\"http:\/\/rjoyoakland.org\" target=\"_blank\" class=\"button primary reveal-icon\"  >\n    <span>POUR PLUS D'INFORMATIONS<\/span>\n  <i class=\"icon-angle-right\" ><\/i><\/a>\n\n\n\n\t\t<\/div>\n\t\t\t\t\t<\/div>\n\n\t\n\n<\/div>\n<div class=\"row align-middle\"  id=\"row-1692534440\">\n\n\n\t<div id=\"col-74434237\" class=\"col medium-5 small-12 large-5\"  >\n\t\t\t\t<div class=\"col-inner\"  >\n\t\t\t\n\t\t\t\n\n\t<div class=\"img has-hover x md-x lg-x y md-y lg-y\" id=\"image_1373918902\">\n\t\t\t\t\t\t\t\t<div class=\"img-inner dark\" >\n\t\t\t<img decoding=\"async\" width=\"585\" height=\"390\" src=\"https:\/\/ssscorp.org\/wp-content\/uploads\/2022\/10\/20170116-img-8057.jpg\" class=\"attachment-large size-large\" alt=\"\" srcset=\"https:\/\/ssscorp.org\/wp-content\/uploads\/2022\/10\/20170116-img-8057.jpg 585w, https:\/\/ssscorp.org\/wp-content\/uploads\/2022\/10\/20170116-img-8057-300x200.jpg 300w\" sizes=\"(max-width: 585px) 100vw, 585px\" \/>\t\t\t\t\t\t\n\t\t\t\t\t<\/div>\n\t\t\t\t\t\t\t\t\n<style>\n#image_1373918902 {\n  width: 100%;\n}\n<\/style>\n\t<\/div>\n\t\n\n\n\t\t<\/div>\n\t\t\t\t\t<\/div>\n\n\t\n\n\t<div id=\"col-1831645275\" class=\"col medium-7 small-12 large-7\"  >\n\t\t\t\t<div class=\"col-inner\"  >\n\t\t\t\n\t\t\t\n\n<div class=\"container section-title-container\" ><h3 class=\"section-title section-title-normal\"><b><\/b><span class=\"section-title-main\" >Christian Picciolini<\/span><b><\/b><a href=\"#\" target=\"\">2018<i class=\"icon-angle-right\" ><\/i><\/a><\/h3><\/div>\n\n<p><span style=\"color: #3f3f3f;\">Apr\u00e8s avoir quitt\u00e9 le mouvement skinhead blanc et supr\u00e9maciste qu&#8217;il a aid\u00e9 \u00e0 construire aux \u00c9tats-Unis dans les ann\u00e9es 1980, il a quitt\u00e9 le mouvement.<\/span><span style=\"color: #3f3f3f;\">dans les ann\u00e9es 1980 et 1990, Christian Picciolini <\/span><span style=\"color: #3f3f3f;\">et les ann\u00e9es 90, Christian Picciolini a obtenu un dipl\u00f4me en relations internationales.<\/span><span style=\"color: #3f3f3f;\">lations de l&#8217;Universit\u00e9 DePaul. Il  <\/span><span style=\"color: #3f3f3f;\">a lanc\u00e9 Goldmill Group, une entreprise mondiale de m\u00e9dias num\u00e9riques et de contre-vente.<\/span><span style=\"color: #3f3f3f;\">cabinet de conseil sur l&#8217;extr\u00e9misme. En 2016, il  <\/span><span style=\"color: #3f3f3f;\">a remport\u00e9 un Emmy Award pour son r\u00f4le dans la production d&#8217;une campagne de publicit\u00e9 contre la haine visant \u00e0 aider les enfants \u00e0 se prot\u00e9ger contre la violence.<\/span><span style=\"color: #3f3f3f;\">ampagne publicitaire contre la haine visant \u00e0 aider <\/span> <span style=\"color: #3f3f3f;\">les personnes se d\u00e9sengagent des groupes extr\u00e9mistes. Sa vie depuis qu&#8217;il a quitt\u00e9 la t<\/span><span style=\"color: #3f3f3f;\">e mouvement supr\u00e9maciste blanc, cr\u00e9\u00e9 il y a plus de <\/span><span style=\"color: #3f3f3f;\">il y a plus de vingt ans, s&#8217;est consacr\u00e9 \u00e0 aider d&#8217;autres personnes \u00e0 lutter contre le racisme et l&#8217;extr\u00e9misme violent en coop\u00e9rant avec d&#8217;autres organisations.<\/span><span style=\"color: #3f3f3f;\">et l&#8217;extr\u00e9misme violent en coop\u00e9rant<\/span><span style=\"color: #3f3f3f;\">en fondant l&#8217;organisation Life After Hate. Christian est maintenant \u00e0 la t\u00eate de la F<\/span><span style=\"color: #3f3f3f;\">ree Radicals Project, le projet le plus important au monde dans le domaine de l&#8217;\u00e9ducation.  <\/span><span style=\"color: #3f3f3f;\">premi\u00e8re plateforme mondiale de d\u00e9sengagement de l&#8217;extr\u00e9misme. Christian a  <\/span><span style=\"color: #3f3f3f;\">s&#8217;est exprim\u00e9 sur la sc\u00e8ne TEDx et devant <\/span><span style=\"color: #3f3f3f;\">dans le monde entier, partageant ses connaissances uniques et approfondies, enseignant<\/span><span style=\"color: #3f3f3f;\">unique et \u00e9tendu, enseignant \u00e0 tous ceux qui sont <\/span><span style=\"color: #3f3f3f;\">d&#8217;apprendre \u00e0 construire une paix et une acceptation plus grandes gr\u00e2ce \u00e0 l&#8217;empathie et \u00e0 la compr\u00e9hension.<\/span><span style=\"color: #3f3f3f;\">de la compassion. Il a  <\/span><span style=\"color: #3f3f3f;\">aid\u00e9 plus de 100 personnes \u00e0 se d\u00e9sengager des groupes haineux. Christian&#8217;s  <\/span><span style=\"color: #3f3f3f;\">dans les d\u00e9buts du mouvement skinhead am\u00e9ricain <\/span><span style=\"color: #3f3f3f;\">am\u00e9ricain est relat\u00e9e dans ses m\u00e9moires. <\/span><span style=\"color: #3f3f3f;\">JEUNESSE AM\u00c9RICAINE BLANCHE : Ma descente en <\/span><span style=\"color: #3f3f3f;\">Am\u00e9rique<\/span><span style=\"color: #3f3f3f;\">&#8216;<\/span><span style=\"color: #3f3f3f;\">s Most Violent Hate Movement<\/span><span style=\"color: #3f3f3f;\">&#8212;<\/span><span style=\"color: #3f3f3f;\">et comment j&#8217;en suis sorti <\/span> <span style=\"color: #3f3f3f;\">(Hachette, 2018). Christian est co-<\/span><span style=\"color: #3f3f3f;\">le d\u00e9veloppement d&#8217;une s\u00e9rie documentaire t\u00e9l\u00e9vis\u00e9e bas\u00e9e sur son travail visant \u00e0 aider les gens \u00e0 se d\u00e9sengager des id\u00e9ologies violentes.<\/span><\/p>\n<a rel=\"noopener noreferrer\" href=\"http:\/\/www.christianpicciolini.com\" target=\"_blank\" class=\"button primary reveal-icon\"  >\n    <span>POUR PLUS D'INFORMATIONS<\/span>\n  <i class=\"icon-angle-right\" ><\/i><\/a>\n\n\n\n\t\t<\/div>\n\t\t\t\t\t<\/div>\n\n\t\n\n<\/div>\n<div class=\"row\"  id=\"row-1589738003\">\n\n\n\t<div id=\"col-577317821\" class=\"col medium-5 small-12 large-5\"  >\n\t\t\t\t<div class=\"col-inner\"  >\n\t\t\t\n\t\t\t\n\n\t<div class=\"img has-hover x md-x lg-x y md-y lg-y\" id=\"image_1773293935\">\n\t\t\t\t\t\t\t\t<div class=\"img-inner dark\" >\n\t\t\t<img decoding=\"async\" width=\"307\" height=\"307\" src=\"https:\/\/ssscorp.org\/wp-content\/uploads\/2022\/10\/interfaith-amigos.jpg\" class=\"attachment-large size-large\" alt=\"\" srcset=\"https:\/\/ssscorp.org\/wp-content\/uploads\/2022\/10\/interfaith-amigos.jpg 307w, https:\/\/ssscorp.org\/wp-content\/uploads\/2022\/10\/interfaith-amigos-300x300.jpg 300w, https:\/\/ssscorp.org\/wp-content\/uploads\/2022\/10\/interfaith-amigos-150x150.jpg 150w\" sizes=\"(max-width: 307px) 100vw, 307px\" \/>\t\t\t\t\t\t\n\t\t\t\t\t<\/div>\n\t\t\t\t\t\t\t\t\n<style>\n#image_1773293935 {\n  width: 100%;\n}\n<\/style>\n\t<\/div>\n\t\n\n\n\t\t<\/div>\n\t\t\t\t\t<\/div>\n\n\t\n\n\t<div id=\"col-1768957166\" class=\"col medium-7 small-12 large-7\"  >\n\t\t\t\t<div class=\"col-inner\"  >\n\t\t\t\n\t\t\t\n\n<div class=\"container section-title-container\" ><h3 class=\"section-title section-title-normal\"><b><\/b><span class=\"section-title-main\" >Amigos interreligieux<\/span><b><\/b><a href=\"#\" target=\"\">2017<i class=\"icon-angle-right\" ><\/i><\/a><\/h3><\/div>\n\n<p>\u200b<br>L&#8217;imam Jamal Rahman, le pasteur Don Mackenzie et le rabbin Ted Falcon &#8211; les Amigos interconfessionnels &#8211; ont commenc\u00e9 \u00e0 travailler ensemble apr\u00e8s le 11 septembre. Depuis lors, ils ont apport\u00e9 leur m\u00e9lange unique de sagesse spirituelle et d&#8217;humour \u00e0 des publics partout aux \u00c9tats-Unis, ainsi qu&#8217;au Canada, en Isra\u00ebl-Palestine et au Japon.<br><br>Les Interfaith Amigos pr\u00e9sentent un message crucial dans leur style humoristique unique, aidant les participants \u00e0 appr\u00e9cier la promesse et les probl\u00e8mes de l&#8217;exp\u00e9rience interconfessionnelle.<\/p>\n<a rel=\"noopener noreferrer\" href=\"http:\/\/www.interfaithamigos.com\/Home.html\" target=\"_blank\" class=\"button primary reveal-icon\"  >\n    <span>POUR PLUS D'INFORMATIONS<\/span>\n  <i class=\"icon-angle-right\" ><\/i><\/a>\n\n\n\n\t\t<\/div>\n\t\t\t\t\t<\/div>\n\n\t\n\n<\/div>\n<div class=\"row\"  id=\"row-867632564\">\n\n\n\t<div id=\"col-1516488354\" class=\"col medium-5 small-12 large-5\"  >\n\t\t\t\t<div class=\"col-inner\"  >\n\t\t\t\n\t\t\t\n\n\t<div class=\"img has-hover x md-x lg-x y md-y lg-y\" id=\"image_1392958026\">\n\t\t\t\t\t\t\t\t<div class=\"img-inner dark\" >\n\t\t\t<img loading=\"lazy\" decoding=\"async\" width=\"507\" height=\"338\" src=\"https:\/\/ssscorp.org\/wp-content\/uploads\/2022\/10\/valerie-kaur_orig.png\" class=\"attachment-large size-large\" alt=\"\" srcset=\"https:\/\/ssscorp.org\/wp-content\/uploads\/2022\/10\/valerie-kaur_orig.png 507w, https:\/\/ssscorp.org\/wp-content\/uploads\/2022\/10\/valerie-kaur_orig-300x200.png 300w\" sizes=\"(max-width: 507px) 100vw, 507px\" \/>\t\t\t\t\t\t\n\t\t\t\t\t<\/div>\n\t\t\t\t\t\t\t\t\n<style>\n#image_1392958026 {\n  width: 100%;\n}\n<\/style>\n\t<\/div>\n\t\n\n\n\t\t<\/div>\n\t\t\t\t\t<\/div>\n\n\t\n\n\t<div id=\"col-2011923833\" class=\"col medium-7 small-12 large-7\"  >\n\t\t\t\t<div class=\"col-inner\"  >\n\t\t\t\n\t\t\t\n\n<div class=\"container section-title-container\" ><h3 class=\"section-title section-title-normal\"><b><\/b><span class=\"section-title-main\" >Valarie Kaur<\/span><b><\/b><a href=\"#\" target=\"\">2016<i class=\"icon-angle-right\" ><\/i><\/a><\/h3><\/div>\n\n<p>\u200b<br>L&#8217;imam Jamal Rahman, le pasteur Don Mackenzie et le rabbin Ted Falcon &#8211; les Amigos interconfessionnels &#8211; ont commenc\u00e9 \u00e0 travailler ensemble apr\u00e8s le 11 septembre. Depuis lors, ils ont apport\u00e9 leur m\u00e9lange unique de sagesse spirituelle et d&#8217;humour \u00e0 des publics partout aux \u00c9tats-Unis, ainsi qu&#8217;au Canada, en Isra\u00ebl-Palestine et au Japon.<br><br>Les Interfaith Amigos pr\u00e9sentent un message crucial dans leur style humoristique unique, aidant les participants \u00e0 appr\u00e9cier la promesse et les probl\u00e8mes de l&#8217;exp\u00e9rience interconfessionnelle.<\/p>\n<a rel=\"noopener noreferrer\" href=\"http:\/\/valariekaur.com\/\" target=\"_blank\" class=\"button primary reveal-icon\"  >\n    <span>POUR PLUS D'INFORMATIONS<\/span>\n  <i class=\"icon-angle-right\" ><\/i><\/a>\n\n\n\n\t\t<\/div>\n\t\t\t\t\t<\/div>\n\n\t\n\n<\/div>\n<div class=\"row\"  id=\"row-979772963\">\n\n\n\t<div id=\"col-2009138993\" class=\"col medium-5 small-12 large-5\"  >\n\t\t\t\t<div class=\"col-inner\"  >\n\t\t\t\n\t\t\t\n\n\t<div class=\"img has-hover x md-x lg-x y md-y lg-y\" id=\"image_907923481\">\n\t\t\t\t\t\t\t\t<div class=\"img-inner dark\" >\n\t\t\t<img loading=\"lazy\" decoding=\"async\" width=\"251\" height=\"298\" src=\"https:\/\/ssscorp.org\/wp-content\/uploads\/2022\/10\/dr-vivian.png\" class=\"attachment-large size-large\" alt=\"\" \/>\t\t\t\t\t\t\n\t\t\t\t\t<\/div>\n\t\t\t\t\t\t\t\t\n<style>\n#image_907923481 {\n  width: 100%;\n}\n<\/style>\n\t<\/div>\n\t\n\n\n\t\t<\/div>\n\t\t\t\t\t<\/div>\n\n\t\n\n\t<div id=\"col-1829376864\" class=\"col medium-7 small-12 large-7\"  >\n\t\t\t\t<div class=\"col-inner\"  >\n\t\t\t\n\t\t\t\n\n<div class=\"container section-title-container\" ><h3 class=\"section-title section-title-normal\"><b><\/b><span class=\"section-title-main\" >R\u00e9v\u00e9rend Dr. CT Vivian<\/span><b><\/b><a href=\"#\" target=\"\">2015<i class=\"icon-angle-right\" ><\/i><\/a><\/h3><\/div>\n\n<p>Le Dr Vivian est connu pour son travail avec le Dr Martin Luther King Jr. pendant le mouvement des droits civiques dans les ann\u00e9es 1960. Il \u00e9tait un Freedom Rider et a organis\u00e9 des sit-in et d&#8217;autres manifestations non violentes contre la s\u00e9gr\u00e9gation raciale dans le Sud. En tant que membre du personnel ex\u00e9cutif du SCLC (Southern Christian Leadership Council), il a march\u00e9 avec le Dr King \u00e0 Selma, Montgomery, Chicago, Birmingham et Washington, DC Il a travaill\u00e9 comme organisateur de la campagne d&#8217;inscription des \u00e9lecteurs \u00e0 Selma, un mouvement ce fut le catalyseur de la loi de 1965 sur le droit de vote. Plus r\u00e9cemment, le pr\u00e9sident Obama a remis au r\u00e9v\u00e9rend Dr. CT Vivian la M\u00e9daille pr\u00e9sidentielle de la libert\u00e9, la plus haute distinction civile am\u00e9ricaine.<\/p>\n<a rel=\"noopener noreferrer\" href=\"http:\/\/www.ctvli.org\/ctvivian.php\" target=\"_blank\" class=\"button primary reveal-icon\"  >\n    <span>POUR PLUS D'INFORMATIONS<\/span>\n  <i class=\"icon-angle-right\" ><\/i><\/a>\n\n\n\n\t\t<\/div>\n\t\t\t\t\t<\/div>\n\n\t\n\n<\/div>\n\n\t\t<\/div>\n\t\t\t\t\t<\/div>\n\n\t\n\n<\/div>\n\n\t\t<\/div>\n\n\t\t\n<style>\n#section_236781497 {\n  padding-top: 30px;\n  padding-bottom: 30px;\n}\n#section_236781497 .ux-shape-divider--top svg {\n  height: 150px;\n  --divider-top-width: 100%;\n}\n#section_236781497 .ux-shape-divider--bottom svg {\n  height: 150px;\n  --divider-width: 100%;\n}\n<\/style>\n\t<\/section>\n\t\n\n","protected":false},"excerpt":{"rendered":"","protected":false},"author":1,"featured_media":0,"parent":0,"menu_order":0,"comment_status":"closed","ping_status":"closed","template":"page-blank.php","meta":{"iawp_total_views":3,"footnotes":""},"class_list":["post-2175","page","type-page","status-publish","hentry"],"_links":{"self":[{"href":"https:\/\/ssscorp.org\/fr\/wp-json\/wp\/v2\/pages\/2175","targetHints":{"allow":["GET"]}}],"collection":[{"href":"https:\/\/ssscorp.org\/fr\/wp-json\/wp\/v2\/pages"}],"about":[{"href":"https:\/\/ssscorp.org\/fr\/wp-json\/wp\/v2\/types\/page"}],"author":[{"embeddable":true,"href":"https:\/\/ssscorp.org\/fr\/wp-json\/wp\/v2\/users\/1"}],"replies":[{"embeddable":true,"href":"https:\/\/ssscorp.org\/fr\/wp-json\/wp\/v2\/comments?post=2175"}],"version-history":[{"count":4,"href":"https:\/\/ssscorp.org\/fr\/wp-json\/wp\/v2\/pages\/2175\/revisions"}],"predecessor-version":[{"id":3033,"href":"https:\/\/ssscorp.org\/fr\/wp-json\/wp\/v2\/pages\/2175\/revisions\/3033"}],"wp:attachment":[{"href":"https:\/\/ssscorp.org\/fr\/wp-json\/wp\/v2\/media?parent=2175"}],"curies":[{"name":"wp","href":"https:\/\/api.w.org\/{rel}","templated":true}]}}