{"id":2118,"date":"2022-09-02T15:16:56","date_gmt":"2022-09-02T15:16:56","guid":{"rendered":"https:\/\/ssscorp.org\/histoire-et-statut-a-but-non-lucratif\/"},"modified":"2022-10-20T15:20:24","modified_gmt":"2022-10-20T15:20:24","slug":"histoire-et-statut-a-but-non-lucratif","status":"publish","type":"page","link":"https:\/\/ssscorp.org\/fr\/histoire-et-statut-a-but-non-lucratif\/","title":{"rendered":"\u200bHistoire et statut \u00e0 but non lucratif"},"content":{"rendered":"\n\n  <div class=\"banner has-hover has-parallax\" id=\"banner-942020073\">\n          <div class=\"banner-inner fill\">\n        <div class=\"banner-bg fill\" data-parallax=\"-3\" data-parallax-container=\".banner\" data-parallax-background>\n            <div class=\"bg fill bg-fill \"><\/div>\n                        <div class=\"overlay\"><\/div>            \n                    <\/div>\n\t\t\n        <div class=\"banner-layers container\">\n            <div class=\"fill banner-link\"><\/div>            \n\n   <div id=\"text-box-1177315801\" class=\"text-box banner-layer x50 md-x50 lg-x50 y50 md-y50 lg-y50 res-text\">\n                                <div class=\"text-box-content text dark\">\n              \n              <div class=\"text-inner text-center\">\n                  \n\n<h3 class=\"uppercase\"><strong>Siri Singh Sahib Corporation Histoire juridique et institutionnelle<\/strong><\/h3>\n<p>Pr\u00e9par\u00e9 par Hari Nam Singh, ancien chancelier adjoint au bureau du chancelier<\/p>\n\n              <\/div>\n           <\/div>\n                            \n<style>\n#text-box-1177315801 {\n  width: 68%;\n}\n#text-box-1177315801 .text-box-content {\n  font-size: 100%;\n}\n<\/style>\n    <\/div>\n \n\n        <\/div>\n      <\/div>\n\n            \n<style>\n#banner-942020073 {\n  padding-top: 300px;\n}\n#banner-942020073 .bg.bg-loaded {\n  background-image: url(https:\/\/ssscorp.org\/wp-content\/uploads\/2022\/09\/Untitled-design-3-scaled-1.jpeg);\n}\n#banner-942020073 .overlay {\n  background-color: rgba(17, 33, 82, 0.855);\n}\n#banner-942020073 .ux-shape-divider--top svg {\n  height: 150px;\n  --divider-top-width: 100%;\n}\n#banner-942020073 .ux-shape-divider--bottom svg {\n  height: 150px;\n  --divider-width: 100%;\n}\n<\/style>\n  <\/div>\n\n\n\t<section class=\"section\" id=\"section_83483890\">\n\t\t<div class=\"bg section-bg fill bg-fill  bg-loaded\" >\n\n\t\t\t\n\t\t\t\n\t\t\t\n\n\t\t<\/div>\n\n\t\t\n\n\t\t<div class=\"section-content relative\">\n\t\t\t\n\n<div class=\"row\"  id=\"row-781514265\">\n\n\n\t<div id=\"col-294534967\" class=\"col small-12 large-12\"  >\n\t\t\t\t<div class=\"col-inner\"  >\n\t\t\t\n\t\t\t\n\n<p>Le 27 Septembre 1997, Siri Sikdar Sahib Corporation (maintenant connu sous le nom de Siri Singh Sahib Corporation) a d\u00e9pos\u00e9 ses articles d&#8217;incorporation comme un Oregon Nonprofit Corporation. Les dispositions suivantes de ces statuts initiaux sont importantes&nbsp;:<\/p>\n\n\t\t<\/div>\n\t\t\t\t\t<\/div>\n\n\t\n\n<\/div>\n<div class=\"row align-center\"  id=\"row-1685505950\">\n\n\n\t<div id=\"col-1935346601\" class=\"col medium-10 small-12 large-10\"  >\n\t\t\t\t<div class=\"col-inner\"  >\n\t\t\t\n\t<div class=\"is-border\"\n\t\tstyle=\"border-width:0px 0px 0px 3px;\">\n\t<\/div>\n\t\t\t\n\n<p><em>&#8220;La soci\u00e9t\u00e9 doit fonctionner exclusivement \u00e0 des fins caritatives, religieuses, \u00e9ducatives et scientifiques au sens de l&#8217;article 501 (c) (3) de l&#8217;Internal Revenue Code ou de la ou des sections correspondantes de tout futur code des imp\u00f4ts.&#8221;<\/em><br><br><em>&#8220;La soci\u00e9t\u00e9 est organis\u00e9e pour agir en tant que membre unique de Sikh Dharma suite au d\u00e9c\u00e8s ou \u00e0 l&#8217;incapacit\u00e9 de Siri Singh Sahib Khalsa Yogiji, et en cette qualit\u00e9 pour mener et\/ou faciliter des activit\u00e9s religieuses, caritatives et \u00e9ducatives.&#8221;<\/em><br><br><em>\u00ab Suite au d\u00e9c\u00e8s ou \u00e0 l&#8217;incapacit\u00e9 de Siri Singh Sahib Harbhajan Singh Khalsa Yogiji, les administrateurs seront les personnes d\u00e9sign\u00e9es par \u00e9crit par Siri Singh Sahib Harbhajan Singh Khalsa Yogiji. La d\u00e9signation \u00e9crite, et tout amendement ou suppl\u00e9ment \u00e0 celle-ci, doivent \u00eatre dat\u00e9s lors de l&#8217;ex\u00e9cution et doivent \u00eatre remis \u00e0, et tenus confidentiels par, l&#8217;avocat de la soci\u00e9t\u00e9 et Sikh Dharma d\u00e9sign\u00e9 dans les statuts de la soci\u00e9t\u00e9.&nbsp;\u00bb<\/em><\/p>\n\n\t\t<\/div>\n\t\t\t\t\n<style>\n#col-1935346601 > .col-inner {\n  padding: 0px 0px 0px 10px;\n}\n<\/style>\n\t<\/div>\n\n\t\n\n<\/div>\n<div class=\"row\"  id=\"row-212202570\">\n\n\n\t<div id=\"col-1953247677\" class=\"col small-12 large-12\"  >\n\t\t\t\t<div class=\"col-inner\"  >\n\t\t\t\n\t\t\t\n\n<p>Le <span style=\"color: #a88d2e;\">3 d\u00e9cembre 2001<\/span>, des articles d&#8217;amendement aux articles d&#8217;incorporation originaux ont \u00e9t\u00e9 d\u00e9pos\u00e9s aupr\u00e8s de l&#8217;\u00c9tat de l&#8217;Oregon, date \u00e0 laquelle Siri Sikdar Sahib Corporation a \u00e9t\u00e9 renomm\u00e9e Siri Singh Sahib Corporation.<br>\u200b<br>Le <span style=\"color: #a88d2e;\">1er octobre 2004<\/span>, le conseil d&#8217;administration en place a adopt\u00e9 les statuts de Siri Singh Sahib Corporation, qui ont ensuite \u00e9t\u00e9 d\u00e9pos\u00e9s aupr\u00e8s de l&#8217;\u00c9tat de l&#8217;Oregon le 15 novembre 2004. Les deuxi\u00e8me et troisi\u00e8me dispositions cit\u00e9es ci-dessus dans les statuts d&#8217;origine ont \u00e9t\u00e9 quelque peu modifi\u00e9es comme suit&nbsp;:<\/p>\n\n\n\t\t<\/div>\n\t\t\t\t\t<\/div>\n\n\t\n\n<\/div>\n<div class=\"row align-center\"  id=\"row-1380580109\">\n\n\n\t<div id=\"col-990578185\" class=\"col medium-10 small-12 large-10\"  >\n\t\t\t\t<div class=\"col-inner\"  >\n\t\t\t\n\t<div class=\"is-border\"\n\t\tstyle=\"border-width:0px 0px 0px 3px;\">\n\t<\/div>\n\t\t\t\n\n<p><em>\u00abLa soci\u00e9t\u00e9 est organis\u00e9e pour agir en tant qu&#8217;organisation juridique successeur du Siri Singh Sahib de Sikh Dharma, une soci\u00e9t\u00e9 unique en Californie, \u00e0 la suite du d\u00e9c\u00e8s ou de l&#8217;incapacit\u00e9 de Siri Singh Sahib Harbhajan Singh Khalsa Yogiji, et en cette qualit\u00e9 pour mener et \/ ou faciliter activit\u00e9s religieuses, caritatives et \u00e9ducatives.<\/em><br><br><em>\u00ab Suite au d\u00e9c\u00e8s ou \u00e0 l&#8217;incapacit\u00e9 de Siri Singh Sahib Harbhajan Singh Khalsa Yogiji, les administrateurs seront les personnes d\u00e9sign\u00e9es par \u00e9crit par Siri Singh Sahib Harbhajan Singh Khalsa Yogiji. La d\u00e9signation \u00e9crite, et tout amendement ou suppl\u00e9ment \u00e0 celle-ci, doivent \u00eatre dat\u00e9s lors de l&#8217;ex\u00e9cution et doivent \u00eatre remis \u00e0, et tenus confidentiels par, l&#8217;avocat de la soci\u00e9t\u00e9 et le Siri Singh Sahib du Sikh Dharma d\u00e9sign\u00e9 dans les statuts de la soci\u00e9t\u00e9.<\/em><\/p>\n\n\t\t<\/div>\n\t\t\t\t\n<style>\n#col-990578185 > .col-inner {\n  padding: 0px 0px 0px 10px;\n}\n<\/style>\n\t<\/div>\n\n\t\n\n<\/div>\n<div class=\"row\"  id=\"row-1296820459\">\n\n\n\t<div id=\"col-1911613269\" class=\"col small-12 large-12\"  >\n\t\t\t\t<div class=\"col-inner\"  >\n\t\t\t\n\t\t\t\n\n<p>Il est universellement reconnu que le Siri Singh Sahib a pr\u00e9par\u00e9 une liste contenant les noms de 13 personnes qualifi\u00e9es, dont le Siri Sikdar Sahib\/a et le Bhai Sahib\/a en tant que membres d&#8217;office, pour si\u00e9ger au premier conseil d&#8217;administration de Siri Singh Sahib Corporation apr\u00e8s sa mort, et qu&#8217;il a remis ladite liste en fiducie \u00e0 Roy Lambert, alors avocat de Siri Singh Sahib Corporation et Unto Infinity.<\/p>\n<p>Le <span style=\"color: #a88d2e;\">3 octobre 2004<\/span>, le conseil d&#8217;administration en place a adopt\u00e9 les statuts de Siri Singh Sahib Corporation, qui ont ensuite \u00e9t\u00e9 d\u00e9pos\u00e9s aupr\u00e8s de l&#8217;\u00c9tat de l&#8217;Oregon le <span style=\"color: #a88d2e;\">11 janvier 2005<\/span>. Dans ce document, les membres du conseil d&#8217;administration d&#8217;Unto Infinity, le conseil d&#8217;administration alors existant de l&#8217;organisation, ont re\u00e7u des pouvoirs \u00e9tendus dans l&#8217;organisation, leur donnant essentiellement le contr\u00f4le total non seulement d&#8217;Unto Infinity, mais de la Siri Singh Sahib Corporation elle-m\u00eame.<\/p>\n<p>Comme nous le savons, le Siri Singh Sahib a quitt\u00e9 son corps le <span style=\"color: #a88d2e;\">6 octobre 2004<\/span> . En bref, les membres du conseil d&#8217;administration d&#8217;Unto Infinity ont pu mettre en \u0153uvre leur plan de prise de contr\u00f4le complet de l&#8217;organisation en demandant \u00e0 leur avocat, Roy Lambert, de retenir la liste des noms des 15 personnes que Siri Singh Sahib avait nomm\u00e9es pour servir. au premier conseil d&#8217;administration de Siri Singh Sahib Corporation apr\u00e8s son d\u00e9c\u00e8s et auquel il avait confi\u00e9 M. Lambert. Essentiellement, les membres du conseil d&#8217;administration d&#8217;Unto Infinity ont combl\u00e9 ce vide d&#8217;autorit\u00e9 qu&#8217;ils avaient eux-m\u00eames cr\u00e9\u00e9.<\/p>\n<p>Ces tactiques tr\u00e8s discutables ont rapidement \u00e9t\u00e9 r\u00e9v\u00e9l\u00e9es \u00e0 la grande communaut\u00e9 dharmique, y compris le Conseil de Khalsa, aboutissant finalement \u00e0 un proc\u00e8s long et controvers\u00e9, dans lequel les plaignants, repr\u00e9sentant le minist\u00e8re, ont cherch\u00e9 \u00e0 reprendre le contr\u00f4le de l&#8217;organisation \u00e0 ceux qui \u00e9taient per\u00e7us comme utilisant leur position de confiance pour servir leurs propres int\u00e9r\u00eats personnels. Les plaignants ont finalement eu gain de cause sur le fond de l&#8217;affaire en d\u00e9cembre 2011, for\u00e7ant finalement les d\u00e9fendeurs \u00e0 un r\u00e8glement d\u00e9finitif en mai 2012, les obligeant \u00e0 renoncer \u00e0 leurs postes d&#8217;autorit\u00e9 dans l&#8217;organisation et permettant au minist\u00e8re de reprendre le contr\u00f4le des actifs et direction de l&#8217;organisation.<\/p>\n<p>Le premier ordre du jour \u00e9tait de pourvoir les si\u00e8ges encore vacants au conseil d&#8217;administration et il a \u00e9t\u00e9 d\u00e9cid\u00e9 par ceux qui \u00e9taient principalement align\u00e9s sur l&#8217;action en justice que le conseil d&#8217;administration initial du SSSC serait nomm\u00e9 et \u00e9lu par des ministres ordonn\u00e9s en r\u00e8gle ainsi que par des par ceux qui avaient contribu\u00e9 au succ\u00e8s du proc\u00e8s. Il a \u00e9galement \u00e9t\u00e9 d\u00e9termin\u00e9 que le conseil d&#8217;administration du SSSC serait compos\u00e9 de 15 membres \u00e9lus et de 2 membres d&#8217;office.<br>Le conseil d&#8217;administration initial \u00e9tait compos\u00e9 des personnes suivantes :<\/p>\n<h4>Par \u00e9lection :<\/h4>\n<ul>\n<li>SS Avtar Hari Singh Khalsa<\/li>\n<li>SS Dharm Singh Khalsa<\/li>\n<li>Gourou SS Amrit Singh Khalsa<\/li>\n<li>SS Gurujot Kaur Khalsa<\/li>\n<li>MSS Gururaj Kaur Khalsa<\/li>\n<li>MSS Gourou Singh Khalsa<\/li>\n<li>SS Gurujodha Singh Khalsa<\/li>\n<li>SS Hari Nam Singh Khalsa<\/li>\n<li>SS Harjot Kaur Khalsa<\/li>\n<li>SS Jai Singh Khalsa<\/li>\n<li>MSS Krishna Kaur Khalsa<\/li>\n<li>SS Shanti Kaur Khalsa<\/li>\n<li>SS Siri Pritam Kaur Khalsa<\/li>\n<li>SS Siri Vishnu Singh Khalsa<\/li>\n<li>SS Viriam Singh Khalsa.<\/li>\n<\/ul>\n<h4><br>Nomination d&#8217;office :<\/h4>\n<ul>\n<li>SSSa Gourou Amrit Kaur Khalsa<\/li>\n<li>Bhai Sahiba Bibiji Inderjit Kaur.<\/li>\n<\/ul>\n<p>Conform\u00e9ment au r\u00e8glement du proc\u00e8s, les personnes suivantes ont \u00e9t\u00e9 ajout\u00e9es au conseil initial&nbsp;: Amrit Singh Khalsa, SS Deva Singh Khalsa, MSS Sada Sat Singh Khalsa.<br>La premi\u00e8re r\u00e9union du conseil d&#8217;administration initial s&#8217;est tenue le 18 juin 2012 \u00e0 Espa\u00f1ola, au Nouveau-Mexique. En plus de s&#8217;occuper des questions pour \u00ab lancer le bal \u00bb, le SS Gurujodha Singh Khalsa a \u00e9t\u00e9 \u00e9lu pr\u00e9sident. Lors de la premi\u00e8re r\u00e9union de continuation du conseil d&#8217;administration, qui s&#8217;est tenue le 26 janvier 2013 \u00e0 Los Angeles, en Californie, le conseil a vot\u00e9 pour que ce qui suit soit l&#8217;\u00e9nonc\u00e9 de mission du conseil d&#8217;administration de la SSSC :<\/p>\n\n\t\t<\/div>\n\t\t\t\t\t<\/div>\n\n\t\n\n<\/div>\n<div class=\"row align-center\"  id=\"row-1247081533\">\n\n\n\t<div id=\"col-1359176583\" class=\"col medium-10 small-12 large-10\"  >\n\t\t\t\t<div class=\"col-inner\"  >\n\t\t\t\n\t<div class=\"is-border\"\n\t\tstyle=\"border-width:0px 0px 0px 3px;\">\n\t<\/div>\n\t\t\t\n\n<p><em>  &#8220;Avec les conseils de Dieu et la gr\u00e2ce du Guru, c&#8217;est la mission de la SSSC de prot\u00e9ger, pr\u00e9server et cultiver la prosp\u00e9rit\u00e9 de la communaut\u00e9 constitutive et de ses actifs ; \u00e9couter, servir et \u00e9lever la communaut\u00e9 constitutive ; soutenir les entit\u00e9s \u00e0 but non lucratif et \u00e0 but lucratif et la famille des communaut\u00e9s constitutives ; et vivre et maintenir les valeurs des enseignements du Siri Guru Granth Sahib et du Siri Singh Sahib Bhai Sahib Harbhajan Singh Khalsa Yogiji : service d\u00e9sint\u00e9ress\u00e9, compassion, bont\u00e9, honn\u00eatet\u00e9, int\u00e9grit\u00e9, fiabilit\u00e9 et conscience inspir\u00e9e par le Guru.&#8221;<\/em><\/p>\n\n\t\t<\/div>\n\t\t\t\t\n<style>\n#col-1359176583 > .col-inner {\n  padding: 0px 0px 0px 10px;\n}\n<\/style>\n\t<\/div>\n\n\t\n\n<\/div>\n<div class=\"row\"  id=\"row-1363477699\">\n\n\n\t<div id=\"col-1883516448\" class=\"col small-12 large-12\"  >\n\t\t\t\t<div class=\"col-inner\"  >\n\t\t\t\n\t\t\t\n\n<p>Le Conseil initial a d\u00e9cid\u00e9 que la dur\u00e9e du mandat des membres du Conseil serait de cinq ans, la moiti\u00e9 des membres du Conseil devant se pr\u00e9senter pour une r\u00e9\u00e9lection (ou choisir de ne pas se repr\u00e9senter) tous les deux ans et demi. Le Conseil a \u00e9galement \u00e9tabli des normes d&#8217;\u00e9ligibilit\u00e9 pour les candidats et l&#8217;\u00e9lectorat. Les statuts constitutifs mis \u00e0 jour les plus r\u00e9cents de Siri Singh Sahib Corporation ont \u00e9t\u00e9 d\u00e9pos\u00e9s le <span style=\"color: #a88d2e;\">7 mars 2013<\/span> . Elle reste une soci\u00e9t\u00e9 religieuse \u00e0 but non lucratif de l&#8217;Oregon, car elle est consid\u00e9r\u00e9e comme une \u00ab&nbsp;\u00e9glise&nbsp;\u00bb. Ses \u00ab objectifs \u00bb, tels qu&#8217;\u00e9nonc\u00e9s dans ce document, sont les suivants :<\/p>\n<div class=\"row align-center\"  id=\"row-912474818\">\n\n\n\t<div id=\"col-307731259\" class=\"col medium-10 small-12 large-10\"  >\n\t\t\t\t<div class=\"col-inner\"  >\n\t\t\t\n\t<div class=\"is-border\"\n\t\tstyle=\"border-width:0px 0px 0px 3px;\">\n\t<\/div>\n\t\t\t\n\n<p><em>&#8220;Pour fonctionner exclusivement \u00e0 des fins religieuses, caritatives et \u00e9ducatives, au sens de l&#8217;article 501 (c) (3) du Code fiscal de 1986, tel que modifi\u00e9, ou de toute disposition de remplacement, y compris, mais sans s&#8217;y limiter, le soutien et l&#8217;avancement de la pratique de la religion sikh telle qu&#8217;enseign\u00e9e par le Siri Singh Sahib Bhai Sahib Harbhajan Khalsa Yogiji (&#8220;Yogi Bhajan&#8221;) et r\u00e9unissant ses adh\u00e9rents, et agissant en tant qu&#8217;organisation juridique successeur du Siri Singh Sahib de Sikh Dharma, une soci\u00e9t\u00e9 californienne unique et servir de gardien et d&#8217;intendant des actifs d\u00e9di\u00e9s par Yogi Bhajan au soutien de la soci\u00e9t\u00e9 Sikh Dharma \/ 3HO<\/em><\/p>\n\n\t\t<\/div>\n\t\t\t\t\n<style>\n#col-307731259 > .col-inner {\n  padding: 0px 0px 0px 10px;\n}\n<\/style>\n\t<\/div>\n\n\t\n\n<\/div>\n\n\t\t<\/div>\n\t\t\t\t\t<\/div>\n\n\t\n\n<\/div>\n\n\t\t<\/div>\n\n\t\t\n<style>\n#section_83483890 {\n  padding-top: 30px;\n  padding-bottom: 30px;\n}\n#section_83483890 .ux-shape-divider--top svg {\n  height: 150px;\n  --divider-top-width: 100%;\n}\n#section_83483890 .ux-shape-divider--bottom svg {\n  height: 150px;\n  --divider-width: 100%;\n}\n<\/style>\n\t<\/section>\n\t\n\n","protected":false},"excerpt":{"rendered":"","protected":false},"author":1,"featured_media":0,"parent":0,"menu_order":0,"comment_status":"closed","ping_status":"closed","template":"page-blank.php","meta":{"iawp_total_views":7,"footnotes":""},"class_list":["post-2118","page","type-page","status-publish","hentry"],"_links":{"self":[{"href":"https:\/\/ssscorp.org\/fr\/wp-json\/wp\/v2\/pages\/2118","targetHints":{"allow":["GET"]}}],"collection":[{"href":"https:\/\/ssscorp.org\/fr\/wp-json\/wp\/v2\/pages"}],"about":[{"href":"https:\/\/ssscorp.org\/fr\/wp-json\/wp\/v2\/types\/page"}],"author":[{"embeddable":true,"href":"https:\/\/ssscorp.org\/fr\/wp-json\/wp\/v2\/users\/1"}],"replies":[{"embeddable":true,"href":"https:\/\/ssscorp.org\/fr\/wp-json\/wp\/v2\/comments?post=2118"}],"version-history":[{"count":1,"href":"https:\/\/ssscorp.org\/fr\/wp-json\/wp\/v2\/pages\/2118\/revisions"}],"predecessor-version":[{"id":2127,"href":"https:\/\/ssscorp.org\/fr\/wp-json\/wp\/v2\/pages\/2118\/revisions\/2127"}],"wp:attachment":[{"href":"https:\/\/ssscorp.org\/fr\/wp-json\/wp\/v2\/media?parent=2118"}],"curies":[{"name":"wp","href":"https:\/\/api.w.org\/{rel}","templated":true}]}}