{"id":18708,"date":"2026-05-14T15:18:40","date_gmt":"2026-05-14T15:18:40","guid":{"rendered":"https:\/\/ssscorp.org\/nourrir-le-monde-un-langar-a-la-fois-2\/"},"modified":"2026-05-14T16:32:22","modified_gmt":"2026-05-14T16:32:22","slug":"nourrir-le-monde-un-langar-a-la-fois-2","status":"publish","type":"page","link":"https:\/\/ssscorp.org\/fr\/nourrir-le-monde-un-langar-a-la-fois-2\/","title":{"rendered":"Aide aux victimes des inondations au Pendjab"},"content":{"rendered":"\n\n\n<style>\n\n\n.seva-logo-section .row {\n  margin: 0 !important;\n}\n\n.row-large > .col {\n  padding: 0px;\n}\n\n.seva-map-section {\n  width: 100vw;\n  left: 50%;\n  transform: translateX(-50.00001%);\n}\n\n\n.row {\nmax-width: 840px;\n}\n\n.flood-relief-msg-box {\nwidth: 25em;\nmargin: 0 auto;\nborder-radius: 15px;\npadding: 15px;\nmargin-top: 30px;\n}\n\n@media (max-width: 500px) {\n.flood-relief-msg-box {\nwidth: 100%;\nmargin-top: 50px;\n}\n}\n\n.flood-relief-msg-box .message-box-bg-overlay {\nborder-radius: 15px;\n}\n\n.flood-relief-msg-box .col-inner {\npadding: 8px 8px !important;\n}\n\n.flood-relief-msg-box p {\nmargin: 10px 0;\n}\n\nh4.section-title b {\nopacity: 0;\n}\n\n\n.flood-relief-numbers-row .col-inner {\n  display: flex;\n  justify-content: center;\n  flex-direction: column;\n  align-items: center;\n}\n.flood-relief-numbers-row .col-inner p {\n margin: 10px 0;\n}\n\n.flood-relief-pull-quote {\npadding: 1em 3em;\n}\n\n@media (max-width: 500px) {\n.flood-relief-pull-quote {\npadding: 1em;\n}\n\n}\n\n@media (max-width: 549px) {\n.seva-map-section .col-inner {\n padding-top: 10px !important;\n padding-bottom: 10px !important;\n}\n.seva-map-section-last {\n margin-top: -1em;\n  margin-bottom: 1em;\n}\n}\n<\/style>\n\n\t<section class=\"section\" id=\"section_1153841535\">\n\t\t<div class=\"bg section-bg fill bg-fill  bg-loaded\" >\n\n\t\t\t\n\t\t\t\n\t\t\t\n\n\t\t<\/div>\n\n\t\t\n\n\t\t<div class=\"section-content relative\">\n\t\t\t\n\n<div class=\"row align-middle align-center\"  id=\"row-1418539490\">\n\n\n\t<div id=\"col-222985977\" class=\"col small-12 large-12\"  >\n\t\t\t\t<div class=\"col-inner text-center\"  >\n\t\t\t\n\t\t\t\n\n<div class=\"container section-title-container\" ><h4 class=\"section-title section-title-center\"><b><\/b><span class=\"section-title-main\" style=\"font-size:91%;\">Seva in Action - Aide humanitaire<\/span><b><\/b><\/h4><\/div>\n\n<div class=\"container section-title-container\" ><h1 class=\"section-title section-title-center\"><b><\/b><span class=\"section-title-main\" style=\"font-size:105%;\">Aide aux victimes des inondations au Pendjab<\/span><b><\/b><\/h1><\/div>\n\n<p style=\"text-align: left;\">Lorsque des inondations d\u00e9vastatrices ont d\u00e9plac\u00e9 des centaines de familles \u00e0 travers le Punjab, en Inde, le sangat a r\u00e9agi avec rapidit\u00e9, attention et un engagement soutenu, d\u00e9montrant ainsi ce \u00e0 quoi ressemble le seva lorsque les communaut\u00e9s agissent ensemble.<\/p>\n<p>Une initiative conjointe de <strong>SSSC &#8211; Miri Piri Academy &#8211; Raj Khalsa Gurdwara<\/strong><\/p>\n\n\t\t<\/div>\n\t\t\t\t\t<\/div>\n\n\t\n\n<\/div>\n\n\t\t<\/div>\n\n\t\t\n<style>\n#section_1153841535 {\n  padding-top: 0px;\n  padding-bottom: 0px;\n}\n#section_1153841535 .ux-shape-divider--top svg {\n  height: 150px;\n  --divider-top-width: 100%;\n}\n#section_1153841535 .ux-shape-divider--bottom svg {\n  height: 150px;\n  --divider-width: 100%;\n}\n<\/style>\n\t<\/section>\n\t\n\t<section class=\"section seva-map-section\" id=\"section_1645994370\">\n\t\t<div class=\"bg section-bg fill bg-fill  bg-loaded\" >\n\n\t\t\t\n\t\t\t\n\t\t\t\n\n\t\t<\/div>\n\n\t\t\n\n\t\t<div class=\"section-content relative\">\n\t\t\t\n\n<div class=\"row row-collapse align-middle align-center\"  id=\"row-1254457755\">\n\n\n\t<div id=\"col-438447738\" class=\"col medium-4 small-12 large-4\"  >\n\t\t\t\t<div class=\"col-inner text-center\"  >\n\t\t\t\n\t\t\t\n\n\n\n<div style=\"color: white; font-size: 2rem; font-weight: bold; text-align: center\" id=\"sssc-map-first-column\">\n100\n<\/div>\n<div style=\"color: white; font-size: 1; text-align: center\">les familles b\u00e9n\u00e9ficient d&#8217;une aide imm\u00e9diate<\/div>\n<div style=\"color: white; font-size: 1rem; text-align: center; margin-top: 5px;\">&nbsp;<\/div>\n\n<style>\n@media (max-width: 549px) {\n  #sssc-map-first-column {\n    margin-top: 10px;\n  }\n}\n<\/style>\n\n\n\t\t<\/div>\n\t\t\t\t\n<style>\n#col-438447738 > .col-inner {\n  padding: 0 0px 0px 0px;\n  margin: 0 0px 0px 0px;\n}\n<\/style>\n\t<\/div>\n\n\t\n\n\t<div id=\"col-1563250160\" class=\"col medium-4 small-12 large-4\"  >\n\t\t\t\t<div class=\"col-inner text-center\"  >\n\t\t\t\n\t\t\t\n\n\n\n<div style=\"color: white; font-size: 2rem; font-weight: bold; text-align: center\">808<\/div>\n<div style=\"color: white; font-size: 1; text-align: center\">kits de literie et couvertures livr\u00e9s<\/div>\n<div style=\"color: white; font-size: 1rem; text-align: center; margin-top: 5px;\">&nbsp;<\/div>\n\n\n\t\t<\/div>\n\t\t\t\t\n<style>\n#col-1563250160 > .col-inner {\n  padding: 0 0px 0px 0px;\n  margin: 0 0px 0px 0px;\n}\n<\/style>\n\t<\/div>\n\n\t\n\n\t<div id=\"col-1116107837\" class=\"col medium-4 small-12 large-4\"  >\n\t\t\t\t<div class=\"col-inner text-center\"  >\n\t\t\t\n\t\t\t\n\n\n\n<div class=\"seva-map-section-last\"><div style=\"color: white; font-size: 2rem; font-weight: bold; text-align: center\">1<\/div>\n<div style=\"color: white; font-size: 1rem; text-align: center\">reconstruction d&#8217;une maison en cours<\/div>\n<div style=\"background: white; color: rgb(33, 0, 112); font-size: 1rem; text-align: center; margin: 5px auto; width: 5.5rem\">EN COURS<\/div><\/div>\n\n\n\t\t<\/div>\n\t\t\t\t\n<style>\n#col-1116107837 > .col-inner {\n  padding: 0 0px 0px 0px;\n  margin: 0 0px 0px 0px;\n}\n<\/style>\n\t<\/div>\n\n\t\n\n\n<style>\n#row-1254457755 > .col > .col-inner {\n  padding: 30px 0px 30px 0px;\n}\n<\/style>\n<\/div>\n\n\t\t<\/div>\n\n\t\t\n<style>\n#section_1645994370 {\n  padding-top: 8px;\n  padding-bottom: 8px;\n  background-color: rgb(33, 0, 112);\n}\n#section_1645994370 .ux-shape-divider--top svg {\n  height: 150px;\n  --divider-top-width: 100%;\n}\n#section_1645994370 .ux-shape-divider--bottom svg {\n  height: 150px;\n  --divider-width: 100%;\n}\n<\/style>\n\t<\/section>\n\t\n\t<div id=\"gap-194331778\" class=\"gap-element clearfix\" style=\"display:block; height:auto;\">\n\t\t\n<style>\n#gap-194331778 {\n  padding-top: 50px;\n}\n<\/style>\n\t<\/div>\n\t\n\n\t<section class=\"section\" id=\"section_31894498\">\n\t\t<div class=\"bg section-bg fill bg-fill  bg-loaded\" >\n\n\t\t\t\n\t\t\t\n\t\t\t\n\n\t\t<\/div>\n\n\t\t\n\n\t\t<div class=\"section-content relative\">\n\t\t\t\n\n<div class=\"row\"  id=\"row-519043111\">\n\n\n\t<div id=\"col-611800954\" class=\"col small-12 large-12\"  >\n\t\t\t\t<div class=\"col-inner\"  >\n\t\t\t\n\t\t\t\n\n\t<div id=\"text-945595346\" class=\"text seva-text-section\">\n\t\t\n\n<h3 style=\"text-align: center; margin-bottom: 1.5em;\">La r\u00e9ponse<\/h3>\n<p class=\"gmail-font-claude-response-body gmail-break-words gmail-whitespace-normal gmail-leading-&#091;1.7&#093;\" style=\"text-align: left;\">Lorsque le Punjab a connu de graves inondations, des centaines de familles se sont retrouv\u00e9es sans abri, sans literie et sans produits de premi\u00e8re n\u00e9cessit\u00e9. Le SSSC, en partenariat avec Miri Piri Academy et Raj Khalsa Gurdwara, a mobilis\u00e9 rapidement des ressources, en donnant la priorit\u00e9 aux familles des zones les plus touch\u00e9es et en veillant \u00e0 ce que l&#8217;aide parvienne \u00e0 ceux qui ont le moins d&#8217;options pour se r\u00e9tablir. <\/p>\n<p class=\"gmail-font-claude-response-body gmail-break-words gmail-whitespace-normal gmail-leading-&#091;1.7&#093;\" style=\"text-align: left;\">Des fonds ont \u00e9t\u00e9 collect\u00e9s et d\u00e9ploy\u00e9s pour une aide imm\u00e9diate, en mettant l&#8217;accent sur la dignit\u00e9 : des kits de literie complets ont \u00e9t\u00e9 assembl\u00e9s et livr\u00e9s aux familles sous la forme d&#8217;un ensemble coh\u00e9rent.<\/p>\n\n\t\t\n<style>\n#text-945595346 {\n  text-align: center;\n}\n<\/style>\n\t<\/div>\n\t\n\n\t\t<\/div>\n\t\t\t\t\t<\/div>\n\n\t\n\n<\/div>\n\n\t\t<\/div>\n\n\t\t\n<style>\n#section_31894498 {\n  padding-top: 0px;\n  padding-bottom: 0px;\n}\n#section_31894498 .ux-shape-divider--top svg {\n  height: 150px;\n  --divider-top-width: 100%;\n}\n#section_31894498 .ux-shape-divider--bottom svg {\n  height: 150px;\n  --divider-width: 100%;\n}\n<\/style>\n\t<\/section>\n\t\n\t<section class=\"section\" id=\"section_1058416636\">\n\t\t<div class=\"bg section-bg fill bg-fill  bg-loaded\" >\n\n\t\t\t\n\t\t\t\n\t\t\t\n\n\t\t<\/div>\n\n\t\t\n\n\t\t<div class=\"section-content relative\">\n\t\t\t\n\n<h3 style=\"text-align: center; margin-bottom: 1.5em;\">L&#8217;impact en chiffres<\/h3>\n\n<div class=\"row align-equal flood-relief-numbers-row\"  id=\"row-2036681541\">\n\n\n\t<div id=\"col-999666146\" class=\"col medium-6 small-12 large-6\"  >\n\t\t\t\t<div class=\"col-inner\" style=\"background-color:rgb(239, 239, 239);\" >\n\t\t\t\n\t\t\t\n\n<p style=\"text-align: center;\"><strong>100 familles<\/strong><\/p>\n<p style=\"text-align: center;\">Soutien \u00e0 l&#8217;aide imm\u00e9diate aux victimes des inondations<\/p>\n\n\t\t<\/div>\n\t\t\t\t\n<style>\n#col-999666146 > .col-inner {\n  padding: 15px 15px 15px 15px;\n  border-radius: 20px;\n}\n<\/style>\n\t<\/div>\n\n\t\n\n\t<div id=\"col-1505675532\" class=\"col medium-6 small-12 large-6\"  >\n\t\t\t\t<div class=\"col-inner\" style=\"background-color:rgb(239, 239, 239);\" >\n\t\t\t\n\t\t\t\n\n<p style=\"text-align: center;\"><strong>300 kits de literie<\/strong><\/p>\n<p style=\"text-align: center;\">livraison de kits complets aux familles d\u00e9plac\u00e9es<\/p>\n\n\t\t<\/div>\n\t\t\t\t\n<style>\n#col-1505675532 > .col-inner {\n  padding: 15px 15px 15px 15px;\n  border-radius: 20px;\n}\n<\/style>\n\t<\/div>\n\n\t\n\n<\/div>\n<div class=\"row align-equal align-center flood-relief-numbers-row\"  id=\"row-1476290006\">\n\n\n\t<div id=\"col-106330323\" class=\"col medium-6 small-12 large-6\"  >\n\t\t\t\t<div class=\"col-inner\" style=\"background-color:rgb(239, 239, 239);\" >\n\t\t\t\n\t\t\t\n\n<p style=\"text-align: center;\"><strong>508 couvertures<\/strong><\/p>\n<p style=\"text-align: center;\">des couvertures suppl\u00e9mentaires pour les familles des zones les plus touch\u00e9es<\/p>\n\n\t\t<\/div>\n\t\t\t\t\n<style>\n#col-106330323 > .col-inner {\n  padding: 15px 15px 15px 15px;\n  border-radius: 20px;\n}\n<\/style>\n\t<\/div>\n\n\t\n\n\t<div id=\"col-2102521154\" class=\"col medium-6 small-12 large-6\"  >\n\t\t\t\t<div class=\"col-inner\" style=\"background-color:rgb(239, 239, 239);\" >\n\t\t\t\n\t\t\t\n\n<p style=\"text-align: center;\"><strong>1 reconstruction de maison En cours pour une veuve qui a perdu sa maison<\/strong><\/p>\n<p style=\"text-align: center;\">un engagement en faveur d&#8217;un r\u00e9tablissement \u00e0 long terme, et pas seulement d&#8217;un soulagement imm\u00e9diat<\/p>\n\n\t\t<\/div>\n\t\t\t\t\n<style>\n#col-2102521154 > .col-inner {\n  padding: 15px 15px 15px 15px;\n  border-radius: 20px;\n}\n<\/style>\n\t<\/div>\n\n\t\n\n<\/div>\n<div class=\"row\"  id=\"row-1739587222\">\n\n\n\t<div id=\"col-2008997658\" class=\"col small-12 large-12\"  >\n\t\t\t\t<div class=\"col-inner\"  >\n\t\t\t\n\t\t\t\n\n<p style=\"text-align: center;\"><em>Tous les secours sont d\u00e9ploy\u00e9s en partenariat avec Miri Piri Academy et Raj Khalsa Gurdwara.<\/em><\/p>\n\n\t\t<\/div>\n\t\t\t\t\t<\/div>\n\n\t\n\n<\/div>\n\n\t\t<\/div>\n\n\t\t\n<style>\n#section_1058416636 {\n  padding-top: 0px;\n  padding-bottom: 0px;\n}\n#section_1058416636 .ux-shape-divider--top svg {\n  height: 150px;\n  --divider-top-width: 100%;\n}\n#section_1058416636 .ux-shape-divider--bottom svg {\n  height: 150px;\n  --divider-width: 100%;\n}\n<\/style>\n\t<\/section>\n\t\n\t<section class=\"section\" id=\"section_2033607753\">\n\t\t<div class=\"bg section-bg fill bg-fill  bg-loaded\" >\n\n\t\t\t\n\t\t\t\n\t\t\t\n\n\t\t<\/div>\n\n\t\t\n\n\t\t<div class=\"section-content relative\">\n\t\t\t\n\n<div class=\"row\"  id=\"row-1475107562\">\n\n\n\t<div id=\"col-901641021\" class=\"col small-12 large-12\"  >\n\t\t\t\t<div class=\"col-inner\"  >\n\t\t\t\n\t\t\t\n\n<h3 style=\"text-align: center;\">Une histoire de Seva<\/h3>\n<p class=\"flood-relief-pull-quote\"><strong><em>Parmi les personnes touch\u00e9es, il y avait une veuve qui avait enti\u00e8rement perdu sa maison \u00e0 cause des inondations. La reconstruction en cours nous rappelle que le seva ne consiste pas seulement \u00e0 apporter une r\u00e9ponse imm\u00e9diate, mais aussi \u00e0 rester pr\u00e9sent pour ceux qui ont le plus besoin de nous. <\/em><\/strong><\/p>\n<p>Cette initiative refl\u00e8te ce qui est possible lorsque le sangat agit comme un seul homme. Le partenariat entre SSSC, MPA et Raj Khalsa Gurdwara a d\u00e9montr\u00e9 comment les ressources institutionnelles et les relations communautaires &#8211; d\u00e9j\u00e0 en place &#8211; peuvent \u00eatre mises au service rapidement et avec soin. <\/p>\n\n\n\t\t<\/div>\n\t\t\t\t\t<\/div>\n\n\t\n\n<\/div>\n\n\t\t<\/div>\n\n\t\t\n<style>\n#section_2033607753 {\n  padding-top: 0px;\n  padding-bottom: 0px;\n}\n#section_2033607753 .ux-shape-divider--top svg {\n  height: 150px;\n  --divider-top-width: 100%;\n}\n#section_2033607753 .ux-shape-divider--bottom svg {\n  height: 150px;\n  --divider-width: 100%;\n}\n<\/style>\n\t<\/section>\n\t\n\t<section class=\"section\" id=\"section_1590454393\">\n\t\t<div class=\"bg section-bg fill bg-fill  bg-loaded\" >\n\n\t\t\t\n\t\t\t\n\t\t\t\n\n\t\t<\/div>\n\n\t\t\n\n\t\t<div class=\"section-content relative\">\n\t\t\t\n\n<div class=\"row\"  id=\"row-1700262881\">\n\n\n\t<div id=\"col-449328371\" class=\"col small-12 large-12\"  >\n\t\t\t\t<div class=\"col-inner\"  >\n\t\t\t\n\t\t\t\n\n<h3 style=\"text-align: center; margin-bottom: 1.5em;\"><strong>Un engagement croissant<\/strong><\/h3>\n<p>L&#8217;aide aux victimes des inondations au Pendjab s&#8217;inscrit dans le cadre plus large du travail de seva du SSSC, qui englobe l&#8217;action environnementale, le service alimentaire et la r\u00e9ponse humanitaire dans l&#8217;ensemble du sangat mondial. Au cours des quatre prochaines ann\u00e9es, le SSSC travaillera \u00e0 la mise en place de Seva Hubs dans 30 pays, afin de construire l&#8217;infrastructure n\u00e9cessaire \u00e0 ce type de r\u00e9ponse rapide et locale, quel que soit l&#8217;endroit o\u00f9 vit la communaut\u00e9. <\/p>\n\n<div class=\"message-box relative flood-relief-msg-box dark\" style=\"padding-top:12px;padding-bottom:12px;\"><div class=\"message-box-bg-image bg-fill fill\" ><\/div><div class=\"message-box-bg-overlay bg-fill fill\" style=\"background-color:rgb(33, 0, 112);\"><\/div><div class=\"container relative\"><div class=\"inner last-reset\">\n\n<div class=\"row align-middle align-center\"  id=\"row-1659066228\">\n\n\n\t<div id=\"col-2026220995\" class=\"col small-12 large-12\"  >\n\t\t\t\t<div class=\"col-inner\"  >\n\t\t\t\n\t\t\t\n\n\t<div id=\"text-979627488\" class=\"text\">\n\t\t\n\n<p style=\"font-weight: bold;\">LES CENTRES DE SEVA ACTUELS :<\/p>\n<p><strong>Inde (Miri Piri Academy) &#8211; \u00c9tats-Unis  <\/strong><\/p>\n<p style=\"font-size: 0.88em\">avec un objectif de 30 hubs dans 30 pays d&#8217;ici 2029<\/p>\n\n\t\t\n<style>\n#text-979627488 {\n  text-align: center;\n}\n<\/style>\n\t<\/div>\n\t\n\n\t\t<\/div>\n\t\t\t\t\n<style>\n#col-2026220995 > .col-inner {\n  padding: 0 0px 0px 0px;\n  margin: 0 0px 0px 0px;\n}\n<\/style>\n\t<\/div>\n\n\t\n\n\n<style>\n#row-1659066228 > .col > .col-inner {\n  padding: 30px 30px 30px 30px;\n}\n<\/style>\n<\/div>\n\n<\/div><\/div><\/div>\n\n\t\t<\/div>\n\t\t\t\t\t<\/div>\n\n\t\n\n<\/div>\n\n\t\t<\/div>\n\n\t\t\n<style>\n#section_1590454393 {\n  padding-top: 0px;\n  padding-bottom: 0px;\n}\n#section_1590454393 .ux-shape-divider--top svg {\n  height: 150px;\n  --divider-top-width: 100%;\n}\n#section_1590454393 .ux-shape-divider--bottom svg {\n  height: 150px;\n  --divider-width: 100%;\n}\n<\/style>\n\t<\/section>\n\t\n\n","protected":false},"excerpt":{"rendered":"","protected":false},"author":1,"featured_media":0,"parent":0,"menu_order":0,"comment_status":"closed","ping_status":"closed","template":"","meta":{"iawp_total_views":1,"footnotes":""},"class_list":["post-18708","page","type-page","status-publish","hentry"],"_links":{"self":[{"href":"https:\/\/ssscorp.org\/fr\/wp-json\/wp\/v2\/pages\/18708","targetHints":{"allow":["GET"]}}],"collection":[{"href":"https:\/\/ssscorp.org\/fr\/wp-json\/wp\/v2\/pages"}],"about":[{"href":"https:\/\/ssscorp.org\/fr\/wp-json\/wp\/v2\/types\/page"}],"author":[{"embeddable":true,"href":"https:\/\/ssscorp.org\/fr\/wp-json\/wp\/v2\/users\/1"}],"replies":[{"embeddable":true,"href":"https:\/\/ssscorp.org\/fr\/wp-json\/wp\/v2\/comments?post=18708"}],"version-history":[{"count":53,"href":"https:\/\/ssscorp.org\/fr\/wp-json\/wp\/v2\/pages\/18708\/revisions"}],"predecessor-version":[{"id":19074,"href":"https:\/\/ssscorp.org\/fr\/wp-json\/wp\/v2\/pages\/18708\/revisions\/19074"}],"wp:attachment":[{"href":"https:\/\/ssscorp.org\/fr\/wp-json\/wp\/v2\/media?parent=18708"}],"curies":[{"name":"wp","href":"https:\/\/api.w.org\/{rel}","templated":true}]}}