{"id":17240,"date":"2026-02-08T11:53:25","date_gmt":"2026-02-08T11:53:25","guid":{"rendered":"https:\/\/ssscorp.org\/2026-reunions-ordinaires-et-extraordinaires\/"},"modified":"2026-04-29T19:41:39","modified_gmt":"2026-04-29T19:41:39","slug":"2026-reunions-ordinaires-et-extraordinaires","status":"publish","type":"page","link":"https:\/\/ssscorp.org\/fr\/2026-reunions-ordinaires-et-extraordinaires\/","title":{"rendered":"2026 R\u00e9unions ordinaires et extraordinaires"},"content":{"rendered":"\n\n  <div class=\"banner has-hover has-parallax\" id=\"banner-954286275\">\n          <div class=\"banner-inner fill\">\n        <div class=\"banner-bg fill\" data-parallax=\"-3\" data-parallax-container=\".banner\" data-parallax-background>\n            <div class=\"bg fill bg-fill \"><\/div>\n                        <div class=\"overlay\"><\/div>            \n                    <\/div>\n\t\t\n        <div class=\"banner-layers container\">\n            <div class=\"fill banner-link\"><\/div>            \n\n   <div id=\"text-box-876241868\" class=\"text-box banner-layer x50 md-x50 lg-x50 y50 md-y50 lg-y50 res-text\">\n                                <div class=\"text-box-content text dark\">\n              \n              <div class=\"text-inner text-center\">\n                  \n\n<h3 class=\"uppercase\"><strong>2026 R\u00e9unions ordinaires et extraordinaires<\/strong><\/h3>\n<p>Cliquez sur chaque date de r\u00e9union ordinaire pour voir l&#8217;ordre du jour de cette r\u00e9union.&nbsp;<\/p>\n\n              <\/div>\n           <\/div>\n                            \n<style>\n#text-box-876241868 {\n  width: 98%;\n}\n#text-box-876241868 .text-box-content {\n  font-size: 100%;\n}\n<\/style>\n    <\/div>\n \n\n        <\/div>\n      <\/div>\n\n            \n<style>\n#banner-954286275 {\n  padding-top: 300px;\n}\n#banner-954286275 .bg.bg-loaded {\n  background-image: url(https:\/\/ssscorp.org\/wp-content\/uploads\/2022\/09\/Untitled-design-3-scaled-1.jpeg);\n}\n#banner-954286275 .overlay {\n  background-color: rgba(17, 33, 82, 0.855);\n}\n#banner-954286275 .ux-shape-divider--top svg {\n  height: 150px;\n  --divider-top-width: 100%;\n}\n#banner-954286275 .ux-shape-divider--bottom svg {\n  height: 150px;\n  --divider-width: 100%;\n}\n<\/style>\n  <\/div>\n\n\n\t<section class=\"section\" id=\"section_497989195\">\n\t\t<div class=\"bg section-bg fill bg-fill  bg-loaded\" >\n\n\t\t\t\n\t\t\t\n\t\t\t\n\n\t\t<\/div>\n\n\t\t\n\n\t\t<div class=\"section-content relative\">\n\t\t\t\n\n<div class=\"row\"  id=\"row-1403203322\">\n\n\n\t<div id=\"col-1067394651\" class=\"col medium-6 small-12 large-6\"  >\n\t\t\t\t<div class=\"col-inner\"  >\n\t\t\t\n\t\t\t\n\n<div class=\"container section-title-container\" ><h3 class=\"section-title section-title-normal\"><b><\/b><span class=\"section-title-main\" >2026 Ordres du jour des r\u00e9unions r\u00e9guli\u00e8res<\/span><b><\/b><\/h3><\/div>\n\n<p><a href=\"https:\/\/ssscorp.org\/wp-content\/uploads\/2026\/02\/Screen-Shot-2026-02-07-at-12.05.53-PM.png\">8 janvier 2026<\/a><\/p>\n<p><a href=\"https:\/\/ssscorp.org\/wp-content\/uploads\/2026\/02\/Screen-Shot-2026-02-07-at-12.06.18-PM.png\">14 janvier 2026<\/a><\/p>\n<p><a href=\"https:\/\/ssscorp.org\/wp-content\/uploads\/2026\/02\/Screen-Shot-2026-02-07-at-12.06.51-PM.png\">28 janvier 2026<\/a><\/p>\n<p><a href=\"https:\/\/ssscorp.org\/wp-content\/uploads\/2026\/03\/AGENDA-Wednesday-February-25-2026-Regular.docx.pdf\">25 f\u00e9vrier 2026<\/a><\/p>\n<p><a href=\"https:\/\/ssscorp.org\/wp-content\/uploads\/2026\/03\/AGENDA-Thursday-February-26-2026-Regular.docx.pdf\">26 f\u00e9vrier 2026<\/a><\/p>\n<p><a href=\"https:\/\/ssscorp.org\/wp-content\/uploads\/2026\/04\/AGENDA-Wednesday-March-4-2026-Regular.docx-1.pdf\">4 mars 2026<\/a><\/p>\n<p><a href=\"https:\/\/ssscorp.org\/wp-content\/uploads\/2026\/04\/AGENDA-Wednesday-March-11-2026-Regular.docx.pdf\">11 mars 2026<\/a><\/p>\n<p><a href=\"https:\/\/ssscorp.org\/wp-content\/uploads\/2026\/04\/AGENDA-Thursday-April-2-2026-Regular.docx.pdf\">2 avril 2026<\/a><\/p>\n<p><a href=\"https:\/\/ssscorp.org\/wp-content\/uploads\/2026\/04\/AGENDA-Wednesday-April-15-2026-Morning-Meeting-Regular.docx.pdf\">15 avril 2026<\/a><\/p>\n<p><a href=\"https:\/\/ssscorp.org\/wp-content\/uploads\/2026\/04\/AGENDA-Wednesday-April-22-2026-Regular.docx.pdf\">22 avril 2026<\/a><\/p>\n<p> <\/p>\n<p> <\/p>\n\n\t\t<\/div>\n\t\t\t\t\t<\/div>\n\n\t\n\n\t<div id=\"col-2085832561\" class=\"col medium-6 small-12 large-6\"  >\n\t\t\t\t<div class=\"col-inner\"  >\n\t\t\t\n\t\t\t\n\n<div class=\"container section-title-container\" ><h3 class=\"section-title section-title-normal\"><b><\/b><span class=\"section-title-main\" >2026 R\u00e9unions sp\u00e9ciales<\/span><b><\/b><\/h3><\/div>\n\n<p>14 janvier 2026<\/p>\n<p>5 f\u00e9vrier 2026<\/p>\n<p>11 f\u00e9vrier 2026<\/p>\n<p>25 f\u00e9vrier 2026<\/p>\n<p>4 mars 2026<\/p>\n<p>11 mars 2026<\/p>\n<p>12 mars 2026<\/p>\n<p>18 mars 2026<\/p>\n<p>25 mars 2026<\/p>\n<p>1er avril 2026<\/p>\n<p>15 avril 2026<\/p>\n\n\t\t<\/div>\n\t\t\t\t\t<\/div>\n\n\t\n\n<\/div>\n<div class=\"row\"  id=\"row-1214773328\">\n\n\n\t<div id=\"col-1413831513\" class=\"col small-12 large-12\"  >\n\t\t\t\t<div class=\"col-inner\"  >\n\t\t\t\n\t\t\t\n\n<div class=\"row\"  id=\"row-290423067\">\n\n\n\t<div id=\"col-353770285\" class=\"col small-12 large-12\"  >\n\t\t\t\t<div class=\"col-inner\"  >\n\t\t\t\n\t\t\t\n\n<h3\/>\n<p>&nbsp;<\/p>\n\n\t\t<\/div>\n\t\t\t\t\t<\/div>\n\n\t\n\n\t<div id=\"col-1761092785\" class=\"col small-12 large-12\"  >\n\t\t\t\t<div class=\"col-inner\"  >\n\t\t\t\n\t\t\t\n\n<h3>MOTIONS<\/h3>\n<p>4 mars 2026- R\u00e9union ordinaire<\/p>\n<p><b>MOTION 1<\/b><\/p>\n<p>Le SSSC nomme Amarjap Kaur membre du conseil d&#8217;administration de 3HO Europe pour un mandat de deux ans \u00e0 compter d&#8217;aujourd&#8217;hui. Il soutient \u00e9galement Deva Fateh, Varan Devpreet et Avtar Kaur Thielefeldt en tant que conseillers du conseil d&#8217;administration. <\/p>\n<p><b>PASSES  <\/b><\/p>\n<p><a href=\"https:\/\/ssscorp.org\/wp-content\/uploads\/2026\/04\/Screen-Shot-2026-04-29-at-3.22.51-PM.png\">RECORD DE VOTE<\/a><\/p>\n<p> <\/p>\n<p>2 avril 2026- R\u00e9union ordinaire<\/p>\n<p><b>MOTION 1  <\/b><\/p>\n<p><span style=\"font-weight: 400;\">   <\/span><i><span style=\"font-weight: 400;\">  Attendu que le comit\u00e9 de gouvernance a proc\u00e9d\u00e9 \u00e0 un examen approfondi des candidats au renouvellement de leur mandat au sein du conseil d&#8217;administration de la KRI et qu&#8217;il a examin\u00e9 l&#8217;\u00e9valuation des membres du conseil d&#8217;administration (examen par les pairs), la matrice des comp\u00e9tences de la KRI et les commentaires de la personne charg\u00e9e de la liaison avec le conseil d&#8217;administration de la KRI, Gurumeet Kaur Khalsa,<\/span><\/i><\/p>\n<p><i><span style=\"font-weight: 400;\">  Attendu que le Comit\u00e9 de gouvernance du SSSC recommande l&#8217;approbation du renouvellement du mandat d&#8217;Aman Jiwan Kaur \/Ellen Lenny-Pessagno au Conseil d&#8217;administration de la KRI pour un mandat de deux ans \u00e0 compter du 1er mars 2026 :<\/span><\/i><\/p>\n<p><i><span style=\"font-weight: 400;\">  Il est donc<\/span><\/i><\/p>\n<p><i><span style=\"font-weight: 400;\">Il est r\u00e9solu que le SSSC approuve le renouvellement du mandat d&#8217;Aman Jiwan Kaur \/Ellen Lenny-Pessagno pour un mandat de deux ans commen\u00e7ant le 1er mars 2026 et se terminant le 1er mars 2028.<\/span><\/i><\/p>\n<p><strong><i>PASSES  <\/i><\/strong><\/p>\n<p><a href=\"https:\/\/ssscorp.org\/wp-content\/uploads\/2026\/04\/Screen-Shot-2026-04-29-at-3.29.13-PM.png\">RECORD DE VOTE<\/a><\/p>\n<p> <\/p>\n<p><b>MOTION 2<\/b><\/p>\n<p><i><span style=\"font-weight: 400;\">Attendu que le comit\u00e9 de gouvernance a proc\u00e9d\u00e9 \u00e0 un examen approfondi des candidats au renouvellement de leur mandat au sein du conseil d&#8217;administration de la KRI et qu&#8217;il a examin\u00e9 l&#8217;\u00e9valuation des membres du conseil d&#8217;administration (examen par les pairs), la matrice des comp\u00e9tences de la KRI et les commentaires de la personne charg\u00e9e de la liaison avec le conseil d&#8217;administration de la KRI, Gurumeet Kaur Khalsa,<\/span><\/i><\/p>\n<p><i><span style=\"font-weight: 400;\">  Consid\u00e9rant que le Comit\u00e9 de gouvernance du SSSC recommande d&#8217;approuver le renouvellement du mandat de Dharam Dev Kaur Khalsa au Conseil d&#8217;administration de la KRI pour un mandat de deux ans \u00e0 compter du 1er mars 2026 :<\/span><\/i><\/p>\n<p><i><span style=\"font-weight: 400;\">  Il est donc<\/span><\/i><\/p>\n<p><i><span style=\"font-weight: 400;\">Il est r\u00e9solu que le SSSC approuve le renouvellement du mandat de Dharam Dev Kaur Khalsa pour une p\u00e9riode de deux ans commen\u00e7ant le 1er mars 2026 et se terminant le 1er mars 2028.<\/span><\/i><\/p>\n<p><b><i>PASSES  <\/i><\/b><\/p>\n<p><a href=\"https:\/\/ssscorp.org\/wp-content\/uploads\/2026\/04\/Screen-Shot-2026-04-29-at-3.30.41-PM.png\">RECORD DE VOTE<\/a><br style=\"font-weight: 400;\"><br style=\"font-weight: 400;\"><\/p>\n<p><b>MOTION 3<\/b><\/p>\n<p><b><i> <\/i><\/b><i><span style=\"font-weight: 400;\">  Attendu que le comit\u00e9 de gouvernance a proc\u00e9d\u00e9 \u00e0 un examen approfondi des candidats au renouvellement de leur mandat au sein du conseil d&#8217;administration de la KRI et qu&#8217;il a examin\u00e9 l&#8217;\u00e9valuation des membres du conseil d&#8217;administration (examen par les pairs), la matrice des comp\u00e9tences de la KRI et les commentaires de la personne charg\u00e9e de la liaison avec le conseil d&#8217;administration de la KRI, Gurumeet Kaur Khalsa,<\/span><\/i><\/p>\n<p><i><span style=\"font-weight: 400;\">  Consid\u00e9rant que le Comit\u00e9 de gouvernance du SSSC recommande d&#8217;approuver le renouvellement du mandat de Harimandir Kaur Khalsa au Conseil d&#8217;administration de la KRI pour un mandat de deux ans \u00e0 compter du 1er mars 2026 :<\/span><\/i><\/p>\n<p><i><span style=\"font-weight: 400;\">  Il est donc<\/span><\/i><\/p>\n<p><i><span style=\"font-weight: 400;\">Il est r\u00e9solu que le CSSS approuve le renouvellement du mandat de Harimandir Kaur Khalsa pour une p\u00e9riode de deux ans commen\u00e7ant le 1er mars 2026 et se terminant le 1er mars 2028.<\/span><\/i><\/p>\n<p><b>PASSES  <\/b><\/p>\n<p><a href=\"https:\/\/ssscorp.org\/wp-content\/uploads\/2026\/04\/Screen-Shot-2026-04-29-at-3.32.20-PM.png\">RECORD DE VOTE<\/a><br style=\"font-weight: 400;\"><br style=\"font-weight: 400;\"><\/p>\n<p><b>MOTION 4<\/b><\/p>\n<p><i><span style=\"font-weight: 400;\">Attendu que le comit\u00e9 de gouvernance a proc\u00e9d\u00e9 \u00e0 un examen approfondi des candidats au renouvellement de leur mandat au sein du conseil d&#8217;administration de la KRI et qu&#8217;il a examin\u00e9 l&#8217;\u00e9valuation des membres du conseil d&#8217;administration (examen par les pairs), la matrice des comp\u00e9tences de la KRI et les commentaires de la personne charg\u00e9e de la liaison avec le conseil d&#8217;administration de la KRI, Gurumeet Kaur Khalsa,<\/span><\/i><\/p>\n<p><i><span style=\"font-weight: 400;\">  Consid\u00e9rant que le Comit\u00e9 de gouvernance du SSSC recommande d&#8217;approuver le renouvellement du mandat de Harimandir Kaur Khalsa au Conseil d&#8217;administration de la KRI pour un mandat de deux ans \u00e0 compter du 1er mars 2026 :<\/span><\/i><\/p>\n<p><i><span style=\"font-weight: 400;\">  Il est donc<\/span><\/i><\/p>\n<p><i><span style=\"font-weight: 400;\">Il est r\u00e9solu que le CSSS approuve le renouvellement du mandat de Harimandir Kaur Khalsa pour une p\u00e9riode de deux ans commen\u00e7ant le 1er mars 2026 et se terminant le 1er mars 2028.<\/span><\/i><\/p>\n<p><b><i>PASSES<\/i><\/b><\/p>\n<p><a href=\"https:\/\/ssscorp.org\/wp-content\/uploads\/2026\/04\/Screen-Shot-2026-04-29-at-3.34.55-PM.png\">RECORD DE VOTE<\/a><br style=\"font-weight: 400;\"><br style=\"font-weight: 400;\"><br style=\"font-weight: 400;\"><\/p>\n<p> <\/p>\n<p> <\/p>\n<p><br style=\"font-weight: 400;\"><br style=\"font-weight: 400;\"><\/p>\n\n\t\t<\/div>\n\t\t\t\t\t<\/div>\n\n\t\n\n<\/div>\n\n\t\t<\/div>\n\t\t\t\t\t<\/div>\n\n\t\n\n<\/div>\n\n\t\t<\/div>\n\n\t\t\n<style>\n#section_497989195 {\n  padding-top: 30px;\n  padding-bottom: 30px;\n}\n#section_497989195 .ux-shape-divider--top svg {\n  height: 150px;\n  --divider-top-width: 100%;\n}\n#section_497989195 .ux-shape-divider--bottom svg {\n  height: 150px;\n  --divider-width: 100%;\n}\n<\/style>\n\t<\/section>\n\t\n\n","protected":false},"excerpt":{"rendered":"","protected":false},"author":1,"featured_media":0,"parent":0,"menu_order":0,"comment_status":"closed","ping_status":"closed","template":"page-blank.php","meta":{"iawp_total_views":0,"footnotes":""},"class_list":["post-17240","page","type-page","status-publish","hentry"],"_links":{"self":[{"href":"https:\/\/ssscorp.org\/fr\/wp-json\/wp\/v2\/pages\/17240","targetHints":{"allow":["GET"]}}],"collection":[{"href":"https:\/\/ssscorp.org\/fr\/wp-json\/wp\/v2\/pages"}],"about":[{"href":"https:\/\/ssscorp.org\/fr\/wp-json\/wp\/v2\/types\/page"}],"author":[{"embeddable":true,"href":"https:\/\/ssscorp.org\/fr\/wp-json\/wp\/v2\/users\/1"}],"replies":[{"embeddable":true,"href":"https:\/\/ssscorp.org\/fr\/wp-json\/wp\/v2\/comments?post=17240"}],"version-history":[{"count":65,"href":"https:\/\/ssscorp.org\/fr\/wp-json\/wp\/v2\/pages\/17240\/revisions"}],"predecessor-version":[{"id":18446,"href":"https:\/\/ssscorp.org\/fr\/wp-json\/wp\/v2\/pages\/17240\/revisions\/18446"}],"wp:attachment":[{"href":"https:\/\/ssscorp.org\/fr\/wp-json\/wp\/v2\/media?parent=17240"}],"curies":[{"name":"wp","href":"https:\/\/api.w.org\/{rel}","templated":true}]}}