{"id":17011,"date":"2026-01-22T13:06:10","date_gmt":"2026-01-22T13:06:10","guid":{"rendered":"https:\/\/ssscorp.org\/journee-mondiale-de-seva\/"},"modified":"2026-02-02T18:11:04","modified_gmt":"2026-02-02T18:11:04","slug":"journee-mondiale-de-seva","status":"publish","type":"page","link":"https:\/\/ssscorp.org\/fr\/journee-mondiale-de-seva\/","title":{"rendered":"Journ\u00e9e mondiale de Seva"},"content":{"rendered":"\n\n\n<style>\n\n\n.img-inner {\n  \/*border: 0px solid #b7ccb2;\n  border-bottom-width: 3px;*\/\n  padding: 10px\n}\n\n.seva-logo-section, .seva-logo-section .img-inner, .seva-logo-section .col {\n  padding: 0 !important;\n}\n\n.seva-logo-section .row {\n  margin: 0 !important;\n}\n\n.row-large &gt; .col {\n  padding: 0px;\n}\n\n.seva-logo-section {\n  margin-top: -10% !important;\n  margin-bottom: -10% !important;\n  z-index: 20;\n}\n\n.seva-logo-section .col {\n  padding-bottom: 0;\n}\n\n@media screen and (max-width: 549px) {\n\n .seva-top-logo-wrap {\n   text-align: center !important;\n  }\n  \n  .seva-top-logo {\n    margin-left: auto !important;\n    margin-right: auto !important;\n  }\n\n}\n\n.seva-top-logo {\n \/*opacity: 0.7;*\/\n}\n\n.seva-top-logo .img-inner {\n  border: none !important;\n  box-shadow: none !important;\n}\n\n<\/style>\n\n\t<section class=\"section\" id=\"section_1817747810\">\n\t\t<div class=\"bg section-bg fill bg-fill  bg-loaded\" >\n\n\t\t\t\n\t\t\t\n\t\t\t\n\n\t\t<\/div>\n\n\t\t\n\n\t\t<div class=\"section-content relative\">\n\t\t\t\n\n<div class=\"row row-collapse align-middle align-center\"  id=\"row-1294739691\">\n\n\n\t<div id=\"col-1173310008\" class=\"col seva-top-logo-wrap medium-6 small-12 large-6\"  >\n\t\t\t\t<div class=\"col-inner text-right\"  >\n\t\t\t\n\t\t\t\n\n\t<div class=\"img has-hover seva-top-logo x md-x lg-x y md-y lg-y\" id=\"image_1853368365\">\n\t\t\t\t\t\t\t\t<div class=\"img-inner box-shadow-2 dark\" style=\"margin:0px 0 0px 0px;\">\n\t\t\t<img fetchpriority=\"high\" decoding=\"async\" width=\"720\" height=\"516\" src=\"https:\/\/ssscorp.org\/wp-content\/uploads\/2026\/01\/LOGO-seva-cr.png\" class=\"attachment-large size-large\" alt=\"\" srcset=\"https:\/\/ssscorp.org\/wp-content\/uploads\/2026\/01\/LOGO-seva-cr.png 720w, https:\/\/ssscorp.org\/wp-content\/uploads\/2026\/01\/LOGO-seva-cr-300x215.png 300w\" sizes=\"(max-width: 720px) 100vw, 720px\" \/>\t\t\t\t\t\t\n\t\t\t\t\t<\/div>\n\t\t\t\t\t\t\t\t\n<style>\n#image_1853368365 {\n  width: 73%;\n}\n<\/style>\n\t<\/div>\n\t\n\n\n\t\t<\/div>\n\t\t\t\t\n<style>\n#col-1173310008 > .col-inner {\n  padding: 0 0px 0px 0px;\n  margin: 0 0px 0px 0px;\n}\n<\/style>\n\t<\/div>\n\n\t\n\n\t<div id=\"col-784783165\" class=\"col seva-top-logo-wrap medium-6 small-12 large-6\"  >\n\t\t\t\t<div class=\"col-inner text-left\"  >\n\t\t\t\n\t\t\t\n\n\t<div class=\"img has-hover seva-top-logo x md-x lg-x y md-y lg-y\" id=\"image_168725988\">\n\t\t\t\t\t\t\t\t<div class=\"img-inner box-shadow-2 dark\" >\n\t\t\t<img decoding=\"async\" width=\"800\" height=\"516\" src=\"https:\/\/ssscorp.org\/wp-content\/uploads\/2026\/01\/feeding-the-world-logo-e1769086802138.png\" class=\"attachment-large size-large\" alt=\"\" \/>\t\t\t\t\t\t\n\t\t\t\t\t<\/div>\n\t\t\t\t\t\t\t\t\n<style>\n#image_168725988 {\n  width: 82%;\n}\n<\/style>\n\t<\/div>\n\t\n\n\n\t\t<\/div>\n\t\t\t\t\n<style>\n#col-784783165 > .col-inner {\n  padding: 0 0px 0px 0px;\n  margin: 0 0px 0px 0px;\n}\n<\/style>\n\t<\/div>\n\n\t\n\n\n<style>\n#row-1294739691 > .col > .col-inner {\n  padding: 0 0px 0px 0px;\n}\n<\/style>\n<\/div>\n\n\t\t<\/div>\n\n\t\t\n<style>\n#section_1817747810 {\n  padding-top: 0px;\n  padding-bottom: 0px;\n}\n#section_1817747810 .ux-shape-divider--top svg {\n  height: 150px;\n  --divider-top-width: 100%;\n}\n#section_1817747810 .ux-shape-divider--bottom svg {\n  height: 150px;\n  --divider-width: 100%;\n}\n<\/style>\n\t<\/section>\n\t\n\t<div id=\"gap-1729027386\" class=\"gap-element clearfix\" style=\"display:block; height:auto;\">\n\t\t\n<style>\n#gap-1729027386 {\n  padding-top: 30px;\n}\n<\/style>\n\t<\/div>\n\t\n\n  <div id=\"page-header-1605855782\" class=\"page-header-wrapper\">\n  <div class=\"page-title seva-header light simple-title\">\n\n    \n    <div class=\"page-title-inner container align-center text-center flex-row-col medium-flex-wrap\" >\n              <div class=\"title-wrapper is-large flex-col\">\n          <h1 class=\"entry-title mb-0\">\n            Journ\u00e9e mondiale de Seva          <\/h1>\n        <\/div>\n                    <div class=\"title-content flex-col\">\n        <div class=\"title-breadcrumbs pb-half pt-half\"><\/div>      <\/div>\n    <\/div>\n\n       <\/div>\n    <\/div>\n  \n\n\t<div id=\"text-53865881\" class=\"text seva-text-section\">\n\t\t\n\n<p dir=\"ltr\" style=\"text-align: center;\"><strong>Une journ\u00e9e mondiale de la compassion, du service et de l&#8217;\u00e9l\u00e9vation<\/strong><br><br><\/p>\n<h2 dir=\"ltr\" style=\"text-align: left;\"><strong>Qu&#8217;est-ce que la Journ\u00e9e mondiale du Seva ?<\/strong><\/h2>\n<p dir=\"ltr\" style=\"text-align: left;\">La <strong>Journ\u00e9e mondiale du seva<\/strong> est une invitation mondiale \u00e0 mettre nos valeurs spirituelles en action par le biais d&#8217;un <strong>service d\u00e9sint\u00e9ress\u00e9 (seva)<\/strong>. Ce jour-l\u00e0, des individus, des familles, des gurdwaras et des communaut\u00e9s du monde entier s&#8217;unissent pour servir, soutenir ceux qui sont dans le besoin et renforcer les liens locaux empreints de compassion et d&#8217;\u00e9quit\u00e9. <\/p>\n<p dir=\"ltr\" style=\"text-align: left;\">Notre objectif est simple et puissant : <strong>se rassembler autour d&#8217;une intention commune &#8211; le service &#8211; et<\/strong>choisir des projets de seva susceptibles d&#8217;avoir un impact significatif et mesurable sur les communaut\u00e9s du monde entier.<\/p>\n<p dir=\"ltr\" style=\"text-align: left;\">Cette journ\u00e9e est celle de plusieurs mains, d&#8217;un seul c\u0153ur.<\/p>\n<p style=\"text-align: left;\"> <\/p>\n<h2 dir=\"ltr\" style=\"text-align: left;\"><strong>Nos th\u00e8mes globaux<\/strong><\/h2>\n<p dir=\"ltr\" style=\"text-align: left;\">Chaque ann\u00e9e, la Journ\u00e9e mondiale du Seva met en avant un th\u00e8me f\u00e9d\u00e9rateur qui refl\u00e8te nos valeurs communes et les besoins du monde.<\/p>\n<h3 dir=\"ltr\" style=\"text-align: left;\">2025 Th\u00e8me : Seva la plan\u00e8te<\/h3>\n<p dir=\"ltr\" style=\"text-align: left;\"><a href=\"https:\/\/ssscorp.org\/fr\/le-projet-global-seva\/\" target=\"_blank\" rel=\"noopener\">&gt;  LIRE LA SUITE ICI<\/a><\/p>\n<p dir=\"ltr\" style=\"text-align: left;\">En 2025, les communaut\u00e9s du monde entier se sont attach\u00e9es \u00e0 prendre soin de la Terre par des actes de service qui ont mis \u00e0 l&#8217;honneur la durabilit\u00e9, la gestion de l&#8217;environnement et notre responsabilit\u00e9 \u00e0 l&#8217;\u00e9gard des g\u00e9n\u00e9rations futures.<\/p>\n<h3 dir=\"ltr\" style=\"text-align: left;\">2026 Th\u00e8me : Nourrir le monde, un Langar \u00e0 la fois<\/h3>\n<p dir=\"ltr\" style=\"text-align: left;\"><a href=\"https:\/\/ssscorp.org\/fr\/nourrir-le-monde-un-langar-a-la-fois\/\" target=\"_blank\" rel=\"noopener\">&gt;  LIRE LA SUITE ICI<\/a><\/p>\n<p dir=\"ltr\" style=\"text-align: left;\">En 2026, la Journ\u00e9e mondiale du Seva sera centr\u00e9e sur le <strong>langar, la<\/strong>tradition sacr\u00e9e du partage de la nourriture comme expression de l&#8217;\u00e9galit\u00e9, de la compassion et de la communaut\u00e9.<\/p>\n<p dir=\"ltr\" style=\"text-align: left;\">Ensemble, nous nous engageons \u00e0 <strong>nourrir le monde, un langar \u00e0 la fois.<\/strong><\/p>\n<p style=\"text-align: left;\"> <\/p>\n<h2 dir=\"ltr\" style=\"text-align: left;\"><strong>Notre objectif commun<\/strong><\/h2>\n<p dir=\"ltr\" style=\"text-align: left;\">La Journ\u00e9e mondiale de la solidarit\u00e9 est le fruit d&#8217;une collaboration communautaire et d&#8217;une vision collective. Elle a pour but de : <\/p>\n<ul style=\"text-align: left;\">\n<li dir=\"ltr\">\n<p dir=\"ltr\">Rassembler les communaut\u00e9s autour d&#8217;une intention commune<\/p>\n<\/li>\n<li dir=\"ltr\">\n<p dir=\"ltr\">Offrir des moyens accessibles aux personnes pour rendre service.<\/p>\n<\/li>\n<li dir=\"ltr\">\n<p dir=\"ltr\">Renforcer les liens par l&#8217;action collective<\/p>\n<\/li>\n<li dir=\"ltr\">\n<p dir=\"ltr\">Explorer des moyens significatifs pour comprendre et mesurer l&#8217;impact social dans nos communaut\u00e9s<\/p>\n<\/li>\n<\/ul>\n<p dir=\"ltr\" style=\"text-align: left;\">Ensemble, nous transformons les valeurs en actions et le service en une expression globale de l&#8217;unit\u00e9.<\/p>\n\t\t\n<style>\n#text-53865881 {\n  text-align: center;\n}\n<\/style>\n\t<\/div>\n\t\n<p> <\/p>\n<p> <\/p>\n\n","protected":false},"excerpt":{"rendered":"","protected":false},"author":1,"featured_media":0,"parent":0,"menu_order":0,"comment_status":"closed","ping_status":"closed","template":"","meta":{"iawp_total_views":0,"footnotes":""},"class_list":["post-17011","page","type-page","status-publish","hentry"],"_links":{"self":[{"href":"https:\/\/ssscorp.org\/fr\/wp-json\/wp\/v2\/pages\/17011","targetHints":{"allow":["GET"]}}],"collection":[{"href":"https:\/\/ssscorp.org\/fr\/wp-json\/wp\/v2\/pages"}],"about":[{"href":"https:\/\/ssscorp.org\/fr\/wp-json\/wp\/v2\/types\/page"}],"author":[{"embeddable":true,"href":"https:\/\/ssscorp.org\/fr\/wp-json\/wp\/v2\/users\/1"}],"replies":[{"embeddable":true,"href":"https:\/\/ssscorp.org\/fr\/wp-json\/wp\/v2\/comments?post=17011"}],"version-history":[{"count":24,"href":"https:\/\/ssscorp.org\/fr\/wp-json\/wp\/v2\/pages\/17011\/revisions"}],"predecessor-version":[{"id":17194,"href":"https:\/\/ssscorp.org\/fr\/wp-json\/wp\/v2\/pages\/17011\/revisions\/17194"}],"wp:attachment":[{"href":"https:\/\/ssscorp.org\/fr\/wp-json\/wp\/v2\/media?parent=17011"}],"curies":[{"name":"wp","href":"https:\/\/api.w.org\/{rel}","templated":true}]}}