{"id":14369,"date":"2025-08-20T20:11:39","date_gmt":"2025-08-20T20:11:39","guid":{"rendered":"https:\/\/ssscorp.org\/lexperience-de-service-au-conseil-dadministration-dune-organisation-a-but-non-lucratif\/"},"modified":"2025-08-20T20:41:28","modified_gmt":"2025-08-20T20:41:28","slug":"lexperience-de-service-au-conseil-dadministration-dune-organisation-a-but-non-lucratif","status":"publish","type":"page","link":"https:\/\/ssscorp.org\/fr\/lexperience-de-service-au-conseil-dadministration-dune-organisation-a-but-non-lucratif\/","title":{"rendered":"L&#8217;exp\u00e9rience de service au conseil d&#8217;administration d&#8217;une organisation \u00e0 but non lucratif"},"content":{"rendered":"\n<h2 class=\"wp-block-heading\">L&#8217;exp\u00e9rience de service au conseil d&#8217;administration d&#8217;une organisation \u00e0 but non lucratif<\/h2>\n\n<p>Si\u00e9ger \u00e0 l&#8217;un de nos conseils d&#8217;administration d&#8217;organisations \u00e0 but non lucratif est une mani\u00e8re int\u00e9ressante de mettre vos comp\u00e9tences, votre vision et votre d\u00e9vouement au service de notre dharma et de la communaut\u00e9 mondiale. Les membres des conseils d&#8217;administration sont charg\u00e9s de guider la mission, d&#8217;assurer une bonne gouvernance et de soutenir la vitalit\u00e9 des organisations qu&#8217;ils servent. <\/p>\n\n<h3 class=\"wp-block-heading\"><strong>Objectif du service au conseil d&#8217;administration<\/strong><\/h3>\n\n<p><strong>Nos conseils d&#8217;administration \u00e0 but non lucratif :<\/strong><\/p>\n\n<ul class=\"wp-block-list\">\n<li>Assurer l&#8217;orientation strat\u00e9gique et la supervision de leur organisation.<br\/><\/li>\n\n\n\n<li>D\u00e9fendre la mission, les valeurs et l&#8217;h\u00e9ritage du Siri Singh Sahib.<br\/><\/li>\n\n\n\n<li>Sauvegarder les ressources et rendre des comptes \u00e0 notre sangat et aux parties prenantes.<br\/><\/li>\n\n\n\n<li>Construire l&#8217;unit\u00e9 et favoriser une culture de service, de transparence et de confiance.<br\/><\/li>\n<\/ul>\n\n<h3 class=\"wp-block-heading\"><strong>Ce que signifie servir<\/strong><\/h3>\n\n<p>La participation au conseil d&#8217;administration est une occasion de servir avec d\u00e9vouement et d\u00e9termination. Les membres peuvent s&#8217;attendre \u00e0 : <\/p>\n\n<ul class=\"wp-block-list\">\n<li><strong>Diriger avec intention<\/strong> &#8211; Prendre des d\u00e9cisions qui font avancer la mission et r\u00e9pondent aux besoins du sangat.<br\/><\/li>\n\n\n\n<li><strong>Collaborer avec int\u00e9grit\u00e9<\/strong> &#8211; Travaillez avec d&#8217;autres membres d\u00e9vou\u00e9s qui apportent des perspectives et des comp\u00e9tences diverses.<br\/><\/li>\n\n\n\n<li><strong>Grandir dans le service<\/strong> &#8211; D\u00e9veloppez vos comp\u00e9tences en mati\u00e8re de gouvernance, de leadership et de gestion organisationnelle.<br\/><\/li>\n\n\n\n<li><strong>Renforcer notre h\u00e9ritage<\/strong> &#8211; Soutenir des programmes et des initiatives qui \u00e9l\u00e8vent et inspirent les communaut\u00e9s du monde entier.<br\/><\/li>\n<\/ul>\n\n<h3 class=\"wp-block-heading\"><strong>Engagement et attentes<\/strong><\/h3>\n\n<ul class=\"wp-block-list\">\n<li><strong>Dur\u00e9e du mandat :<\/strong> La plupart des conseils d&#8217;administration d&#8217;organisations \u00e0 but non lucratif ont un mandat de deux ans avec possibilit\u00e9 de renouvellement.<br\/><\/li>\n\n\n\n<li><strong>Temps \u00e0 consacrer :<\/strong> Le temps consacr\u00e9 chaque mois aux r\u00e9unions, au travail en commission et \u00e0 la pr\u00e9paration varie. Vous trouverez le temps approximatif n\u00e9cessaire dans la description du poste de membre du conseil d&#8217;administration, qui est affich\u00e9e au fur et \u00e0 mesure que des postes se lib\u00e8rent. <br\/><\/li>\n\n\n\n<li><strong>\u00c9thique et responsabilit\u00e9 :<\/strong> Adh\u00e9sion aux codes d&#8217;\u00e9thique de l&#8217;organisation, aux politiques en mati\u00e8re de conflits d&#8217;int\u00e9r\u00eats et aux normes de gouvernance.<br\/><\/li>\n\n\n\n<li><strong>Engagement actif :<\/strong> Participation pr\u00e9par\u00e9e et pr\u00e9sente aux r\u00e9unions, aux travaux des comit\u00e9s et aux \u00e9v\u00e9nements de l&#8217;organisation.<br\/><\/li>\n<\/ul>\n\n<h3 class=\"wp-block-heading\"><strong>Soutien aux membres du conseil d&#8217;administration<\/strong><\/h3>\n\n<p>Nous aidons les membres de notre conseil d&#8217;administration \u00e0 remplir leur r\u00f4le par les moyens suivants :<\/p>\n\n<ul class=\"wp-block-list\">\n<li><strong>Orientation et formation<\/strong> &#8211; Une introduction \u00e0 la mission, \u00e0 la structure de gouvernance et aux priorit\u00e9s actuelles de l&#8217;organisation, ainsi que la formation BoardSource : Certificat de formation pour les conseils d&#8217;administration d&#8217;organisations \u00e0 but non lucratif.<br\/><\/li>\n\n\n\n<li><strong>D\u00e9veloppement continu<\/strong> &#8211; La Siri Singh Sahib Corporation propose des formations p\u00e9riodiques de d\u00e9veloppement professionnel ouvertes aux membres du conseil d&#8217;administration.<br\/><\/li>\n\n\n\n<li><strong>Communaut\u00e9 et connexion<\/strong> &#8211; Possibilit\u00e9s de nouer des relations avec d&#8217;autres membres du conseil d&#8217;administration et des dirigeants d&#8217;organisations.<br\/><\/li>\n<\/ul>\n\n<h3 class=\"wp-block-heading\"><strong>La voie du Seva<\/strong><\/h3>\n\n<p>Il s&#8217;agit d&#8217;un poste b\u00e9n\u00e9vole. Faire partie d&#8217;un conseil d&#8217;administration d&#8217;une organisation \u00e0 but non lucratif au sein de notre famille dharmique est une occasion unique de rendre la pareille, de partager vos talents et de contribuer \u00e0 assurer la force et la durabilit\u00e9 de nos organisations pour les g\u00e9n\u00e9rations \u00e0 venir.  <\/p>\n\n<p>Veuillez cliquer<a href=\"https:\/\/ssscorp.org\/fr\/associations-a-but-non-lucratif\/\"> ici<\/a> pour consulter notre famille d&#8217;organisations \u00e0 but non lucratif.<\/p>\n\n<p>Veuillez cliquer <a href=\"https:\/\/ssscorp.org\/fr\/qui-nous-servons\/sieger-au-conseil-dadministration-dune-filiale\/\">ici<\/a> pour consulter les offres d&#8217;emploi des membres du conseil d&#8217;administration<\/p>\n","protected":false},"excerpt":{"rendered":"<p>L&#8217;exp\u00e9rience de service au conseil d&#8217;administration d&#8217;une organisation \u00e0 but non lucratif Si\u00e9ger \u00e0 l&#8217;un de nos conseils d&#8217;administration d&#8217;organisations \u00e0 but non lucratif est une mani\u00e8re int\u00e9ressante de mettre vos comp\u00e9tences, votre vision et votre d\u00e9vouement au service de notre dharma et de la communaut\u00e9 mondiale. Les membres des conseils d&#8217;administration sont charg\u00e9s de [&#8230;]\n","protected":false},"author":2,"featured_media":0,"parent":0,"menu_order":0,"comment_status":"closed","ping_status":"closed","template":"","meta":{"iawp_total_views":0,"footnotes":""},"class_list":["post-14369","page","type-page","status-publish","hentry"],"_links":{"self":[{"href":"https:\/\/ssscorp.org\/fr\/wp-json\/wp\/v2\/pages\/14369","targetHints":{"allow":["GET"]}}],"collection":[{"href":"https:\/\/ssscorp.org\/fr\/wp-json\/wp\/v2\/pages"}],"about":[{"href":"https:\/\/ssscorp.org\/fr\/wp-json\/wp\/v2\/types\/page"}],"author":[{"embeddable":true,"href":"https:\/\/ssscorp.org\/fr\/wp-json\/wp\/v2\/users\/2"}],"replies":[{"embeddable":true,"href":"https:\/\/ssscorp.org\/fr\/wp-json\/wp\/v2\/comments?post=14369"}],"version-history":[{"count":4,"href":"https:\/\/ssscorp.org\/fr\/wp-json\/wp\/v2\/pages\/14369\/revisions"}],"predecessor-version":[{"id":14403,"href":"https:\/\/ssscorp.org\/fr\/wp-json\/wp\/v2\/pages\/14369\/revisions\/14403"}],"wp:attachment":[{"href":"https:\/\/ssscorp.org\/fr\/wp-json\/wp\/v2\/media?parent=14369"}],"curies":[{"name":"wp","href":"https:\/\/api.w.org\/{rel}","templated":true}]}}