{"id":13768,"date":"2025-07-04T09:34:22","date_gmt":"2025-07-04T09:34:22","guid":{"rendered":"https:\/\/ssscorp.org\/de-loffice-de-lethique-et-des-normes-professionnelles-eps-protocole-de-sauvegarde-des-enfants-2\/"},"modified":"2025-07-04T09:41:15","modified_gmt":"2025-07-04T09:41:15","slug":"de-loffice-de-lethique-et-des-normes-professionnelles-eps-protocole-de-sauvegarde-des-enfants-2","status":"publish","type":"page","link":"https:\/\/ssscorp.org\/fr\/de-loffice-de-lethique-et-des-normes-professionnelles-eps-protocole-de-sauvegarde-des-enfants-2\/","title":{"rendered":"De l&#8217;Office de l&#8217;\u00e9thique et des normes professionnelles (EPS) : PROTOCOLE DE SAUVEGARDE DES ENFANTS"},"content":{"rendered":"\n\n  <div class=\"banner has-hover has-parallax\" id=\"banner-2012905410\">\n          <div class=\"banner-inner fill\">\n        <div class=\"banner-bg fill\" data-parallax=\"-3\" data-parallax-container=\".banner\" data-parallax-background>\n            <div class=\"bg fill bg-fill \"><\/div>\n                        <div class=\"overlay\"><\/div>            \n                    <\/div>\n\t\t\n        <div class=\"banner-layers container\">\n            <div class=\"fill banner-link\"><\/div>            \n\n   <div id=\"text-box-1087506192\" class=\"text-box banner-layer x50 md-x50 lg-x50 y50 md-y50 lg-y50 res-text\">\n                                <div class=\"text-box-content text dark\">\n              \n              <div class=\"text-inner text-center\">\n                  \n\n<h3 class=\"uppercase\"><strong>De l&#8217;Office de l&#8217;\u00e9thique et des normes professionnelles (EPS) : PROTOCOLE DE SAUVEGARDE DES ENFANTS<\/strong><\/h3>\n\n\n              <\/div>\n           <\/div>\n                            \n<style>\n#text-box-1087506192 {\n  width: 60%;\n}\n#text-box-1087506192 .text-box-content {\n  font-size: 100%;\n}\n<\/style>\n    <\/div>\n \n\n        <\/div>\n      <\/div>\n\n            \n<style>\n#banner-2012905410 {\n  padding-top: 300px;\n}\n#banner-2012905410 .bg.bg-loaded {\n  background-image: url(https:\/\/ssscorp.org\/wp-content\/uploads\/2022\/09\/Untitled-design-3-scaled-1.jpeg);\n}\n#banner-2012905410 .overlay {\n  background-color: rgba(17, 33, 82, 0.855);\n}\n#banner-2012905410 .ux-shape-divider--top svg {\n  height: 150px;\n  --divider-top-width: 100%;\n}\n#banner-2012905410 .ux-shape-divider--bottom svg {\n  height: 150px;\n  --divider-width: 100%;\n}\n<\/style>\n  <\/div>\n\n\n\t<section class=\"section\" id=\"section_73385218\">\n\t\t<div class=\"bg section-bg fill bg-fill  bg-loaded\" >\n\n\t\t\t\n\t\t\t\n\t\t\t\n\n\t\t<\/div>\n\n\t\t\n\n\t\t<div class=\"section-content relative\">\n\t\t\t\n\n<div class=\"row\"  id=\"row-11962530\">\n\n\n\t<div id=\"col-706687035\" class=\"col small-12 large-12\"  >\n\t\t\t\t<div class=\"col-inner\"  >\n\t\t\t\n\t\t\t\n\n<p> <\/p>\n<p style=\"text-align: left;\"><b>Objectif<\/b><br>Prot\u00e9ger la sant\u00e9, le bien-\u00eatre et les droits des mineurs ; leur permettre de participer \u00e0 toutes les activit\u00e9s dharmiques, y compris l&#8217;\u00e9ducation, la vie spirituelle et l&#8217;engagement social, sans subir de pr\u00e9judice, d&#8217;abus ou de n\u00e9gligence.<br><br><b>Strat\u00e9gie<\/b><br>Protocole de sauvegarde : Proc\u00e9dures, lignes directrices et instructions relatives \u00e0 la protection de l&#8217;enfance qui soutiennent la mani\u00e8re dont notre communaut\u00e9 dharmique assure la s\u00e9curit\u00e9 des enfants et des jeunes.<\/p>\n\t<div id=\"gap-728040456\" class=\"gap-element clearfix\" style=\"display:block; height:auto;\">\n\t\t\n<style>\n#gap-728040456 {\n  padding-top: 30px;\n}\n<\/style>\n\t<\/div>\n\t\n\n<div class=\"text-center\"><div class=\"is-divider divider clearfix\" style=\"max-width:361px;\"><\/div><\/div>\n\n<p> <\/p>\n<p style=\"text-align: left;\">Le 5 juin 2025, la Siri Singh Sahib Corporation (SSSC) a adopt\u00e9 une motion portant sur l&#8217;adoption d&#8217;une d\u00e9claration de politique g\u00e9n\u00e9rale en mati\u00e8re de protection de l&#8217;enfance concernant tous les enfants et les jeunes qui participent aux activit\u00e9s de la communaut\u00e9 dharmique.  <\/p>\n<p>Les enfants et les jeunes ont le droit d&#8217;\u00eatre prot\u00e9g\u00e9s. Les organisations du SSSC qui travaillent avec cette population doivent disposer d&#8217;un ensemble de lignes directrices claires sur la mani\u00e8re dont elles assureront la s\u00e9curit\u00e9 des mineurs et r\u00e9pondront aux pr\u00e9occupations en mati\u00e8re de protection de l&#8217;enfance.   <\/p>\n<p>L&#8217;Office of Ethics &amp; Professional Standards (EPS) et l&#8217;Office of Dharmic Counsel (ODC) collaborent avec les Legacy Non Profit Organizations (LNPO) concern\u00e9es, telles que Sikh Dharma Education International (SDEI) \/ Miri Piri Academy (MPA), 3HO International et 3HO Europe, afin d&#8217;\u00e9valuer la situation :<\/p>\n<ul>\n<li>Les risques potentiels pour un enfant participant \u00e0 nos programmes \u00e9ducatifs \u00e0 l&#8217;Acad\u00e9mie Miri Piri et aux programmes pour les jeunes \u00e0 Solstices et au Festival europ\u00e9en de yoga.<\/li>\n<li>Comment les parties concern\u00e9es font part de leurs pr\u00e9occupations<\/li>\n<li>Que fait-on actuellement pour s&#8217;assurer que les jeunes peuvent s&#8217;\u00e9panouir, vivre des exp\u00e9riences positives et rester en s\u00e9curit\u00e9 ?<\/li>\n<\/ul>\n<div> <\/div>\n<p><b>Les activit\u00e9s en cours pour la supervision du protocole de sauvegarde sont les suivantes :<\/b><\/p>\n<ul>\n<li>Formation de routine et activit\u00e9s de sensibilisation<\/li>\n<li>Examen r\u00e9gulier des rapports d&#8217;incidents<\/li>\n<li>R\u00e9unions trimestrielles avec les dirigeants des OPNL concern\u00e9es afin d&#8217;\u00e9valuer, de suivre et d&#8217;actualiser les proc\u00e9dures et les activit\u00e9s de sauvegarde.<\/li>\n<\/ul>\n<p><b>L&#8217;EPS et l&#8217;ODC \u00e9laborent des proc\u00e9dures de sauvegarde, notamment<\/b><\/p>\n<ul>\n<li>R\u00e9pondre aux pr\u00e9occupations concernant le bien-\u00eatre d&#8217;un enfant<\/li>\n<li>Stockage des dossiers de protection de l&#8217;enfance<\/li>\n<li>Pr\u00e9venir et r\u00e9agir aux brimades<\/li>\n<li>Recruter du personnel et des b\u00e9n\u00e9voles comp\u00e9tents pour travailler avec les enfants<\/li>\n<li>Codes de conduite pour tous ceux qui travaillent avec des enfants<\/li>\n<li>G\u00e9rer les inqui\u00e9tudes formul\u00e9es \u00e0 l&#8217;encontre du personnel et des b\u00e9n\u00e9voles<\/li>\n<\/ul>\n<p>Veuillez consulter le site web de l&#8217;EPS pour soumettre vos pr\u00e9occupations en mati\u00e8re de protection de l&#8217;enfance <a href=\"https:\/\/epsweb.org\/child-safeguarding\/\">: https:\/\/epsweb.org\/child-safeguarding\/<\/a><\/p>\n\n\n\t\t<\/div>\n\t\t\t\t\t<\/div>\n\n\t\n\n<\/div>\n\n\t\t<\/div>\n\n\t\t\n<style>\n#section_73385218 {\n  padding-top: 30px;\n  padding-bottom: 30px;\n}\n#section_73385218 .ux-shape-divider--top svg {\n  height: 150px;\n  --divider-top-width: 100%;\n}\n#section_73385218 .ux-shape-divider--bottom svg {\n  height: 150px;\n  --divider-width: 100%;\n}\n<\/style>\n\t<\/section>\n\t\n\n","protected":false},"excerpt":{"rendered":"","protected":false},"author":1,"featured_media":0,"parent":0,"menu_order":0,"comment_status":"closed","ping_status":"closed","template":"page-blank.php","meta":{"iawp_total_views":1,"footnotes":""},"class_list":["post-13768","page","type-page","status-publish","hentry"],"_links":{"self":[{"href":"https:\/\/ssscorp.org\/fr\/wp-json\/wp\/v2\/pages\/13768","targetHints":{"allow":["GET"]}}],"collection":[{"href":"https:\/\/ssscorp.org\/fr\/wp-json\/wp\/v2\/pages"}],"about":[{"href":"https:\/\/ssscorp.org\/fr\/wp-json\/wp\/v2\/types\/page"}],"author":[{"embeddable":true,"href":"https:\/\/ssscorp.org\/fr\/wp-json\/wp\/v2\/users\/1"}],"replies":[{"embeddable":true,"href":"https:\/\/ssscorp.org\/fr\/wp-json\/wp\/v2\/comments?post=13768"}],"version-history":[{"count":3,"href":"https:\/\/ssscorp.org\/fr\/wp-json\/wp\/v2\/pages\/13768\/revisions"}],"predecessor-version":[{"id":13793,"href":"https:\/\/ssscorp.org\/fr\/wp-json\/wp\/v2\/pages\/13768\/revisions\/13793"}],"wp:attachment":[{"href":"https:\/\/ssscorp.org\/fr\/wp-json\/wp\/v2\/media?parent=13768"}],"curies":[{"name":"wp","href":"https:\/\/api.w.org\/{rel}","templated":true}]}}