{"id":12432,"date":"2025-03-09T19:11:56","date_gmt":"2025-03-09T19:11:56","guid":{"rendered":"https:\/\/ssscorp.org\/crc-evenements\/"},"modified":"2025-03-09T22:26:43","modified_gmt":"2025-03-09T22:26:43","slug":"crc-evenements","status":"publish","type":"page","link":"https:\/\/ssscorp.org\/fr\/le-projet-de-reconciliation-compatissante\/crc-evenements\/","title":{"rendered":"CRP &#8211; \u00c9v\u00e9nements"},"content":{"rendered":"\t\t<div data-elementor-type=\"wp-page\" data-elementor-id=\"12432\" class=\"elementor elementor-12432 elementor-12426\">\n\t\t\t\t\t\t<section class=\"elementor-section elementor-top-section elementor-element elementor-element-6d8e2564 elementor-section-boxed elementor-section-height-default elementor-section-height-default\" data-id=\"6d8e2564\" data-element_type=\"section\" data-e-type=\"section\" data-settings=\"{&quot;background_background&quot;:&quot;classic&quot;}\">\n\t\t\t\t\t\t<div class=\"elementor-container elementor-column-gap-default\">\n\t\t\t\t\t<div class=\"elementor-column elementor-col-100 elementor-top-column elementor-element elementor-element-4ec99e90\" data-id=\"4ec99e90\" data-element_type=\"column\" data-e-type=\"column\">\n\t\t\t<div class=\"elementor-widget-wrap elementor-element-populated\">\n\t\t\t\t\t\t<div class=\"elementor-element elementor-element-452188ef elementor-widget elementor-widget-text-editor\" data-id=\"452188ef\" data-element_type=\"widget\" data-e-type=\"widget\" data-widget_type=\"text-editor.default\">\n\t\t\t\t<div class=\"elementor-widget-container\">\n\t\t\t\t\t\t\t\t\t<p><strong>Naviguer dans le dialogue communautaire : Concepts et comp\u00e9tences pour l&#8217;animation de groupe <\/strong>est con\u00e7u pour doter les participants de techniques et de strat\u00e9gies pratiques pour animer des dialogues de groupe inclusifs et transformateurs.<\/p>\n<p>Tout au long de la formation, les participants se familiariseront avec divers concepts et pratiques d&#8217;animation de groupe, notamment les processus en cercle, le dialogue bas\u00e9 sur les int\u00e9r\u00eats et le pouvoir des questions ouvertes. Ils \u00e9tudieront comment les principes de la justice r\u00e9paratrice peuvent \u00eatre appliqu\u00e9s dans les groupes pour favoriser la compr\u00e9hension, l&#8217;empathie et la communication constructive. La formation comprendra une combinaison d&#8217;exercices interactifs, de discussions de groupe et d&#8217;\u00e9tudes de cas afin d&#8217;am\u00e9liorer l&#8217;apprentissage et l&#8217;application pratique.<\/p>\n<p>Objectifs d&#8217;apprentissage cl\u00e9s :<\/p>\n<ol>\n<li>Explorer diff\u00e9rents concepts et pratiques relationnels adapt\u00e9s aux contextes de groupe, tels que les processus de cercle et le dialogue bas\u00e9 sur les int\u00e9r\u00eats.<\/li>\n<li>Apprendre des techniques et des comp\u00e9tences pour cr\u00e9er un espace de dialogue s\u00fbr et inclusif au sein des groupes.<\/li>\n<li>S&#8217;entra\u00eener \u00e0 appliquer les comp\u00e9tences de facilitation aux d\u00e9cisions de groupe en situation par le biais d&#8217;activit\u00e9s interactives et de jeux de r\u00f4le.<\/li>\n<\/ol>\n<p>Note : Une grande partie du mat\u00e9riel couvert par cette formation sera une r\u00e9plique de ce qui a \u00e9t\u00e9 couvert dans les formations d&#8217;animateur d&#8217;\u00e9quipe consultative ou de processus de cercle de la CRC. Si vous n&#8217;avez particip\u00e9 qu&#8217;\u00e0 la formation de cinq jours destin\u00e9e aux facilitateurs de la justice r\u00e9paratrice, il s&#8217;agira essentiellement d&#8217;un nouveau mat\u00e9riel. Nous vous attendons avec impatience !<\/p>\n<p>Cette formation se d\u00e9roulera \u00e0  <strong>deux sessions. Vous devez vous inscrire aux deux sessions<\/strong>.<\/p>\n<p><strong>Partie 1 : 20 juillet 2023 9:00 am PT &#8211; 12:30 pm PT<\/strong><\/p>\n<p>Inscrivez-vous \u00e0 l&#8217;avance \u00e0 cette r\u00e9union :<\/p>\n<p><a href=\"https:\/\/us06web.zoom.us\/meeting\/register\/tZMoce-prj4uEtWPUzUciy2d9UzUG_bRaA29\" target=\"_blank\" rel=\"noopener\">https:\/\/us06web.zoom.us\/meeting\/register\/tZMoce-prj4uEtWPUzUciy2d9UzUG_bRaA29<\/a><\/p>\n<p>Apr\u00e8s votre inscription, vous recevrez un courriel de confirmation contenant des informations sur la participation \u00e0 la r\u00e9union.<\/p>\n<p><strong>Partie 2 : 26 juillet 2023 9:00 am PT &#8211; 12:30 pm PT<\/strong><\/p>\n<p>Inscrivez-vous \u00e0 l&#8217;avance \u00e0 cette r\u00e9union :<\/p>\n<p><a href=\"https:\/\/us06web.zoom.us\/meeting\/register\/tZckdumprzMiE9YG7TaubrifYZPk4aXic1jY\" target=\"_blak\" rel=\"noopener\">https:\/\/us06web.zoom.us\/meeting\/register\/tZckdumprzMiE9YG7TaubrifYZPk4aXic1jY<\/a><\/p>\n<p>Apr\u00e8s votre inscription, vous recevrez un courriel de confirmation contenant des informations sur la participation \u00e0 la r\u00e9union.<\/p>\t\t\t\t\t\t\t\t<\/div>\n\t\t\t\t<\/div>\n\t\t\t\t\t<\/div>\n\t\t<\/div>\n\t\t\t\t\t<\/div>\n\t\t<\/section>\n\t\t\t\t<\/div>\n\t\t","protected":false},"excerpt":{"rendered":"<p>Naviguer dans le dialogue communautaire : Concepts et comp\u00e9tences pour l&#8217;animation de groupe est con\u00e7u pour doter les participants de techniques et de strat\u00e9gies pratiques pour animer des dialogues de groupe inclusifs et transformateurs. Tout au long de la formation, les participants se familiariseront avec divers concepts et pratiques d&#8217;animation de groupe, notamment les processus [&#8230;]\n","protected":false},"author":1,"featured_media":0,"parent":6959,"menu_order":0,"comment_status":"closed","ping_status":"closed","template":"","meta":{"iawp_total_views":0,"footnotes":""},"class_list":["post-12432","page","type-page","status-publish","hentry"],"_links":{"self":[{"href":"https:\/\/ssscorp.org\/fr\/wp-json\/wp\/v2\/pages\/12432","targetHints":{"allow":["GET"]}}],"collection":[{"href":"https:\/\/ssscorp.org\/fr\/wp-json\/wp\/v2\/pages"}],"about":[{"href":"https:\/\/ssscorp.org\/fr\/wp-json\/wp\/v2\/types\/page"}],"author":[{"embeddable":true,"href":"https:\/\/ssscorp.org\/fr\/wp-json\/wp\/v2\/users\/1"}],"replies":[{"embeddable":true,"href":"https:\/\/ssscorp.org\/fr\/wp-json\/wp\/v2\/comments?post=12432"}],"version-history":[{"count":2,"href":"https:\/\/ssscorp.org\/fr\/wp-json\/wp\/v2\/pages\/12432\/revisions"}],"predecessor-version":[{"id":12679,"href":"https:\/\/ssscorp.org\/fr\/wp-json\/wp\/v2\/pages\/12432\/revisions\/12679"}],"up":[{"embeddable":true,"href":"https:\/\/ssscorp.org\/fr\/wp-json\/wp\/v2\/pages\/6959"}],"wp:attachment":[{"href":"https:\/\/ssscorp.org\/fr\/wp-json\/wp\/v2\/media?parent=12432"}],"curies":[{"name":"wp","href":"https:\/\/api.w.org\/{rel}","templated":true}]}}