{"id":12395,"date":"2025-03-09T19:07:24","date_gmt":"2025-03-09T19:07:24","guid":{"rendered":"https:\/\/ssscorp.org\/crc-plus-dinformations-sur-la-justice-reparatrice\/"},"modified":"2025-03-09T22:27:33","modified_gmt":"2025-03-09T22:27:33","slug":"crc-plus-dinformations-sur-la-justice-reparatrice","status":"publish","type":"page","link":"https:\/\/ssscorp.org\/fr\/le-projet-de-reconciliation-compatissante\/crc-plus-dinformations-sur-la-justice-reparatrice\/","title":{"rendered":"CRP &#8211; Plus d&#8217;informations sur la justice r\u00e9paratrice"},"content":{"rendered":"\t\t<div data-elementor-type=\"wp-page\" data-elementor-id=\"12395\" class=\"elementor elementor-12395 elementor-12374\">\n\t\t\t\t\t\t<section class=\"elementor-section elementor-top-section elementor-element elementor-element-1ee6f355 elementor-section-boxed elementor-section-height-default elementor-section-height-default\" data-id=\"1ee6f355\" data-element_type=\"section\" data-e-type=\"section\" data-settings=\"{&quot;background_background&quot;:&quot;classic&quot;}\">\n\t\t\t\t\t\t\t<div class=\"elementor-background-overlay\"><\/div>\n\t\t\t\t\t\t\t<div class=\"elementor-container elementor-column-gap-no\">\n\t\t\t\t\t<div class=\"elementor-column elementor-col-50 elementor-top-column elementor-element elementor-element-7523028e\" data-id=\"7523028e\" data-element_type=\"column\" data-e-type=\"column\">\n\t\t\t<div class=\"elementor-widget-wrap elementor-element-populated\">\n\t\t\t\t\t\t<div class=\"elementor-element elementor-element-260812eb elementor-widget elementor-widget-heading\" data-id=\"260812eb\" data-element_type=\"widget\" data-e-type=\"widget\" data-widget_type=\"heading.default\">\n\t\t\t\t<div class=\"elementor-widget-container\">\n\t\t\t\t\t<h1 class=\"elementor-heading-title elementor-size-default\">Autres ressources sur la justice r\u00e9paratrice<\/h1>\t\t\t\t<\/div>\n\t\t\t\t<\/div>\n\t\t\t\t\t<\/div>\n\t\t<\/div>\n\t\t\t\t<div class=\"elementor-column elementor-col-50 elementor-top-column elementor-element elementor-element-577eb28\" data-id=\"577eb28\" data-element_type=\"column\" data-e-type=\"column\">\n\t\t\t<div class=\"elementor-widget-wrap elementor-element-populated\">\n\t\t\t\t\t\t<div class=\"elementor-element elementor-element-4a721e81 elementor-widget elementor-widget-image\" data-id=\"4a721e81\" data-element_type=\"widget\" data-e-type=\"widget\" data-widget_type=\"image.default\">\n\t\t\t\t<div class=\"elementor-widget-container\">\n\t\t\t\t\t\t\t\t\t\t\t\t\t\t\t<img decoding=\"async\" src=\"https:\/\/ssscorp.org\/wp-content\/uploads\/elementor\/thumbs\/cropped-white-with-green-banner-agriculture-logo-1_orig-r2mamiq5fjuq0d7vw81nmxo3h4aok2a9v226dppibm.png\" title=\"cropped-white-with-green-banner-agriculture-logo-1_orig.png\" alt=\"cropped-white-with-green-banner-agriculture-logo-1_orig.png\" loading=\"lazy\" \/>\t\t\t\t\t\t\t\t\t\t\t\t\t\t\t<\/div>\n\t\t\t\t<\/div>\n\t\t\t\t\t<\/div>\n\t\t<\/div>\n\t\t\t\t\t<\/div>\n\t\t<\/section>\n\t\t\t\t<section class=\"elementor-section elementor-top-section elementor-element elementor-element-141a7fc1 elementor-section-boxed elementor-section-height-default elementor-section-height-default\" data-id=\"141a7fc1\" data-element_type=\"section\" data-e-type=\"section\" data-settings=\"{&quot;background_background&quot;:&quot;classic&quot;}\">\n\t\t\t\t\t\t\t<div class=\"elementor-background-overlay\"><\/div>\n\t\t\t\t\t\t\t<div class=\"elementor-container elementor-column-gap-no\">\n\t\t\t\t\t<div class=\"elementor-column elementor-col-100 elementor-top-column elementor-element elementor-element-6e5063f5\" data-id=\"6e5063f5\" data-element_type=\"column\" data-e-type=\"column\">\n\t\t\t<div class=\"elementor-widget-wrap elementor-element-populated\">\n\t\t\t\t\t\t<div class=\"elementor-element elementor-element-3a0730c3 elementor-widget elementor-widget-heading\" data-id=\"3a0730c3\" data-element_type=\"widget\" data-e-type=\"widget\" data-widget_type=\"heading.default\">\n\t\t\t\t<div class=\"elementor-widget-container\">\n\t\t\t\t\t<h2 class=\"elementor-heading-title elementor-size-default\">Livres :<\/h2>\t\t\t\t<\/div>\n\t\t\t\t<\/div>\n\t\t\t\t<div class=\"elementor-element elementor-element-1f3058c5 elementor-widget elementor-widget-text-editor\" data-id=\"1f3058c5\" data-element_type=\"widget\" data-e-type=\"widget\" data-widget_type=\"text-editor.default\">\n\t\t\t\t<div class=\"elementor-widget-container\">\n\t\t\t\t\t\t\t\t\t<p>Ball, J., Caldwell, W. et Pranis, K. (2010). Doing Democracy with Circles : Engager les communaut\u00e9s dans la planification publique. Living Justice Press.  <\/p>\n<p>Bohm, D., Nichol, L. et Senge, P. (2004). On Dialogue. Routledge.  <\/p>\n<p>Brubaker, D. et Zimmerman, H. R. (2009). Petit livre des organisations saines : Outils pour comprendre et transformer votre organisation. Good Books.  <\/p>\n<p>Hadley, M. L. (2001). The Spiritual Roots of Restorative Justice (Les racines spirituelles de la justice r\u00e9paratrice). State University of New York Press.  <\/p>\n<p>Hooker, D. A. (2016). Le petit livre de la conf\u00e9rence communautaire transformative : Une approche pratique et pleine d&#8217;espoir du dialogue. Good Books.  <\/p>\n<p>Kaba, M. et Hassan, S. (2019). Fumbling Towards Repair : Un manuel pour les facilitateurs de la responsabilit\u00e9 communautaire. PROJET NIA.  <\/p>\n<p>Kahane, A. (2012). Planification transformative de sc\u00e9narios : Travailler ensemble pour changer l&#8217;avenir. Berrett-Koehler Publishers.  <\/p>\n<p>Kolk, V. B. (2015). The Body Keeps the Score : Brain, Mind, and Body in the Healing of Trauma (Le corps garde le score : le cerveau, l&#8217;esprit et le corps dans la gu\u00e9rison des traumatismes). Penguin Books.  <\/p>\n<p>Kotter, J. P. (2012). Leading Change, (1R ed.). Harvard Business Review Press.  <\/p>\n<p>Lederach, J. (2021). Petit livre de la transformation des conflits : Articulation claire des principes directeurs par un pionnier dans ce domaine. Good Books.  <\/p>\n<p>Levine, Pl, &amp; Kolk, B. V. A. (2015). Trauma et m\u00e9moire : Le cerveau et le corps \u00e0 la recherche du pass\u00e9 vivant : Un guide pratique pour comprendre et travailler avec la m\u00e9moire traumatique. North Atlantic Books.  <\/p>\n<p>Pranis, K. (2005). Le petit livre des processus circulaires. Good Books.  <\/p>\n<p>Stone, D., Patton, B., Heen, S. et Fisher, R. (2010). Difficult Conversations : How to Discute What Matters Most (\u00e9d. illustr\u00e9e). Penguin Books.  <\/p>\n<p>Valandra, E. C. et Yazzie, J. R. (2020). Colorizing Restorative Justice : Voicing Our Realities. Living Justice Press.  <\/p>\n<p>Yoder, C. (2005). Le petit livre de la gu\u00e9rison des traumatismes. Good Books.  <\/p>\n<p>Zehr, H. (2015a). Changing Lenses : Restorative Justice for Our Times. Herald Press.  <\/p>\n<p>Zehr, H. (2015c). Le petit livre de la justice r\u00e9paratrice : Revised and Updated. Good Books.  <\/p>\n\t\t\t\t\t\t\t\t<\/div>\n\t\t\t\t<\/div>\n\t\t\t\t<div class=\"elementor-element elementor-element-4529d61d elementor-widget elementor-widget-heading\" data-id=\"4529d61d\" data-element_type=\"widget\" data-e-type=\"widget\" data-widget_type=\"heading.default\">\n\t\t\t\t<div class=\"elementor-widget-container\">\n\t\t\t\t\t<h2 class=\"elementor-heading-title elementor-size-default\">Articles, rapports et blogs :<\/h2>\t\t\t\t<\/div>\n\t\t\t\t<\/div>\n\t\t\t\t<div class=\"elementor-element elementor-element-1e620b2f elementor-widget elementor-widget-text-editor\" data-id=\"1e620b2f\" data-element_type=\"widget\" data-e-type=\"widget\" data-widget_type=\"text-editor.default\">\n\t\t\t\t<div class=\"elementor-widget-container\">\n\t\t\t\t\t\t\t\t\t<p>Bargen, C. Lyons, A. &amp; Hartman, M (2019). L&#8217;exp\u00e9rience des victimes d&#8217;actes criminels en mati\u00e8re de justice r\u00e9paratrice ; un projet d&#8217;\u00e9coute. Minist\u00e8re de la Justice du Canada. cverj-vvpcj.pdf <a href=\"https:\/\/justice.gc.ca\/\" target=\"_blank\" rel=\"noopener\">(justice.gc.ca)<\/a>   <\/p>\n<p>Herman, J.L. (2005). &#8220;Justice from the Victim&#8217;s Perspective&#8221;, Violence Against Women, Vol. 11, No. 5, Pp. 571-602.  <\/p>\n<p>Le voyage vers la lumi\u00e8re &#8211; Une autre fa\u00e7on d&#8217;avancer : Final Report of the Restorative Inquiry &#8211; Nova Scotia Home for Colored Children <a href=\"https:\/\/www.restorativeinquiry.ca\/report\/Restorative-Justice-Inquiry-Final-%20Report.pdf\" target=\"_blank\" rel=\"noopener\" data-wplink-url-error=\"true\">https:\/\/www.restorativeinquiry.ca\/report\/Restorative-Justice-Inquiry-Final- Report.pdf<\/a><\/p>\n<p>Lyons, A. Restorative Justice vs. Conflict Resolution : Assessing for Intervention (2016). Just Outcomes Blog.   <a href=\"https:\/\/www.justoutcomesconsulting.com\/restorative-justice-vs-conflict-resolution-assessing-%20for-intervention\" target=\"_blank\" rel=\"noopener\" data-wplink-url-error=\"true\">https:\/\/www.justoutcomesconsulting.com\/restorative-justice-vs-conflict-resolution-assessing- pour-intervention<\/a><\/p>\n<p>Walker, M.U. (2006). Restorative Justice and Reparations (Justice r\u00e9paratrice et r\u00e9parations). Journal of Social Philosophy, Vol. 37, No. 3, (automne 2006) : 377-395   <\/p>\n<p>Zehr, H. (2002). &#8220;Journey to Belonging&#8221;, dans Weitekamp et Kerner (eds.), Restorative Justice : Theoretical Foundations. Willan Publishing, Portland, OR.  <\/p>\n<p>Zehr, Howard. Institut Zehr pour la justice r\u00e9paratrice (Blog).   <a href=\"https:\/\/emu.edu\/now\/restorative-justice\/\" target=\"_blank\" rel=\"noopener\">https:\/\/emu.edu\/now\/restorative-justice\/<\/a><\/p>\n\t\t\t\t\t\t\t\t<\/div>\n\t\t\t\t<\/div>\n\t\t\t\t<div class=\"elementor-element elementor-element-3c04e3f2 elementor-widget elementor-widget-heading\" data-id=\"3c04e3f2\" data-element_type=\"widget\" data-e-type=\"widget\" data-widget_type=\"heading.default\">\n\t\t\t\t<div class=\"elementor-widget-container\">\n\t\t\t\t\t<h2 class=\"elementor-heading-title elementor-size-default\">Webinaires :<\/h2>\t\t\t\t<\/div>\n\t\t\t\t<\/div>\n\t\t\t\t<div class=\"elementor-element elementor-element-25ce8eb9 elementor-widget elementor-widget-text-editor\" data-id=\"25ce8eb9\" data-element_type=\"widget\" data-e-type=\"widget\" data-widget_type=\"text-editor.default\">\n\t\t\t\t<div class=\"elementor-widget-container\">\n\t\t\t\t\t\t\t\t\t<p>Baliga, S. (2020) Restorative Justice and Sexual Violence [Webinar]. Coalition de l&#8217;\u00c9tat de New York contre les agressions sexuelles <a href=\"https:\/\/www.youtube.com\/watch?v=Xz0HkHICwU8\" target=\"_blank\" rel=\"noopener\">https:\/\/www.youtube.com\/watch?v=Xz0HkHICwU8<\/a> <\/p>\n<p>Nuri, N, Portez, J, &amp; Howard, R. (2018, April 4) How Do We Use Restorative Justice To Transform a Culture of Sexual Harm [Webinar]. Institut Zehr.   <a href=\"https:\/\/zehr-%20institute.org\/webinars\/rj-and-sexual-harm\/\" target=\"_blank\" rel=\"noopener\">https:\/\/zehr- institute.org\/webinars\/rj-and-sexual-harm\/<\/a><\/p>\n\t\t\t\t\t\t\t\t<\/div>\n\t\t\t\t<\/div>\n\t\t\t\t\t<\/div>\n\t\t<\/div>\n\t\t\t\t\t<\/div>\n\t\t<\/section>\n\t\t\t\t<\/div>\n\t\t","protected":false},"excerpt":{"rendered":"<p>Autres ressources sur la justice r\u00e9paratrice Livres : Ball, J., Caldwell, W. et Pranis, K. (2010). Doing Democracy with Circles : Engager les communaut\u00e9s dans la planification publique. Living Justice Press. Bohm, D., Nichol, L. et Senge, P. (2004). On Dialogue. Routledge. Brubaker, D. et Zimmerman, H. R. (2009). Petit livre des organisations saines : [&#8230;]\n","protected":false},"author":1,"featured_media":0,"parent":6959,"menu_order":0,"comment_status":"closed","ping_status":"closed","template":"","meta":{"iawp_total_views":1,"footnotes":""},"class_list":["post-12395","page","type-page","status-publish","hentry"],"_links":{"self":[{"href":"https:\/\/ssscorp.org\/fr\/wp-json\/wp\/v2\/pages\/12395","targetHints":{"allow":["GET"]}}],"collection":[{"href":"https:\/\/ssscorp.org\/fr\/wp-json\/wp\/v2\/pages"}],"about":[{"href":"https:\/\/ssscorp.org\/fr\/wp-json\/wp\/v2\/types\/page"}],"author":[{"embeddable":true,"href":"https:\/\/ssscorp.org\/fr\/wp-json\/wp\/v2\/users\/1"}],"replies":[{"embeddable":true,"href":"https:\/\/ssscorp.org\/fr\/wp-json\/wp\/v2\/comments?post=12395"}],"version-history":[{"count":2,"href":"https:\/\/ssscorp.org\/fr\/wp-json\/wp\/v2\/pages\/12395\/revisions"}],"predecessor-version":[{"id":12696,"href":"https:\/\/ssscorp.org\/fr\/wp-json\/wp\/v2\/pages\/12395\/revisions\/12696"}],"up":[{"embeddable":true,"href":"https:\/\/ssscorp.org\/fr\/wp-json\/wp\/v2\/pages\/6959"}],"wp:attachment":[{"href":"https:\/\/ssscorp.org\/fr\/wp-json\/wp\/v2\/media?parent=12395"}],"curies":[{"name":"wp","href":"https:\/\/api.w.org\/{rel}","templated":true}]}}