{"id":12377,"date":"2025-03-09T19:04:34","date_gmt":"2025-03-09T19:04:34","guid":{"rendered":"https:\/\/ssscorp.org\/crc-eps\/"},"modified":"2025-03-09T21:07:03","modified_gmt":"2025-03-09T21:07:03","slug":"crc-eps","status":"publish","type":"page","link":"https:\/\/ssscorp.org\/fr\/le-projet-de-reconciliation-compatissante\/crc-eps\/","title":{"rendered":"CRC &#8211; EPS"},"content":{"rendered":"\t\t<div data-elementor-type=\"wp-page\" data-elementor-id=\"12377\" class=\"elementor elementor-12377 elementor-12352\">\n\t\t\t\t\t\t<section class=\"elementor-section elementor-top-section elementor-element elementor-element-32e1c9bd elementor-section-boxed elementor-section-height-default elementor-section-height-default\" data-id=\"32e1c9bd\" data-element_type=\"section\" data-e-type=\"section\" data-settings=\"{&quot;background_background&quot;:&quot;gradient&quot;}\">\n\t\t\t\t\t\t\t<div class=\"elementor-background-overlay\"><\/div>\n\t\t\t\t\t\t\t<div class=\"elementor-container elementor-column-gap-no\">\n\t\t\t\t\t<div class=\"elementor-column elementor-col-100 elementor-top-column elementor-element elementor-element-6dedc390\" data-id=\"6dedc390\" data-element_type=\"column\" data-e-type=\"column\">\n\t\t\t<div class=\"elementor-widget-wrap elementor-element-populated\">\n\t\t\t\t\t\t<div class=\"elementor-element elementor-element-163e0dc0 elementor-widget elementor-widget-image\" data-id=\"163e0dc0\" data-element_type=\"widget\" data-e-type=\"widget\" data-widget_type=\"image.default\">\n\t\t\t\t<div class=\"elementor-widget-container\">\n\t\t\t\t\t\t\t\t\t\t\t\t\t\t\t<img decoding=\"async\" src=\"https:\/\/ssscorp.org\/wp-content\/uploads\/elementor\/thumbs\/eps-logo_orig-r2mamnf9ggz2v12dxytvvv9cvntowgu1nrhzvu128e.png\" title=\"eps-logo_orig.png\" alt=\"eps-logo_orig.png\" loading=\"lazy\" \/>\t\t\t\t\t\t\t\t\t\t\t\t\t\t\t<\/div>\n\t\t\t\t<\/div>\n\t\t\t\t<div class=\"elementor-element elementor-element-219b4652 elementor-widget elementor-widget-heading\" data-id=\"219b4652\" data-element_type=\"widget\" data-e-type=\"widget\" data-widget_type=\"heading.default\">\n\t\t\t\t<div class=\"elementor-widget-container\">\n\t\t\t\t\t<h1 class=\"elementor-heading-title elementor-size-default\">\u00c9thique et normes professionnelles (EPS)<\/h1>\t\t\t\t<\/div>\n\t\t\t\t<\/div>\n\t\t\t\t<div class=\"elementor-element elementor-element-7d0f87eb elementor-widget elementor-widget-text-editor\" data-id=\"7d0f87eb\" data-element_type=\"widget\" data-e-type=\"widget\" data-widget_type=\"text-editor.default\">\n\t\t\t\t<div class=\"elementor-widget-container\">\n\t\t\t\t\t\t\t\t\t<p>L&#8217;EPS sert l&#8217;unit\u00e9, l&#8217;\u00e9thique et l&#8217;int\u00e9grit\u00e9 de nos communaut\u00e9s locales et mondiales et de nos Sangats en travaillant avec les entit\u00e9s et les individus appropri\u00e9s pour r\u00e9soudre les plaintes et les violations de nos codes d&#8217;\u00e9thique. Nous cr\u00e9ons et maintenons des processus qui permettent de r\u00e9soudre les situations difficiles de mani\u00e8re syst\u00e9matique, \u00e9quitable et respectueuse. Nous \u00e9duquons nos communaut\u00e9s et nos Sangats, nos ministres, nos enseignants et nos formateurs d&#8217;enseignants \u00e0 travailler ensemble de mani\u00e8re \u00e9thique et consciente. L&#8217;EPS enseigne ses valeurs et ses normes partout o\u00f9 elle est pr\u00e9sente. EPS travaille pour r\u00e9soudre les pr\u00e9occupations\/plaintes concernant les enseignants et formateurs d&#8217;enseignants de KRI Kundalini Yoga, les ministres SDI et les organisations inspir\u00e9es par Yogi Bhajan. Ce bureau travaille ind\u00e9pendamment, mais en \u00e9troite collaboration avec le KRI, IKYTA, 3HO et SDI. Nous traitons les plaintes depuis 2001. <\/p>\n\t\t\t\t\t\t\t\t<\/div>\n\t\t\t\t<\/div>\n\t\t\t\t<div class=\"elementor-element elementor-element-329406b2 elementor-align-center elementor-widget elementor-widget-button\" data-id=\"329406b2\" data-element_type=\"widget\" data-e-type=\"widget\" data-widget_type=\"button.default\">\n\t\t\t\t<div class=\"elementor-widget-container\">\n\t\t\t\t\t\t\t\t\t<div class=\"elementor-button-wrapper\">\n\t\t\t\t\t<a class=\"elementor-button elementor-button-link elementor-size-sm\" href=\"https:\/\/epsweb.org\/\" target=\"_blank\">\n\t\t\t\t\t\t<span class=\"elementor-button-content-wrapper\">\n\t\t\t\t\t\t\t\t\t<span class=\"elementor-button-text\">Visitez la page web de l'EPS ici<\/span>\n\t\t\t\t\t<\/span>\n\t\t\t\t\t<\/a>\n\t\t\t\t<\/div>\n\t\t\t\t\t\t\t\t<\/div>\n\t\t\t\t<\/div>\n\t\t\t\t<section class=\"elementor-section elementor-inner-section elementor-element elementor-element-6698d693 elementor-section-boxed elementor-section-height-default elementor-section-height-default\" data-id=\"6698d693\" data-element_type=\"section\" data-e-type=\"section\">\n\t\t\t\t\t\t<div class=\"elementor-container elementor-column-gap-default\">\n\t\t\t\t\t<div class=\"elementor-column elementor-col-50 elementor-inner-column elementor-element elementor-element-76dd03aa\" data-id=\"76dd03aa\" data-element_type=\"column\" data-e-type=\"column\">\n\t\t\t<div class=\"elementor-widget-wrap elementor-element-populated\">\n\t\t\t\t\t\t<div class=\"elementor-element elementor-element-4a5c3342 elementor-widget elementor-widget-text-editor\" data-id=\"4a5c3342\" data-element_type=\"widget\" data-e-type=\"widget\" data-widget_type=\"text-editor.default\">\n\t\t\t\t<div class=\"elementor-widget-container\">\n\t\t\t\t\t\t\t\t\t<p>Mission de l&#8217;EPS<\/p>\n\t\t\t\t\t\t\t\t<\/div>\n\t\t\t\t<\/div>\n\t\t\t\t<div class=\"elementor-element elementor-element-551b8bbf elementor-widget elementor-widget-text-editor\" data-id=\"551b8bbf\" data-element_type=\"widget\" data-e-type=\"widget\" data-widget_type=\"text-editor.default\">\n\t\t\t\t<div class=\"elementor-widget-container\">\n\t\t\t\t\t\t\t\t\t<p>Le Bureau de l&#8217;\u00e9thique, des normes professionnelles et de la r\u00e9solution consciente des conflits veille activement au maintien de l&#8217;\u00e9thique et de l&#8217;int\u00e9grit\u00e9 des communaut\u00e9s 3HO\/KRI\/Sikh Dharma, des enseignants de Kundalini Yoga, des formateurs d&#8217;enseignants KRI et des organisations \u00e0 but non lucratif :<\/p>\n<p>1. Soutenir des environnements s\u00fbrs pour nos membres, nos communaut\u00e9s et nos organisations<\/p>\n<p>2. \u00c9duquer tous les segments de notre communaut\u00e9 \u00e0 un comportement \u00e9thique et respectueux<\/p>\n<p>3. Donner aux \u00e9tudiants les moyens de s&#8217;exprimer clairement et avec force au sein des communaut\u00e9s 3HO\/KRI\/Sikh Dharma.<\/p>\n<p>4. Promouvoir une culture \u00e9thique, inclusive, diversifi\u00e9e et transparente o\u00f9 tous les participants peuvent s&#8217;exprimer librement et \u00eatre entendus avec respect.<\/p>\n<p>5. Am\u00e9liorer l&#8217;int\u00e9grit\u00e9 et le professionnalisme des enseignants de Kundalini Yoga et des formateurs d&#8217;enseignants KRI<br \/>Offrir des voies guid\u00e9es de r\u00e9solution consciente des conflits <\/p>\n\t\t\t\t\t\t\t\t<\/div>\n\t\t\t\t<\/div>\n\t\t\t\t\t<\/div>\n\t\t<\/div>\n\t\t\t\t<div class=\"elementor-column elementor-col-50 elementor-inner-column elementor-element elementor-element-3f9ae515\" data-id=\"3f9ae515\" data-element_type=\"column\" data-e-type=\"column\">\n\t\t\t<div class=\"elementor-widget-wrap elementor-element-populated\">\n\t\t\t\t\t\t<div class=\"elementor-element elementor-element-6aded67e elementor-widget elementor-widget-text-editor\" data-id=\"6aded67e\" data-element_type=\"widget\" data-e-type=\"widget\" data-widget_type=\"text-editor.default\">\n\t\t\t\t<div class=\"elementor-widget-container\">\n\t\t\t\t\t\t\t\t\t<p>Vision de l&#8217;EPS<\/p>\n\t\t\t\t\t\t\t\t<\/div>\n\t\t\t\t<\/div>\n\t\t\t\t<div class=\"elementor-element elementor-element-2f309cab elementor-widget elementor-widget-text-editor\" data-id=\"2f309cab\" data-element_type=\"widget\" data-e-type=\"widget\" data-widget_type=\"text-editor.default\">\n\t\t\t\t<div class=\"elementor-widget-container\">\n\t\t\t\t\t\t\t\t\t<p>L&#8217;EPS sert l&#8217;unit\u00e9, l&#8217;\u00e9thique et l&#8217;int\u00e9grit\u00e9 de nos communaut\u00e9s locales et mondiales 3HO\/KRI\/Sikh Dharma en travaillant avec les entit\u00e9s et les individus concern\u00e9s pour r\u00e9soudre les plaintes et les violations de nos codes d&#8217;\u00e9thique. Nous cr\u00e9ons et maintenons des processus qui permettent de r\u00e9soudre les situations difficiles de mani\u00e8re syst\u00e9matique, \u00e9quitable et respectueuse. Nous formons nos communaut\u00e9s, nos ministres, nos enseignants et nos formateurs d&#8217;enseignants \u00e0 travailler de mani\u00e8re \u00e9thique et consciente.  <\/p>\n<p>L&#8217;EPS traite les plaintes depuis 2014 en utilisant une proc\u00e9dure de plainte formelle, la m\u00e9diation et la justice r\u00e9paratrice. L&#8217;EPS travaille ind\u00e9pendamment de KRI, IKYTA, 3HO et SDI, mais en \u00e9troite collaboration avec eux. <\/p>\n<p>L&#8217;EPS est ouverte \u00e0 tous et souhaite servir tout le monde. Si vous avez un probl\u00e8me, nous vous encourageons \u00e0 contacter l&#8217;EPS afin que nous puissions trouver des solutions ensemble. <\/p>\n\t\t\t\t\t\t\t\t<\/div>\n\t\t\t\t<\/div>\n\t\t\t\t\t<\/div>\n\t\t<\/div>\n\t\t\t\t\t<\/div>\n\t\t<\/section>\n\t\t\t\t\t<\/div>\n\t\t<\/div>\n\t\t\t\t\t<\/div>\n\t\t<\/section>\n\t\t\t\t<\/div>\n\t\t","protected":false},"excerpt":{"rendered":"<p>\u00c9thique et normes professionnelles (EPS) L&#8217;EPS sert l&#8217;unit\u00e9, l&#8217;\u00e9thique et l&#8217;int\u00e9grit\u00e9 de nos communaut\u00e9s locales et mondiales et de nos Sangats en travaillant avec les entit\u00e9s et les individus appropri\u00e9s pour r\u00e9soudre les plaintes et les violations de nos codes d&#8217;\u00e9thique. Nous cr\u00e9ons et maintenons des processus qui permettent de r\u00e9soudre les situations difficiles de [&#8230;]\n","protected":false},"author":1,"featured_media":0,"parent":6959,"menu_order":0,"comment_status":"closed","ping_status":"closed","template":"elementor_header_footer","meta":{"iawp_total_views":1,"footnotes":""},"class_list":["post-12377","page","type-page","status-publish","hentry"],"_links":{"self":[{"href":"https:\/\/ssscorp.org\/fr\/wp-json\/wp\/v2\/pages\/12377","targetHints":{"allow":["GET"]}}],"collection":[{"href":"https:\/\/ssscorp.org\/fr\/wp-json\/wp\/v2\/pages"}],"about":[{"href":"https:\/\/ssscorp.org\/fr\/wp-json\/wp\/v2\/types\/page"}],"author":[{"embeddable":true,"href":"https:\/\/ssscorp.org\/fr\/wp-json\/wp\/v2\/users\/1"}],"replies":[{"embeddable":true,"href":"https:\/\/ssscorp.org\/fr\/wp-json\/wp\/v2\/comments?post=12377"}],"version-history":[{"count":2,"href":"https:\/\/ssscorp.org\/fr\/wp-json\/wp\/v2\/pages\/12377\/revisions"}],"predecessor-version":[{"id":12656,"href":"https:\/\/ssscorp.org\/fr\/wp-json\/wp\/v2\/pages\/12377\/revisions\/12656"}],"up":[{"embeddable":true,"href":"https:\/\/ssscorp.org\/fr\/wp-json\/wp\/v2\/pages\/6959"}],"wp:attachment":[{"href":"https:\/\/ssscorp.org\/fr\/wp-json\/wp\/v2\/media?parent=12377"}],"curies":[{"name":"wp","href":"https:\/\/api.w.org\/{rel}","templated":true}]}}