{"id":12317,"date":"2025-03-09T18:58:00","date_gmt":"2025-03-09T18:58:00","guid":{"rendered":"https:\/\/ssscorp.org\/des-resultats-justes\/"},"modified":"2025-03-09T22:27:21","modified_gmt":"2025-03-09T22:27:21","slug":"des-resultats-justes","status":"publish","type":"page","link":"https:\/\/ssscorp.org\/fr\/le-projet-de-reconciliation-compatissante\/des-resultats-justes\/","title":{"rendered":"CRP &#8211; Just Outcomes"},"content":{"rendered":"\t\t<div data-elementor-type=\"wp-page\" data-elementor-id=\"12317\" class=\"elementor elementor-12317 elementor-12309\">\n\t\t\t\t\t\t<section class=\"elementor-section elementor-top-section elementor-element elementor-element-8a2b87 elementor-section-boxed elementor-section-height-default elementor-section-height-default\" data-id=\"8a2b87\" data-element_type=\"section\" data-e-type=\"section\" data-settings=\"{&quot;background_background&quot;:&quot;classic&quot;}\">\n\t\t\t\t\t\t\t<div class=\"elementor-background-overlay\"><\/div>\n\t\t\t\t\t\t\t<div class=\"elementor-container elementor-column-gap-no\">\n\t\t\t\t\t<div class=\"elementor-column elementor-col-100 elementor-top-column elementor-element elementor-element-1137ac83\" data-id=\"1137ac83\" data-element_type=\"column\" data-e-type=\"column\">\n\t\t\t<div class=\"elementor-widget-wrap elementor-element-populated\">\n\t\t\t\t\t\t<div class=\"elementor-element elementor-element-1bd680b5 elementor-widget elementor-widget-heading\" data-id=\"1bd680b5\" data-element_type=\"widget\" data-e-type=\"widget\" data-widget_type=\"heading.default\">\n\t\t\t\t<div class=\"elementor-widget-container\">\n\t\t\t\t\t<h1 class=\"elementor-heading-title elementor-size-default\">Des r\u00e9sultats justes<\/h1>\t\t\t\t<\/div>\n\t\t\t\t<\/div>\n\t\t\t\t<div class=\"elementor-element elementor-element-4a8a2768 elementor-widget elementor-widget-text-editor\" data-id=\"4a8a2768\" data-element_type=\"widget\" data-e-type=\"widget\" data-widget_type=\"text-editor.default\">\n\t\t\t\t<div class=\"elementor-widget-container\">\n\t\t\t\t\t\t\t\t\t<p>Just Outcomes est une \u00e9quipe de consultants en justice r\u00e9paratrice qui travaille avec les leaders des communaut\u00e9s et des organisations pour construire et am\u00e9liorer les syst\u00e8mes de s\u00e9curit\u00e9, de justice et de responsabilit\u00e9 communautaires. Just Outcomes se sp\u00e9cialise dans l&#8217;obtention de r\u00e9sultats qui soutiennent le leadership collectif et int\u00e8grent les id\u00e9es, les aspirations et les besoins des communaut\u00e9s et des groupes. <\/p>\n\t\t\t\t\t\t\t\t<\/div>\n\t\t\t\t<\/div>\n\t\t\t\t<section class=\"elementor-section elementor-inner-section elementor-element elementor-element-4d150972 elementor-section-boxed elementor-section-height-default elementor-section-height-default\" data-id=\"4d150972\" data-element_type=\"section\" data-e-type=\"section\">\n\t\t\t\t\t\t<div class=\"elementor-container elementor-column-gap-default\">\n\t\t\t\t\t<div class=\"elementor-column elementor-col-50 elementor-inner-column elementor-element elementor-element-4ee73837\" data-id=\"4ee73837\" data-element_type=\"column\" data-e-type=\"column\">\n\t\t\t<div class=\"elementor-widget-wrap elementor-element-populated\">\n\t\t\t\t\t\t<div class=\"elementor-element elementor-element-219d6a9a elementor-widget elementor-widget-heading\" data-id=\"219d6a9a\" data-element_type=\"widget\" data-e-type=\"widget\" data-widget_type=\"heading.default\">\n\t\t\t\t<div class=\"elementor-widget-container\">\n\t\t\t\t\t<h2 class=\"elementor-heading-title elementor-size-default\">Mision<\/h2>\t\t\t\t<\/div>\n\t\t\t\t<\/div>\n\t\t\t\t<div class=\"elementor-element elementor-element-7bcfaa41 elementor-widget elementor-widget-text-editor\" data-id=\"7bcfaa41\" data-element_type=\"widget\" data-e-type=\"widget\" data-widget_type=\"text-editor.default\">\n\t\t\t\t<div class=\"elementor-widget-container\">\n\t\t\t\t\t\t\t\t\t<p>Notre mission est de soutenir les communaut\u00e9s et les organisations dans l&#8217;\u00e9laboration de r\u00e9ponses justes \u00e0 des actions ou des situations pr\u00e9judiciables.<\/p>\n\t\t\t\t\t\t\t\t<\/div>\n\t\t\t\t<\/div>\n\t\t\t\t\t<\/div>\n\t\t<\/div>\n\t\t\t\t<div class=\"elementor-column elementor-col-50 elementor-inner-column elementor-element elementor-element-416d2893\" data-id=\"416d2893\" data-element_type=\"column\" data-e-type=\"column\">\n\t\t\t<div class=\"elementor-widget-wrap elementor-element-populated\">\n\t\t\t\t\t\t<div class=\"elementor-element elementor-element-51dcaf19 elementor-widget elementor-widget-heading\" data-id=\"51dcaf19\" data-element_type=\"widget\" data-e-type=\"widget\" data-widget_type=\"heading.default\">\n\t\t\t\t<div class=\"elementor-widget-container\">\n\t\t\t\t\t<h2 class=\"elementor-heading-title elementor-size-default\">Just Outcomes Vision\n<\/h2>\t\t\t\t<\/div>\n\t\t\t\t<\/div>\n\t\t\t\t<div class=\"elementor-element elementor-element-8e65ebe elementor-widget elementor-widget-text-editor\" data-id=\"8e65ebe\" data-element_type=\"widget\" data-e-type=\"widget\" data-widget_type=\"text-editor.default\">\n\t\t\t\t<div class=\"elementor-widget-container\">\n\t\t\t\t\t\t\t\t\t<p>Nous envisageons des communaut\u00e9s dynamiques et r\u00e9silientes, b\u00e2ties sur la force de relations justes.<\/p>\n\t\t\t\t\t\t\t\t<\/div>\n\t\t\t\t<\/div>\n\t\t\t\t\t<\/div>\n\t\t<\/div>\n\t\t\t\t\t<\/div>\n\t\t<\/section>\n\t\t\t\t\t<\/div>\n\t\t<\/div>\n\t\t\t\t\t<\/div>\n\t\t<\/section>\n\t\t\t\t<section class=\"elementor-section elementor-top-section elementor-element elementor-element-3a388bb8 elementor-section-boxed elementor-section-height-default elementor-section-height-default\" data-id=\"3a388bb8\" data-element_type=\"section\" data-e-type=\"section\" data-settings=\"{&quot;background_background&quot;:&quot;classic&quot;}\">\n\t\t\t\t\t\t\t<div class=\"elementor-background-overlay\"><\/div>\n\t\t\t\t\t\t\t<div class=\"elementor-container elementor-column-gap-no\">\n\t\t\t\t\t<div class=\"elementor-column elementor-col-100 elementor-top-column elementor-element elementor-element-25327dd0\" data-id=\"25327dd0\" data-element_type=\"column\" data-e-type=\"column\">\n\t\t\t<div class=\"elementor-widget-wrap elementor-element-populated\">\n\t\t\t\t\t\t<div class=\"elementor-element elementor-element-1d18feaa elementor-widget elementor-widget-image\" data-id=\"1d18feaa\" data-element_type=\"widget\" data-e-type=\"widget\" data-widget_type=\"image.default\">\n\t\t\t\t<div class=\"elementor-widget-container\">\n\t\t\t\t\t\t\t\t\t\t\t\t\t\t\t<img decoding=\"async\" width=\"198\" height=\"101\" src=\"https:\/\/ssscorp.org\/wp-content\/uploads\/2025\/03\/just-outcomes-logo.png\" class=\"attachment-large size-large wp-image-12146\" alt=\"\" \/>\t\t\t\t\t\t\t\t\t\t\t\t\t\t\t<\/div>\n\t\t\t\t<\/div>\n\t\t\t\t<div class=\"elementor-element elementor-element-1ce3ea4a elementor-widget elementor-widget-text-editor\" data-id=\"1ce3ea4a\" data-element_type=\"widget\" data-e-type=\"widget\" data-widget_type=\"text-editor.default\">\n\t\t\t\t<div class=\"elementor-widget-container\">\n\t\t\t\t\t\t\t\t\t<p>L&#8217;\u00e9quipe Just Outcomes<\/p>\n\t\t\t\t\t\t\t\t<\/div>\n\t\t\t\t<\/div>\n\t\t\t\t<section class=\"elementor-section elementor-inner-section elementor-element elementor-element-1546985e elementor-section-boxed elementor-section-height-default elementor-section-height-default\" data-id=\"1546985e\" data-element_type=\"section\" data-e-type=\"section\">\n\t\t\t\t\t\t<div class=\"elementor-container elementor-column-gap-default\">\n\t\t\t\t\t<div class=\"elementor-column elementor-col-33 elementor-inner-column elementor-element elementor-element-62b7cf24\" data-id=\"62b7cf24\" data-element_type=\"column\" data-e-type=\"column\">\n\t\t\t<div class=\"elementor-widget-wrap elementor-element-populated\">\n\t\t\t\t\t\t<div class=\"elementor-element elementor-element-58501ea5 elementor-widget elementor-widget-image\" data-id=\"58501ea5\" data-element_type=\"widget\" data-e-type=\"widget\" data-widget_type=\"image.default\">\n\t\t\t\t<div class=\"elementor-widget-container\">\n\t\t\t\t\t\t\t\t\t\t\t\t\t\t\t<img fetchpriority=\"high\" decoding=\"async\" width=\"520\" height=\"676\" src=\"https:\/\/ssscorp.org\/wp-content\/uploads\/2025\/03\/screen-shot-2021-01-26-at-10-40-46-am_orig.png\" class=\"attachment-large size-large wp-image-12154\" alt=\"\" srcset=\"https:\/\/ssscorp.org\/wp-content\/uploads\/2025\/03\/screen-shot-2021-01-26-at-10-40-46-am_orig.png 520w, https:\/\/ssscorp.org\/wp-content\/uploads\/2025\/03\/screen-shot-2021-01-26-at-10-40-46-am_orig-231x300.png 231w\" sizes=\"(max-width: 520px) 100vw, 520px\" \/>\t\t\t\t\t\t\t\t\t\t\t\t\t\t\t<\/div>\n\t\t\t\t<\/div>\n\t\t\t\t<div class=\"elementor-element elementor-element-6d1188f9 elementor-widget elementor-widget-heading\" data-id=\"6d1188f9\" data-element_type=\"widget\" data-e-type=\"widget\" data-widget_type=\"heading.default\">\n\t\t\t\t<div class=\"elementor-widget-container\">\n\t\t\t\t\t<h2 class=\"elementor-heading-title elementor-size-default\">Catherine Bargen<\/h2>\t\t\t\t<\/div>\n\t\t\t\t<\/div>\n\t\t\t\t<div class=\"elementor-element elementor-element-52729dfd elementor-widget elementor-widget-text-editor\" data-id=\"52729dfd\" data-element_type=\"widget\" data-e-type=\"widget\" data-widget_type=\"text-editor.default\">\n\t\t\t\t<div class=\"elementor-widget-container\">\n\t\t\t\t\t\t\t\t\t<p>Catherine Bargen travaille avec les communaut\u00e9s pour d\u00e9velopper des programmes de justice r\u00e9paratrice depuis plus de 20 ans. Travaillant au Canada et \u00e0 l&#8217;\u00e9tranger, elle consulte, forme et facilite les processus de justice r\u00e9paratrice et de transformation des conflits pour les \u00e9coles, les communaut\u00e9s religieuses, les communaut\u00e9s indig\u00e8nes, les organisations gouvernementales et non gouvernementales. Avant de cofonder Just Outcomes, Catherine a \u00e9t\u00e9 pendant neuf ans coordinatrice de la justice r\u00e9paratrice au sein de la division des services aux victimes et de la pr\u00e9vention du crime du gouvernement de la Colombie-Britannique, au Canada. Elle a \u00e9crit et co\u00e9crit plusieurs ressources sur la justice r\u00e9paratrice qui ont \u00e9t\u00e9 largement lues, et a re\u00e7u en 2019 le prix de la s\u00e9curit\u00e9 communautaire et de la pr\u00e9vention du crime de la Colombie-Britannique. Catherine est titulaire d&#8217;un master en transformation des conflits du Center for Justice and Peacebuilding en Virginie, aux \u00c9tats-Unis. Elle apporte un style optimiste \u00e0 son travail, tout en offrant sa sinc\u00e8re attention et sa compassion \u00e0 toutes les personnes avec lesquelles elle travaille.     <\/p>\n\t\t\t\t\t\t\t\t<\/div>\n\t\t\t\t<\/div>\n\t\t\t\t\t<\/div>\n\t\t<\/div>\n\t\t\t\t<div class=\"elementor-column elementor-col-33 elementor-inner-column elementor-element elementor-element-15b352eb\" data-id=\"15b352eb\" data-element_type=\"column\" data-e-type=\"column\">\n\t\t\t<div class=\"elementor-widget-wrap elementor-element-populated\">\n\t\t\t\t\t\t<div class=\"elementor-element elementor-element-18bd54c1 elementor-widget elementor-widget-image\" data-id=\"18bd54c1\" data-element_type=\"widget\" data-e-type=\"widget\" data-widget_type=\"image.default\">\n\t\t\t\t<div class=\"elementor-widget-container\">\n\t\t\t\t\t\t\t\t\t\t\t\t\t\t\t<img decoding=\"async\" width=\"518\" height=\"676\" src=\"https:\/\/ssscorp.org\/wp-content\/uploads\/2025\/03\/screen-shot-2021-01-26-at-10-41-06-am_orig.png\" class=\"attachment-large size-large wp-image-12162\" alt=\"\" srcset=\"https:\/\/ssscorp.org\/wp-content\/uploads\/2025\/03\/screen-shot-2021-01-26-at-10-41-06-am_orig.png 518w, https:\/\/ssscorp.org\/wp-content\/uploads\/2025\/03\/screen-shot-2021-01-26-at-10-41-06-am_orig-230x300.png 230w\" sizes=\"(max-width: 518px) 100vw, 518px\" \/>\t\t\t\t\t\t\t\t\t\t\t\t\t\t\t<\/div>\n\t\t\t\t<\/div>\n\t\t\t\t<div class=\"elementor-element elementor-element-2032a85b elementor-widget elementor-widget-heading\" data-id=\"2032a85b\" data-element_type=\"widget\" data-e-type=\"widget\" data-widget_type=\"heading.default\">\n\t\t\t\t<div class=\"elementor-widget-container\">\n\t\t\t\t\t<h2 class=\"elementor-heading-title elementor-size-default\">Matthew Hartman<\/h2>\t\t\t\t<\/div>\n\t\t\t\t<\/div>\n\t\t\t\t<div class=\"elementor-element elementor-element-7144d1a6 elementor-widget elementor-widget-text-editor\" data-id=\"7144d1a6\" data-element_type=\"widget\" data-e-type=\"widget\" data-widget_type=\"text-editor.default\">\n\t\t\t\t<div class=\"elementor-widget-container\">\n\t\t\t\t\t\t\t\t\t<p>Matthew Hartman a plus de 20 ans d&#8217;exp\u00e9rience multisectorielle en tant que facilitateur, formateur, administrateur de programme et consultant au sein du mouvement de la justice r\u00e9paratrice aux \u00c9tats-Unis et au Canada. Son exp\u00e9rience comprend la facilitation de processus de justice r\u00e9paratrice dans des contextes vari\u00e9s, le travail au sein d&#8217;organisations \u00e0 but non lucratif et de secteurs gouvernementaux pour red\u00e9velopper et administrer des programmes de justice r\u00e9paratrice, et le partenariat avec des communaut\u00e9s et des agences pour aligner leurs r\u00e9ponses aux pr\u00e9judices sur les valeurs r\u00e9paratrices et humaines universelles. Praticien tr\u00e8s attach\u00e9 aux principes, Matthew se passionne depuis longtemps pour le d\u00e9veloppement humain et organisationnel. Alliant sa curiosit\u00e9 et son empathie \u00e0 des comp\u00e9tences organisationnelles et techniques exceptionnelles, Matthew propose une approche collaborative et responsabilisante du travail avec les personnes et les groupes. Il est titulaire d&#8217;une ma\u00eetrise en transformation des conflits.    <\/p>\n\t\t\t\t\t\t\t\t<\/div>\n\t\t\t\t<\/div>\n\t\t\t\t\t<\/div>\n\t\t<\/div>\n\t\t\t\t<div class=\"elementor-column elementor-col-33 elementor-inner-column elementor-element elementor-element-15ba2b6b\" data-id=\"15ba2b6b\" data-element_type=\"column\" data-e-type=\"column\">\n\t\t\t<div class=\"elementor-widget-wrap elementor-element-populated\">\n\t\t\t\t\t\t<div class=\"elementor-element elementor-element-365fa853 elementor-widget elementor-widget-image\" data-id=\"365fa853\" data-element_type=\"widget\" data-e-type=\"widget\" data-widget_type=\"image.default\">\n\t\t\t\t<div class=\"elementor-widget-container\">\n\t\t\t\t\t\t\t\t\t\t\t\t\t\t\t<img loading=\"lazy\" decoding=\"async\" width=\"528\" height=\"680\" src=\"https:\/\/ssscorp.org\/wp-content\/uploads\/2025\/03\/screen-shot-2021-01-26-at-10-41-21-am_orig.png\" class=\"attachment-large size-large wp-image-12170\" alt=\"\" srcset=\"https:\/\/ssscorp.org\/wp-content\/uploads\/2025\/03\/screen-shot-2021-01-26-at-10-41-21-am_orig.png 528w, https:\/\/ssscorp.org\/wp-content\/uploads\/2025\/03\/screen-shot-2021-01-26-at-10-41-21-am_orig-233x300.png 233w\" sizes=\"(max-width: 528px) 100vw, 528px\" \/>\t\t\t\t\t\t\t\t\t\t\t\t\t\t\t<\/div>\n\t\t\t\t<\/div>\n\t\t\t\t<div class=\"elementor-element elementor-element-49b1f460 elementor-widget elementor-widget-heading\" data-id=\"49b1f460\" data-element_type=\"widget\" data-e-type=\"widget\" data-widget_type=\"heading.default\">\n\t\t\t\t<div class=\"elementor-widget-container\">\n\t\t\t\t\t<h2 class=\"elementor-heading-title elementor-size-default\">Aaron Lyons<\/h2>\t\t\t\t<\/div>\n\t\t\t\t<\/div>\n\t\t\t\t<div class=\"elementor-element elementor-element-266bab01 elementor-widget elementor-widget-text-editor\" data-id=\"266bab01\" data-element_type=\"widget\" data-e-type=\"widget\" data-widget_type=\"text-editor.default\">\n\t\t\t\t<div class=\"elementor-widget-container\">\n\t\t\t\t\t\t\t\t\t<p>Aaron Lyons est un artisan de la paix et un sp\u00e9cialiste de la justice r\u00e9paratrice exp\u00e9riment\u00e9 et passionn\u00e9, qui compte 17 ans d&#8217;exp\u00e9rience internationale dans les domaines de la facilitation, de la consultation, du coaching et de la formation. Titulaire d&#8217;une ma\u00eetrise en transformation des conflits du Center for Justice and Peacebuilding (Virginie), il poss\u00e8de des ann\u00e9es d&#8217;exp\u00e9rience en mati\u00e8re de facilitation du dialogue r\u00e9parateur \u00e0 la suite de crimes et de traumatismes. Aaron aide un large \u00e9ventail d&#8217;organismes gouvernementaux et non gouvernementaux \u00e0 concevoir et \u00e0 mettre en \u0153uvre des approches fond\u00e9es sur des valeurs, tenant compte des traumatismes et sensibles \u00e0 la culture, pour r\u00e9soudre les conflits, les pr\u00e9judices et les injustices. Il croit fermement en la capacit\u00e9 des gens \u00e0 grandir et \u00e0 d\u00e9couvrir leurs propres voies cr\u00e9atives, m\u00eame \u00e0 travers les exp\u00e9riences les plus difficiles de la vie. Facilitateur, \u00e9crivain et instructeur naturel, Aaron apporte une pr\u00e9sence perspicace, engageante et stable \u00e0 tout son travail.    <\/p>\n\t\t\t\t\t\t\t\t<\/div>\n\t\t\t\t<\/div>\n\t\t\t\t\t<\/div>\n\t\t<\/div>\n\t\t\t\t\t<\/div>\n\t\t<\/section>\n\t\t\t\t\t<\/div>\n\t\t<\/div>\n\t\t\t\t\t<\/div>\n\t\t<\/section>\n\t\t\t\t<\/div>\n\t\t","protected":false},"excerpt":{"rendered":"<p>Des r\u00e9sultats justes Just Outcomes est une \u00e9quipe de consultants en justice r\u00e9paratrice qui travaille avec les leaders des communaut\u00e9s et des organisations pour construire et am\u00e9liorer les syst\u00e8mes de s\u00e9curit\u00e9, de justice et de responsabilit\u00e9 communautaires. Just Outcomes se sp\u00e9cialise dans l&#8217;obtention de r\u00e9sultats qui soutiennent le leadership collectif et int\u00e8grent les id\u00e9es, les [&#8230;]\n","protected":false},"author":1,"featured_media":0,"parent":6959,"menu_order":0,"comment_status":"closed","ping_status":"closed","template":"elementor_header_footer","meta":{"iawp_total_views":0,"footnotes":""},"class_list":["post-12317","page","type-page","status-publish","hentry"],"_links":{"self":[{"href":"https:\/\/ssscorp.org\/fr\/wp-json\/wp\/v2\/pages\/12317","targetHints":{"allow":["GET"]}}],"collection":[{"href":"https:\/\/ssscorp.org\/fr\/wp-json\/wp\/v2\/pages"}],"about":[{"href":"https:\/\/ssscorp.org\/fr\/wp-json\/wp\/v2\/types\/page"}],"author":[{"embeddable":true,"href":"https:\/\/ssscorp.org\/fr\/wp-json\/wp\/v2\/users\/1"}],"replies":[{"embeddable":true,"href":"https:\/\/ssscorp.org\/fr\/wp-json\/wp\/v2\/comments?post=12317"}],"version-history":[{"count":3,"href":"https:\/\/ssscorp.org\/fr\/wp-json\/wp\/v2\/pages\/12317\/revisions"}],"predecessor-version":[{"id":12627,"href":"https:\/\/ssscorp.org\/fr\/wp-json\/wp\/v2\/pages\/12317\/revisions\/12627"}],"up":[{"embeddable":true,"href":"https:\/\/ssscorp.org\/fr\/wp-json\/wp\/v2\/pages\/6959"}],"wp:attachment":[{"href":"https:\/\/ssscorp.org\/fr\/wp-json\/wp\/v2\/media?parent=12317"}],"curies":[{"name":"wp","href":"https:\/\/api.w.org\/{rel}","templated":true}]}}