{"id":11021,"date":"2024-10-03T14:05:12","date_gmt":"2024-10-03T14:05:12","guid":{"rendered":"https:\/\/ssscorp.org\/formation-en-yoga-kundalini-tenant-compte-des-traumatismes\/"},"modified":"2024-10-03T14:05:23","modified_gmt":"2024-10-03T14:05:23","slug":"formation-en-yoga-kundalini-tenant-compte-des-traumatismes","status":"publish","type":"page","link":"https:\/\/ssscorp.org\/fr\/formation-en-yoga-kundalini-tenant-compte-des-traumatismes\/","title":{"rendered":"Formation en yoga Kundalini tenant compte des traumatismes"},"content":{"rendered":"\n\n  <div class=\"banner has-hover has-parallax\" id=\"banner-164132707\">\n          <div class=\"banner-inner fill\">\n        <div class=\"banner-bg fill\" data-parallax=\"-3\" data-parallax-container=\".banner\" data-parallax-background>\n            <div class=\"bg fill bg-fill \"><\/div>\n                        <div class=\"overlay\"><\/div>            \n                    <\/div>\n\t\t\n        <div class=\"banner-layers container\">\n            <div class=\"fill banner-link\"><\/div>            \n\n   <div id=\"text-box-2036741845\" class=\"text-box banner-layer x50 md-x50 lg-x50 y50 md-y50 lg-y50 res-text\">\n                                <div class=\"text-box-content text dark\">\n              \n              <div class=\"text-inner text-center\">\n                  \n\n<h3 class=\"uppercase\"><strong>Formation en yoga Kundalini tenant compte des traumatismes<\/strong><\/h3>\n\n              <\/div>\n           <\/div>\n                            \n<style>\n#text-box-2036741845 {\n  width: 60%;\n}\n#text-box-2036741845 .text-box-content {\n  font-size: 100%;\n}\n<\/style>\n    <\/div>\n \n\n        <\/div>\n      <\/div>\n\n            \n<style>\n#banner-164132707 {\n  padding-top: 300px;\n}\n#banner-164132707 .bg.bg-loaded {\n  background-image: url(https:\/\/ssscorp.org\/wp-content\/uploads\/2022\/09\/Untitled-design-3-scaled-1.jpeg);\n}\n#banner-164132707 .overlay {\n  background-color: rgba(17, 33, 82, 0.855);\n}\n#banner-164132707 .ux-shape-divider--top svg {\n  height: 150px;\n  --divider-top-width: 100%;\n}\n#banner-164132707 .ux-shape-divider--bottom svg {\n  height: 150px;\n  --divider-width: 100%;\n}\n<\/style>\n  <\/div>\n\n\n\t<section class=\"section\" id=\"section_754510441\">\n\t\t<div class=\"bg section-bg fill bg-fill  bg-loaded\" >\n\n\t\t\t\n\t\t\t\n\t\t\t\n\n\t\t<\/div>\n\n\t\t\n\n\t\t<div class=\"section-content relative\">\n\t\t\t\n\n<div class=\"row align-center\"  id=\"row-1943966968\">\n\n\n\t<div id=\"col-585701588\" class=\"col small-12 large-12\"  >\n\t\t\t\t<div class=\"col-inner text-center\"  >\n\t\t\t\n\t\t\t\n\n\t<div class=\"img has-hover x md-x lg-x y md-y lg-y\" id=\"image_9994110\">\n\t\t\t\t\t\t\t\t<div class=\"img-inner dark\" >\n\t\t\t<img fetchpriority=\"high\" decoding=\"async\" width=\"724\" height=\"1024\" src=\"https:\/\/ssscorp.org\/wp-content\/uploads\/2024\/09\/OGA-NEWS-JULY24-for-SSSC-NL-AUG24-FINAL-images-01-724x1024.jpg\" class=\"attachment-large size-large\" alt=\"\" srcset=\"https:\/\/ssscorp.org\/wp-content\/uploads\/2024\/09\/OGA-NEWS-JULY24-for-SSSC-NL-AUG24-FINAL-images-01-724x1024.jpg 724w, https:\/\/ssscorp.org\/wp-content\/uploads\/2024\/09\/OGA-NEWS-JULY24-for-SSSC-NL-AUG24-FINAL-images-01-212x300.jpg 212w, https:\/\/ssscorp.org\/wp-content\/uploads\/2024\/09\/OGA-NEWS-JULY24-for-SSSC-NL-AUG24-FINAL-images-01-768x1086.jpg 768w, https:\/\/ssscorp.org\/wp-content\/uploads\/2024\/09\/OGA-NEWS-JULY24-for-SSSC-NL-AUG24-FINAL-images-01-1086x1536.jpg 1086w, https:\/\/ssscorp.org\/wp-content\/uploads\/2024\/09\/OGA-NEWS-JULY24-for-SSSC-NL-AUG24-FINAL-images-01.jpg 1241w\" sizes=\"(max-width: 724px) 100vw, 724px\" \/>\t\t\t\t\t\t\n\t\t\t\t\t<\/div>\n\t\t\t\t\t\t\t\t\n<style>\n#image_9994110 {\n  width: 34%;\n}\n<\/style>\n\t<\/div>\n\t\n\n\n\t\t<\/div>\n\t\t\t\t\t<\/div>\n\n\t\n\n<\/div>\n<div class=\"row\"  id=\"row-1974420630\">\n\n\n\t<div id=\"col-1009381718\" class=\"col small-12 large-12\"  >\n\t\t\t\t<div class=\"col-inner\"  >\n\t\t\t\n\t\t\t\n\n<h2>Formation en yoga Kundalini tenant compte des traumatismes<\/h2>\n<p>Depuis le d\u00e9but de la guerre, notre communaut\u00e9 ukrainienne de Kundalini Yoga et de Sikh Dharma a \u00e9t\u00e9 confront\u00e9e \u00e0 d&#8217;\u00e9normes difficult\u00e9s.\nLes familles ont endur\u00e9 les horreurs des bombardements en fuyant ou en \u00e9tant coup\u00e9es du monde ext\u00e9rieur.\nElles ont perdu des enfants, des membres de leur famille et des amis, et ont \u00e9t\u00e9 t\u00e9moins de la mort et de la destruction.\nLes membres de notre sangat servent largement, souvent au p\u00e9ril de leur vie, s&#8217;effor\u00e7ant de maintenir un \u00e9tat de pri\u00e8re et d&#8217;\u00e9quilibre interne <a href=\"https:\/\/drive.google.com\/file\/d\/1lmB2Eh3VJ07vRWy25tOvym20loD5q2iy\/view\" target=\"_blank\" rel=\"noopener\">&#8230;Lire la suite ici<\/a>    <\/p>\n\n\n\t\t<\/div>\n\t\t\t\t\t<\/div>\n\n\t\n\n<\/div>\n\n\t\t<\/div>\n\n\t\t\n<style>\n#section_754510441 {\n  padding-top: 30px;\n  padding-bottom: 30px;\n}\n#section_754510441 .ux-shape-divider--top svg {\n  height: 150px;\n  --divider-top-width: 100%;\n}\n#section_754510441 .ux-shape-divider--bottom svg {\n  height: 150px;\n  --divider-width: 100%;\n}\n<\/style>\n\t<\/section>\n\t\n\n","protected":false},"excerpt":{"rendered":"","protected":false},"author":1,"featured_media":0,"parent":0,"menu_order":0,"comment_status":"closed","ping_status":"closed","template":"page-blank.php","meta":{"iawp_total_views":3,"footnotes":""},"class_list":["post-11021","page","type-page","status-publish","hentry"],"_links":{"self":[{"href":"https:\/\/ssscorp.org\/fr\/wp-json\/wp\/v2\/pages\/11021","targetHints":{"allow":["GET"]}}],"collection":[{"href":"https:\/\/ssscorp.org\/fr\/wp-json\/wp\/v2\/pages"}],"about":[{"href":"https:\/\/ssscorp.org\/fr\/wp-json\/wp\/v2\/types\/page"}],"author":[{"embeddable":true,"href":"https:\/\/ssscorp.org\/fr\/wp-json\/wp\/v2\/users\/1"}],"replies":[{"embeddable":true,"href":"https:\/\/ssscorp.org\/fr\/wp-json\/wp\/v2\/comments?post=11021"}],"version-history":[{"count":1,"href":"https:\/\/ssscorp.org\/fr\/wp-json\/wp\/v2\/pages\/11021\/revisions"}],"predecessor-version":[{"id":11023,"href":"https:\/\/ssscorp.org\/fr\/wp-json\/wp\/v2\/pages\/11021\/revisions\/11023"}],"wp:attachment":[{"href":"https:\/\/ssscorp.org\/fr\/wp-json\/wp\/v2\/media?parent=11021"}],"curies":[{"name":"wp","href":"https:\/\/api.w.org\/{rel}","templated":true}]}}