{"id":6969,"date":"2023-08-28T16:51:50","date_gmt":"2023-08-28T16:51:50","guid":{"rendered":"https:\/\/ssscorp.org\/proyecto-de-reconciliacion-compasiva\/"},"modified":"2025-03-09T22:36:11","modified_gmt":"2025-03-09T22:36:11","slug":"proyecto-de-reconciliacion-compasiva","status":"publish","type":"page","link":"https:\/\/ssscorp.org\/es\/proyecto-de-reconciliacion-compasiva\/","title":{"rendered":"Proyecto de Reconciliaci\u00f3n Compasiva"},"content":{"rendered":"\n\n  <div class=\"banner has-hover has-parallax\" id=\"banner-158241412\">\n          <div class=\"banner-inner fill\">\n        <div class=\"banner-bg fill\" data-parallax=\"-3\" data-parallax-container=\".banner\" data-parallax-background>\n            <div class=\"bg fill bg-fill \"><\/div>\n                        <div class=\"overlay\"><\/div>            \n                    <\/div>\n\t\t\n        <div class=\"banner-layers container\">\n            <div class=\"fill banner-link\"><\/div>            \n\n   <div id=\"text-box-1981482334\" class=\"text-box banner-layer x50 md-x50 lg-x50 y50 md-y50 lg-y50 res-text\">\n                                <div class=\"text-box-content text dark\">\n              \n              <div class=\"text-inner text-center\">\n                  \n\n<h3 class=\"uppercase\"><strong>Proyecto de Reconciliaci\u00f3n Compasiva<\/strong><\/h3>\n\n              <\/div>\n           <\/div>\n                            \n<style>\n#text-box-1981482334 {\n  width: 60%;\n}\n#text-box-1981482334 .text-box-content {\n  font-size: 100%;\n}\n<\/style>\n    <\/div>\n \n\n        <\/div>\n      <\/div>\n\n            \n<style>\n#banner-158241412 {\n  padding-top: 300px;\n}\n#banner-158241412 .bg.bg-loaded {\n  background-image: url(https:\/\/ssscorp.org\/wp-content\/uploads\/2022\/09\/Untitled-design-3-scaled-1.jpeg);\n}\n#banner-158241412 .overlay {\n  background-color: rgba(17, 33, 82, 0.855);\n}\n#banner-158241412 .ux-shape-divider--top svg {\n  height: 150px;\n  --divider-top-width: 100%;\n}\n#banner-158241412 .ux-shape-divider--bottom svg {\n  height: 150px;\n  --divider-width: 100%;\n}\n<\/style>\n  <\/div>\n\n\n\t<section class=\"section\" id=\"section_838119215\">\n\t\t<div class=\"bg section-bg fill bg-fill  bg-loaded\" >\n\n\t\t\t\n\t\t\t\n\t\t\t\n\n\t\t<\/div>\n\n\t\t\n\n\t\t<div class=\"section-content relative\">\n\t\t\t\n\n<div class=\"row align-center\"  id=\"row-1179567204\">\n\n\n\t<div id=\"col-152570266\" class=\"col small-12 large-12\"  >\n\t\t\t\t<div class=\"col-inner\"  >\n\t\t\t\n\t\t\t\n\n<h2>Proyecto de Reconciliaci\u00f3n Compasiva<\/h2>\n<p><span style=\"font-weight: 400;\">A principios de 2020, las comunidades globales de 3HO, KRI, Sikh Dharma Internacional escucharon el doloroso intercambio de experiencias de da\u00f1o dentro de nuestras comunidades, y especialmente nuestros programas juveniles y escuelas.<\/span><\/p>\n<p><span style=\"font-weight: 400;\">La SSSC se ha embarcado en un viaje de Reconciliaci\u00f3n Compasiva, que utiliza los principios fundamentales de la justicia reparadora para guiar los procesos de curaci\u00f3n de todos los afectados. El Proyecto de Reconciliaci\u00f3n Compasiva pretende reconocer y reparar el da\u00f1o al tiempo que reconstruye una comunidad de confianza.<\/span><\/p>\n<p><span style=\"font-weight: 400;\">En el oto\u00f1o de 2020, el SSSC contrat\u00f3 a Just Outcomes, una empresa consultora de justicia restaurativa, que centr\u00f3 sus esfuerzos en reunirse con individuos y grupos de nuestra comunidad para comprender mejor las diversas necesidades y experiencias presentes. Este proceso de aprendizaje y evaluaci\u00f3n ayud\u00f3 a Just Outcomes a comprender qu\u00e9 podr\u00eda ser necesario para abordar de forma significativa las necesidades de reconocimiento y curaci\u00f3n. A trav\u00e9s de este trabajo en red y de la creaci\u00f3n de relaciones, Just Outcomes ha colaborado estrechamente con nuestros actuales<\/span><\/p>\n<p><span style=\"font-weight: 400;\">organizaci\u00f3n y liderazgo comunitario para crear capacidad y dise\u00f1ar v\u00edas de justicia, apoyo y sanaci\u00f3n.<\/span><\/p>\n<p><span style=\"font-weight: 400;\">Una iniciativa importante del Proyecto de Reconciliaci\u00f3n Compasiva fue la creaci\u00f3n de la Comisi\u00f3n de Reconciliaci\u00f3n Compasiva (CRC). El CRC es un grupo diverso que recoge las m\u00faltiples voces, necesidades y perspectivas que existen en nuestra comunidad. La estructura actual del CRC consiste en una serie de equipos consultivos que trabajan junto al n\u00facleo del CRC, compuesto por representantes de cada equipo consultivo.<\/span><\/p>\n<p><span style=\"font-weight: 400;\">Haz clic aqu\u00ed para ver m\u00e1s informaci\u00f3n sobre el Proyecto: <\/span><a href=\"https:\/\/ssscorp.org\/es\/proyecto-de-reconciliacion-compasiva\/crc-prueba\/\"><span style=\"font-weight: 400;\">https:\/\/ssscorp.org\/the-compassionate-reconciliation-project\/crp-about\/<\/span><\/a><\/p>\n\n\n\t\t<\/div>\n\t\t\t\t\t<\/div>\n\n\t\n\n<\/div>\n\n\t\t<\/div>\n\n\t\t\n<style>\n#section_838119215 {\n  padding-top: 30px;\n  padding-bottom: 30px;\n}\n#section_838119215 .ux-shape-divider--top svg {\n  height: 150px;\n  --divider-top-width: 100%;\n}\n#section_838119215 .ux-shape-divider--bottom svg {\n  height: 150px;\n  --divider-width: 100%;\n}\n<\/style>\n\t<\/section>\n\t\n\n","protected":false},"excerpt":{"rendered":"","protected":false},"author":2,"featured_media":0,"parent":0,"menu_order":0,"comment_status":"closed","ping_status":"closed","template":"page-blank.php","meta":{"iawp_total_views":2,"footnotes":""},"class_list":["post-6969","page","type-page","status-publish","hentry"],"_links":{"self":[{"href":"https:\/\/ssscorp.org\/es\/wp-json\/wp\/v2\/pages\/6969","targetHints":{"allow":["GET"]}}],"collection":[{"href":"https:\/\/ssscorp.org\/es\/wp-json\/wp\/v2\/pages"}],"about":[{"href":"https:\/\/ssscorp.org\/es\/wp-json\/wp\/v2\/types\/page"}],"author":[{"embeddable":true,"href":"https:\/\/ssscorp.org\/es\/wp-json\/wp\/v2\/users\/2"}],"replies":[{"embeddable":true,"href":"https:\/\/ssscorp.org\/es\/wp-json\/wp\/v2\/comments?post=6969"}],"version-history":[{"count":4,"href":"https:\/\/ssscorp.org\/es\/wp-json\/wp\/v2\/pages\/6969\/revisions"}],"predecessor-version":[{"id":12835,"href":"https:\/\/ssscorp.org\/es\/wp-json\/wp\/v2\/pages\/6969\/revisions\/12835"}],"wp:attachment":[{"href":"https:\/\/ssscorp.org\/es\/wp-json\/wp\/v2\/media?parent=6969"}],"curies":[{"name":"wp","href":"https:\/\/api.w.org\/{rel}","templated":true}]}}