{"id":6863,"date":"2023-08-28T16:34:46","date_gmt":"2023-08-28T16:34:46","guid":{"rendered":"https:\/\/ssscorp.org\/comision-de-derechos-humanos\/"},"modified":"2023-08-28T16:34:53","modified_gmt":"2023-08-28T16:34:53","slug":"comision-de-derechos-humanos","status":"publish","type":"page","link":"https:\/\/ssscorp.org\/es\/comision-de-derechos-humanos\/","title":{"rendered":"Comisi\u00f3n de Derechos Humanos"},"content":{"rendered":"\n\n  <div class=\"banner has-hover has-parallax\" id=\"banner-648177820\">\n          <div class=\"banner-inner fill\">\n        <div class=\"banner-bg fill\" data-parallax=\"-3\" data-parallax-container=\".banner\" data-parallax-background>\n            <div class=\"bg fill bg-fill \"><\/div>\n                        <div class=\"overlay\"><\/div>            \n                    <\/div>\n\t\t\n        <div class=\"banner-layers container\">\n            <div class=\"fill banner-link\"><\/div>            \n\n   <div id=\"text-box-955693176\" class=\"text-box banner-layer x50 md-x50 lg-x50 y50 md-y50 lg-y50 res-text\">\n                                <div class=\"text-box-content text dark\">\n              \n              <div class=\"text-inner text-center\">\n                  \n\n<h3 class=\"uppercase\"><strong>Comisi\u00f3n de Derechos Humanos<\/strong><\/h3>\n\n\n              <\/div>\n           <\/div>\n                            \n<style>\n#text-box-955693176 {\n  width: 60%;\n}\n#text-box-955693176 .text-box-content {\n  font-size: 100%;\n}\n<\/style>\n    <\/div>\n \n\n        <\/div>\n      <\/div>\n\n            \n<style>\n#banner-648177820 {\n  padding-top: 300px;\n}\n#banner-648177820 .bg.bg-loaded {\n  background-image: url(https:\/\/ssscorp.org\/wp-content\/uploads\/2022\/09\/Untitled-design-3-scaled-1.jpeg);\n}\n#banner-648177820 .overlay {\n  background-color: rgba(17, 33, 82, 0.855);\n}\n#banner-648177820 .ux-shape-divider--top svg {\n  height: 150px;\n  --divider-top-width: 100%;\n}\n#banner-648177820 .ux-shape-divider--bottom svg {\n  height: 150px;\n  --divider-width: 100%;\n}\n<\/style>\n  <\/div>\n\n\n\t<section class=\"section\" id=\"section_1719787374\">\n\t\t<div class=\"bg section-bg fill bg-fill  bg-loaded\" >\n\n\t\t\t\n\t\t\t\n\t\t\t\n\n\t\t<\/div>\n\n\t\t\n\n\t\t<div class=\"section-content relative\">\n\t\t\t\n\n<div class=\"row align-center\"  id=\"row-2074053488\">\n\n\n\t<div id=\"col-1481828928\" class=\"col small-12 large-12\"  >\n\t\t\t\t<div class=\"col-inner\"  >\n\t\t\t\n\t\t\t\n\n<h2>Comisi\u00f3n de Derechos Humanos<\/h2>\n<p>El 1 de abril de 2022, la Comisi\u00f3n de Derechos Humanos de la CSS celebr\u00f3 su primera reuni\u00f3n. El prop\u00f3sito de la Comisi\u00f3n de Derechos Humanos es identificar y centrarse en cuestiones globales de Derechos Humanos que sean relevantes para la comunidad 3HO\/Sikh Dharma, asesorar a la SSSC y a sus afiliados sobre dichas cuestiones, e identificar y colaborar con otras organizaciones que est\u00e9n trabajando en estas mismas cuestiones de derechos humanos.  <\/p>\n<p>Haga clic aqu\u00ed para leer la <a href=\"https:\/\/docs.google.com\/document\/d\/1ezlZ8vB6kAwVvlKC83i9nCnc6Pt9SqLm3m5ruqj0XQw\/edit#heading=h.y02hu2ojjv5k\" target=\"_blank\" rel=\"noopener\">carta<\/a>\n <\/p>\n\n\n\t\t<\/div>\n\t\t\t\t\t<\/div>\n\n\t\n\n<\/div>\n\n\t\t<\/div>\n\n\t\t\n<style>\n#section_1719787374 {\n  padding-top: 30px;\n  padding-bottom: 30px;\n}\n#section_1719787374 .ux-shape-divider--top svg {\n  height: 150px;\n  --divider-top-width: 100%;\n}\n#section_1719787374 .ux-shape-divider--bottom svg {\n  height: 150px;\n  --divider-width: 100%;\n}\n<\/style>\n\t<\/section>\n\t\n\n","protected":false},"excerpt":{"rendered":"","protected":false},"author":2,"featured_media":0,"parent":0,"menu_order":0,"comment_status":"closed","ping_status":"closed","template":"page-blank.php","meta":{"iawp_total_views":3,"footnotes":""},"class_list":["post-6863","page","type-page","status-publish","hentry"],"_links":{"self":[{"href":"https:\/\/ssscorp.org\/es\/wp-json\/wp\/v2\/pages\/6863","targetHints":{"allow":["GET"]}}],"collection":[{"href":"https:\/\/ssscorp.org\/es\/wp-json\/wp\/v2\/pages"}],"about":[{"href":"https:\/\/ssscorp.org\/es\/wp-json\/wp\/v2\/types\/page"}],"author":[{"embeddable":true,"href":"https:\/\/ssscorp.org\/es\/wp-json\/wp\/v2\/users\/2"}],"replies":[{"embeddable":true,"href":"https:\/\/ssscorp.org\/es\/wp-json\/wp\/v2\/comments?post=6863"}],"version-history":[{"count":1,"href":"https:\/\/ssscorp.org\/es\/wp-json\/wp\/v2\/pages\/6863\/revisions"}],"predecessor-version":[{"id":6864,"href":"https:\/\/ssscorp.org\/es\/wp-json\/wp\/v2\/pages\/6863\/revisions\/6864"}],"wp:attachment":[{"href":"https:\/\/ssscorp.org\/es\/wp-json\/wp\/v2\/media?parent=6863"}],"curies":[{"name":"wp","href":"https:\/\/api.w.org\/{rel}","templated":true}]}}