{"id":4677,"date":"2023-01-07T17:27:25","date_gmt":"2023-01-07T17:27:25","guid":{"rendered":"https:\/\/ssscorp.org\/gestor-de-proyectos-de-derechos-humanos\/"},"modified":"2023-01-07T17:39:36","modified_gmt":"2023-01-07T17:39:36","slug":"gestor-de-proyectos-de-derechos-humanos","status":"publish","type":"page","link":"https:\/\/ssscorp.org\/es\/gestor-de-proyectos-de-derechos-humanos\/","title":{"rendered":"Gestor de proyectos de derechos humanos"},"content":{"rendered":"\n\t<section class=\"section\" id=\"section_1696169418\">\n\t\t<div class=\"bg section-bg fill bg-fill  bg-loaded\" >\n\n\t\t\t\n\t\t\t\n\t\t\t\n\n\t\t<\/div>\n\n\t\t\n\n\t\t<div class=\"section-content relative\">\n\t\t\t\n\n<div class=\"row align-center\"  id=\"row-1762409962\">\n\n\n\t<div id=\"col-123668272\" class=\"col small-12 large-12\"  >\n\t\t\t\t<div class=\"col-inner\"  >\n\t\t\t\n\t\t\t\n\n<h2>El CSSS busca un Gestor de Proyectos de Derechos Humanos<\/h2>\n<p>La SSSC es la organizaci\u00f3n matriz de las organizaciones filiales sin \u00e1nimo de lucro (3HO, 3HO Europa, LYB, KRI, Sikhnet, SDI y SDEI) y el accionista de KIIT, nuestra filial con \u00e1nimo de lucro. La SSSC tambi\u00e9n act\u00faa como fideicomisaria de un fideicomiso ben\u00e9fico cuyos beneficiarios son las organizaciones sin \u00e1nimo de lucro y las comunidades a las que sirven.<\/p>\n<p>En abril de 2021, la SSSC, a trav\u00e9s de un consejo del Consejo Khalsa, constituy\u00f3 la Comisi\u00f3n de Derechos Humanos. El primer tema de inter\u00e9s de la comisi\u00f3n es la igualdad matrimonial para las parejas sijs LGBTQ.<\/p>\n<p>Ahora buscamos un gestor de proyectos para la Comisi\u00f3n de Derechos Humanos que asuma el liderazgo de este proyecto y preste sus conocimientos y talento a este puesto. Lea la descripci\u00f3n del puesto que figura a continuaci\u00f3n y env\u00ede su curr\u00edculum y una carta de presentaci\u00f3n a <a href=\"mailto:humanrightsadmin@ssscorp.org\">humanrightsadmin@ssscorp.org<\/a> para presentar su candidatura.<\/p>\n<h3>Descripci\u00f3n del puesto<\/h3>\n<p>\n<strong>Tipo:<\/strong> A tiempo parcial, contratista independiente<br>\n<strong>Depende de:<\/strong> El Presidente de la Comisi\u00f3n de Derechos Humanos<br>\n<strong>Enfoque:<\/strong> Igualdad matrimonial en la 3HO, el Sikh Dharma y la comunidad Sikh en general\n<\/p>\n<p style=\"font-weight: bold\">El alcance del trabajo incluye:<\/p>\n<ul>\n<li>Gestionar y crear contenidos que puedan compartirse, como la historia de la igualdad matrimonial en la comunidad sij, una lista de lugares y ministros que celebran bodas sijs del mismo sexo, recursos para la seguridad de los gurdwaras, socios y aliados&#8230;  <\/li>\n<li>Elaborar material educativo y gu\u00edas de recursos que incluyan apoyo terap\u00e9utico familiar y de salud mental para la comunidad LGBTQ, un motivo arco iris que los ministros, gurdwaras y personas afines a estos grupos puedan exhibir en sus sitios web.<\/li>\n<li>\nTrabajar internamente con el CCSS y las organizaciones subsidiarias.<\/li>\n<li>Apoyo\/trabajo con la OPA (Oficina de Asuntos P\u00fablicos)<\/li>\n<li>Establecer redes\/crear asociaciones y alianzas con Gurdwaras y otros grupos Sikh\/LGBTQ.<\/li>\n<li>\nOtras tareas desarrolladas y asignadas por la Comisi\u00f3n de Derechos Humanos  <\/li>\n<\/ul>\n<p>\n<b>Otras posibles funciones:<\/b><\/p>\n<ul>\n<li>Colaboraci\u00f3n con Human Rights\/OPA en el acto de Vaisakhi<\/li>\n<\/ul>\n<p>\n<b>Cualificaciones<\/b><\/p>\n<ul>\n<li>Excelentes aptitudes de comunicaci\u00f3n escrita y verbal\n<\/li>\n<li>Experiencia y competencias en gesti\u00f3n de proyectos\n<\/li>\n<li>Competencia tecnol\u00f3gica con ordenadores, Internet y aplicaciones comunes como Google Docs.\n<\/li>\n<li>Experiencia en elaboraci\u00f3n de estrategias\n<\/li>\n<li>Persona de referencia\n<\/li>\n<li>Debe poder asistir a todas las reuniones del CDH en Zoom y coordinarse estrechamente con el Presidente del CDH.\n<\/li>\n<\/ul>\n<p>\n<b>Cualificaciones preferidas<\/b><\/p>\n<ul>\n<li>Capacidad de liderazgo<\/li>\n<li>Experiencia vivida\n<\/li>\n<li>Experiencia en defensa de la justicia social\n<\/li>\n<li>Competencias y sensibilidad interculturales\n<\/li>\n<li>Experiencia en gesti\u00f3n de proyectos\n<\/li>\n<li>Experiencia de apoyo a la comunidad LGBTQ\n<\/li>\n<li>Experiencia de trabajo con organizaciones sin \u00e1nimo de lucro\n<\/li>\n<li>Experiencia laboral por contrato o a distancia\n<\/li>\n<li>Excelente capacidad de gesti\u00f3n del tiempo\n<\/li>\n<\/ul>\n<p>\nNota: se trata de un puesto de contratista independiente, a tiempo parcial durante dos a\u00f1os. La continuaci\u00f3n del trabajo despu\u00e9s de los dos a\u00f1os depende de la financiaci\u00f3n. Este puesto es virtual con la necesidad ocasional de viajar.<\/p>\n<p>Por favor, env\u00ede su curr\u00edculum con una carta de presentaci\u00f3n explicando c\u00f3mo sus habilidades y experiencia pueden mejorar este proyecto: <a href=\"mailto:humanrightsadmin@ssscorp.org\">humanrightsadmin@ssscorp.org.<\/a> <u>Fecha l\u00edmite para enviar su curr\u00edculum: 31 de enero de 2023<\/u>\n<\/p>\n\n\n\t\t<\/div>\n\t\t\t\t\t<\/div>\n\n\t\n\n<\/div>\n\n\t\t<\/div>\n\n\t\t\n<style>\n#section_1696169418 {\n  padding-top: 30px;\n  padding-bottom: 30px;\n}\n#section_1696169418 .ux-shape-divider--top svg {\n  height: 150px;\n  --divider-top-width: 100%;\n}\n#section_1696169418 .ux-shape-divider--bottom svg {\n  height: 150px;\n  --divider-width: 100%;\n}\n<\/style>\n\t<\/section>\n\t\n\n","protected":false},"excerpt":{"rendered":"","protected":false},"author":1,"featured_media":0,"parent":0,"menu_order":0,"comment_status":"closed","ping_status":"closed","template":"page-blank.php","meta":{"iawp_total_views":1,"footnotes":""},"class_list":["post-4677","page","type-page","status-publish","hentry"],"_links":{"self":[{"href":"https:\/\/ssscorp.org\/es\/wp-json\/wp\/v2\/pages\/4677","targetHints":{"allow":["GET"]}}],"collection":[{"href":"https:\/\/ssscorp.org\/es\/wp-json\/wp\/v2\/pages"}],"about":[{"href":"https:\/\/ssscorp.org\/es\/wp-json\/wp\/v2\/types\/page"}],"author":[{"embeddable":true,"href":"https:\/\/ssscorp.org\/es\/wp-json\/wp\/v2\/users\/1"}],"replies":[{"embeddable":true,"href":"https:\/\/ssscorp.org\/es\/wp-json\/wp\/v2\/comments?post=4677"}],"version-history":[{"count":3,"href":"https:\/\/ssscorp.org\/es\/wp-json\/wp\/v2\/pages\/4677\/revisions"}],"predecessor-version":[{"id":4697,"href":"https:\/\/ssscorp.org\/es\/wp-json\/wp\/v2\/pages\/4677\/revisions\/4697"}],"wp:attachment":[{"href":"https:\/\/ssscorp.org\/es\/wp-json\/wp\/v2\/media?parent=4677"}],"curies":[{"name":"wp","href":"https:\/\/api.w.org\/{rel}","templated":true}]}}