{"id":2518,"date":"2022-09-02T15:25:41","date_gmt":"2022-09-02T15:25:41","guid":{"rendered":"https:\/\/ssscorp.org\/eleccion-del-sssc\/votantes\/cartas-de-recomendacion\/"},"modified":"2022-10-22T21:08:46","modified_gmt":"2022-10-22T21:08:46","slug":"cartas-de-recomendacion","status":"publish","type":"page","link":"https:\/\/ssscorp.org\/es\/eleccion-del-sssc\/votantes\/cartas-de-recomendacion\/","title":{"rendered":"Cartas de recomendaci\u00f3n"},"content":{"rendered":"\n\t<section class=\"section\" id=\"section_2112190179\">\n\t\t<div class=\"bg section-bg fill bg-fill  bg-loaded\" >\n\n\t\t\t\n\t\t\t\n\t\t\t\n\n\t\t<\/div>\n\n\t\t\n\n\t\t<div class=\"section-content relative\">\n\t\t\t\n\n<div class=\"row align-center\"  id=\"row-1508327429\">\n\n\n\t<div id=\"col-1241805410\" class=\"col small-12 large-12\"  >\n\t\t\t\t<div class=\"col-inner text-left\"  >\n\t\t\t\n\t\t\t\n\n<h2 id=\"503784193199685412\" class=\"element wsite-content-title editable-text cke_editable cke_editable_inline cke_contents_ltr cke_show_borders cke_focus\" style=\"text-align: center;\" tabindex=\"0\" role=\"textbox\" contenteditable=\"true\" spellcheck=\"true\" aria-label=\"false\"><span style=\"color: #8d7824; font-size: 150%;\">Proceso de recomendaci\u00f3n 2022<\/span><br><span style=\"font-size: xx-large; color: #333333;\">para aquellos que escriben recomendaciones para los votantes<\/span><\/h2>\n\t<div id=\"gap-2062498010\" class=\"gap-element clearfix\" style=\"display:block; height:auto;\">\n\t\t\n<style>\n#gap-2062498010 {\n  padding-top: 30px;\n}\n<\/style>\n\t<\/div>\n\t\n\n\t<div id=\"text-98598706\" class=\"text\">\n\t\t\n\n<h2><strong><span style=\"color: #8d7824;\">Para ministros, miembros del consejo de Khalsa y entrenadores profesionales y principales de ATA:<\/span><\/strong><\/h2>\n<p>Durante el proceso de elecci\u00f3n, es posible que se le solicite que proporcione recomendaciones de miembros de la comunidad que est\u00e9n interesados en unirse al electorado y convertirse en votante. Para hacerlo, revise lo siguiente antes de completar la recomendaci\u00f3n en l\u00ednea:<\/p>\n<ol>\n<li>Por favor revise los requisitos del candidato. Si el votante potencial cumple con los requisitos, puede escribir una carta de recomendaci\u00f3n.<\/li>\n<li>Solo puede escribir cartas de recomendaci\u00f3n SI es uno de los siguientes: un ministro en regla y miembro activo del Consejo de Khalsa o un l\u00edder activo\/entrenador l\u00edder profesional en la Academia ATA. Si no est\u00e1 seguro de su estado en las categor\u00edas anteriores, comun\u00edquese con la organizaci\u00f3n subsidiaria. <\/li>\n<li>NO puede escribir una recomendaci\u00f3n si es un miembro de la familia de la persona que est\u00e1 solicitando. <\/li>\n<li><span style=\"color: #2a2a2a;\">Los candidatos para el SSSC no pueden escribir cartas de recomendaci\u00f3n para las personas que solicitan estar en el electorado. Si un recomendador se convierte en candidato despu\u00e9s de escribir una carta de recomendaci\u00f3n, se le pedir\u00e1 a la persona que solicita estar en el electorado que proporcione una carta adicional.<\/span><\/li>\n<li> NO aceptaremos cartas escritas\/PDF como recomendaci\u00f3n. Solo se tendr\u00e1n en cuenta las recomendaciones ONLINE. <\/li>\n<li>Puede completar este formulario para tantos votantes potenciales como sea posible. <\/li>\n<\/ol>\n<p><span style=\"color: #e14d43;\"><strong>Nota para los posibles  <\/strong><strong>recomendadores: Para recomendar a un posible votante a trav\u00e9s de este proceso de solicitud de voto, debe demostrarse que est\u00e1 al corriente de sus obligaciones. Comun\u00edquese con las entidades correspondientes para confirmar que est\u00e1 en regla antes de escribir una recomendaci\u00f3n. El \u00faltimo d\u00eda para poder estar en regla es el <em style=\"text-decoration:underline\">13 de septiembre de 2022, a las 20:00 horas (hora del este<\/em> ), a efectos de recomendar a un posible votante.  <\/strong><\/span><\/p>\n\t\t\n<style>\n#text-98598706 {\n  text-align: left;\n}\n<\/style>\n\t<\/div>\n\t\n<div class=\"row\"  id=\"row-351873612\">\n\n\n\t<div id=\"col-1096498587\" class=\"col small-12 large-12\"  >\n\t\t\t\t<div class=\"col-inner\"  >\n\t\t\t\n\t\t\t\n\n\n\n<script>(function(t,e,s,n){var o,a,c;t.SMCX=t.SMCX||[],e.getElementById(n)||(o=e.getElementsByTagName(s),a=o[o.length-1],c=e.createElement(s),c.type=\"text\/javascript\",c.async=!0,c.id=n,c.src=\"https:\/\/widget.surveymonkey.com\/collect\/website\/js\/tRaiETqnLgj758hTBazgd1YkBlJMi2KW7b_2BiLPJX42My3wdyZqiA2ZcG4uSxdnkB.js\",a.parentNode.insertBefore(c,a))})(window,document,\"script\",\"smcx-sdk\");<\/script>\n\n\n\t\t<\/div>\n\t\t\t\t\t<\/div>\n\n\t\n\n<\/div>\n\n\t\t<\/div>\n\t\t\t\t\t<\/div>\n\n\t\n\n<\/div>\n\n\t\t<\/div>\n\n\t\t\n<style>\n#section_2112190179 {\n  padding-top: 30px;\n  padding-bottom: 30px;\n}\n#section_2112190179 .ux-shape-divider--top svg {\n  height: 150px;\n  --divider-top-width: 100%;\n}\n#section_2112190179 .ux-shape-divider--bottom svg {\n  height: 150px;\n  --divider-width: 100%;\n}\n<\/style>\n\t<\/section>\n\t\n\n","protected":false},"excerpt":{"rendered":"","protected":false},"author":1,"featured_media":0,"parent":2487,"menu_order":0,"comment_status":"closed","ping_status":"closed","template":"page-blank.php","meta":{"iawp_total_views":4,"footnotes":""},"class_list":["post-2518","page","type-page","status-publish","hentry"],"_links":{"self":[{"href":"https:\/\/ssscorp.org\/es\/wp-json\/wp\/v2\/pages\/2518","targetHints":{"allow":["GET"]}}],"collection":[{"href":"https:\/\/ssscorp.org\/es\/wp-json\/wp\/v2\/pages"}],"about":[{"href":"https:\/\/ssscorp.org\/es\/wp-json\/wp\/v2\/types\/page"}],"author":[{"embeddable":true,"href":"https:\/\/ssscorp.org\/es\/wp-json\/wp\/v2\/users\/1"}],"replies":[{"embeddable":true,"href":"https:\/\/ssscorp.org\/es\/wp-json\/wp\/v2\/comments?post=2518"}],"version-history":[{"count":3,"href":"https:\/\/ssscorp.org\/es\/wp-json\/wp\/v2\/pages\/2518\/revisions"}],"predecessor-version":[{"id":3057,"href":"https:\/\/ssscorp.org\/es\/wp-json\/wp\/v2\/pages\/2518\/revisions\/3057"}],"up":[{"embeddable":true,"href":"https:\/\/ssscorp.org\/es\/wp-json\/wp\/v2\/pages\/2487"}],"wp:attachment":[{"href":"https:\/\/ssscorp.org\/es\/wp-json\/wp\/v2\/media?parent=2518"}],"curies":[{"name":"wp","href":"https:\/\/api.w.org\/{rel}","templated":true}]}}