{"id":2499,"date":"2022-09-02T15:26:40","date_gmt":"2022-09-02T15:26:40","guid":{"rendered":"https:\/\/ssscorp.org\/eleccion-del-sssc\/votantes\/nuevos-votantes\/"},"modified":"2022-10-20T15:24:30","modified_gmt":"2022-10-20T15:24:30","slug":"nuevos-votantes","status":"publish","type":"page","link":"https:\/\/ssscorp.org\/es\/eleccion-del-sssc\/votantes\/nuevos-votantes\/","title":{"rendered":"Nuevos votantes"},"content":{"rendered":"\n\t<section class=\"section\" id=\"section_777005037\">\n\t\t<div class=\"bg section-bg fill bg-fill  bg-loaded\" >\n\n\t\t\t\n\t\t\t\n\t\t\t\n\n\t\t<\/div>\n\n\t\t\n\n\t\t<div class=\"section-content relative\">\n\t\t\t\n\n<div class=\"row align-center\"  id=\"row-1514185350\">\n\n\n\t<div id=\"col-1225183712\" class=\"col small-12 large-12\"  >\n\t\t\t\t<div class=\"col-inner text-left\"  >\n\t\t\t\n\t\t\t\n\n<h2 id=\"503784193199685412\" class=\"element wsite-content-title editable-text cke_editable cke_editable_inline cke_contents_ltr cke_show_borders cke_focus\" style=\"text-align: center;\" tabindex=\"0\" role=\"textbox\" contenteditable=\"true\" spellcheck=\"true\" aria-label=\"false\"><span style=\"color: #8d7824; font-size: 150%;\">2022 Nuevo proceso de solicitud de votantes<\/span><br><span style=\"font-size: xx-large; color: #333333;\">para NUEVOS votantes<\/span><\/h2>\n\t<div id=\"text-366958077\" class=\"text\">\n\t\t\n\n<h2><strong><span style=\"color: #8d7824;\">Para los miembros de la comunidad que deseen postularse para convertirse en votantes, siga estos pasos:<\/span><\/strong><\/h2>\n<p><span style=\"color: #020202; font-size: large;\"><strong>Requisitos para solicitarlo: debe cumplir los 4 requisitos que se indican a continuaci\u00f3n para poder votar<\/strong><\/span><\/p>\n<ol>\n<li>Ha tomado votos sikh, o naci\u00f3 o se cri\u00f3 como sikh de padres que eran miembros de la comunidad Sikh Dharma\/3HO, o ha practicado Kundalini Yoga durante al menos 7 a\u00f1os consecutivos, y<\/li>\n<li>Est\u00e1 y ha estado viviendo y practicando el estilo de vida Sikh Dharma\/3HO durante al menos 7 a\u00f1os consecutivos, y<\/li>\n<li>Es actualmente y ha sido un miembro activo de la comunidad Sikh Dharma\/3HO durante al menos 7 a\u00f1os consecutivos, y<\/li>\n<li>Actualmente, ni ha estado involucrado en ninguna actividad, organizaci\u00f3n o comunicaci\u00f3n que perjudique, amenace o tergiverse las organizaciones heredadas (por ejemplo, tiene una queja activa de EPS, ha amenazado o emprendido acciones legales contra cualquier organizaci\u00f3n heredada o sus empleados, han presentado quejas ante el SGPC u otros \u00f3rganos de gobierno sij sobre cualquier organizaci\u00f3n Sikh Dharma\/3HO).<\/li>\n<\/ol>\n<p><span style=\"font-size: 120%; color: #333333;\"><strong>Proceso de solicitud<\/strong><\/span><\/p>\n<ol>\n<li>Complete la solicitud en l\u00ednea. Esta aplicaci\u00f3n estar\u00e1 disponible en esta p\u00e1gina a partir del 25 de marzo de 2022. El periodo de solicitud termina el 13 de septiembre de 2022 antes de las 8pm EST\/6pm MST\/5pm PST.<\/li>\n<li>Obtenga 3 cartas de recomendaci\u00f3n de ministros en regla, miembros activos del Consejo de Khalsa y\/o entrenadores l\u00edderes activos y l\u00edderes profesionales en la Academia ATA. Necesitar\u00e1 la informaci\u00f3n (nombre, correo electr\u00f3nico y n\u00famero de tel\u00e9fono) de sus tres recomendadores antes de iniciar la solicitud en l\u00ednea. <strong>Nota: Las<\/strong> cartas de recomendaci\u00f3n no pueden ser escritas por familiares. Env\u00edelos<span style=\"font-size: 100%;\"> <a href=\"https:\/\/www.ssscorp.org\/recommendation-process.html\" target=\"_blank\" rel=\"noopener\"><strong>https:\/\/www.ssscorp.org\/recommendation-process.html<\/strong><\/a> <\/span>para que rellenen la recomendaci\u00f3n en l\u00ednea. NO SE ACEPTAR\u00c1N CARTAS O RECOMENDACIONES EN PDF. Tienen que llenar la recomendaci\u00f3n en l\u00ednea.<\/li>\n<li><span style=\"color: #2a2a2a;\">Los candidatos para el SSSC no pueden escribir cartas de recomendaci\u00f3n para las personas que solicitan estar en el electorado. Si un recomendador se convierte en candidato despu\u00e9s de escribir una carta de recomendaci\u00f3n, se le pedir\u00e1 a la persona que solicita estar en el electorado que proporcione una carta adicional.<\/span><\/li>\n<li>Las recomendaciones en l\u00ednea deben ser enviadas por los recomendadores antes del 13 de septiembre de 2022 a las 8pm EST\/6pm MST\/5pm PST.<\/li>\n<li>Su solicitud ser\u00e1 enviada revisada y aprobada por Armanino, la empresa tercera que supervisa la elecci\u00f3n.<\/li>\n<li>Si se aprueba, recibir\u00e1 una identificaci\u00f3n de votante el d\u00eda que comience la votaci\u00f3n. <\/li>\n<\/ol>\n<p><strong>Nota:<\/strong> si Armanino necesita m\u00e1s informaci\u00f3n para su solicitud, se pondr\u00e1 en contacto con usted por correo electr\u00f3nico. Por favor responda lo m\u00e1s r\u00e1pido posible. Las respuestas deben recibirse dentro del per\u00edodo de solicitud para ser aceptadas. La falta de respuesta en el plazo indicado puede resultar en la denegaci\u00f3n de su solicitud. <\/p>\n<p><span style=\"font-size: 120%; color: #333333;\"><strong>Solicitar<\/strong><\/span><\/p>\n<p><span style=\"color: #2a2a2a;\">El proceso de solicitud de nuevos miembros del electorado se abre el 25 de marzo de 2022 y se cerrar\u00e1 el 13 de septiembre de 2022 antes de las 8pm EST\/6pm MST\/5pm PST.  <br><br>COMO RECORDATORIO: Despu\u00e9s de rellenar la carta de solicitud, env\u00ede este enlace  <\/span><a href=\"https:\/\/www.ssscorp.org\/recommendation-process.html\" target=\"_blank\" rel=\"noopener\"><span style=\"font-size: 100%;\"><strong>https:\/\/www.ssscorp.org\/recommendation-process.html<\/strong><\/span><\/a><span style=\"color: #2a2a2a;\"><a href=\"_wp_link_placeholder\"><span style=\"font-size: 100%;\"> <\/span><\/a>a las personas que van a escribir tu carta de recomendaci\u00f3n:  <\/span><\/p>\n\t\t\n<style>\n#text-366958077 {\n  text-align: left;\n}\n<\/style>\n\t<\/div>\n\t\n<div class=\"row\"  id=\"row-551788294\">\n\n\n\t<div id=\"col-1381884925\" class=\"col small-12 large-12\"  >\n\t\t\t\t<div class=\"col-inner\"  >\n\t\t\t\n\t\t\t\n\n\n\n<script>(function(t,e,s,n){var o,a,c;t.SMCX=t.SMCX||[],e.getElementById(n)||(o=e.getElementsByTagName(s),a=o[o.length-1],c=e.createElement(s),c.type=\"text\/javascript\",c.async=!0,c.id=n,c.src=\"https:\/\/widget.surveymonkey.com\/collect\/website\/js\/tRaiETqnLgj758hTBazgdxmwFJWsJD7oWfYGoQhbjFA_2FlnpCq2WIWempCoZLW5co.js\",a.parentNode.insertBefore(c,a))})(window,document,\"script\",\"smcx-sdk\");<\/script>\n\n\n\t\t<\/div>\n\t\t\t\t\t<\/div>\n\n\t\n\n<\/div>\n\n\t\t<\/div>\n\t\t\t\t\t<\/div>\n\n\t\n\n<\/div>\n\n\t\t<\/div>\n\n\t\t\n<style>\n#section_777005037 {\n  padding-top: 30px;\n  padding-bottom: 30px;\n}\n#section_777005037 .ux-shape-divider--top svg {\n  height: 150px;\n  --divider-top-width: 100%;\n}\n#section_777005037 .ux-shape-divider--bottom svg {\n  height: 150px;\n  --divider-width: 100%;\n}\n<\/style>\n\t<\/section>\n\t\n\n","protected":false},"excerpt":{"rendered":"","protected":false},"author":1,"featured_media":0,"parent":2487,"menu_order":0,"comment_status":"closed","ping_status":"closed","template":"page-blank.php","meta":{"iawp_total_views":6,"footnotes":""},"class_list":["post-2499","page","type-page","status-publish","hentry"],"_links":{"self":[{"href":"https:\/\/ssscorp.org\/es\/wp-json\/wp\/v2\/pages\/2499","targetHints":{"allow":["GET"]}}],"collection":[{"href":"https:\/\/ssscorp.org\/es\/wp-json\/wp\/v2\/pages"}],"about":[{"href":"https:\/\/ssscorp.org\/es\/wp-json\/wp\/v2\/types\/page"}],"author":[{"embeddable":true,"href":"https:\/\/ssscorp.org\/es\/wp-json\/wp\/v2\/users\/1"}],"replies":[{"embeddable":true,"href":"https:\/\/ssscorp.org\/es\/wp-json\/wp\/v2\/comments?post=2499"}],"version-history":[{"count":1,"href":"https:\/\/ssscorp.org\/es\/wp-json\/wp\/v2\/pages\/2499\/revisions"}],"predecessor-version":[{"id":2506,"href":"https:\/\/ssscorp.org\/es\/wp-json\/wp\/v2\/pages\/2499\/revisions\/2506"}],"up":[{"embeddable":true,"href":"https:\/\/ssscorp.org\/es\/wp-json\/wp\/v2\/pages\/2487"}],"wp:attachment":[{"href":"https:\/\/ssscorp.org\/es\/wp-json\/wp\/v2\/media?parent=2499"}],"curies":[{"name":"wp","href":"https:\/\/api.w.org\/{rel}","templated":true}]}}