{"id":2442,"date":"2022-09-02T15:24:06","date_gmt":"2022-09-02T15:24:06","guid":{"rendered":"https:\/\/ssscorp.org\/elecciones-especiales-de-la-corporacion-siri-singh-sahib-de-2020\/"},"modified":"2025-03-09T22:13:10","modified_gmt":"2025-03-09T22:13:10","slug":"elecciones-especiales-de-la-corporacion-siri-singh-sahib-de-2020","status":"publish","type":"page","link":"https:\/\/ssscorp.org\/es\/elecciones-especiales-de-la-corporacion-siri-singh-sahib-de-2020\/","title":{"rendered":"Elecciones especiales de la Corporaci\u00f3n Siri Singh Sahib de 2020"},"content":{"rendered":"\n\n  <div class=\"banner has-hover has-parallax\" id=\"banner-1595957698\">\n          <div class=\"banner-inner fill\">\n        <div class=\"banner-bg fill\" data-parallax=\"-3\" data-parallax-container=\".banner\" data-parallax-background>\n            <div class=\"bg fill bg-fill \"><\/div>\n                        <div class=\"overlay\"><\/div>            \n                    <\/div>\n\t\t\n        <div class=\"banner-layers container\">\n            <div class=\"fill banner-link\"><\/div>            \n\n   <div id=\"text-box-1988682530\" class=\"text-box banner-layer x50 md-x50 lg-x50 y50 md-y50 lg-y50 res-text\">\n                                <div class=\"text-box-content text dark\">\n              \n              <div class=\"text-inner text-center\">\n                  \n\n<h3 class=\"uppercase\"><strong>Elecciones especiales de la Corporaci\u00f3n Siri Singh Sahib de 2020<\/strong><\/h3>\n<p>Seva, un servicio de dar sin pensar en el resultado, es algo muy simple. Te convierte en l\u00edder, lo seas o no, lo merezcas o no. Y te trae oportunidades, prosperidades y todos los bienes, y Dios, y las bondades del Universo.<br>Yogi Bhajan 20\/4\/89<\/p>\n\n              <\/div>\n           <\/div>\n                            \n<style>\n#text-box-1988682530 {\n  width: 97%;\n}\n#text-box-1988682530 .text-box-content {\n  font-size: 100%;\n}\n<\/style>\n    <\/div>\n \n\n        <\/div>\n      <\/div>\n\n            \n<style>\n#banner-1595957698 {\n  padding-top: 300px;\n}\n#banner-1595957698 .bg.bg-loaded {\n  background-image: url(https:\/\/ssscorp.org\/wp-content\/uploads\/2022\/09\/Untitled-design-3-scaled-1.jpeg);\n}\n#banner-1595957698 .overlay {\n  background-color: rgba(17, 33, 82, 0.855);\n}\n#banner-1595957698 .ux-shape-divider--top svg {\n  height: 150px;\n  --divider-top-width: 100%;\n}\n#banner-1595957698 .ux-shape-divider--bottom svg {\n  height: 150px;\n  --divider-width: 100%;\n}\n<\/style>\n  <\/div>\n\n\n\t<section class=\"section\" id=\"section_1200055233\">\n\t\t<div class=\"bg section-bg fill bg-fill  bg-loaded\" >\n\n\t\t\t\n\t\t\t\n\t\t\t\n\n\t\t<\/div>\n\n\t\t\n\n\t\t<div class=\"section-content relative\">\n\t\t\t\n\n<div class=\"row\"  id=\"row-2084775257\">\n\n\n\t<div id=\"col-726927982\" class=\"col small-12 large-12\"  >\n\t\t\t\t<div class=\"col-inner\"  >\n\t\t\t\n\t\t\t\n\n\t<div class=\"img has-hover x md-x lg-x y md-y lg-y\" id=\"image_1521784797\">\n\t\t\t\t\t\t\t\t<div class=\"img-inner dark\" >\n\t\t\t<img fetchpriority=\"high\" decoding=\"async\" width=\"1020\" height=\"376\" src=\"https:\/\/ssscorp.org\/wp-content\/uploads\/2022\/10\/sssc-election-timlines-3_orig-1024x377.jpg\" class=\"attachment-large size-large\" alt=\"\" srcset=\"https:\/\/ssscorp.org\/wp-content\/uploads\/2022\/10\/sssc-election-timlines-3_orig-1024x377.jpg 1024w, https:\/\/ssscorp.org\/wp-content\/uploads\/2022\/10\/sssc-election-timlines-3_orig-300x110.jpg 300w, https:\/\/ssscorp.org\/wp-content\/uploads\/2022\/10\/sssc-election-timlines-3_orig-768x283.jpg 768w, https:\/\/ssscorp.org\/wp-content\/uploads\/2022\/10\/sssc-election-timlines-3_orig-1536x566.jpg 1536w, https:\/\/ssscorp.org\/wp-content\/uploads\/2022\/10\/sssc-election-timlines-3_orig.jpg 1920w\" sizes=\"(max-width: 1020px) 100vw, 1020px\" \/>\t\t\t\t\t\t\n\t\t\t\t\t<\/div>\n\t\t\t\t\t\t\t\t\n<style>\n#image_1521784797 {\n  width: 100%;\n}\n<\/style>\n\t<\/div>\n\t\n\n<h3>Resultados de las elecciones especiales de 2020<\/h3>\n<p>Descargue los resultados oficiales haciendo clic <a href=\"https:\/\/ssscorp.org\/wp-content\/uploads\/2022\/10\/2020_sssc_special_trustees_election_final_certified_election_results.pdf\" target=\"_blank\" rel=\"noopener\" data-cke-saved-href=\"http:\/\/weebly-file\/1\/0\/7\/2\/107246343\/2020_sssc_special_trustees_election_final_certified_election_results.pdf\">aqu\u00ed.<\/a><\/p>\n\t<div class=\"img has-hover x md-x lg-x y md-y lg-y\" id=\"image_1881089013\">\n\t\t\t\t\t\t\t\t<div class=\"img-inner dark\" >\n\t\t\t<img decoding=\"async\" width=\"1020\" height=\"354\" src=\"https:\/\/ssscorp.org\/wp-content\/uploads\/2022\/10\/sssc-special-1024x355.jpg\" class=\"attachment-large size-large\" alt=\"\" srcset=\"https:\/\/ssscorp.org\/wp-content\/uploads\/2022\/10\/sssc-special-1024x355.jpg 1024w, https:\/\/ssscorp.org\/wp-content\/uploads\/2022\/10\/sssc-special-300x104.jpg 300w, https:\/\/ssscorp.org\/wp-content\/uploads\/2022\/10\/sssc-special-768x266.jpg 768w, https:\/\/ssscorp.org\/wp-content\/uploads\/2022\/10\/sssc-special.jpg 1120w\" sizes=\"(max-width: 1020px) 100vw, 1020px\" \/>\t\t\t\t\t\t\n\t\t\t\t\t<\/div>\n\t\t\t\t\t\t\t\t\n<style>\n#image_1881089013 {\n  width: 100%;\n}\n<\/style>\n\t<\/div>\n\t\n\n<h3>Detalles de la elecci\u00f3n<\/h3>\n<p>Los estatutos de SSSC exigen que la junta est\u00e9 compuesta por 15 fideicomisarios elegidos. Recientemente, hubo cuatro renuncias de la Junta: MJ Amrit Singh Khalsa, SS Guru Amrit Singh Khalsa, MSS Krishna Kaur Khalsa y SS Guru Darbar Singh Khalsa. Dos de los puestos vacantes han sido ocupados por candidatos que se presentaron en las elecciones anteriores, SS Gurumeet Kaur Khalsa y SS Sirivishnu Singh Khalsa. Sin embargo, no quedaron suficientes candidatos de esa elecci\u00f3n para ocupar el puesto final. Como hay dos vacantes en la junta que no se pueden cubrir mediante nuestro proceso normal, el SSSC est\u00e1 realizando una elecci\u00f3n especial para llenar los dos puestos vacantes.\u200b<br><br>Los dos miembros de la Junta que renunciaron y crearon estas vacantes ocuparon sus cargos en septiembre de 2017, por lo que los dos puestos que se est\u00e1n cubriendo actualmente vencer\u00e1n en septiembre de 2022.<\/p>\n<h3>Detalle del calendario de las elecciones especiales de 2020<\/h3>\n<p><strong>1. Nominaci\u00f3n: 1 de octubre &#8211; 15 de octubre de 2020<\/strong><\/p>\n<ul>\n<li>Los miembros del Sangat nominar\u00e1n a los Candidatos a trav\u00e9s de una encuesta electr\u00f3nica. Todos los miembros de Sangat pueden participar. <\/li>\n<\/ul>\n<p><br><strong>2. Verificaci\u00f3n: del 21 al 31 de octubre de 2020<\/strong><\/p>\n<ul>\n<li> La Oficina de Asesoramiento Dh\u00e1rmico examinar\u00e1 a los candidatos de acuerdo con la secci\u00f3n 2.6 de los estatutos para determinar la elegibilidad. <\/li>\n<li> La Oficina del Secretario de Religi\u00f3n proporcionar\u00e1 una lista de Ministros que han calificado para ser elegibles para votar en las pr\u00f3ximas elecciones. <\/li>\n<\/ul>\n<p><strong> <\/strong><br><strong>3. Anuncio de Candidatos: 2 de noviembre de 2020<\/strong><\/p>\n<ul>\n<li> Se enviar\u00e1 un correo electr\u00f3nico al Electorado anunciando los nombres de los Candidatos elegibles.<\/li>\n<\/ul>\n<p><strong> <\/strong><br><strong>4. Env\u00edo de Declaraciones de Candidatos: 2-7 de noviembre de 2020<\/strong><\/p>\n<ul>\n<li>A los Candidatos Elegibles se les proporcionar\u00e1 un cuestionario solicitando informaci\u00f3n biogr\u00e1fica relevante. El cuestionario deber\u00e1 incluir la fecha l\u00edmite de presentaci\u00f3n y los criterios para la descalificaci\u00f3n como se especifica en la Fase 5 de este cronograma. <\/li>\n<li>Cada Candidato Elegible deber\u00e1 enviar una respuesta al cuestionario.<\/li>\n<li>Los candidatos que no presenten una respuesta antes de la fecha l\u00edmite ser\u00e1n descalificados.<\/li>\n<\/ul>\n<p><strong> <\/strong><br><strong>5. Revisi\u00f3n de las declaraciones de los candidatos: del 8 al 15 de noviembre de 2020<\/strong><\/p>\n<ul>\n<li>Esta fase puede ejecutarse simult\u00e1neamente con las Fases 4 y 6.<\/li>\n<li>La Oficina del Consejo Dh\u00e1rmico y el Comit\u00e9 Electoral revisar\u00e1n todas las Declaraciones de los candidatos.<\/li>\n<\/ul>\n<ul>\n<li>Los candidatos cuyas declaraciones se determine que contienen contenido inapropiado pueden presentar una Declaraci\u00f3n revisada a m\u00e1s tardar tres (3) d\u00edas antes del comienzo de la votaci\u00f3n. Los candidatos que no hayan presentado una Declaraci\u00f3n revisada adecuada antes de esta fecha l\u00edmite ser\u00e1n descalificados. <\/li>\n<\/ul>\n<p><br><strong>6. Publicaci\u00f3n de declaraciones de candidatos: 16 de noviembre de 2020<\/strong><\/p>\n<ul>\n<li>Esta fase puede ejecutarse simult\u00e1neamente con las fases 4 y 5.<\/li>\n<li>Una vez que se hayan publicado todas las Declaraciones correspondientes, se activar\u00e1 el sitio web y se enviar\u00e1 una notificaci\u00f3n al Electorado. <\/li>\n<\/ul>\n<p><br><strong>7. Votaci\u00f3n: del 4 al 13 de diciembre de 2020<\/strong><\/p>\n<ul>\n<li>La votaci\u00f3n se realizar\u00e1 en l\u00ednea a trav\u00e9s de un servicio de votaci\u00f3n seguro.<\/li>\n<li>A cada elector se le proporcionar\u00e1 una credencial \u00fanica para que pueda llenar exactamente una boleta.<\/li>\n<li>Cada elector podr\u00e1 emitir un n\u00famero de votos igual o inferior al n\u00famero de esca\u00f1os a elegir. <\/li>\n<li> Cada votante tiene prohibido votar por cualquier Candidato m\u00e1s de una vez. <strong> <\/strong><\/li>\n<\/ul>\n<p><br><strong>8. Cuenta y notificaci\u00f3n: 14 de diciembre de 2020<\/strong><\/p>\n<ul>\n<li>Los votos se contar\u00e1n electr\u00f3nicamente despu\u00e9s de que finalice la votaci\u00f3n.<\/li>\n<li>El Candidato que obtenga la mayor cantidad de votos tomar\u00e1 asiento. <\/li>\n<li>En caso de empate para el esca\u00f1o, si hay m\u00e1s Candidatos en el empate que esca\u00f1os abiertos, los esca\u00f1os abiertos restantes se disputar\u00e1n en una elecci\u00f3n de desempate entre los Candidatos empatados. <\/li>\n<li>La notificaci\u00f3n de los resultados de las elecciones incluir\u00e1 el ganador y las cuentas de cada Candidato.<\/li>\n<\/ul>\n<p><br><strong> 9<strong>. Formaci\u00f3n de nuevos miembros del Consejo<\/strong><\/strong><\/p>\n<ul>\n<li>Los nuevos miembros de la Junta reciben una capacitaci\u00f3n de 2 semanas antes de convertirse oficialmente en parte de la Junta.<\/li>\n<\/ul>\n<p><br><strong>10. Asunci\u00f3n del cargo: 16 de enero de 2021<\/strong><\/p>\n<ul>\n<li>El ganador de la elecci\u00f3n asumir\u00e1 el cargo antes de las Reuniones Presenciales de enero. <\/li>\n<\/ul>\n<div class=\"is-divider divider clearfix\" style=\"max-width:100%;\"><\/div>\n\n<div class=\"row\"  id=\"row-1693659410\">\n\n\n\t<div id=\"col-356228118\" class=\"col medium-6 small-12 large-6\"  >\n\t\t\t\t<div class=\"col-inner\"  >\n\t\t\t\n\t\t\t\n\n<h3>Electorado<\/h3>\n<p>El proceso electoral de 2020 ha terminado.  <\/p>\n\n\t\t<\/div>\n\t\t\t\t\t<\/div>\n\n\t\n\n\t<div id=\"col-1611081804\" class=\"col medium-6 small-12 large-6\"  >\n\t\t\t\t<div class=\"col-inner\"  >\n\t\t\t\n\t\t\t\n\n<h3>Nombramientos<\/h3>\n<p>El proceso de nominaci\u00f3n para 2020 ha finalizado.<\/p>\n\n\n\t\t<\/div>\n\t\t\t\t\t<\/div>\n\n\t\n\n<\/div>\n\n\t\t<\/div>\n\t\t\t\t\t<\/div>\n\n\t\n\n<\/div>\n\n\t\t<\/div>\n\n\t\t\n<style>\n#section_1200055233 {\n  padding-top: 30px;\n  padding-bottom: 30px;\n}\n#section_1200055233 .ux-shape-divider--top svg {\n  height: 150px;\n  --divider-top-width: 100%;\n}\n#section_1200055233 .ux-shape-divider--bottom svg {\n  height: 150px;\n  --divider-width: 100%;\n}\n<\/style>\n\t<\/section>\n\t\n\n  <div class=\"banner has-hover\" id=\"banner-499367328\">\n          <div class=\"banner-inner fill\">\n        <div class=\"banner-bg fill\" >\n            <div class=\"bg fill bg-fill \"><\/div>\n                                    \n                    <\/div>\n\t\t\n        <div class=\"banner-layers container\">\n            <div class=\"fill banner-link\"><\/div>            \n\n   <div id=\"text-box-796748158\" class=\"text-box banner-layer x50 md-x50 lg-x50 y50 md-y50 lg-y50 res-text\">\n                                <div class=\"text-box-content text dark\">\n              \n              <div class=\"text-inner text-center\">\n                  \n\n<p><span style=\"font-size: large;\">Elige a quien quieras pero debes votar. Creo que cualquiera que no se haya registrado como votante ha hecho una tragedia nacional. \u00bfQu\u00e9 es esa democracia en la que nadie quiere votar? Votar bien y mal pero hay que votar; eso es la democracia. Y una democracia en la que s\u00f3lo vota la mitad del pueblo, \u00bfqu\u00e9 es la democracia?<\/span><br><span style=\"font-size: small;\">Yogi Bhajan 13\/10\/88<\/span><\/p>\n\n              <\/div>\n           <\/div>\n                            \n<style>\n#text-box-796748158 {\n  width: 100%;\n}\n#text-box-796748158 .text-box-content {\n  font-size: 100%;\n}\n<\/style>\n    <\/div>\n \n\n        <\/div>\n      <\/div>\n\n            \n<style>\n#banner-499367328 {\n  padding-top: 220px;\n  background-color: rgb(52, 61, 81);\n}\n#banner-499367328 .ux-shape-divider--top svg {\n  height: 150px;\n  --divider-top-width: 100%;\n}\n#banner-499367328 .ux-shape-divider--bottom svg {\n  height: 150px;\n  --divider-width: 100%;\n}\n<\/style>\n  <\/div>\n\n\n\n","protected":false},"excerpt":{"rendered":"","protected":false},"author":1,"featured_media":0,"parent":0,"menu_order":0,"comment_status":"closed","ping_status":"closed","template":"page-blank.php","meta":{"iawp_total_views":6,"footnotes":""},"class_list":["post-2442","page","type-page","status-publish","hentry"],"_links":{"self":[{"href":"https:\/\/ssscorp.org\/es\/wp-json\/wp\/v2\/pages\/2442","targetHints":{"allow":["GET"]}}],"collection":[{"href":"https:\/\/ssscorp.org\/es\/wp-json\/wp\/v2\/pages"}],"about":[{"href":"https:\/\/ssscorp.org\/es\/wp-json\/wp\/v2\/types\/page"}],"author":[{"embeddable":true,"href":"https:\/\/ssscorp.org\/es\/wp-json\/wp\/v2\/users\/1"}],"replies":[{"embeddable":true,"href":"https:\/\/ssscorp.org\/es\/wp-json\/wp\/v2\/comments?post=2442"}],"version-history":[{"count":5,"href":"https:\/\/ssscorp.org\/es\/wp-json\/wp\/v2\/pages\/2442\/revisions"}],"predecessor-version":[{"id":12812,"href":"https:\/\/ssscorp.org\/es\/wp-json\/wp\/v2\/pages\/2442\/revisions\/12812"}],"wp:attachment":[{"href":"https:\/\/ssscorp.org\/es\/wp-json\/wp\/v2\/media?parent=2442"}],"curies":[{"name":"wp","href":"https:\/\/api.w.org\/{rel}","templated":true}]}}