{"id":2417,"date":"2022-09-02T15:24:03","date_gmt":"2022-09-02T15:24:03","guid":{"rendered":"https:\/\/ssscorp.org\/elecciones-de-la-corporacion-siri-singh-sahib-2020\/"},"modified":"2022-10-23T00:59:15","modified_gmt":"2022-10-23T00:59:15","slug":"elecciones-de-la-corporacion-siri-singh-sahib-2020","status":"publish","type":"page","link":"https:\/\/ssscorp.org\/es\/elecciones-de-la-corporacion-siri-singh-sahib-2020\/","title":{"rendered":"Elecciones de la Corporaci\u00f3n Siri Singh Sahib 2020"},"content":{"rendered":"\n\n  <div class=\"banner has-hover has-parallax\" id=\"banner-1122722690\">\n          <div class=\"banner-inner fill\">\n        <div class=\"banner-bg fill\" data-parallax=\"-3\" data-parallax-container=\".banner\" data-parallax-background>\n            <div class=\"bg fill bg-fill \"><\/div>\n                        <div class=\"overlay\"><\/div>            \n                    <\/div>\n\t\t\n        <div class=\"banner-layers container\">\n            <div class=\"fill banner-link\"><\/div>            \n\n   <div id=\"text-box-1851508885\" class=\"text-box banner-layer x50 md-x50 lg-x50 y50 md-y50 lg-y50 res-text\">\n                                <div class=\"text-box-content text dark\">\n              \n              <div class=\"text-inner text-center\">\n                  \n\n<h3 class=\"uppercase\"><strong>Elecciones de la Corporaci\u00f3n Siri Singh Sahib 2020<\/strong><\/h3>\n<p>Seva, un servicio de dar sin pensar en el resultado, es algo muy simple. Te convierte en l\u00edder, lo seas o no, lo merezcas o no. Y te trae oportunidades, prosperidades, y todos los bienes, y Dios, y bondades del Universo.<br>Yogi Bhajan 20\/4\/89<\/p>\n\n              <\/div>\n           <\/div>\n                            \n<style>\n#text-box-1851508885 {\n  width: 99%;\n}\n#text-box-1851508885 .text-box-content {\n  font-size: 100%;\n}\n<\/style>\n    <\/div>\n \n\n        <\/div>\n      <\/div>\n\n            \n<style>\n#banner-1122722690 {\n  padding-top: 300px;\n}\n#banner-1122722690 .bg.bg-loaded {\n  background-image: url(https:\/\/ssscorp.org\/wp-content\/uploads\/2022\/09\/Untitled-design-3-scaled-1.jpeg);\n}\n#banner-1122722690 .overlay {\n  background-color: rgba(17, 33, 82, 0.855);\n}\n#banner-1122722690 .ux-shape-divider--top svg {\n  height: 150px;\n  --divider-top-width: 100%;\n}\n#banner-1122722690 .ux-shape-divider--bottom svg {\n  height: 150px;\n  --divider-width: 100%;\n}\n<\/style>\n  <\/div>\n\n\n\t<section class=\"section\" id=\"section_684323361\">\n\t\t<div class=\"bg section-bg fill bg-fill  bg-loaded\" >\n\n\t\t\t\n\t\t\t\n\t\t\t\n\n\t\t<\/div>\n\n\t\t\n\n\t\t<div class=\"section-content relative\">\n\t\t\t\n\n<div class=\"row\"  id=\"row-1747979876\">\n\n\n\t<div id=\"col-231784346\" class=\"col small-12 large-12\"  >\n\t\t\t\t<div class=\"col-inner\"  >\n\t\t\t\n\t\t\t\n\n\t<div class=\"img has-hover x md-x lg-x y md-y lg-y\" id=\"image_2103976584\">\n\t\t\t\t\t\t\t\t<div class=\"img-inner dark\" >\n\t\t\t<img fetchpriority=\"high\" decoding=\"async\" width=\"1020\" height=\"410\" src=\"https:\/\/ssscorp.org\/wp-content\/uploads\/2022\/10\/2020-sssc-election-infograph-most-current_orig-1024x412.jpg\" class=\"attachment-large size-large\" alt=\"\" srcset=\"https:\/\/ssscorp.org\/wp-content\/uploads\/2022\/10\/2020-sssc-election-infograph-most-current_orig-1024x412.jpg 1024w, https:\/\/ssscorp.org\/wp-content\/uploads\/2022\/10\/2020-sssc-election-infograph-most-current_orig-300x121.jpg 300w, https:\/\/ssscorp.org\/wp-content\/uploads\/2022\/10\/2020-sssc-election-infograph-most-current_orig-768x309.jpg 768w, https:\/\/ssscorp.org\/wp-content\/uploads\/2022\/10\/2020-sssc-election-infograph-most-current_orig.jpg 1456w\" sizes=\"(max-width: 1020px) 100vw, 1020px\" \/>\t\t\t\t\t\t\n\t\t\t\t\t<\/div>\n\t\t\t\t\t\t\t\t\n<style>\n#image_2103976584 {\n  width: 100%;\n}\n<\/style>\n\t<\/div>\n\t\n\n<h2 id=\"869772807653871632\" class=\"element wsite-content-title editable-text cke_editable cke_editable_inline cke_contents_ltr cke_show_borders cke_focus\" tabindex=\"0\" role=\"textbox\" contenteditable=\"true\" spellcheck=\"true\" aria-label=\"false\"><span style=\"color: #8d7824; font-size: xx-large;\">Resultados de las elecciones de 2020<\/span><\/h2>\n<p>Descargue los resultados oficiales haciendo clic <a href=\"https:\/\/ssscorp.org\/wp-content\/uploads\/2022\/10\/siri_singh_sahib_corporation_trustees_election_certification_letter_2020-03-30-1245.pdf\" target=\"_blank\" rel=\"noopener\" data-cke-saved-href=\"http:\/\/weebly-file\/1\/0\/7\/2\/107246343\/siri_singh_sahib_corporation_trustees_election_certification_letter_2020-03-30-1245.pdf\">aqu\u00ed<\/a>.<\/p>\n\t<div class=\"img has-hover x md-x lg-x y md-y lg-y\" id=\"image_1604590207\">\n\t\t\t\t\t\t\t\t<div class=\"img-inner dark\" >\n\t\t\t<img decoding=\"async\" width=\"1020\" height=\"633\" src=\"https:\/\/ssscorp.org\/wp-content\/uploads\/2022\/10\/table-2020-elections-1024x635.jpg\" class=\"attachment-large size-large\" alt=\"\" srcset=\"https:\/\/ssscorp.org\/wp-content\/uploads\/2022\/10\/table-2020-elections-1024x635.jpg 1024w, https:\/\/ssscorp.org\/wp-content\/uploads\/2022\/10\/table-2020-elections-300x186.jpg 300w, https:\/\/ssscorp.org\/wp-content\/uploads\/2022\/10\/table-2020-elections-768x476.jpg 768w, https:\/\/ssscorp.org\/wp-content\/uploads\/2022\/10\/table-2020-elections.jpg 1121w\" sizes=\"(max-width: 1020px) 100vw, 1020px\" \/>\t\t\t\t\t\t\n\t\t\t\t\t<\/div>\n\t\t\t\t\t\t\t\t\n<style>\n#image_1604590207 {\n  width: 100%;\n}\n<\/style>\n\t<\/div>\n\t\n\n<h2 id=\"684112980737863157\" class=\"element wsite-content-title editable-text cke_editable cke_editable_inline cke_contents_ltr cke_show_borders cke_focus\" style=\"text-align: center;\" tabindex=\"0\" role=\"textbox\" contenteditable=\"true\" spellcheck=\"true\" aria-label=\"false\">Detalles de la elecci\u00f3n<\/h2>\n<p><strong><span style=\"color: #8d7824;\">Ocho (8) de los miembros fueron elegidos en la \u00faltima elecci\u00f3n. Servir\u00e1n hasta el Consejo de Khalsa en el oto\u00f1o de 2022:<\/span><\/strong><\/p>\n<ul>\n<li>SS Guru Amrit Singh Khalsa- Herndon, VA (Tesorero)<\/li>\n<li>SS Gurusangat Singh Khalsa &#8211; Herndon, VA<\/li>\n<li>SS Gurudarbar Singh Khalsa &#8211; Espa\u00f1ola, NM<\/li>\n<li>SS Kulwant Kaur Khalsa &#8211; Espa\u00f1ola\/Los \u00c1ngeles<\/li>\n<li>SS Dr. Harjot Kaur Singh &#8211; Calgary, Canad\u00e1<\/li>\n<li>MSS Krishna Kaur Khalsa &#8211; Los \u00c1ngeles, CA<\/li>\n<li>SS Gurutej Singh Khalsa &#8211; Singapur<\/li>\n<li>SS Sahaj Singh Kahlas &#8211; Santa Fe, NM<\/li>\n<\/ul>\n<p><strong><span style=\"color: #a88d2e;\">Los siete (7) miembros de la Junta del SSSC cuyos mandatos expiran en la primavera de 2020 son:<\/span><\/strong><\/p>\n<ul>\n<li>MJ Amrit Singh Khalsa &#8211; Espa\u00f1ola, NM<\/li>\n<li>SS Dharm Singh Khalsa- Espa\u00f1ola, NM<\/li>\n<li>SS Gurujodha Singh Khalsa &#8211; Bakersfield, CA<\/li>\n<li>SS Gurujot Kaur Khalsa &#8211; Herndon, VA<\/li>\n<li>SS Sat Bachan Kaur Khalsa- Espa\u00f1ola, NM<\/li>\n<li>SS Sat Hari Singh Khalsa- Hamburgo, Alemania<\/li>\n<li>SS Viriam Singh Khalsa- Eugene, Oreg\u00f3n<\/li>\n<\/ul>\n<h3><span style=\"color: #a88d2e;\">Detalle del calendario electoral de 2022<\/span><\/h3>\n<p><strong>1. Nominaci\u00f3n: 15 de septiembre &#8211; 15 de octubre de 2019<\/strong><\/p>\n<ul>\n<li>Los miembros del Sangat nominar\u00e1n a los Candidatos a trav\u00e9s de una encuesta electr\u00f3nica. Todos los miembros de Sangat pueden participar. <\/li>\n<\/ul>\n<p><br><strong>2. Verificaci\u00f3n: del 16 de octubre al 31 de diciembre de 2019<\/strong><\/p>\n<ul>\n<li> La Oficina del Canciller examinar\u00e1 a los candidatos de acuerdo con la secci\u00f3n 2.6 de los estatutos para determinar la elegibilidad. <\/li>\n<li> La Oficina del Secretario de Religi\u00f3n proporcionar\u00e1 una lista de Ministros que han calificado para ser elegibles para votar en las pr\u00f3ximas elecciones. <\/li>\n<\/ul>\n<p><strong> <\/strong><br><strong>3. Anuncio de Candidatos: 1 de enero de 2020<\/strong><\/p>\n<ul>\n<li> Se enviar\u00e1 un correo electr\u00f3nico al Electorado anunciando los nombres de los Candidatos elegibles.<\/li>\n<\/ul>\n<p><strong> <\/strong><br><strong>4. Env\u00edo de Declaraciones de Candidatos: 2 de enero de 2020 &#8211; 30 de enero de 2020<\/strong><\/p>\n<ul>\n<li>A los Candidatos Elegibles se les proporcionar\u00e1 un cuestionario solicitando informaci\u00f3n biogr\u00e1fica relevante. El cuestionario deber\u00e1 incluir la fecha l\u00edmite de presentaci\u00f3n y los criterios para la descalificaci\u00f3n como se especifica en la Fase 5 de este cronograma. <\/li>\n<li>Cada Candidato Elegible deber\u00e1 enviar una respuesta al cuestionario.<\/li>\n<li>Los candidatos que no presenten una respuesta antes de la fecha l\u00edmite ser\u00e1n descalificados.<\/li>\n<\/ul>\n<p><strong> <\/strong><br><strong>5. Revisi\u00f3n de Declaraciones de Candidatos: 31 de enero &#8211; 13 de febrero de 2020<\/strong><\/p>\n<ul>\n<li>Esta fase puede ejecutarse simult\u00e1neamente con las Fases 4 y 6.<\/li>\n<li>La Oficina del Canciller y el Comit\u00e9 Electoral revisar\u00e1n todas las Declaraciones de los candidatos.<\/li>\n<\/ul>\n<ul>\n<li>Los candidatos cuyas declaraciones se determine que contienen contenido inapropiado pueden presentar una Declaraci\u00f3n revisada a m\u00e1s tardar tres (3) d\u00edas antes del comienzo de la votaci\u00f3n. Los candidatos que no hayan presentado una Declaraci\u00f3n revisada adecuada antes de esta fecha l\u00edmite ser\u00e1n descalificados. <\/li>\n<\/ul>\n<p><br><strong>6. Publicaci\u00f3n de declaraciones de candidatos: 14 de febrero de 2020<\/strong><\/p>\n<ul>\n<li>Esta fase puede ejecutarse simult\u00e1neamente con las fases 4 y 5.<\/li>\n<li>Una vez que se hayan publicado todas las Declaraciones correspondientes, se activar\u00e1 el sitio web y se enviar\u00e1 una notificaci\u00f3n al Electorado. <\/li>\n<\/ul>\n<p><br><strong>7. Ayuntamiento: 1-8 de marzo de <strong>2020<\/strong><\/strong><\/p>\n<ul>\n<li> Se llevar\u00e1n a cabo reuniones comunitarias en l\u00ednea para que el electorado se re\u00fana con los candidatos y les haga preguntas. <\/li>\n<\/ul>\n<p><br><strong>8. Votaci\u00f3n: del 9 al 22 de marzo de 2020<\/strong><\/p>\n<ul>\n<li>La votaci\u00f3n se realizar\u00e1 en l\u00ednea a trav\u00e9s de un servicio de votaci\u00f3n seguro.<\/li>\n<li>A cada elector se le proporcionar\u00e1 una credencial \u00fanica para que pueda llenar exactamente una boleta.<\/li>\n<li>Cada elector podr\u00e1 emitir un n\u00famero de votos igual o inferior al n\u00famero de esca\u00f1os a elegir. <\/li>\n<li> Cada votante tiene prohibido votar por cualquier Candidato m\u00e1s de una vez. <strong> <\/strong><\/li>\n<\/ul>\n<p><br><strong>9. Cuenta y notificaci\u00f3n: 23 de marzo de 2020<\/strong><\/p>\n<ul>\n<li>Los votos se contar\u00e1n electr\u00f3nicamente despu\u00e9s de que finalice la votaci\u00f3n.<\/li>\n<li>Los siete Candidatos que reciban la mayor cantidad de votos tomar\u00e1n asiento. <\/li>\n<li>En caso de empate en el \u00faltimo esca\u00f1o vacante, si hay m\u00e1s Candidatos en el empate que esca\u00f1os vacantes, los esca\u00f1os vacantes restantes se disputar\u00e1n en una elecci\u00f3n de desempate entre los Candidatos empatados. <\/li>\n<li>La notificaci\u00f3n de los resultados de las elecciones incluir\u00e1 los ganadores y las cuentas de cada Candidato.<\/li>\n<\/ul>\n<p> <br><strong>10. Elecci\u00f3n de segunda vuelta (si es necesario): 23-31 de marzo de 2020<\/strong><\/p>\n<ul>\n<li>El electorado ser\u00e1 notificado de una elecci\u00f3n de desempate al d\u00eda siguiente del final de la elecci\u00f3n normal.<\/li>\n<li>La votaci\u00f3n y el c\u00f3mputo de los votos se realizar\u00e1n de acuerdo con las Fases 7 y 8.<\/li>\n<\/ul>\n<p><br><strong>11. Notificar a Sangat de los resultados de las elecciones de segunda vuelta: 1 de abril de 2020 (si se requiere elecci\u00f3n de segunda vuelta)<\/strong><\/p>\n<ul>\n<li>El Sangat ser\u00e1 notificado de los resultados de las elecciones de segunda vuelta.<\/li>\n<\/ul>\n<p><br><strong>12. Asunci\u00f3n del cargo: (Primer d\u00eda del Consejo de Khalsa) 22 de abril de 2020<\/strong><\/p>\n<ul>\n<li>Los ganadores de la elecci\u00f3n tomar\u00e1n posesi\u00f3n de su cargo al expirar el mandato de los s\u00edndicos salientes. <\/li>\n<\/ul>\n<div class=\"is-divider divider clearfix\" style=\"max-width:100%;\"><\/div>\n\n<div class=\"row\"  id=\"row-724569349\">\n\n\n\t<div id=\"col-392779166\" class=\"col medium-6 small-12 large-6\"  >\n\t\t\t\t<div class=\"col-inner\"  >\n\t\t\t\n\t\t\t\n\n<h3>Electorado<\/h3>\n<p>Para saber m\u00e1s sobre qui\u00e9n puede formar parte del electorado o presentar una solicitud, haga clic en el siguiente bot\u00f3n:<\/p>\n\n<a class=\"button primary is-outline reveal-icon\"  >\n    <span>ELECTORADO 2020<\/span>\n  <i class=\"icon-angle-right\" ><\/i><\/a>\n\n\n\n\t\t<\/div>\n\t\t\t\t\t<\/div>\n\n\t\n\n\t<div id=\"col-254865123\" class=\"col medium-6 small-12 large-6\"  >\n\t\t\t\t<div class=\"col-inner\"  >\n\t\t\t\n\t\t\t\n\n<h3>Nombramientos<\/h3>\n<p>Para proponer a alguien como patrono, haga clic en el siguiente bot\u00f3n:<\/p>\n\n<a class=\"button primary is-outline reveal-icon\"  >\n    <span>FORMULARIO DE NOMBRAMIENTO DE ADMINISTRADORES<\/span>\n  <i class=\"icon-angle-right\" ><\/i><\/a>\n\n\n\n\t\t<\/div>\n\t\t\t\t\t<\/div>\n\n\t\n\n<\/div>\n\n\t\t<\/div>\n\t\t\t\t\t<\/div>\n\n\t\n\n<\/div>\n\n\t\t<\/div>\n\n\t\t\n<style>\n#section_684323361 {\n  padding-top: 30px;\n  padding-bottom: 30px;\n}\n#section_684323361 .ux-shape-divider--top svg {\n  height: 150px;\n  --divider-top-width: 100%;\n}\n#section_684323361 .ux-shape-divider--bottom svg {\n  height: 150px;\n  --divider-width: 100%;\n}\n<\/style>\n\t<\/section>\n\t\n\n  <div class=\"banner has-hover\" id=\"banner-1994522426\">\n          <div class=\"banner-inner fill\">\n        <div class=\"banner-bg fill\" >\n            <div class=\"bg fill bg-fill \"><\/div>\n                                    \n                    <\/div>\n\t\t\n        <div class=\"banner-layers container\">\n            <div class=\"fill banner-link\"><\/div>            \n\n   <div id=\"text-box-787257109\" class=\"text-box banner-layer x50 md-x50 lg-x50 y50 md-y50 lg-y50 res-text\">\n                                <div class=\"text-box-content text dark\">\n              \n              <div class=\"text-inner text-center\">\n                  \n\n<p><span style=\"font-size: large;\">Elige a quien quieras pero debes votar. Creo que cualquiera que no se haya registrado como votante ha hecho una tragedia nacional. \u00bfQu\u00e9 es esa democracia en la que nadie quiere votar? Votar bien y mal pero hay que votar; eso es la democracia. Y una democracia en la que s\u00f3lo vota la mitad del pueblo, \u00bfqu\u00e9 es la democracia?<\/span><br><span style=\"font-size: small;\">Yogi Bhajan 13\/10\/88<\/span><\/p>\n<a class=\"button white is-outline reveal-icon\"  >\n    <span>CANDIDATOS 2020<\/span>\n  <i class=\"icon-angle-right\" ><\/i><\/a>\n\n\n\n              <\/div>\n           <\/div>\n                            \n<style>\n#text-box-787257109 {\n  width: 97%;\n}\n#text-box-787257109 .text-box-content {\n  font-size: 100%;\n}\n<\/style>\n    <\/div>\n \n\n        <\/div>\n      <\/div>\n\n            \n<style>\n#banner-1994522426 {\n  padding-top: 250px;\n  background-color: rgb(51, 61, 80);\n}\n#banner-1994522426 .ux-shape-divider--top svg {\n  height: 150px;\n  --divider-top-width: 100%;\n}\n#banner-1994522426 .ux-shape-divider--bottom svg {\n  height: 150px;\n  --divider-width: 100%;\n}\n<\/style>\n  <\/div>\n\n\n\n","protected":false},"excerpt":{"rendered":"","protected":false},"author":1,"featured_media":0,"parent":0,"menu_order":0,"comment_status":"closed","ping_status":"closed","template":"page-blank.php","meta":{"iawp_total_views":2,"footnotes":""},"class_list":["post-2417","page","type-page","status-publish","hentry"],"_links":{"self":[{"href":"https:\/\/ssscorp.org\/es\/wp-json\/wp\/v2\/pages\/2417","targetHints":{"allow":["GET"]}}],"collection":[{"href":"https:\/\/ssscorp.org\/es\/wp-json\/wp\/v2\/pages"}],"about":[{"href":"https:\/\/ssscorp.org\/es\/wp-json\/wp\/v2\/types\/page"}],"author":[{"embeddable":true,"href":"https:\/\/ssscorp.org\/es\/wp-json\/wp\/v2\/users\/1"}],"replies":[{"embeddable":true,"href":"https:\/\/ssscorp.org\/es\/wp-json\/wp\/v2\/comments?post=2417"}],"version-history":[{"count":3,"href":"https:\/\/ssscorp.org\/es\/wp-json\/wp\/v2\/pages\/2417\/revisions"}],"predecessor-version":[{"id":3206,"href":"https:\/\/ssscorp.org\/es\/wp-json\/wp\/v2\/pages\/2417\/revisions\/3206"}],"wp:attachment":[{"href":"https:\/\/ssscorp.org\/es\/wp-json\/wp\/v2\/media?parent=2417"}],"curies":[{"name":"wp","href":"https:\/\/api.w.org\/{rel}","templated":true}]}}