{"id":2393,"date":"2022-09-02T15:23:56","date_gmt":"2022-09-02T15:23:56","guid":{"rendered":"https:\/\/ssscorp.org\/elecciones-de-la-corporacion-siri-singh-sahib-de-2015\/"},"modified":"2022-10-23T00:43:58","modified_gmt":"2022-10-23T00:43:58","slug":"elecciones-de-la-corporacion-siri-singh-sahib-de-2015","status":"publish","type":"page","link":"https:\/\/ssscorp.org\/es\/elecciones-de-la-corporacion-siri-singh-sahib-de-2015\/","title":{"rendered":"Elecciones de la Corporaci\u00f3n Siri Singh Sahib de 2015"},"content":{"rendered":"\n\n  <div class=\"banner has-hover has-parallax\" id=\"banner-351854024\">\n          <div class=\"banner-inner fill\">\n        <div class=\"banner-bg fill\" data-parallax=\"-3\" data-parallax-container=\".banner\" data-parallax-background>\n            <div class=\"bg fill bg-fill \"><\/div>\n                        <div class=\"overlay\"><\/div>            \n                    <\/div>\n\t\t\n        <div class=\"banner-layers container\">\n            <div class=\"fill banner-link\"><\/div>            \n\n   <div id=\"text-box-1010931292\" class=\"text-box banner-layer x50 md-x50 lg-x50 y50 md-y50 lg-y50 res-text\">\n                                <div class=\"text-box-content text dark\">\n              \n              <div class=\"text-inner text-center\">\n                  \n\n<h3 class=\"uppercase\"><strong>Elecciones de la Corporaci\u00f3n Siri Singh Sahib de 2015<\/strong><\/h3>\n\n\n              <\/div>\n           <\/div>\n                            \n<style>\n#text-box-1010931292 {\n  width: 80%;\n}\n#text-box-1010931292 .text-box-content {\n  font-size: 100%;\n}\n<\/style>\n    <\/div>\n \n\n        <\/div>\n      <\/div>\n\n            \n<style>\n#banner-351854024 {\n  padding-top: 300px;\n}\n#banner-351854024 .bg.bg-loaded {\n  background-image: url(https:\/\/ssscorp.org\/wp-content\/uploads\/2022\/09\/Untitled-design-3-scaled-1.jpeg);\n}\n#banner-351854024 .overlay {\n  background-color: rgba(17, 33, 82, 0.855);\n}\n#banner-351854024 .ux-shape-divider--top svg {\n  height: 150px;\n  --divider-top-width: 100%;\n}\n#banner-351854024 .ux-shape-divider--bottom svg {\n  height: 150px;\n  --divider-width: 100%;\n}\n<\/style>\n  <\/div>\n\n\n\t<section class=\"section\" id=\"section_1897476165\">\n\t\t<div class=\"bg section-bg fill bg-fill  bg-loaded\" >\n\n\t\t\t\n\t\t\t\n\t\t\t\n\n\t\t<\/div>\n\n\t\t\n\n\t\t<div class=\"section-content relative\">\n\t\t\t\n\n<div class=\"row\"  id=\"row-725880762\">\n\n\n\t<div id=\"col-598273889\" class=\"col small-12 large-12\"  >\n\t\t\t\t<div class=\"col-inner\"  >\n\t\t\t\n\t\t\t\n\n<p>La Corporaci\u00f3n Siri Singh Sahib (SSSC) est\u00e1 dirigida por una Junta Directiva de diecisiete miembros. Dos de esos miembros, el Bhai Sahiba y el Siri Sikdar Sahiba, est\u00e1n incluidos en virtud de sus cargos y, por lo tanto, no son elegidos. Los quince miembros restantes son elegidos de acuerdo con los Estatutos del SSSC.<br>\u200b<br>Los miembros actuales de la Junta, habiendo sido elegidos como Junta Inicial por el Sangat en mayo de 2012, asumieron el cargo el 26 de noviembre de 2012, seg\u00fan lo estipulado en el Acuerdo de Conciliaci\u00f3n General con la antigua Junta de Unto Infinity (UI). <br><br><strong><span style=\"color: #8d7824;\">Ocho (8) de los miembros fueron elegidos en la \u00faltima elecci\u00f3n. Servir\u00e1n hasta el Consejo de Khalsa en el oto\u00f1o de 2022:<\/span><\/strong><\/p>\n<ul>\n<li>SS Gur\u00fa Amrit Singh Khalsa- Herndon, VA <\/li>\n<li>SS Avtar Hari Singh Khalsa &#8211; NM<\/li>\n<li>MSS Guru Singh Khalsa &#8211; Los \u00c1ngeles, CA<\/li>\n<li>SS Dr. Harjot Kaur Singh &#8211; Calgary, Canad\u00e1<\/li>\n<li>SS Jai Singh Khalsa &#8211; Boston, MA<\/li>\n<li>MSS Krishna Kaur Khalsa &#8211; Los \u00c1ngeles, CA<\/li>\n<li>SS Siri Pritam Kaur Khalsa &#8211; Yuba City, CA<\/li>\n<li>SS Siri Vishnu Singh Khalsa &#8211; Espa\u00f1ola, NM<\/li>\n<\/ul>\n<p><strong><span style=\"color: #a88d2e;\">Los siete (7) miembros de la Junta del SSSC cuyos mandatos expiran en la primavera de 2020 son:<\/span><\/strong><\/p>\n<ul>\n<li>SS Gurujodha Singh Khalsa &#8211; Bakersfield, CA <\/li>\n<li>SS Viriam Singh Khalsa &#8211; Eugene, Oreg\u00f3n<\/li>\n<li>SS Amrit Singh Khalsa &#8211; Espa\u00f1ola, NM<\/li>\n<li>SS Dharm Singh Khalsa &#8211; Espa\u00f1ola, NM<\/li>\n<li>SS Gurujot Kaur Khalsa &#8211; Eugene, Oreg\u00f3n<\/li>\n<li>SS Gur\u00fa Raj Kaur Khalsa &#8211; Vancouver, Canad\u00e1<\/li>\n<li>SS Harinam Singh Khalsa &#8211; Nueva York, NY<\/li>\n<\/ul>\n<p><em>*En funci\u00f3n de su posici\u00f3n como el siguiente en obtener m\u00e1s votos (lugar 16) en las elecciones iniciales, MJ Amrit Singh Khalsa fue designado para servir el resto del mandato de SS Shanti Kaur Khalsa despu\u00e9s de su renuncia a la Junta. <\/em><\/p>\n<h3><span style=\"color: #a88d2e;\">Elegibilidad del candidato<\/span><\/h3>\n<p>Como se especifica en la Pol\u00edtica Electoral, los Candidatos para la Junta ser\u00e1n nominados por miembros del Sangat (es decir, el p\u00fablico en general). El proceso de nominaci\u00f3n se describe en la secci\u00f3n Calendario electoral.<br><br>Todos los candidatos deben cumplir con los siguientes requisitos de los estatutos:<br><br><em><strong>Secci\u00f3n 2.6 Requisitos para ser miembro de la junta<\/strong><\/em><br><em>Para ser elegible para servir como fideicomisario electo, una persona debe:<br><br>(a) ser un ministro de Sikh Dharma International actualmente con buena reputaci\u00f3n y haberlo sido durante al menos dos (2) a\u00f1os completos inmediatamente anteriores a su nominaci\u00f3n<br><br>(b) ser un donante regular de una o m\u00e1s de las Corporaciones Constituyentes sin fines de lucro (como se define en la Secci\u00f3n 1.4) y lo ha sido durante al menos dos (2) a\u00f1os calendario inmediatamente anteriores a su nominaci\u00f3n<br><br>(c) ser de buen car\u00e1cter; nunca haber sido condenado o admitido por ning\u00fan delito grave o delito menor que implique bajeza moral; no representar ninguna amenaza a la seguridad de los Estados Unidos ni tener intereses o estatus extranjeros que entren en conflicto con los intereses de los Estados Unidos o con cualquier elemento de la comunidad y las empresas de Sikh Dharma\/3HO; aceptar proporcionar informaci\u00f3n para una verificaci\u00f3n de antecedentes confidencial; y<br><br>(d) no servir simult\u00e1neamente como miembro votante de la Junta Directiva de ninguna Corporaci\u00f3n Constituyente sin fines de lucro identificada en el Anexo A de estos Estatutos. Para cumplir con este<\/em><\/p>\n<ul>\n<li><em>(i) Un Fideicomisario debe renunciar o continuar como miembro sin derecho a voto de la Junta Directiva de una Corporaci\u00f3n Constituyente sin fines de lucro inmediatamente despu\u00e9s de asumir el cargo de Fideicomisario,<\/em><\/li>\n<li><em>(ii) Un Fideicomisario puede servir sin derecho a voto en un m\u00e1ximo de dos (2) juntas de Corporaciones Constituyentes sin fines de lucro.<\/em><\/li>\n<li><em>(iii) Si corresponde, un Fideicomisario que preste servicios a una Corporaci\u00f3n Constituyente sin fines de lucro en una capacidad sin derecho a voto puede ser recusado de los votos del SSSC en asuntos que involucren a ese constituyente sujeto<\/em><\/li>\n<\/ul>\n<p><em>(e) no estar relacionado por consanguinidad o matrimonio (incluidas las relaciones de paso) con, o en una pareja de hecho con, otro Fideicomisario.<\/em><\/p>\n<h3><span style=\"color: #8d7824;\">Electorado 2015<\/span><\/h3>\n<p>El electorado para la Junta del SSSC se establece mediante una moci\u00f3n de la Junta, de la siguiente manera:<br><em>Para las elecciones de 2015, el electorado elegible es:<\/em><\/p>\n<ul>\n<li><em>Ministros de Sikh Dharma con buena reputaci\u00f3n catorce (14) d\u00edas antes del inicio de la votaci\u00f3n, y<\/em><\/li>\n<li><em>Votantes que votaron en la Elecci\u00f3n Inicial de la Junta.<\/em><\/li>\n<\/ul>\n<p><em>Para todas las elecciones subsiguientes, el electorado elegible son solo los ministros de Sikh Dharma que est\u00e1n en buenas condiciones.<br>noventa (90) d\u00edas antes del inicio de la votaci\u00f3n.<\/em><\/p>\n<h3><span style=\"color: #8d7824; font-size: 100%;\">Resultados de las elecciones de 2015<\/span><\/h3>\n<p>Para descargar y ver los resultados oficiales, haga clic <a href=\"https:\/\/ssscorp.org\/wp-content\/uploads\/2022\/10\/2015_sssc_final_election_results_certification_board_member_election_20152.pdf\" target=\"_blank\" rel=\"noopener\" data-cke-saved-href=\"http:\/\/weebly-file\/1\/0\/7\/2\/107246343\/2015_sssc_final_election_results_certification_board_member_election_2015&#091;2&#093;.pdf\">aqu\u00ed<\/a> . <\/p>\n\t<div class=\"img has-hover x md-x lg-x y md-y lg-y\" id=\"image_672228555\">\n\t\t\t\t\t\t\t\t<div class=\"img-inner dark\" >\n\t\t\t<img fetchpriority=\"high\" decoding=\"async\" width=\"702\" height=\"800\" src=\"https:\/\/ssscorp.org\/wp-content\/uploads\/2022\/10\/screen-shot-2019-04-27-at-11-36-36-am_orig.png\" class=\"attachment-large size-large\" alt=\"\" srcset=\"https:\/\/ssscorp.org\/wp-content\/uploads\/2022\/10\/screen-shot-2019-04-27-at-11-36-36-am_orig.png 702w, https:\/\/ssscorp.org\/wp-content\/uploads\/2022\/10\/screen-shot-2019-04-27-at-11-36-36-am_orig-263x300.png 263w\" sizes=\"(max-width: 702px) 100vw, 702px\" \/>\t\t\t\t\t\t\n\t\t\t\t\t<\/div>\n\t\t\t\t\t\t\t\t\n<style>\n#image_672228555 {\n  width: 100%;\n}\n<\/style>\n\t<\/div>\n\t\n\n\n\t\t<\/div>\n\t\t\t\t\t<\/div>\n\n\t\n\n<\/div>\n\n\t\t<\/div>\n\n\t\t\n<style>\n#section_1897476165 {\n  padding-top: 30px;\n  padding-bottom: 30px;\n}\n#section_1897476165 .ux-shape-divider--top svg {\n  height: 150px;\n  --divider-top-width: 100%;\n}\n#section_1897476165 .ux-shape-divider--bottom svg {\n  height: 150px;\n  --divider-width: 100%;\n}\n<\/style>\n\t<\/section>\n\t\n\n","protected":false},"excerpt":{"rendered":"","protected":false},"author":1,"featured_media":0,"parent":0,"menu_order":0,"comment_status":"closed","ping_status":"closed","template":"page-blank.php","meta":{"iawp_total_views":1,"footnotes":""},"class_list":["post-2393","page","type-page","status-publish","hentry"],"_links":{"self":[{"href":"https:\/\/ssscorp.org\/es\/wp-json\/wp\/v2\/pages\/2393","targetHints":{"allow":["GET"]}}],"collection":[{"href":"https:\/\/ssscorp.org\/es\/wp-json\/wp\/v2\/pages"}],"about":[{"href":"https:\/\/ssscorp.org\/es\/wp-json\/wp\/v2\/types\/page"}],"author":[{"embeddable":true,"href":"https:\/\/ssscorp.org\/es\/wp-json\/wp\/v2\/users\/1"}],"replies":[{"embeddable":true,"href":"https:\/\/ssscorp.org\/es\/wp-json\/wp\/v2\/comments?post=2393"}],"version-history":[{"count":3,"href":"https:\/\/ssscorp.org\/es\/wp-json\/wp\/v2\/pages\/2393\/revisions"}],"predecessor-version":[{"id":3126,"href":"https:\/\/ssscorp.org\/es\/wp-json\/wp\/v2\/pages\/2393\/revisions\/3126"}],"wp:attachment":[{"href":"https:\/\/ssscorp.org\/es\/wp-json\/wp\/v2\/media?parent=2393"}],"curies":[{"name":"wp","href":"https:\/\/api.w.org\/{rel}","templated":true}]}}