{"id":2392,"date":"2022-09-02T15:22:33","date_gmt":"2022-09-02T15:22:33","guid":{"rendered":"https:\/\/ssscorp.org\/eleccion-del-sssc\/"},"modified":"2022-11-02T21:54:40","modified_gmt":"2022-11-02T21:54:40","slug":"eleccion-del-sssc","status":"publish","type":"page","link":"https:\/\/ssscorp.org\/es\/eleccion-del-sssc\/","title":{"rendered":"Elecci\u00f3n del SSSC"},"content":{"rendered":"\n\n  <div class=\"banner has-hover has-parallax\" id=\"banner-1126332780\">\n          <div class=\"banner-inner fill\">\n        <div class=\"banner-bg fill\" data-parallax=\"-3\" data-parallax-container=\".banner\" data-parallax-background>\n            <div class=\"bg fill bg-fill \"><\/div>\n                        <div class=\"overlay\"><\/div>            \n                    <\/div>\n\t\t\n        <div class=\"banner-layers container\">\n            <div class=\"fill banner-link\"><\/div>            \n\n   <div id=\"text-box-1180338331\" class=\"text-box banner-layer x50 md-x50 lg-x50 y50 md-y50 lg-y50 res-text\">\n                                <div class=\"text-box-content text dark\">\n              \n              <div class=\"text-inner text-center\">\n                  \n\n<h3 class=\"uppercase\"><strong>Elecci\u00f3n de Fideicomisarios del SSSC <\/strong><\/h3>\n\n\n              <\/div>\n           <\/div>\n                            \n<style>\n#text-box-1180338331 {\n  width: 60%;\n}\n#text-box-1180338331 .text-box-content {\n  font-size: 100%;\n}\n<\/style>\n    <\/div>\n \n\n        <\/div>\n      <\/div>\n\n            \n<style>\n#banner-1126332780 {\n  padding-top: 300px;\n}\n#banner-1126332780 .bg.bg-loaded {\n  background-image: url(https:\/\/ssscorp.org\/wp-content\/uploads\/2022\/09\/Untitled-design-3-scaled-1.jpeg);\n}\n#banner-1126332780 .overlay {\n  background-color: rgba(17, 33, 82, 0.855);\n}\n#banner-1126332780 .ux-shape-divider--top svg {\n  height: 150px;\n  --divider-top-width: 100%;\n}\n#banner-1126332780 .ux-shape-divider--bottom svg {\n  height: 150px;\n  --divider-width: 100%;\n}\n<\/style>\n  <\/div>\n\n\n\t<section class=\"section\" id=\"section_930878360\">\n\t\t<div class=\"bg section-bg fill bg-fill  bg-loaded\" >\n\n\t\t\t\n\t\t\t\n\t\t\t\n\n\t\t<\/div>\n\n\t\t\n\n\t\t<div class=\"section-content relative\">\n\t\t\t\n\n<div class=\"row\"  id=\"row-1087349259\">\n\n\n\t<div id=\"col-324900607\" class=\"col small-12 large-12\"  >\n\t\t\t\t<div class=\"col-inner\"  >\n\t\t\t\n\t\t\t\n\n<p>La Corporaci\u00f3n Siri Singh Sahib (SSSC) est\u00e1 dirigida por una Junta Directiva de diecisiete miembros. Dos de esos miembros, el Bhai Sahiba y el Siri Sikdar Sahiba, est\u00e1n incluidos como miembros de la Junta en virtud de sus cargos (&#8220;ex officio&#8221;) y, por lo tanto, no son elegidos. <br>\u200b<br>Los t\u00e9rminos y la elecci\u00f3n de los miembros de la Junta se dan en los Estatutos y la Pol\u00edtica de Elecci\u00f3n. <br><br>Secci\u00f3n 2.4 Plazo y Elecci\u00f3n. Los mandatos de los Fideicomisarios Electos ser\u00e1n de aproximadamente cinco (5) a\u00f1os. Las elecciones se escalonar\u00e1n con la mitad de los Fideicomisarios elegidos en intervalos de aproximadamente 2,5 a\u00f1os. El proceso de elecci\u00f3n ser\u00e1 como se especifica en la Pol\u00edtica de Elecci\u00f3n de la Junta de SSSC adoptada por resoluci\u00f3n de la Junta de S\u00edndicos de vez en cuando. &#8230; El t\u00e9rmino de la Junta Inicial del SSSC ser\u00e1 como se especifica en la Pol\u00edtica de elecci\u00f3n de la Junta del SSSC. (de los estatutos)<\/p>\n<p>El mandato de siete (7) de los fideicomisarios iniciales (&#8220;Grupo A&#8221;) vencer\u00e1 el primer d\u00eda de las reuniones del Consejo Spring Khalsa en 2015. El mandato de los restantes ocho (8) fideicomisarios iniciales elegidos (&#8220;Grupo B&#8221;) vencer\u00e1 el primer d\u00eda de las reuniones del Consejo de Fall Khalsa en 2017. El Grupo A y el Grupo B se designar\u00e1n de forma voluntaria. Si cualquiera de los grupos recibe menos voluntarios de los necesarios, los fideicomisarios restantes de ese grupo se seleccionar\u00e1n al azar. (de la Pol\u00edtica Electoral)<\/p>\n<p>Para ver la elecci\u00f3n actual, as\u00ed como los resultados de elecciones anteriores, despl\u00e1cese hacia abajo y haga clic en los enlaces respectivos.<\/p>\n<div class=\"container section-title-container\" ><h3 class=\"section-title section-title-normal\"><b><\/b><span class=\"section-title-main\" >Calendario de Elecciones:<\/span><b><\/b><\/h3><\/div>\n\n<table>\n<thead>\n<tr style=\"background: #c2a43b;\">\n<th style=\"text-align: center;\">A\u00f1o<\/th>\n<th style=\"text-align: center;\">Resultados<\/th>\n<\/tr>\n<\/thead>\n<tbody>\n<tr>\n<td style=\"text-align: center;\">2012<\/td>\n<td style=\"text-align: center;\"><a href=\"https:\/\/ssscorp.org\/es\/elecciones-de-la-corporacion-siri-singh-sahib-de-2012\/\">Pulse aqu\u00ed para ver los resultados de este a\u00f1o electoral<\/a><\/td>\n<\/tr>\n<tr>\n<td style=\"text-align: center;\">2015<\/td>\n<td style=\"text-align: center;\"><a href=\"https:\/\/ssscorp.org\/es\/elecciones-de-la-corporacion-siri-singh-sahib-de-2015\/\">Pulse aqu\u00ed para ver los resultados de este a\u00f1o electoral<\/a><\/td>\n<\/tr>\n<tr>\n<td style=\"text-align: center;\">2017<\/td>\n<td style=\"text-align: center;\"><a href=\"https:\/\/ssscorp.org\/es\/elecciones-de-la-corporacion-siri-singh-sahib-de-2017\/\">Pulse aqu\u00ed para ver los resultados de este a\u00f1o electoral<\/a><\/td>\n<\/tr>\n<tr>\n<td style=\"text-align: center;\">2020<\/td>\n<td style=\"text-align: center;\"><a href=\"https:\/\/ssscorp.org\/es\/elecciones-de-la-corporacion-siri-singh-sahib-2020\/\">Pulse aqu\u00ed para ver los resultados de este a\u00f1o electoral<\/a><\/td>\n<\/tr>\n<tr>\n<td style=\"text-align: center;\">2022<\/td>\n<td style=\"text-align: center;\"><a href=\"https:\/\/ssscorp.org\/es\/elecciones-de-la-corporacion-siri-singh-sahib-de-2022\/\">Pulse aqu\u00ed para ver los resultados de este a\u00f1o electoral<\/a><\/td>\n<\/tr>\n<tr>\n<td style=\"text-align: center;\">2022<\/td>\n<td style=\"text-align: center;\">Programado para el oto\u00f1o de 2022<\/td>\n<\/tr>\n<tr>\n<td style=\"text-align: center;\">2025<\/td>\n<td style=\"text-align: center;\">Programado para la primavera de 2025<\/td>\n<\/tr>\n<tr>\n<td style=\"text-align: center;\">2027<\/td>\n<td style=\"text-align: center;\">Programado para el oto\u00f1o de 2027<\/td>\n<\/tr>\n<tr>\n<td style=\"text-align: center;\">2030<\/td>\n<td style=\"text-align: center;\">Programado para la primavera de 2030<\/td>\n<\/tr>\n<tr>\n<td style=\"text-align: center;\">2032<\/td>\n<td style=\"text-align: center;\">Programado para el oto\u00f1o de 2032<\/td>\n<\/tr>\n<\/tbody>\n<\/table>\n\n\t\t<\/div>\n\t\t\t\t\t<\/div>\n\n\t\n\n<\/div>\n\n\t\t<\/div>\n\n\t\t\n<style>\n#section_930878360 {\n  padding-top: 30px;\n  padding-bottom: 30px;\n}\n#section_930878360 .ux-shape-divider--top svg {\n  height: 150px;\n  --divider-top-width: 100%;\n}\n#section_930878360 .ux-shape-divider--bottom svg {\n  height: 150px;\n  --divider-width: 100%;\n}\n<\/style>\n\t<\/section>\n\t\n\n","protected":false},"excerpt":{"rendered":"","protected":false},"author":1,"featured_media":0,"parent":0,"menu_order":0,"comment_status":"closed","ping_status":"closed","template":"page-blank.php","meta":{"iawp_total_views":8,"footnotes":""},"class_list":["post-2392","page","type-page","status-publish","hentry"],"_links":{"self":[{"href":"https:\/\/ssscorp.org\/es\/wp-json\/wp\/v2\/pages\/2392","targetHints":{"allow":["GET"]}}],"collection":[{"href":"https:\/\/ssscorp.org\/es\/wp-json\/wp\/v2\/pages"}],"about":[{"href":"https:\/\/ssscorp.org\/es\/wp-json\/wp\/v2\/types\/page"}],"author":[{"embeddable":true,"href":"https:\/\/ssscorp.org\/es\/wp-json\/wp\/v2\/users\/1"}],"replies":[{"embeddable":true,"href":"https:\/\/ssscorp.org\/es\/wp-json\/wp\/v2\/comments?post=2392"}],"version-history":[{"count":5,"href":"https:\/\/ssscorp.org\/es\/wp-json\/wp\/v2\/pages\/2392\/revisions"}],"predecessor-version":[{"id":3921,"href":"https:\/\/ssscorp.org\/es\/wp-json\/wp\/v2\/pages\/2392\/revisions\/3921"}],"wp:attachment":[{"href":"https:\/\/ssscorp.org\/es\/wp-json\/wp\/v2\/media?parent=2392"}],"curies":[{"name":"wp","href":"https:\/\/api.w.org\/{rel}","templated":true}]}}