{"id":2335,"date":"2022-09-02T15:22:31","date_gmt":"2022-09-02T15:22:31","guid":{"rendered":"https:\/\/ssscorp.org\/junta-de-sikh-dharma-international-sdi\/"},"modified":"2025-12-16T17:35:57","modified_gmt":"2025-12-16T17:35:57","slug":"junta-de-sikh-dharma-international-sdi","status":"publish","type":"page","link":"https:\/\/ssscorp.org\/es\/a-quien-servimos\/servir-en-una-junta-subsidiaria\/junta-de-sikh-dharma-international-sdi\/","title":{"rendered":"Junta de Sikh Dharma International (SDI)"},"content":{"rendered":"\n\n  <div class=\"banner has-hover has-parallax\" id=\"banner-51893394\">\n          <div class=\"banner-inner fill\">\n        <div class=\"banner-bg fill\" data-parallax=\"-3\" data-parallax-container=\".banner\" data-parallax-background>\n            <div class=\"bg fill bg-fill \"><\/div>\n                        <div class=\"overlay\"><\/div>            \n                    <\/div>\n\t\t\n        <div class=\"banner-layers container\">\n            <div class=\"fill banner-link\"><\/div>            \n\n   <div id=\"text-box-470703221\" class=\"text-box banner-layer x50 md-x50 lg-x50 y50 md-y50 lg-y50 res-text\">\n                                <div class=\"text-box-content text dark\">\n              \n              <div class=\"text-inner text-center\">\n                  \n\n<h3 class=\"uppercase\"><strong>Junta de Sikh Dharma International (SDI)<\/strong><\/h3>\n<p>SDI est\u00e1 buscando nuevos miembros de la junta para ayudar a cumplir su misi\u00f3n. La misi\u00f3n de Sikh Dharma International es defender el est\u00e1ndar y la gracia del Siri Guru Granth Sahib y servir para elevar a la humanidad a trav\u00e9s de la tecnolog\u00eda sagrada de Shabad Guru. Nuestra visi\u00f3n es elevar el esp\u00edritu de la humanidad. Nuestros objetivos son servir a nuestras comunidades globales a trav\u00e9s de la educaci\u00f3n, el apoyo comunitario, el liderazgo, la comunicaci\u00f3n y la inspiraci\u00f3n. Creemos en la universalidad de Dios en todos. En SDI apoyamos la igualdad, la dignidad, la divinidad y la gracia de todos los seres humanos. Es con la mayor gratitud a Dios y al Gur\u00fa que el personal, los funcionarios y la junta directiva tienen el privilegio de servir a la misi\u00f3n del Sikh Dharma al servicio de las generaciones futuras.<\/p>\n\n              <\/div>\n           <\/div>\n                            \n<style>\n#text-box-470703221 {\n  width: 100%;\n}\n#text-box-470703221 .text-box-content {\n  font-size: 100%;\n}\n<\/style>\n    <\/div>\n \n\n        <\/div>\n      <\/div>\n\n            \n<style>\n#banner-51893394 {\n  padding-top: 400px;\n}\n#banner-51893394 .bg.bg-loaded {\n  background-image: url(https:\/\/ssscorp.org\/wp-content\/uploads\/2022\/09\/Untitled-design-3-scaled-1.jpeg);\n}\n#banner-51893394 .overlay {\n  background-color: rgba(17, 33, 82, 0.855);\n}\n#banner-51893394 .ux-shape-divider--top svg {\n  height: 150px;\n  --divider-top-width: 100%;\n}\n#banner-51893394 .ux-shape-divider--bottom svg {\n  height: 150px;\n  --divider-width: 100%;\n}\n<\/style>\n  <\/div>\n\n\n\t<section class=\"section\" id=\"section_613219809\">\n\t\t<div class=\"bg section-bg fill bg-fill  bg-loaded\" >\n\n\t\t\t\n\t\t\t\n\t\t\t\n\n\t\t<\/div>\n\n\t\t\n\n\t\t<div class=\"section-content relative\">\n\t\t\t\n\n<div class=\"row\"  id=\"row-2102507736\">\n\n\n\t<div id=\"col-739554126\" class=\"col small-12 large-12\"  >\n\t\t\t\t<div class=\"col-inner\"  >\n\t\t\t\n\t\t\t\n\n<div class=\"row\"  id=\"row-1097124334\">\n\n\n\t<div id=\"col-281450248\" class=\"col small-12 large-12\"  >\n\t\t\t\t<div class=\"col-inner text-center\"  >\n\t\t\t\n\t\t\t\n\n\t<div class=\"img has-hover x md-x lg-x y md-y lg-y\" id=\"image_2039637388\">\n\t\t\t\t\t\t\t\t<div class=\"img-inner dark\" >\n\t\t\t<img fetchpriority=\"high\" decoding=\"async\" width=\"1020\" height=\"510\" src=\"https:\/\/ssscorp.org\/wp-content\/uploads\/2022\/10\/sikh-dharma-1024x512.jpg\" class=\"attachment-large size-large\" alt=\"\" srcset=\"https:\/\/ssscorp.org\/wp-content\/uploads\/2022\/10\/sikh-dharma-1024x512.jpg 1024w, https:\/\/ssscorp.org\/wp-content\/uploads\/2022\/10\/sikh-dharma-300x150.jpg 300w, https:\/\/ssscorp.org\/wp-content\/uploads\/2022\/10\/sikh-dharma-768x384.jpg 768w, https:\/\/ssscorp.org\/wp-content\/uploads\/2022\/10\/sikh-dharma.jpg 1100w\" sizes=\"(max-width: 1020px) 100vw, 1020px\" \/>\t\t\t\t\t\t\n\t\t\t\t\t<\/div>\n\t\t\t\t\t\t\t\t\n<style>\n#image_2039637388 {\n  width: 48%;\n}\n<\/style>\n\t<\/div>\n\t\n\n\n\t\t<\/div>\n\t\t\t\t\t<\/div>\n\n\t\n\n\t<div id=\"col-1749067083\" class=\"col small-12 large-12\"  >\n\t\t\t\t<div class=\"col-inner\"  >\n\t\t\t\n\t\t\t\n\n<p><strong>Para ser miembro de la Junta Directiva, debe cumplir los siguientes requisitos de elegibilidad<\/strong><\/p>\n<ul>\n<li>Apoyar los valores y la misi\u00f3n de la Corporaci\u00f3n<\/li>\n<li>Ser un donante regular de Dasvandh o convertirse en un donante de Dasvandh, o haber tenido una relaci\u00f3n demostrable (por ejemplo, un sevadar regular) con cualquiera de las organizaciones o comunidades afiliadas de Sikh Dharma\/3HO durante al menos dos a\u00f1os inmediatamente anteriores a su nominaci\u00f3n<\/li>\n<li>Ser ministro de Sikh Dharma International o convertirse en ministro de Sikh Dharma International al convertirse en miembro de la junta<\/li>\n<li>Ser de buen car\u00e1cter con altos est\u00e1ndares \u00e9ticos.<\/li>\n<li>No estar relacionado por consanguinidad o matrimonio (incluidos los padrastros) con, o en una pareja de hecho con, otro Director; y<\/li>\n<li>No ser empleado de la Corporaci\u00f3n<\/li>\n<\/ul>\n\n\t\t<\/div>\n\t\t\t\t\t<\/div>\n\n\t\n\n\t<div id=\"col-403056780\" class=\"col small-12 large-12\"  >\n\t\t\t\t<div class=\"col-inner\"  >\n\t\t\t\n\t\t\t\n\n<h2 id=\"657329065555764734\" class=\"element wsite-content-title editable-text cke_editable cke_editable_inline cke_contents_ltr cke_focus cke_show_borders\" tabindex=\"0\" role=\"textbox\" contenteditable=\"true\" spellcheck=\"true\" aria-label=\"false\">Cronograma para el proceso de cita:<\/h2>\n<p><strong>1. <b>Del 1 de diciembre al 21 de diciembre de 2025 <\/b> <\/strong><strong>Plazo de presentaci\u00f3n de candidaturas<\/strong><br>los candidatos pueden presentar sus candidaturas en l\u00ednea para que se les tenga en cuenta para formar parte del consejo.<\/p>\n<p><strong>2. <b>22 de diciembre de 2025 &#8211; 15 de enero de 2026<\/b> Proceso de entrevistas<\/strong><br>Las entrevistas ser\u00e1n realizadas por un equipo de entrevistadores.  <\/p>\n<p>3. <b>Del 16 de enero al 31 de enero de 2025 Proceso de revisi\u00f3n y recomendaci\u00f3n <\/b>La Comisi\u00f3n de Entrevistas y la Comisi\u00f3n de Gobernanza revisan e investigan a los candidatos y hacen una recomendaci\u00f3n a la Junta del C.S.S.<\/p>\n<p><strong>3. <b>1 de febrero &#8211; 15 de febrero de 2026: Aprobaci\u00f3n final del Consejo del S<\/b><\/strong>SSC<br>Los candidatos recomendados se enviar\u00e1n al SSSC para su examen final y aprobaci\u00f3n.<\/p>\n<p><strong>4. <b>15 de febrero de 2026: Comienza el proceso de notificaci\u00f3n e incorporaci\u00f3n<\/b><\/strong><br>Se notificar\u00e1 a las Juntas y a los solicitantes los nuevos miembros de la Junta.  <\/p>\n<p> <\/p>\n<p><em>*las fechas pueden cambiar debido a circunstancias imprevistas<\/em><\/p>\n\n\t\t<\/div>\n\t\t\t\t\t<\/div>\n\n\t\n\n<\/div>\n<div class=\"row align-middle align-center\"  id=\"row-999230669\">\n\n\n\t<div id=\"col-581645722\" class=\"col medium-6 small-12 large-6\"  >\n\t\t\t\t<div class=\"col-inner text-center\"  >\n\t\t\t\n\t\t\t\n\n\t<div class=\"img has-hover x md-x lg-x y md-y lg-y\" id=\"image_221709938\">\n\t\t\t\t\t\t\t\t<div class=\"img-inner dark\" >\n\t\t\t<img decoding=\"async\" width=\"1020\" height=\"1020\" src=\"https:\/\/ssscorp.org\/wp-content\/uploads\/2022\/10\/4_orig-1024x1024.png\" class=\"attachment-large size-large\" alt=\"\" srcset=\"https:\/\/ssscorp.org\/wp-content\/uploads\/2022\/10\/4_orig-1024x1024.png 1024w, https:\/\/ssscorp.org\/wp-content\/uploads\/2022\/10\/4_orig-300x300.png 300w, https:\/\/ssscorp.org\/wp-content\/uploads\/2022\/10\/4_orig-150x150.png 150w, https:\/\/ssscorp.org\/wp-content\/uploads\/2022\/10\/4_orig-768x768.png 768w, https:\/\/ssscorp.org\/wp-content\/uploads\/2022\/10\/4_orig.png 1080w\" sizes=\"(max-width: 1020px) 100vw, 1020px\" \/>\t\t\t\t\t\t\n\t\t\t\t\t<\/div>\n\t\t\t\t\t\t\t\t\n<style>\n#image_221709938 {\n  width: 30%;\n}\n<\/style>\n\t<\/div>\n\t\n\n<a href=\"https:\/\/ssscorp.org\/wp-content\/uploads\/2025\/12\/SDI-Board-Member-Job-Description-rev.-12.16.25.pdf\" target=\"_self\" class=\"button primary is-outline reveal-icon\"  >\n    <span>LEER LA DESCRIPCI\u00d3N COMPLETA DEL TRABAJO AQU\u00cd<\/span>\n  <i class=\"icon-angle-right\" ><\/i><\/a>\n\n\n\n\t\t<\/div>\n\t\t\t\t\t<\/div>\n\n\t\n\n\t<div id=\"col-633036159\" class=\"col medium-6 small-12 large-6\"  >\n\t\t\t\t<div class=\"col-inner text-center\"  >\n\t\t\t\n\t\t\t\n\n\t<div class=\"img has-hover x md-x lg-x y md-y lg-y\" id=\"image_478287487\">\n\t\t\t\t\t\t\t\t<div class=\"img-inner dark\" >\n\t\t\t<img decoding=\"async\" width=\"1020\" height=\"1020\" src=\"https:\/\/ssscorp.org\/wp-content\/uploads\/2022\/10\/5_orig-1024x1024.png\" class=\"attachment-large size-large\" alt=\"\" srcset=\"https:\/\/ssscorp.org\/wp-content\/uploads\/2022\/10\/5_orig-1024x1024.png 1024w, https:\/\/ssscorp.org\/wp-content\/uploads\/2022\/10\/5_orig-300x300.png 300w, https:\/\/ssscorp.org\/wp-content\/uploads\/2022\/10\/5_orig-150x150.png 150w, https:\/\/ssscorp.org\/wp-content\/uploads\/2022\/10\/5_orig-768x768.png 768w, https:\/\/ssscorp.org\/wp-content\/uploads\/2022\/10\/5_orig.png 1080w\" sizes=\"(max-width: 1020px) 100vw, 1020px\" \/>\t\t\t\t\t\t\n\t\t\t\t\t<\/div>\n\t\t\t\t\t\t\t\t\n<style>\n#image_478287487 {\n  width: 30%;\n}\n<\/style>\n\t<\/div>\n\t\n\n<a rel=\"noopener noreferrer\" href=\"https:\/\/www.surveymonkey.com\/r\/72MT8RC\" target=\"_blank\" class=\"button primary is-outline reveal-icon\"  >\n    <span>SOLICITAR AQU\u00cd<\/span>\n  <i class=\"icon-angle-right\" ><\/i><\/a>\n\n\n\n\t\t<\/div>\n\t\t\t\t\t<\/div>\n\n\t\n\n<\/div>\n<p style=\"text-align: center;\"><strong><em>Lea la descripci\u00f3n del puesto de miembro de la junta de SDI en su totalidad antes de completar la solicitud.<\/em><\/strong><\/p>\n\n\t\t<\/div>\n\t\t\t\t\t<\/div>\n\n\t\n\n<\/div>\n\n\t\t<\/div>\n\n\t\t\n<style>\n#section_613219809 {\n  padding-top: 30px;\n  padding-bottom: 30px;\n}\n#section_613219809 .ux-shape-divider--top svg {\n  height: 150px;\n  --divider-top-width: 100%;\n}\n#section_613219809 .ux-shape-divider--bottom svg {\n  height: 150px;\n  --divider-width: 100%;\n}\n<\/style>\n\t<\/section>\n\t\n\n","protected":false},"excerpt":{"rendered":"","protected":false},"author":1,"featured_media":0,"parent":2363,"menu_order":0,"comment_status":"closed","ping_status":"closed","template":"page-blank.php","meta":{"iawp_total_views":0,"footnotes":""},"class_list":["post-2335","page","type-page","status-publish","hentry"],"_links":{"self":[{"href":"https:\/\/ssscorp.org\/es\/wp-json\/wp\/v2\/pages\/2335","targetHints":{"allow":["GET"]}}],"collection":[{"href":"https:\/\/ssscorp.org\/es\/wp-json\/wp\/v2\/pages"}],"about":[{"href":"https:\/\/ssscorp.org\/es\/wp-json\/wp\/v2\/types\/page"}],"author":[{"embeddable":true,"href":"https:\/\/ssscorp.org\/es\/wp-json\/wp\/v2\/users\/1"}],"replies":[{"embeddable":true,"href":"https:\/\/ssscorp.org\/es\/wp-json\/wp\/v2\/comments?post=2335"}],"version-history":[{"count":12,"href":"https:\/\/ssscorp.org\/es\/wp-json\/wp\/v2\/pages\/2335\/revisions"}],"predecessor-version":[{"id":16624,"href":"https:\/\/ssscorp.org\/es\/wp-json\/wp\/v2\/pages\/2335\/revisions\/16624"}],"up":[{"embeddable":true,"href":"https:\/\/ssscorp.org\/es\/wp-json\/wp\/v2\/pages\/2363"}],"wp:attachment":[{"href":"https:\/\/ssscorp.org\/es\/wp-json\/wp\/v2\/media?parent=2335"}],"curies":[{"name":"wp","href":"https:\/\/api.w.org\/{rel}","templated":true}]}}