{"id":2265,"date":"2022-09-02T15:20:19","date_gmt":"2022-09-02T15:20:19","guid":{"rendered":"https:\/\/ssscorp.org\/reuniones-ordinarias-y-extraordinarias-de-2021\/"},"modified":"2022-10-20T15:21:39","modified_gmt":"2022-10-20T15:21:39","slug":"reuniones-ordinarias-y-extraordinarias-de-2021","status":"publish","type":"page","link":"https:\/\/ssscorp.org\/es\/reuniones-ordinarias-y-extraordinarias-de-2021\/","title":{"rendered":"Reuniones ordinarias y extraordinarias de 2021"},"content":{"rendered":"\n\n  <div class=\"banner has-hover has-parallax\" id=\"banner-411189309\">\n          <div class=\"banner-inner fill\">\n        <div class=\"banner-bg fill\" data-parallax=\"-3\" data-parallax-container=\".banner\" data-parallax-background>\n            <div class=\"bg fill bg-fill \"><\/div>\n                        <div class=\"overlay\"><\/div>            \n                    <\/div>\n\t\t\n        <div class=\"banner-layers container\">\n            <div class=\"fill banner-link\"><\/div>            \n\n   <div id=\"text-box-1877624148\" class=\"text-box banner-layer x50 md-x50 lg-x50 y50 md-y50 lg-y50 res-text\">\n                                <div class=\"text-box-content text dark\">\n              \n              <div class=\"text-inner text-center\">\n                  \n\n<h3 class=\"uppercase\"><strong>2021 Reuniones ordinarias y extraordinarias<\/strong><\/h3>\n<p>Haga clic en cada fecha de reuni\u00f3n ordinaria para ver el orden del d\u00eda de esa reuni\u00f3n.&nbsp;<\/p>\n\n\n              <\/div>\n           <\/div>\n                            \n<style>\n#text-box-1877624148 {\n  width: 98%;\n}\n#text-box-1877624148 .text-box-content {\n  font-size: 100%;\n}\n<\/style>\n    <\/div>\n \n\n        <\/div>\n      <\/div>\n\n            \n<style>\n#banner-411189309 {\n  padding-top: 300px;\n}\n#banner-411189309 .bg.bg-loaded {\n  background-image: url(https:\/\/ssscorp.org\/wp-content\/uploads\/2022\/09\/Untitled-design-3-scaled-1.jpeg);\n}\n#banner-411189309 .overlay {\n  background-color: rgba(17, 33, 82, 0.855);\n}\n#banner-411189309 .ux-shape-divider--top svg {\n  height: 150px;\n  --divider-top-width: 100%;\n}\n#banner-411189309 .ux-shape-divider--bottom svg {\n  height: 150px;\n  --divider-width: 100%;\n}\n<\/style>\n  <\/div>\n\n\n\t<section class=\"section\" id=\"section_84699601\">\n\t\t<div class=\"bg section-bg fill bg-fill  bg-loaded\" >\n\n\t\t\t\n\t\t\t\n\t\t\t\n\n\t\t<\/div>\n\n\t\t\n\n\t\t<div class=\"section-content relative\">\n\t\t\t\n\n<div class=\"row\"  id=\"row-394580591\">\n\n\n\t<div id=\"col-1565755085\" class=\"col medium-6 small-12 large-6\"  >\n\t\t\t\t<div class=\"col-inner\"  >\n\t\t\t\n\t\t\t\n\n<div class=\"container section-title-container\" ><h3 class=\"section-title section-title-normal\"><b><\/b><span class=\"section-title-main\" >Agendas de las Reuniones Ordinarias 2021<\/span><b><\/b><\/h3><\/div>\n\n<ul>\n<li>13 de enero de 2021 &#8211; Reuni\u00f3n Ordinaria del SSSC<\/li>\n<li>17 de febrero de 2021 &#8211; Reuni\u00f3n Ordinaria del SSSC<\/li>\n<li>24 de febrero de 2021 &#8211; Reuni\u00f3n Ordinaria del SSSC<\/li>\n<li>1 de abril de 2021 &#8211; Reuni\u00f3n Ordinaria del SSSC<\/li>\n<li>7 de abril de 2021 &#8211; Reuni\u00f3n Ordinaria del SSSC<\/li>\n<li>5 de mayo de 2021 &#8211; Reuni\u00f3n Ordinaria del SSSC<\/li>\n<li>19 de mayo de 2021 &#8211; Reuni\u00f3n ordinaria del SSSC<\/li>\n<li>26 de mayo de 2021 &#8211; Reuni\u00f3n Ordinaria del SSSC<\/li>\n<li>\u200b\u200b18 de agosto de 2021 &#8211; Reuni\u00f3n Ordinaria del SSSC<\/li>\n<li>25 de agosto de 2021 &#8211; Reuni\u00f3n Ordinaria del SSSC<\/li>\n<li>1 de septiembre de 2021 &#8211; Reuni\u00f3n Ordinaria del SSSC<\/li>\n<li>8 de septiembre de 2021 &#8211; Reuni\u00f3n Ordinaria del SSSC<\/li>\n<li>6 de octubre de 2021 &#8211; Reuni\u00f3n Ordinaria del SSSC<\/li>\n<li>3 de noviembre de 2021 &#8211; Reuni\u00f3n Ordinaria del SSSC<\/li>\n<li>10 de noviembre de 2021 &#8211; Reuni\u00f3n Ordinaria del SSSC<\/li>\n<li>15 de diciembre de 2021 &#8211; Reuni\u00f3n Ordinaria del SSSC<\/li>\n<\/ul>\n\n\t\t<\/div>\n\t\t\t\t\t<\/div>\n\n\t\n\n\t<div id=\"col-1746903956\" class=\"col medium-6 small-12 large-6\"  >\n\t\t\t\t<div class=\"col-inner\"  >\n\t\t\t\n\t\t\t\n\n<div class=\"container section-title-container\" ><h3 class=\"section-title section-title-normal\"><b><\/b><span class=\"section-title-main\" >2021 Reuniones especiales<\/span><b><\/b><\/h3><\/div>\n\n<ul>\n<li>6 de enero de 2021 &#8211; Reuni\u00f3n especial del SSSC<\/li>\n<li>16 y 17 de enero de 2021 &#8211; Reuni\u00f3n especial del SSSC<\/li>\n<li>20 de enero de 2021 &#8211; Reuni\u00f3n especial del SSSC<\/li>\n<li>3 de febrero de 2021 &#8211; Reuni\u00f3n especial del SSSC<\/li>\n<li>10 de febrero de 2021 &#8211; Reuni\u00f3n especial del SSSC<\/li>\n<li>27 de febrero de 2021 &#8211; Reuni\u00f3n especial del SSSC<\/li>\n<li>10 de marzo de 2021 &#8211; Reuni\u00f3n especial del SSSC<\/li>\n<li>17 de marzo de 2021 &#8211; Reuni\u00f3n especial del SSSC<\/li>\n<li>24 de marzo de 2021 &#8211; Reuni\u00f3n especial del SSSC<\/li>\n<li>31 de marzo de 2021 &#8211; Reuni\u00f3n especial del SSSC<\/li>\n<li>7 de abril de 2021 &#8211; Reuni\u00f3n especial del SSSC<\/li>\n<li>14 de abril de 2021 &#8211; Reuni\u00f3n especial del SSSC<\/li>\n<li>17 de abril de 2021 &#8211; Reuni\u00f3n especial del SSSC<\/li>\n<li>19 de abril de 2021 &#8211; Reuni\u00f3n especial del SSSC<\/li>\n<li>21 de abril de 2021 &#8211; Reuni\u00f3n especial del SSSC<\/li>\n<li>28 de abril de 2021 &#8211; Reuni\u00f3n especial del SSSC<\/li>\n<li>1 de mayo de 2021 &#8211; Reuni\u00f3n especial del SSSC<\/li>\n<li>5 de mayo de 2021 &#8211; Reuni\u00f3n especial del SSSC<\/li>\n<li>12 y 13 de mayo de 2021 &#8211; Reuni\u00f3n especial del SSSC<\/li>\n<\/ul>\n\n\t\t<\/div>\n\t\t\t\t\t<\/div>\n\n\t\n\n<\/div>\n\n\t\t<\/div>\n\n\t\t\n<style>\n#section_84699601 {\n  padding-top: 30px;\n  padding-bottom: 30px;\n}\n#section_84699601 .ux-shape-divider--top svg {\n  height: 150px;\n  --divider-top-width: 100%;\n}\n#section_84699601 .ux-shape-divider--bottom svg {\n  height: 150px;\n  --divider-width: 100%;\n}\n<\/style>\n\t<\/section>\n\t\n\n","protected":false},"excerpt":{"rendered":"","protected":false},"author":1,"featured_media":0,"parent":0,"menu_order":0,"comment_status":"closed","ping_status":"closed","template":"page-blank.php","meta":{"iawp_total_views":1,"footnotes":""},"class_list":["post-2265","page","type-page","status-publish","hentry"],"_links":{"self":[{"href":"https:\/\/ssscorp.org\/es\/wp-json\/wp\/v2\/pages\/2265","targetHints":{"allow":["GET"]}}],"collection":[{"href":"https:\/\/ssscorp.org\/es\/wp-json\/wp\/v2\/pages"}],"about":[{"href":"https:\/\/ssscorp.org\/es\/wp-json\/wp\/v2\/types\/page"}],"author":[{"embeddable":true,"href":"https:\/\/ssscorp.org\/es\/wp-json\/wp\/v2\/users\/1"}],"replies":[{"embeddable":true,"href":"https:\/\/ssscorp.org\/es\/wp-json\/wp\/v2\/comments?post=2265"}],"version-history":[{"count":3,"href":"https:\/\/ssscorp.org\/es\/wp-json\/wp\/v2\/pages\/2265\/revisions"}],"predecessor-version":[{"id":2307,"href":"https:\/\/ssscorp.org\/es\/wp-json\/wp\/v2\/pages\/2265\/revisions\/2307"}],"wp:attachment":[{"href":"https:\/\/ssscorp.org\/es\/wp-json\/wp\/v2\/media?parent=2265"}],"curies":[{"name":"wp","href":"https:\/\/api.w.org\/{rel}","templated":true}]}}