{"id":2216,"date":"2022-09-02T15:20:11","date_gmt":"2022-09-02T15:20:11","guid":{"rendered":"https:\/\/ssscorp.org\/reuniones-ordinarias-y-extraordinarias-2018\/"},"modified":"2022-10-20T15:20:46","modified_gmt":"2022-10-20T15:20:46","slug":"reuniones-ordinarias-y-extraordinarias-2018","status":"publish","type":"page","link":"https:\/\/ssscorp.org\/es\/reuniones-ordinarias-y-extraordinarias-2018\/","title":{"rendered":"Reuniones Ordinarias y Extraordinarias 2018"},"content":{"rendered":"\n\n  <div class=\"banner has-hover has-parallax\" id=\"banner-1847162371\">\n          <div class=\"banner-inner fill\">\n        <div class=\"banner-bg fill\" data-parallax=\"-3\" data-parallax-container=\".banner\" data-parallax-background>\n            <div class=\"bg fill bg-fill \"><\/div>\n                        <div class=\"overlay\"><\/div>            \n                    <\/div>\n\t\t\n        <div class=\"banner-layers container\">\n            <div class=\"fill banner-link\"><\/div>            \n\n   <div id=\"text-box-1059383228\" class=\"text-box banner-layer x50 md-x50 lg-x50 y50 md-y50 lg-y50 res-text\">\n                                <div class=\"text-box-content text dark\">\n              \n              <div class=\"text-inner text-center\">\n                  \n\n<h3 class=\"uppercase\"><strong>Reuniones ordinarias y extraordinarias de 2018<\/strong><\/h3>\n<p>Haga clic en cada fecha de reuni\u00f3n ordinaria para ver el orden del d\u00eda de esa reuni\u00f3n.&nbsp;<\/p>\n\n\n              <\/div>\n           <\/div>\n                            \n<style>\n#text-box-1059383228 {\n  width: 98%;\n}\n#text-box-1059383228 .text-box-content {\n  font-size: 100%;\n}\n<\/style>\n    <\/div>\n \n\n        <\/div>\n      <\/div>\n\n            \n<style>\n#banner-1847162371 {\n  padding-top: 300px;\n}\n#banner-1847162371 .bg.bg-loaded {\n  background-image: url(https:\/\/ssscorp.org\/wp-content\/uploads\/2022\/09\/Untitled-design-3-scaled-1.jpeg);\n}\n#banner-1847162371 .overlay {\n  background-color: rgba(17, 33, 82, 0.855);\n}\n#banner-1847162371 .ux-shape-divider--top svg {\n  height: 150px;\n  --divider-top-width: 100%;\n}\n#banner-1847162371 .ux-shape-divider--bottom svg {\n  height: 150px;\n  --divider-width: 100%;\n}\n<\/style>\n  <\/div>\n\n\n\t<section class=\"section\" id=\"section_1844536439\">\n\t\t<div class=\"bg section-bg fill bg-fill  bg-loaded\" >\n\n\t\t\t\n\t\t\t\n\t\t\t\n\n\t\t<\/div>\n\n\t\t\n\n\t\t<div class=\"section-content relative\">\n\t\t\t\n\n<div class=\"row\"  id=\"row-322702039\">\n\n\n\t<div id=\"col-877892449\" class=\"col medium-6 small-12 large-6\"  >\n\t\t\t\t<div class=\"col-inner\"  >\n\t\t\t\n\t\t\t\n\n<div class=\"container section-title-container\" ><h3 class=\"section-title section-title-normal\"><b><\/b><span class=\"section-title-main\" >Agendas de las Reuniones Ordinarias 2018<\/span><b><\/b><\/h3><\/div>\n\n<ul>\n<li>\u200bReuni\u00f3n Ordinaria del 3 de enero de 2018<\/li>\n<li>13 de enero &#8211; Reuni\u00f3n Ordinaria F2F<\/li>\n<li>6 de febrero de 2018 &#8211; Reuni\u00f3n Ordinaria<\/li>\n<li>6 de marzo de 2018 &#8211; Reuni\u00f3n Ordinaria<\/li>\n<li>21 de marzo de 2018 &#8211; Reuni\u00f3n Ordinaria<\/li>\n<li>27 de marzo de 2018 &#8211; Reuni\u00f3n Ordinaria<\/li>\n<li>4 de abril de 2018 &#8211; Reuni\u00f3n Ordinaria<\/li>\n<li>29 de abril de 2018 &#8211; Reuni\u00f3n ordinaria<\/li>\n<li>30 de abril de 2018 &#8211; Reuni\u00f3n Ordinaria<\/li>\n<li>10 de julio de 2018 &#8211; Reuni\u00f3n Ordinaria<\/li>\n<li>29 de agosto de 2018 &#8211; Reuni\u00f3n Ordinaria<\/li>\n<li>30 de septiembre de 2018 &#8211; Reuni\u00f3n Ordinaria<\/li>\n<li>1 de octubre de 2018 &#8211; Reuni\u00f3n Ordinaria<\/li>\n<li>14 de noviembre de 2018 &#8211; Orden del d\u00eda de la reuni\u00f3n ordinaria del SSSC<\/li>\n<li>20 de noviembre de 2018 &#8211; Orden del d\u00eda de la reuni\u00f3n ordinaria del SSSC<\/li>\n<li>28 de noviembre de 2018 &#8211; Orden del d\u00eda de la reuni\u00f3n ordinaria del SSSC<\/li>\n<li>5 de diciembre de 2018 &#8211; Orden del d\u00eda de la reuni\u00f3n ordinaria del SSSC<\/li>\n<\/ul>\n\n\t\t<\/div>\n\t\t\t\t\t<\/div>\n\n\t\n\n\t<div id=\"col-1699735115\" class=\"col medium-6 small-12 large-6\"  >\n\t\t\t\t<div class=\"col-inner\"  >\n\t\t\t\n\t\t\t\n\n<div class=\"container section-title-container\" ><h3 class=\"section-title section-title-normal\"><b><\/b><span class=\"section-title-main\" >Reuniones especiales de 2018<\/span><b><\/b><\/h3><\/div>\n\n<ul>\n<li>10 de enero de 2018 &#8211; Reuni\u00f3n especial<\/li>\n<li>13 de enero de 2018 &#8211; Reuni\u00f3n especial F2F<\/li>\n<li>14 de enero de 2018 &#8211; Reuni\u00f3n especial F2F<\/li>\n<li>15 de enero de 2018 &#8211; Reuni\u00f3n especial F2F<\/li>\n<li>21 de febrero de 2018 &#8211; Reuni\u00f3n especial<\/li>\n<li>28 de febrero de 2018 &#8211; Reuni\u00f3n espec\u00edfica<\/li>\n<li>29 de abril de 2018 &#8211; Reuni\u00f3n especial<\/li>\n<li>30 de abril de 2018 &#8211; Reuni\u00f3n especial<\/li>\n<li>23 de mayo de 2018 &#8211; Reuni\u00f3n especial<\/li>\n<li>29 de mayo de 2018 &#8211; Reuni\u00f3n especial<\/li>\n<li>6 de junio de 2018 &#8211; Reuni\u00f3n especial<\/li>\n<li>25 de julio de 2018 &#8211; Reuni\u00f3n especial<\/li>\n<li>1 de agosto de 2018 &#8211; Reuni\u00f3n especial<\/li>\n<li>2 de agosto de 2018 &#8211; Reuni\u00f3n especial<\/li>\n<li>29 de agosto de 2018 &#8211; Reuni\u00f3n especial<\/li>\n<li>19 de septiembre de 2018 &#8211; Reuni\u00f3n especial<\/li>\n<li>10 de octubre de 2018 &#8211; Reuni\u00f3n especial<\/li>\n<li>24 de octubre de 2018 &#8211; Reuni\u00f3n especial<\/li>\n<li>7 de noviembre de 2018<\/li>\n<li>12 de diciembre de 2018 &#8211; Reuni\u00f3n especial<\/li>\n<\/ul>\n\n\t\t<\/div>\n\t\t\t\t\t<\/div>\n\n\t\n\n<\/div>\n\n\t\t<\/div>\n\n\t\t\n<style>\n#section_1844536439 {\n  padding-top: 30px;\n  padding-bottom: 30px;\n}\n#section_1844536439 .ux-shape-divider--top svg {\n  height: 150px;\n  --divider-top-width: 100%;\n}\n#section_1844536439 .ux-shape-divider--bottom svg {\n  height: 150px;\n  --divider-width: 100%;\n}\n<\/style>\n\t<\/section>\n\t\n\n","protected":false},"excerpt":{"rendered":"","protected":false},"author":1,"featured_media":0,"parent":0,"menu_order":0,"comment_status":"closed","ping_status":"closed","template":"page-blank.php","meta":{"iawp_total_views":0,"footnotes":""},"class_list":["post-2216","page","type-page","status-publish","hentry"],"_links":{"self":[{"href":"https:\/\/ssscorp.org\/es\/wp-json\/wp\/v2\/pages\/2216","targetHints":{"allow":["GET"]}}],"collection":[{"href":"https:\/\/ssscorp.org\/es\/wp-json\/wp\/v2\/pages"}],"about":[{"href":"https:\/\/ssscorp.org\/es\/wp-json\/wp\/v2\/types\/page"}],"author":[{"embeddable":true,"href":"https:\/\/ssscorp.org\/es\/wp-json\/wp\/v2\/users\/1"}],"replies":[{"embeddable":true,"href":"https:\/\/ssscorp.org\/es\/wp-json\/wp\/v2\/comments?post=2216"}],"version-history":[{"count":1,"href":"https:\/\/ssscorp.org\/es\/wp-json\/wp\/v2\/pages\/2216\/revisions"}],"predecessor-version":[{"id":2230,"href":"https:\/\/ssscorp.org\/es\/wp-json\/wp\/v2\/pages\/2216\/revisions\/2230"}],"wp:attachment":[{"href":"https:\/\/ssscorp.org\/es\/wp-json\/wp\/v2\/media?parent=2216"}],"curies":[{"name":"wp","href":"https:\/\/api.w.org\/{rel}","templated":true}]}}