{"id":2176,"date":"2022-09-02T15:17:04","date_gmt":"2022-09-02T15:17:04","guid":{"rendered":"https:\/\/ssscorp.org\/dia-de-oracion-por-la-paz\/"},"modified":"2022-10-22T21:02:20","modified_gmt":"2022-10-22T21:02:20","slug":"dia-de-oracion-por-la-paz","status":"publish","type":"page","link":"https:\/\/ssscorp.org\/es\/dia-de-oracion-por-la-paz\/","title":{"rendered":"D\u00eda de Oraci\u00f3n por la Paz"},"content":{"rendered":"\n\n  <div class=\"banner has-hover\" id=\"banner-792634907\">\n          <div class=\"banner-inner fill\">\n        <div class=\"banner-bg fill\" >\n            <div class=\"bg fill bg-fill \"><\/div>\n                                    \n                    <\/div>\n\t\t\n        <div class=\"banner-layers container\">\n            <div class=\"fill banner-link\"><\/div>            \n\n\n        <\/div>\n      <\/div>\n\n            \n<style>\n#banner-792634907 {\n  padding-top: 625px;\n}\n#banner-792634907 .bg.bg-loaded {\n  background-image: url(https:\/\/ssscorp.org\/wp-content\/uploads\/2022\/10\/52450587.png);\n}\n#banner-792634907 .ux-shape-divider--top svg {\n  height: 150px;\n  --divider-top-width: 100%;\n}\n#banner-792634907 .ux-shape-divider--bottom svg {\n  height: 150px;\n  --divider-width: 100%;\n}\n<\/style>\n  <\/div>\n\n\n\t<section class=\"section\" id=\"section_1226332807\">\n\t\t<div class=\"bg section-bg fill bg-fill  bg-loaded\" >\n\n\t\t\t\n\t\t\t\n\t\t\t\n\n\t\t<\/div>\n\n\t\t\n\n\t\t<div class=\"section-content relative\">\n\t\t\t\n\n<div class=\"row\"  id=\"row-1431953138\">\n\n\n\t<div id=\"col-2018384824\" class=\"col small-12 large-12\"  >\n\t\t\t\t<div class=\"col-inner\"  >\n\t\t\t\n\t\t\t\n\n<h1 style=\"text-align: center;\">Solsticio de Verano y D\u00eda de Oraci\u00f3n por la Paz<\/h1>\n<p>Un D\u00eda de M\u00fasica, Danza y Oraci\u00f3n: el D\u00eda Internacional de Oraci\u00f3n por la Paz es una reuni\u00f3n en la tierra sagrada de Guru Ram Das Puri donde podemos expresar nuestra gratitud y esperanza para el futuro a trav\u00e9s del yoga, la meditaci\u00f3n, el canto y la Caminata Sagrada de Sanaci\u00f3n. Este es un momento potente para ofrecer sus oraciones por la paz, la sanaci\u00f3n y la unidad de toda la humanidad, para bendecir y honrar esta tierra sagrada y, para aquellos que participan en la sadhana del solsticio de verano, para prepararnos para atravesar el viaje transformador del solsticio. . Todos son bienvenidos a asistir a este evento gratuito.<\/p>\n<h1 style=\"text-align: center;\">Premio de la Corporaci\u00f3n Siri Singh Sahib a la Justicia Social<\/h1>\n<p>En honor a nuestro maestro espiritual Yogi Bhajan, Siri Singh Sahib Corporation, en coordinaci\u00f3n con 3HO Foundation International, Sikh Dharma International y East West Tea Company, han iniciado una tradici\u00f3n de honrar a las personas cuya vida y trabajo se han dedicado al desarrollo. de paz, igualdad y justicia. Comenzamos este homenaje con la presentaci\u00f3n del Premio a la Justicia Social de la Corporaci\u00f3n Siri Singh Sahib.<br>El Premio a la Justicia Social de la Corporaci\u00f3n Siri Singh Sahib se otorga a quienes han actuado desinteresadamente en la b\u00fasqueda de la paz y la realizaci\u00f3n de la igualdad. El esp\u00edritu de este premio est\u00e1 capturado por el prop\u00f3sito del D\u00eda de Oraci\u00f3n por la Paz, un d\u00eda en el que nos reunimos para celebrar la paz. Donde todas las personas de todos los \u00e1mbitos de la vida son bienvenidas. Es un d\u00eda en el que nos regocijamos en el esp\u00edritu profundo que vive en cada uno de nosotros y es un momento en el que externamente compartimos una conciencia de comprensi\u00f3n, compasi\u00f3n, alegr\u00eda y elevaci\u00f3n. <\/p>\n<h1 style=\"text-align: center;\"><span style=\"color: #000000;\">El solsticio de verano 2020 y 2021 se suspendieron debido a Covid<\/span><\/h1>\n\n\t\t<\/div>\n\t\t\t\t\t<\/div>\n\n\t\n\n\t<div id=\"col-1637558783\" class=\"col small-12 large-12\"  >\n\t\t\t\t<div class=\"col-inner\"  >\n\t\t\t\n\t\t\t\n\n<h1 style=\"text-align: center;\">Oradores anteriores<\/h1>\n<div class=\"is-divider divider clearfix\" style=\"max-width:100%;height:2px;\"><\/div>\n\n<div class=\"row align-middle\"  id=\"row-1234952017\">\n\n\n\t<div id=\"col-658648394\" class=\"col medium-5 small-12 large-5\"  >\n\t\t\t\t<div class=\"col-inner\"  >\n\t\t\t\n\t\t\t\n\n\t<div class=\"img has-hover x md-x lg-x y md-y lg-y\" id=\"image_134497810\">\n\t\t\t\t\t\t\t\t<div class=\"img-inner dark\" >\n\t\t\t<img fetchpriority=\"high\" decoding=\"async\" width=\"417\" height=\"334\" src=\"https:\/\/ssscorp.org\/wp-content\/uploads\/2022\/10\/54aef3972fba1-image.jpg\" class=\"attachment-large size-large\" alt=\"\" srcset=\"https:\/\/ssscorp.org\/wp-content\/uploads\/2022\/10\/54aef3972fba1-image.jpg 417w, https:\/\/ssscorp.org\/wp-content\/uploads\/2022\/10\/54aef3972fba1-image-300x240.jpg 300w\" sizes=\"(max-width: 417px) 100vw, 417px\" \/>\t\t\t\t\t\t\n\t\t\t\t\t<\/div>\n\t\t\t\t\t\t\t\t\n<style>\n#image_134497810 {\n  width: 100%;\n}\n<\/style>\n\t<\/div>\n\t\n\n\n\t\t<\/div>\n\t\t\t\t\t<\/div>\n\n\t\n\n\t<div id=\"col-124670898\" class=\"col medium-7 small-12 large-7\"  >\n\t\t\t\t<div class=\"col-inner\"  >\n\t\t\t\n\t\t\t\n\n<div class=\"container section-title-container\" ><h3 class=\"section-title section-title-normal\"><b><\/b><span class=\"section-title-main\" >Fania Davis<\/span><b><\/b><a href=\"#\" target=\"\">2019<i class=\"icon-angle-right\" ><\/i><\/a><\/h3><\/div>\n\n<p>Fania Davis es una voz nacional l\u00edder en justicia restaurativa, un campo emergente r\u00e1pidamente que invita a un cambio fundamental en la forma en que pensamos y hacemos justicia. La Justicia Restaurativa se basa en un conjunto deseado de principios y pr\u00e1cticas para mediar en conflictos, fortalecer la comunidad y reparar da\u00f1os. Es una activista de justicia social desde hace mucho tiempo, abogada litigante de derechos civiles, practicante de justicia restaurativa, escritora y acad\u00e9mica con un doctorado en conocimiento ind\u00edgena.<br>Al llegar a la mayor\u00eda de edad en Birmingham, Alabama, durante el fermento social de la era de los derechos civiles, el asesinato de dos amigos cercanos de la infancia en el atentado con bomba en la escuela dominical de 1963 cristaliz\u00f3 dentro de Fania un compromiso apasionado con la transformaci\u00f3n social. Durante las siguientes d\u00e9cadas, particip\u00f3 activamente en los movimientos por los derechos civiles, la liberaci\u00f3n de los negros, las mujeres, los presos, la paz, la violencia contra la raza y el apartheid. Despu\u00e9s de recibir su t\u00edtulo de abogado de la Universidad de California, Berkeley en 1979, Fania ejerci\u00f3 unos 27 a\u00f1os como abogada litigante de derechos civiles.<\/p>\n\n\t\t<\/div>\n\t\t\t\t\t<\/div>\n\n\t\n\n\t<div id=\"col-1606519200\" class=\"col small-12 large-12\"  >\n\t\t\t\t<div class=\"col-inner\"  >\n\t\t\t\n\t\t\t\n\n<p>A mediados de la d\u00e9cada de 1990, ingres\u00f3 a un Ph.D. programa en estudios ind\u00edgenas en el Instituto de Estudios Integrales de California, y fue aprendiz con curanderos tradicionales en todo el mundo, particularmente en \u00c1frica. Desde que recibi\u00f3 su Ph.D. En 2003, Fania se ha comprometido en la b\u00fasqueda de alternativas curativas a la justicia acusatoria. Ha ense\u00f1ado Justicia Restaurativa en la Facultad de Derecho New College de San Francisco y Trabajo Ind\u00edgena por la Paz en el Centro para la Justicia y la Construcci\u00f3n de la Paz de la Universidad Menonita del Este. Ella escribe y habla sobre estos temas.<br>\u200b<br>La b\u00fasqueda de una justicia curativa tambi\u00e9n llev\u00f3 a Fania a llevar la justicia restaurativa a Oakland. Fania, fundadora y actualmente directora de Justicia Restaurativa de la Juventud de Oakland (RJOY), se desempe\u00f1\u00f3 como consejera del Consejo Internacional de Trece Abuelas Ind\u00edgenas. Numerosos honores incluyen el premio Ubuntu por el servicio a la humanidad, el premio Dennis Maloney a la excelencia en justicia restaurativa juvenil y el premio Healing Justice de World Trust. Los Angeles Times la nombr\u00f3 recientemente como Nueva L\u00edder de Derechos Civiles del Siglo XXI. Los intereses de investigaci\u00f3n de Fania incluyen la raza y la justicia restaurativa, la justicia social y la justicia restaurativa, y la exploraci\u00f3n de las ra\u00edces ind\u00edgenas, particularmente las ra\u00edces ind\u00edgenas africanas, de la justicia restaurativa.<\/p>\n<a rel=\"noopener noreferrer\" href=\"http:\/\/rjoyoakland.org\" target=\"_blank\" class=\"button primary reveal-icon\"  >\n    <span>PARA M\u00c1S INFORMACI\u00d3N<\/span>\n  <i class=\"icon-angle-right\" ><\/i><\/a>\n\n\n\n\t\t<\/div>\n\t\t\t\t\t<\/div>\n\n\t\n\n<\/div>\n<div class=\"row align-middle\"  id=\"row-290144244\">\n\n\n\t<div id=\"col-857915349\" class=\"col medium-5 small-12 large-5\"  >\n\t\t\t\t<div class=\"col-inner\"  >\n\t\t\t\n\t\t\t\n\n\t<div class=\"img has-hover x md-x lg-x y md-y lg-y\" id=\"image_1840918107\">\n\t\t\t\t\t\t\t\t<div class=\"img-inner dark\" >\n\t\t\t<img decoding=\"async\" width=\"585\" height=\"390\" src=\"https:\/\/ssscorp.org\/wp-content\/uploads\/2022\/10\/20170116-img-8057.jpg\" class=\"attachment-large size-large\" alt=\"\" srcset=\"https:\/\/ssscorp.org\/wp-content\/uploads\/2022\/10\/20170116-img-8057.jpg 585w, https:\/\/ssscorp.org\/wp-content\/uploads\/2022\/10\/20170116-img-8057-300x200.jpg 300w\" sizes=\"(max-width: 585px) 100vw, 585px\" \/>\t\t\t\t\t\t\n\t\t\t\t\t<\/div>\n\t\t\t\t\t\t\t\t\n<style>\n#image_1840918107 {\n  width: 100%;\n}\n<\/style>\n\t<\/div>\n\t\n\n\n\t\t<\/div>\n\t\t\t\t\t<\/div>\n\n\t\n\n\t<div id=\"col-1370436610\" class=\"col medium-7 small-12 large-7\"  >\n\t\t\t\t<div class=\"col-inner\"  >\n\t\t\t\n\t\t\t\n\n<div class=\"container section-title-container\" ><h3 class=\"section-title section-title-normal\"><b><\/b><span class=\"section-title-main\" >Christian Picciolini<\/span><b><\/b><a href=\"#\" target=\"\">2018<i class=\"icon-angle-right\" ><\/i><\/a><\/h3><\/div>\n\n<p><span style=\"color: #3f3f3f;\">Tras abandonar el movimiento de cabezas rapadas supremacistas blancas que ayud\u00f3 a<\/span><span style=\"color: #3f3f3f;\">en Estados Unidos en los a\u00f1os 80 y 90, Christian Picciolini <\/span><span style=\"color: #3f3f3f;\">y los a\u00f1os 90, Christian Picciolini se licenci\u00f3 en Derecho Internacional<\/span><span style=\"color: #3f3f3f;\">laciones de la Universidad DePaul. \u00c9l  <\/span><span style=\"color: #3f3f3f;\">lanz\u00f3 Goldmill Group, una empresa global de medios digitales y<\/span><span style=\"color: #3f3f3f;\">consultora sobre el extremismo. En 2016, \u00e9l  <\/span><span style=\"color: #3f3f3f;\">gan\u00f3 un premio Emmy por su papel en la producci\u00f3n de una campa\u00f1a publicitaria contra el odio<\/span><span style=\"color: #3f3f3f;\">ampa\u00f1a publicitaria contra el odio destinada a ayudar a <\/span> <span style=\"color: #3f3f3f;\">la gente se desvincula de los grupos extremistas. Su vida desde que dej\u00f3 el<\/span><span style=\"color: #3f3f3f;\">l movimiento subremacista blanco de hace m\u00e1s de <\/span><span style=\"color: #3f3f3f;\">hace dos d\u00e9cadas se ha dedicado a ayudar a otros a contrarrestar el racismo a<\/span><span style=\"color: #3f3f3f;\">y el extremismo violento mediante la co<\/span><span style=\"color: #3f3f3f;\">fundando la organizaci\u00f3n &#8220;La vida despu\u00e9s del odio&#8221;. Christian lidera ahora la F<\/span><span style=\"color: #3f3f3f;\">ree Radicals Project, el proyecto de  <\/span><span style=\"color: #3f3f3f;\">primera plataforma mundial de desvinculaci\u00f3n del extremismo. Christian tiene  <\/span><span style=\"color: #3f3f3f;\">ha hablado en el escenario de TEDx y ante <\/span><span style=\"color: #3f3f3f;\">de todo el mundo, compartiendo sus amplios y \u00fanicos conocimientos<\/span><span style=\"color: #3f3f3f;\">conocimiento \u00fanico y extenso, ense\u00f1ando a todos los <\/span><span style=\"color: #3f3f3f;\">de aprender a construir una mayor paz y aceptaci\u00f3n a trav\u00e9s de la empat\u00eda y la<\/span><span style=\"color: #3f3f3f;\">d compasi\u00f3n. Tiene  <\/span><span style=\"color: #3f3f3f;\">ayud\u00f3 a m\u00e1s de 100 personas a desvincularse de grupos de odio. de Christian  <\/span><span style=\"color: #3f3f3f;\">participaci\u00f3n en el primer movimiento americano de <\/span><span style=\"color: #3f3f3f;\">de los cabezas rapadas se relata en sus memorias <\/span><span style=\"color: #3f3f3f;\">WHITE AMERICAN YOUTH: My Descent into <\/span><span style=\"color: #3f3f3f;\">Am\u00e9rica<\/span><span style=\"color: #3f3f3f;\">&#8216;<\/span><span style=\"color: #3f3f3f;\">s Most Violent Hate Movement<\/span><span style=\"color: #3f3f3f;\">&#8212;<\/span><span style=\"color: #3f3f3f;\">y c\u00f3mo sal\u00ed de \u00e9l <\/span> <span style=\"color: #3f3f3f;\">(Hachette, 2018). Christian es co-<\/span><span style=\"color: #3f3f3f;\">desarrollando una serie documental de televisi\u00f3n basada en su trabajo de ayuda a las personas que se desvinculan de las ideolog\u00edas violentas.<\/span><\/p>\n<a rel=\"noopener noreferrer\" href=\"http:\/\/www.christianpicciolini.com\" target=\"_blank\" class=\"button primary reveal-icon\"  >\n    <span>PARA M\u00c1S INFORMACI\u00d3N<\/span>\n  <i class=\"icon-angle-right\" ><\/i><\/a>\n\n\n\n\t\t<\/div>\n\t\t\t\t\t<\/div>\n\n\t\n\n<\/div>\n<div class=\"row\"  id=\"row-1812105940\">\n\n\n\t<div id=\"col-898279757\" class=\"col medium-5 small-12 large-5\"  >\n\t\t\t\t<div class=\"col-inner\"  >\n\t\t\t\n\t\t\t\n\n\t<div class=\"img has-hover x md-x lg-x y md-y lg-y\" id=\"image_1475912550\">\n\t\t\t\t\t\t\t\t<div class=\"img-inner dark\" >\n\t\t\t<img decoding=\"async\" width=\"307\" height=\"307\" src=\"https:\/\/ssscorp.org\/wp-content\/uploads\/2022\/10\/interfaith-amigos.jpg\" class=\"attachment-large size-large\" alt=\"\" srcset=\"https:\/\/ssscorp.org\/wp-content\/uploads\/2022\/10\/interfaith-amigos.jpg 307w, https:\/\/ssscorp.org\/wp-content\/uploads\/2022\/10\/interfaith-amigos-300x300.jpg 300w, https:\/\/ssscorp.org\/wp-content\/uploads\/2022\/10\/interfaith-amigos-150x150.jpg 150w\" sizes=\"(max-width: 307px) 100vw, 307px\" \/>\t\t\t\t\t\t\n\t\t\t\t\t<\/div>\n\t\t\t\t\t\t\t\t\n<style>\n#image_1475912550 {\n  width: 100%;\n}\n<\/style>\n\t<\/div>\n\t\n\n\n\t\t<\/div>\n\t\t\t\t\t<\/div>\n\n\t\n\n\t<div id=\"col-136944559\" class=\"col medium-7 small-12 large-7\"  >\n\t\t\t\t<div class=\"col-inner\"  >\n\t\t\t\n\t\t\t\n\n<div class=\"container section-title-container\" ><h3 class=\"section-title section-title-normal\"><b><\/b><span class=\"section-title-main\" >Amigos interconfesionales<\/span><b><\/b><a href=\"#\" target=\"\">2017<i class=\"icon-angle-right\" ><\/i><\/a><\/h3><\/div>\n\n<p>\u200b<br>El im\u00e1n Jamal Rahman, el pastor Don Mackenzie y el rabino Ted Falcon, los Amigos interreligiosos, comenzaron a trabajar juntos despu\u00e9s del 11 de septiembre. Desde entonces, han llevado su combinaci\u00f3n \u00fanica de sabidur\u00eda espiritual y humor a audiencias de todo Estados Unidos, Canad\u00e1, Israel-Palestina y Jap\u00f3n.<br><br>\u200bLos Amigos Interreligiosos presentan un mensaje crucial en su estilo humor\u00edstico \u00fanico, ayudando a los participantes a apreciar la promesa y los problemas de la experiencia interreligiosa.<\/p>\n<a rel=\"noopener noreferrer\" href=\"http:\/\/www.interfaithamigos.com\/Home.html\" target=\"_blank\" class=\"button primary reveal-icon\"  >\n    <span>PARA M\u00c1S INFORMACI\u00d3N<\/span>\n  <i class=\"icon-angle-right\" ><\/i><\/a>\n\n\n\n\t\t<\/div>\n\t\t\t\t\t<\/div>\n\n\t\n\n<\/div>\n<div class=\"row\"  id=\"row-52245328\">\n\n\n\t<div id=\"col-1574342161\" class=\"col medium-5 small-12 large-5\"  >\n\t\t\t\t<div class=\"col-inner\"  >\n\t\t\t\n\t\t\t\n\n\t<div class=\"img has-hover x md-x lg-x y md-y lg-y\" id=\"image_1476288907\">\n\t\t\t\t\t\t\t\t<div class=\"img-inner dark\" >\n\t\t\t<img loading=\"lazy\" decoding=\"async\" width=\"507\" height=\"338\" src=\"https:\/\/ssscorp.org\/wp-content\/uploads\/2022\/10\/valerie-kaur_orig.png\" class=\"attachment-large size-large\" alt=\"\" srcset=\"https:\/\/ssscorp.org\/wp-content\/uploads\/2022\/10\/valerie-kaur_orig.png 507w, https:\/\/ssscorp.org\/wp-content\/uploads\/2022\/10\/valerie-kaur_orig-300x200.png 300w\" sizes=\"(max-width: 507px) 100vw, 507px\" \/>\t\t\t\t\t\t\n\t\t\t\t\t<\/div>\n\t\t\t\t\t\t\t\t\n<style>\n#image_1476288907 {\n  width: 100%;\n}\n<\/style>\n\t<\/div>\n\t\n\n\n\t\t<\/div>\n\t\t\t\t\t<\/div>\n\n\t\n\n\t<div id=\"col-142373697\" class=\"col medium-7 small-12 large-7\"  >\n\t\t\t\t<div class=\"col-inner\"  >\n\t\t\t\n\t\t\t\n\n<div class=\"container section-title-container\" ><h3 class=\"section-title section-title-normal\"><b><\/b><span class=\"section-title-main\" >Valarie Kaur<\/span><b><\/b><a href=\"#\" target=\"\">2016<i class=\"icon-angle-right\" ><\/i><\/a><\/h3><\/div>\n\n<p>\u200b<br>El im\u00e1n Jamal Rahman, el pastor Don Mackenzie y el rabino Ted Falcon, los Amigos interreligiosos, comenzaron a trabajar juntos despu\u00e9s del 11 de septiembre. Desde entonces, han llevado su combinaci\u00f3n \u00fanica de sabidur\u00eda espiritual y humor a audiencias de todo Estados Unidos, Canad\u00e1, Israel-Palestina y Jap\u00f3n.<br><br>\u200bLos Amigos Interreligiosos presentan un mensaje crucial en su estilo humor\u00edstico \u00fanico, ayudando a los participantes a apreciar la promesa y los problemas de la experiencia interreligiosa.<\/p>\n<a rel=\"noopener noreferrer\" href=\"http:\/\/valariekaur.com\/\" target=\"_blank\" class=\"button primary reveal-icon\"  >\n    <span>PARA M\u00c1S INFORMACI\u00d3N<\/span>\n  <i class=\"icon-angle-right\" ><\/i><\/a>\n\n\n\n\t\t<\/div>\n\t\t\t\t\t<\/div>\n\n\t\n\n<\/div>\n<div class=\"row\"  id=\"row-1843401938\">\n\n\n\t<div id=\"col-1399550354\" class=\"col medium-5 small-12 large-5\"  >\n\t\t\t\t<div class=\"col-inner\"  >\n\t\t\t\n\t\t\t\n\n\t<div class=\"img has-hover x md-x lg-x y md-y lg-y\" id=\"image_695709434\">\n\t\t\t\t\t\t\t\t<div class=\"img-inner dark\" >\n\t\t\t<img loading=\"lazy\" decoding=\"async\" width=\"251\" height=\"298\" src=\"https:\/\/ssscorp.org\/wp-content\/uploads\/2022\/10\/dr-vivian.png\" class=\"attachment-large size-large\" alt=\"\" \/>\t\t\t\t\t\t\n\t\t\t\t\t<\/div>\n\t\t\t\t\t\t\t\t\n<style>\n#image_695709434 {\n  width: 100%;\n}\n<\/style>\n\t<\/div>\n\t\n\n\n\t\t<\/div>\n\t\t\t\t\t<\/div>\n\n\t\n\n\t<div id=\"col-2050639929\" class=\"col medium-7 small-12 large-7\"  >\n\t\t\t\t<div class=\"col-inner\"  >\n\t\t\t\n\t\t\t\n\n<div class=\"container section-title-container\" ><h3 class=\"section-title section-title-normal\"><b><\/b><span class=\"section-title-main\" >Reverendo Dr. CT Vivian<\/span><b><\/b><a href=\"#\" target=\"\">2015<i class=\"icon-angle-right\" ><\/i><\/a><\/h3><\/div>\n\n<p>El Dr. Vivian es conocido por su trabajo con el Dr. Martin Luther King Jr. durante el movimiento por los derechos civiles en la d\u00e9cada de 1960. Era un Freedom Rider y organiz\u00f3 sentadas y otras protestas no violentas contra la segregaci\u00f3n racial en el Sur. Como miembro del personal ejecutivo del SCLC (Consejo de Liderazgo Cristiano del Sur) march\u00f3 con el Dr. King en Selma, Montgomery, Chicago, Birmingham y Washington, DC Trabaj\u00f3 como organizador de la campa\u00f1a de registro de votantes en Selma, un movimiento ese fue el catalizador de la Ley de Derechos Electorales de 1965. M\u00e1s recientemente, el presidente Obama entreg\u00f3 al reverendo Dr. CT Vivian la Medalla Presidencial de la Libertad, el mayor honor civil de los Estados Unidos.<\/p>\n<a rel=\"noopener noreferrer\" href=\"http:\/\/www.ctvli.org\/ctvivian.php\" target=\"_blank\" class=\"button primary reveal-icon\"  >\n    <span>PARA M\u00c1S INFORMACI\u00d3N<\/span>\n  <i class=\"icon-angle-right\" ><\/i><\/a>\n\n\n\n\t\t<\/div>\n\t\t\t\t\t<\/div>\n\n\t\n\n<\/div>\n\n\t\t<\/div>\n\t\t\t\t\t<\/div>\n\n\t\n\n<\/div>\n\n\t\t<\/div>\n\n\t\t\n<style>\n#section_1226332807 {\n  padding-top: 30px;\n  padding-bottom: 30px;\n}\n#section_1226332807 .ux-shape-divider--top svg {\n  height: 150px;\n  --divider-top-width: 100%;\n}\n#section_1226332807 .ux-shape-divider--bottom svg {\n  height: 150px;\n  --divider-width: 100%;\n}\n<\/style>\n\t<\/section>\n\t\n\n","protected":false},"excerpt":{"rendered":"","protected":false},"author":1,"featured_media":0,"parent":0,"menu_order":0,"comment_status":"closed","ping_status":"closed","template":"page-blank.php","meta":{"iawp_total_views":2,"footnotes":""},"class_list":["post-2176","page","type-page","status-publish","hentry"],"_links":{"self":[{"href":"https:\/\/ssscorp.org\/es\/wp-json\/wp\/v2\/pages\/2176","targetHints":{"allow":["GET"]}}],"collection":[{"href":"https:\/\/ssscorp.org\/es\/wp-json\/wp\/v2\/pages"}],"about":[{"href":"https:\/\/ssscorp.org\/es\/wp-json\/wp\/v2\/types\/page"}],"author":[{"embeddable":true,"href":"https:\/\/ssscorp.org\/es\/wp-json\/wp\/v2\/users\/1"}],"replies":[{"embeddable":true,"href":"https:\/\/ssscorp.org\/es\/wp-json\/wp\/v2\/comments?post=2176"}],"version-history":[{"count":4,"href":"https:\/\/ssscorp.org\/es\/wp-json\/wp\/v2\/pages\/2176\/revisions"}],"predecessor-version":[{"id":3038,"href":"https:\/\/ssscorp.org\/es\/wp-json\/wp\/v2\/pages\/2176\/revisions\/3038"}],"wp:attachment":[{"href":"https:\/\/ssscorp.org\/es\/wp-json\/wp\/v2\/media?parent=2176"}],"curies":[{"name":"wp","href":"https:\/\/api.w.org\/{rel}","templated":true}]}}