{"id":2115,"date":"2022-09-02T15:16:56","date_gmt":"2022-09-02T15:16:56","guid":{"rendered":"https:\/\/ssscorp.org\/historia-y-estado-sin-fines-de-lucro\/"},"modified":"2022-10-20T15:20:24","modified_gmt":"2022-10-20T15:20:24","slug":"historia-y-estado-sin-fines-de-lucro","status":"publish","type":"page","link":"https:\/\/ssscorp.org\/es\/historia-y-estado-sin-fines-de-lucro\/","title":{"rendered":"\u200bHistoria y estado sin fines de lucro"},"content":{"rendered":"\n\n  <div class=\"banner has-hover has-parallax\" id=\"banner-1853579661\">\n          <div class=\"banner-inner fill\">\n        <div class=\"banner-bg fill\" data-parallax=\"-3\" data-parallax-container=\".banner\" data-parallax-background>\n            <div class=\"bg fill bg-fill \"><\/div>\n                        <div class=\"overlay\"><\/div>            \n                    <\/div>\n\t\t\n        <div class=\"banner-layers container\">\n            <div class=\"fill banner-link\"><\/div>            \n\n   <div id=\"text-box-364520734\" class=\"text-box banner-layer x50 md-x50 lg-x50 y50 md-y50 lg-y50 res-text\">\n                                <div class=\"text-box-content text dark\">\n              \n              <div class=\"text-inner text-center\">\n                  \n\n<h3 class=\"uppercase\"><strong>Siri Singh Sahib Corporation Historia Legal e Institucional<\/strong><\/h3>\n<p>Preparado por Hari Nam Singh, ex vicecanciller de la Oficina del Canciller<\/p>\n\n              <\/div>\n           <\/div>\n                            \n<style>\n#text-box-364520734 {\n  width: 68%;\n}\n#text-box-364520734 .text-box-content {\n  font-size: 100%;\n}\n<\/style>\n    <\/div>\n \n\n        <\/div>\n      <\/div>\n\n            \n<style>\n#banner-1853579661 {\n  padding-top: 300px;\n}\n#banner-1853579661 .bg.bg-loaded {\n  background-image: url(https:\/\/ssscorp.org\/wp-content\/uploads\/2022\/09\/Untitled-design-3-scaled-1.jpeg);\n}\n#banner-1853579661 .overlay {\n  background-color: rgba(17, 33, 82, 0.855);\n}\n#banner-1853579661 .ux-shape-divider--top svg {\n  height: 150px;\n  --divider-top-width: 100%;\n}\n#banner-1853579661 .ux-shape-divider--bottom svg {\n  height: 150px;\n  --divider-width: 100%;\n}\n<\/style>\n  <\/div>\n\n\n\t<section class=\"section\" id=\"section_1569657283\">\n\t\t<div class=\"bg section-bg fill bg-fill  bg-loaded\" >\n\n\t\t\t\n\t\t\t\n\t\t\t\n\n\t\t<\/div>\n\n\t\t\n\n\t\t<div class=\"section-content relative\">\n\t\t\t\n\n<div class=\"row\"  id=\"row-312104863\">\n\n\n\t<div id=\"col-884898561\" class=\"col small-12 large-12\"  >\n\t\t\t\t<div class=\"col-inner\"  >\n\t\t\t\n\t\t\t\n\n<p>El 27 de septiembre de 1997, Siri Sikdar Sahib Corporation (ahora conocida como Siri Singh Sahib Corporation) present\u00f3 sus art\u00edculos de incorporaci\u00f3n como una corporaci\u00f3n sin \u00e1nimo de lucro de Oreg\u00f3n. De importancia son las siguientes disposiciones en los Art\u00edculos de Incorporaci\u00f3n iniciales:<\/p>\n\n\t\t<\/div>\n\t\t\t\t\t<\/div>\n\n\t\n\n<\/div>\n<div class=\"row align-center\"  id=\"row-751315543\">\n\n\n\t<div id=\"col-1235772501\" class=\"col medium-10 small-12 large-10\"  >\n\t\t\t\t<div class=\"col-inner\"  >\n\t\t\t\n\t<div class=\"is-border\"\n\t\tstyle=\"border-width:0px 0px 0px 3px;\">\n\t<\/div>\n\t\t\t\n\n<p><em>\u201cLa corporaci\u00f3n operar\u00e1 exclusivamente con fines ben\u00e9ficos, religiosos, educativos y cient\u00edficos dentro del significado de la Secci\u00f3n 501(c)(3) del C\u00f3digo de Rentas Internas o la(s) secci\u00f3n(es) correspondiente(s) de cualquier c\u00f3digo tributario futuro\u201d.<\/em><br><br><em>\u201cLa corporaci\u00f3n est\u00e1 organizada para actuar como \u00fanico miembro de Sikh Dharma luego de la muerte o incapacidad de Siri Singh Sahib Khalsa Yogiji, y en tal capacidad para realizar y\/o facilitar actividades religiosas, ben\u00e9ficas y educativas\u201d.<\/em><br><br><em>\u201cTras la muerte o incapacidad de Siri Singh Sahib Harbhajan Singh Khalsa Yogiji, los directores ser\u00e1n las personas designadas por escrito por Siri Singh Sahib Harbhajan Singh Khalsa Yogiji. La designaci\u00f3n por escrito, y cualquier enmienda o complemento a la misma, se fechar\u00e1n en el momento de la ejecuci\u00f3n y se entregar\u00e1n al abogado de la corporaci\u00f3n y al Sikh Dharma designados en los estatutos de la corporaci\u00f3n, quienes los mantendr\u00e1n en confidencialidad\u201d.<\/em><\/p>\n\n\t\t<\/div>\n\t\t\t\t\n<style>\n#col-1235772501 > .col-inner {\n  padding: 0px 0px 0px 10px;\n}\n<\/style>\n\t<\/div>\n\n\t\n\n<\/div>\n<div class=\"row\"  id=\"row-40495487\">\n\n\n\t<div id=\"col-1271994730\" class=\"col small-12 large-12\"  >\n\t\t\t\t<div class=\"col-inner\"  >\n\t\t\t\n\t\t\t\n\n<p>El <span style=\"color: #a88d2e;\">3 de diciembre de 2001<\/span>, se present\u00f3 en el Estado de Oreg\u00f3n un acta de modificaci\u00f3n de los estatutos originales, momento en el que Siri Sikdar Sahib Corporation pas\u00f3 a llamarse Siri Singh Sahib Corporation.<br>\u200b<br>El <span style=\"color: #a88d2e;\">1 de octubre<\/span> de 2004, el consejo de administraci\u00f3n en funciones de Siri Singh Sahib Corporation adopt\u00f3 unos estatutos, que posteriormente se presentaron en el Estado de Oreg\u00f3n el 15 de noviembre de 2004. Las disposiciones segunda y tercera citadas anteriormente en los Art\u00edculos de incorporaci\u00f3n originales se modificaron un poco en el lenguaje de la siguiente manera:<\/p>\n\n\n\t\t<\/div>\n\t\t\t\t\t<\/div>\n\n\t\n\n<\/div>\n<div class=\"row align-center\"  id=\"row-554906771\">\n\n\n\t<div id=\"col-300651918\" class=\"col medium-10 small-12 large-10\"  >\n\t\t\t\t<div class=\"col-inner\"  >\n\t\t\t\n\t<div class=\"is-border\"\n\t\tstyle=\"border-width:0px 0px 0px 3px;\">\n\t<\/div>\n\t\t\t\n\n<p><em>\u201cLa corporaci\u00f3n est\u00e1 organizada para actuar como la organizaci\u00f3n legal sucesora de Siri Singh Sahib de Sikh Dharma, una corporaci\u00f3n exclusiva de California, luego de la muerte o incapacidad de Siri Singh Sahib Harbhajan Singh Khalsa Yogiji, y en tal capacidad para realizar y\/o facilitar actividades religiosas, caritativas y educativas\u201d.<\/em><br><br><em>\u201cTras la muerte o incapacidad de Siri Singh Sahib Harbhajan Singh Khalsa Yogiji, los directores ser\u00e1n las personas designadas por escrito por Siri Singh Sahib Harbhajan Singh Khalsa Yogiji. La designaci\u00f3n por escrito, y cualquier enmienda o suplemento a la misma, se fechar\u00e1n en el momento de la ejecuci\u00f3n y se entregar\u00e1n al abogado de la corporaci\u00f3n y al Siri Singh Sahib de Sikh Dharma designados en los estatutos de la corporaci\u00f3n, quienes los mantendr\u00e1n confidenciales\u201d.<\/em><\/p>\n\n\t\t<\/div>\n\t\t\t\t\n<style>\n#col-300651918 > .col-inner {\n  padding: 0px 0px 0px 10px;\n}\n<\/style>\n\t<\/div>\n\n\t\n\n<\/div>\n<div class=\"row\"  id=\"row-1401070994\">\n\n\n\t<div id=\"col-211244864\" class=\"col small-12 large-12\"  >\n\t\t\t\t<div class=\"col-inner\"  >\n\t\t\t\n\t\t\t\n\n<p>Se reconoce universalmente que Siri Singh Sahib prepar\u00f3 una lista que conten\u00eda los nombres de 13 personas calificadas, incluidos Siri Sikdar Sahib\/a y Bhai Sahib\/a como miembros ex oficio, para formar parte de la Junta inicial de Siri Singh Sahib Corporation despu\u00e9s de su muerte, y que entreg\u00f3 dicha lista en fideicomiso a Roy Lambert, el entonces abogado de Siri Singh Sahib Corporation y Unto Infinity.<\/p>\n<p>El <span style=\"color: #a88d2e;\">3 de octubre de 2004<\/span>, el consejo de administraci\u00f3n en funciones de Siri Singh Sahib Corporation adopt\u00f3 unos estatutos, que posteriormente se presentaron en el Estado de Oreg\u00f3n el <span style=\"color: #a88d2e;\">11 de enero<\/span> de 2005. En ese documento, los miembros de la junta de Unto Infinity, la junta ejecutiva existente en ese momento de la organizaci\u00f3n, recibieron poderes de gran alcance en la organizaci\u00f3n, esencialmente d\u00e1ndoles control total no solo de Unto Infinity, sino tambi\u00e9n de la Corporaci\u00f3n Siri Singh Sahib.<\/p>\n<p>Como sabemos, el Siri Singh Sahib abandon\u00f3 su cuerpo el <span style=\"color: #a88d2e;\">6 de octubre de 2004<\/span> . En resumen, los miembros de la Junta de Unto Infinity pudieron llevar a cabo su plan para tomar el control total de la organizaci\u00f3n al hacer que su abogado, Roy Lambert, ocultara la lista de los nombres de las 15 personas que Siri Singh Sahib hab\u00eda designado para servir. sobre la junta directiva inicial de Siri Singh Sahib Corporation despu\u00e9s de su muerte y a la que hab\u00eda confiado al Sr. Lambert. Esencialmente, los miembros de la junta de Unto Infinity llenaron ese vac\u00edo de autoridad que ellos mismos hab\u00edan creado.<\/p>\n<p>Estas t\u00e1cticas altamente cuestionables pronto salieron a la luz para la gran comunidad dh\u00e1rmica, incluido el Consejo de Khalsa, lo que finalmente result\u00f3 en una demanda judicial larga y contenciosa, en la que los demandantes, en representaci\u00f3n del ministerio, intentaron recuperar el control de la organizaci\u00f3n de aquellos que estaban percibidos como utilizando sus puestos de confianza para promover sus propios intereses personales. Los demandantes finalmente prevalecieron sobre el fondo del caso en diciembre de 2011, lo que finalmente oblig\u00f3 a los demandados a llegar a un acuerdo definitivo en mayo de 2012, lo que result\u00f3 en que renunciaran a sus posiciones de autoridad en la organizaci\u00f3n y permitieran que el ministerio recuperara el control de los activos y direcci\u00f3n de la organizaci\u00f3n.<\/p>\n<p>La primera orden del d\u00eda fue llenar los puestos a\u00fan vacantes en la Junta Directiva y quienes estaban principalmente alineados con presentar la demanda decidieron que la Junta Directiva inicial del SSSC ser\u00eda nominada y elegida por ministros ordenados con buena reputaci\u00f3n, as\u00ed como por quienes hab\u00edan contribuido al \u00e9xito de la demanda. Tambi\u00e9n se determin\u00f3 que la Junta del SSSC estar\u00eda compuesta por 15 miembros electos y 2 ex officio.<br>La Junta Directiva inicial estaba compuesta por las siguientes personas:<\/p>\n<h4>Por elecci\u00f3n:<\/h4>\n<ul>\n<li>SS Avtar Hari Singh Khalsa<\/li>\n<li>SS Dharm Singh Khalsa<\/li>\n<li>SS Gur\u00fa Amrit Singh Khalsa<\/li>\n<li>SS Gurujot Kaur Khalsa<\/li>\n<li>MSS Gururaj Kaur Khalsa<\/li>\n<li>MSS Gur\u00fa Singh Khalsa<\/li>\n<li>SS Gurujodha Singh Khalsa<\/li>\n<li>SS Hari Nam Singh Khalsa<\/li>\n<li>SS Harjot Kaur Khalsa<\/li>\n<li>SS Jai Singh Khalsa<\/li>\n<li>MSS Krishna Kaur Khalsa<\/li>\n<li>SS Shanti Kaur Khalsa<\/li>\n<li>SS Siri Pritam Kaur Khalsa<\/li>\n<li>SS Siri Vishnu Singh Khalsa<\/li>\n<li>SS Viriam Singh Khalsa.<\/li>\n<\/ul>\n<h4><br>Designaci\u00f3n de oficio:<\/h4>\n<ul>\n<li>SSSa Gur\u00fa Amrit Kaur Khalsa<\/li>\n<li>Bhai Sahiba Bibiji Inderjit Kaur.<\/li>\n<\/ul>\n<p>Seg\u00fan el acuerdo de la demanda, se agregaron los siguientes a la Junta Inicial: Amrit Singh Khalsa, SS Deva Singh Khalsa, MSS Sada Sat Singh Khalsa.<br>La primera reuni\u00f3n del Consejo de Administraci\u00f3n inicial se celebr\u00f3 el 18 de junio de 2012 en Espa\u00f1ola, Nuevo M\u00e9xico. Adem\u00e1s de ocuparse de los asuntos para \u201cponer las cosas en marcha\u201d, SS Gurujodha Singh Khalsa fue elegido presidente. En la primera reuni\u00f3n de continuaci\u00f3n del Consejo, celebrada el 26 de enero de 2013 en Los \u00c1ngeles, California, el Consejo vot\u00f3 que la siguiente sea la declaraci\u00f3n de la misi\u00f3n del Consejo de Administraci\u00f3n de la SSSC:<\/p>\n\n\t\t<\/div>\n\t\t\t\t\t<\/div>\n\n\t\n\n<\/div>\n<div class=\"row align-center\"  id=\"row-1813227781\">\n\n\n\t<div id=\"col-1149417011\" class=\"col medium-10 small-12 large-10\"  >\n\t\t\t\t<div class=\"col-inner\"  >\n\t\t\t\n\t<div class=\"is-border\"\n\t\tstyle=\"border-width:0px 0px 0px 3px;\">\n\t<\/div>\n\t\t\t\n\n<p><em>  &#8220;Con la gu\u00eda de Dios y la gracia del Gur\u00fa, la misi\u00f3n de la SSSC es proteger, preservar y cultivar la prosperidad de la comunidad constituyente y sus bienes; escuchar, servir y elevar a la comunidad constituyente; apoyar a las entidades con y sin \u00e1nimo de lucro y a la familia de las comunidades constituyentes; y vivir y mantener los valores de las ense\u00f1anzas del Siri Guru Granth Sahib y del Siri Singh Sahib Bhai Sahib Harbhajan Singh Khalsa Yogiji: servicio desinteresado, compasi\u00f3n, amabilidad, honestidad, integridad, confiabilidad y conciencia inspirada en el Gur\u00fa.&#8221;<\/em><\/p>\n\n\t\t<\/div>\n\t\t\t\t\n<style>\n#col-1149417011 > .col-inner {\n  padding: 0px 0px 0px 10px;\n}\n<\/style>\n\t<\/div>\n\n\t\n\n<\/div>\n<div class=\"row\"  id=\"row-472000138\">\n\n\n\t<div id=\"col-79639305\" class=\"col small-12 large-12\"  >\n\t\t\t\t<div class=\"col-inner\"  >\n\t\t\t\n\t\t\t\n\n<p>La Junta inicial decidi\u00f3 que el per\u00edodo de servicio de los miembros de la Junta ser\u00eda de cinco a\u00f1os, y la mitad de la Junta tendr\u00eda que presentarse a la reelecci\u00f3n (o elegir no volver a presentarse) cada dos a\u00f1os y medio. La Junta tambi\u00e9n estableci\u00f3 est\u00e1ndares de elegibilidad tanto para los candidatos como para el electorado. Los art\u00edculos de incorporaci\u00f3n actualizados m\u00e1s recientes de Siri Singh Sahib Corporation se presentaron el <span style=\"color: #a88d2e;\">7 de marzo de 2013<\/span> . Sigue siendo una corporaci\u00f3n religiosa sin fines de lucro de Oreg\u00f3n, en virtud de que se la considera una &#8220;iglesia&#8221;. Sus \u201cProp\u00f3sitos\u201d, tal como se establece en dicho documento, son los siguientes:<\/p>\n<div class=\"row align-center\"  id=\"row-1381362334\">\n\n\n\t<div id=\"col-2141240516\" class=\"col medium-10 small-12 large-10\"  >\n\t\t\t\t<div class=\"col-inner\"  >\n\t\t\t\n\t<div class=\"is-border\"\n\t\tstyle=\"border-width:0px 0px 0px 3px;\">\n\t<\/div>\n\t\t\t\n\n<p><em>\u201cOperar exclusivamente con fines religiosos, ben\u00e9ficos y educativos, en el sentido de la Secci\u00f3n 501(c)(3) del C\u00f3digo de Rentas Internas de 1986, en su forma enmendada, o cualquier disposici\u00f3n posterior, que incluye, entre otros, apoyar y promover la pr\u00e1ctica de la religi\u00f3n sikh tal como fue ense\u00f1ada por Siri Singh Sahib Bhai Sahib Harbhajan Khalsa Yogiji (&#8220;Yogi Bhajan&#8221;) y reuniendo a sus adherentes, y actuando como la organizaci\u00f3n legal sucesora del Siri Singh Sahib de Sikh Dharma, una corporaci\u00f3n de California \u00fanica y sirviendo como guardi\u00e1n y administrador de los activos dedicados por Yogi Bhajan para apoyar el Sikh Dharma\/3HO co<\/em><\/p>\n\n\t\t<\/div>\n\t\t\t\t\n<style>\n#col-2141240516 > .col-inner {\n  padding: 0px 0px 0px 10px;\n}\n<\/style>\n\t<\/div>\n\n\t\n\n<\/div>\n\n\t\t<\/div>\n\t\t\t\t\t<\/div>\n\n\t\n\n<\/div>\n\n\t\t<\/div>\n\n\t\t\n<style>\n#section_1569657283 {\n  padding-top: 30px;\n  padding-bottom: 30px;\n}\n#section_1569657283 .ux-shape-divider--top svg {\n  height: 150px;\n  --divider-top-width: 100%;\n}\n#section_1569657283 .ux-shape-divider--bottom svg {\n  height: 150px;\n  --divider-width: 100%;\n}\n<\/style>\n\t<\/section>\n\t\n\n","protected":false},"excerpt":{"rendered":"","protected":false},"author":1,"featured_media":0,"parent":0,"menu_order":0,"comment_status":"closed","ping_status":"closed","template":"page-blank.php","meta":{"iawp_total_views":14,"footnotes":""},"class_list":["post-2115","page","type-page","status-publish","hentry"],"_links":{"self":[{"href":"https:\/\/ssscorp.org\/es\/wp-json\/wp\/v2\/pages\/2115","targetHints":{"allow":["GET"]}}],"collection":[{"href":"https:\/\/ssscorp.org\/es\/wp-json\/wp\/v2\/pages"}],"about":[{"href":"https:\/\/ssscorp.org\/es\/wp-json\/wp\/v2\/types\/page"}],"author":[{"embeddable":true,"href":"https:\/\/ssscorp.org\/es\/wp-json\/wp\/v2\/users\/1"}],"replies":[{"embeddable":true,"href":"https:\/\/ssscorp.org\/es\/wp-json\/wp\/v2\/comments?post=2115"}],"version-history":[{"count":1,"href":"https:\/\/ssscorp.org\/es\/wp-json\/wp\/v2\/pages\/2115\/revisions"}],"predecessor-version":[{"id":2124,"href":"https:\/\/ssscorp.org\/es\/wp-json\/wp\/v2\/pages\/2115\/revisions\/2124"}],"wp:attachment":[{"href":"https:\/\/ssscorp.org\/es\/wp-json\/wp\/v2\/media?parent=2115"}],"curies":[{"name":"wp","href":"https:\/\/api.w.org\/{rel}","templated":true}]}}