{"id":2066,"date":"2022-09-02T15:12:23","date_gmt":"2022-09-02T15:12:23","guid":{"rendered":"https:\/\/ssscorp.org\/actas-de-las-reuniones-del-cse\/"},"modified":"2022-10-20T15:20:02","modified_gmt":"2022-10-20T15:20:02","slug":"actas-de-las-reuniones-del-cse","status":"publish","type":"page","link":"https:\/\/ssscorp.org\/es\/actas-de-las-reuniones-del-cse\/","title":{"rendered":"Actas de las reuniones del CSE"},"content":{"rendered":"\n\n  <div class=\"banner has-hover has-parallax\" id=\"banner-631676395\">\n          <div class=\"banner-inner fill\">\n        <div class=\"banner-bg fill\" data-parallax=\"-3\" data-parallax-container=\".banner\" data-parallax-background>\n            <div class=\"bg fill bg-fill \"><\/div>\n                        <div class=\"overlay\"><\/div>            \n                    <\/div>\n\t\t\n        <div class=\"banner-layers container\">\n            <div class=\"fill banner-link\"><\/div>            \n\n   <div id=\"text-box-1333695821\" class=\"text-box banner-layer x50 md-x50 lg-x50 y50 md-y50 lg-y50 res-text\">\n                                <div class=\"text-box-content text dark\">\n              \n              <div class=\"text-inner text-center\">\n                  \n\n<h3 class=\"uppercase\"><strong>Tipos de reuniones del CSE<\/strong><\/h3>\n\n\n              <\/div>\n           <\/div>\n                            \n<style>\n#text-box-1333695821 {\n  width: 98%;\n}\n#text-box-1333695821 .text-box-content {\n  font-size: 100%;\n}\n<\/style>\n    <\/div>\n \n\n        <\/div>\n      <\/div>\n\n            \n<style>\n#banner-631676395 {\n  padding-top: 300px;\n}\n#banner-631676395 .bg.bg-loaded {\n  background-image: url(https:\/\/ssscorp.org\/wp-content\/uploads\/2022\/09\/Untitled-design-3-scaled-1.jpeg);\n}\n#banner-631676395 .overlay {\n  background-color: rgba(17, 33, 82, 0.855);\n}\n#banner-631676395 .ux-shape-divider--top svg {\n  height: 150px;\n  --divider-top-width: 100%;\n}\n#banner-631676395 .ux-shape-divider--bottom svg {\n  height: 150px;\n  --divider-width: 100%;\n}\n<\/style>\n  <\/div>\n\n\n\t<section class=\"section\" id=\"section_627811592\">\n\t\t<div class=\"bg section-bg fill bg-fill  bg-loaded\" >\n\n\t\t\t\n\t\t\t\n\t\t\t\n\n\t\t<\/div>\n\n\t\t\n\n\t\t<div class=\"section-content relative\">\n\t\t\t\n\n<div class=\"row\"  id=\"row-387059567\">\n\n\n\t<div id=\"col-342315852\" class=\"col small-12 large-12\"  >\n\t\t\t\t<div class=\"col-inner\"  >\n\t\t\t\n\t\t\t\n\n<p>La junta del SSSC cumple con sus funciones a trav\u00e9s de reuniones semanales en l\u00ednea. Tenemos dos tipos de reuniones de Directorio Ordinarias y Especiales. Seg\u00fan los estatutos:<\/p>\n<ol>\n<li>Las reuniones ordinarias del Consejo de Administraci\u00f3n se celebrar\u00e1n al menos una vez cada trimestre natural en la fecha, hora y lugar que el Consejo de Administraci\u00f3n fije con una antelaci\u00f3n m\u00ednima de cuarenta y ocho (48) horas o con la antelaci\u00f3n que establezca la resoluci\u00f3n del Consejo de Administraci\u00f3n.<\/li>\n<li>El Presidente de la Corporaci\u00f3n o tres (3) fideicomisarios podr\u00e1n convocar reuniones extraordinarias de la Junta de Fideicomisarios con cualquier prop\u00f3sito y en cualquier momento, con una notificaci\u00f3n de al menos cuarenta y ocho (48) horas de antelaci\u00f3n o con cualquier otra notificaci\u00f3n prescrita por resoluci\u00f3n de la Junta de Fideicomisarios.<\/li>\n<\/ol>\n<p>La agenda de la reuni\u00f3n se env\u00eda para su revisi\u00f3n por parte de la junta antes de la reuni\u00f3n. Le recomendamos que lea la agenda y los documentos adjuntos, ya que esto le ayudar\u00e1 a estar informado para la reuni\u00f3n y le dar\u00e1 la oportunidad de participar plenamente.<\/p>\n\n\t\t<\/div>\n\t\t\t\t\t<\/div>\n\n\t\n\n\t<div id=\"col-667084878\" class=\"col small-12 large-12\"  >\n\t\t\t\t<div class=\"col-inner\"  >\n\t\t\t\n\t\t\t\n\n<h2>Registros de reuniones<\/h2>\n<p>En cada a\u00f1o encontrar\u00e1 todas las reuniones que se llevaron a cabo por la Junta de S\u00edndicos de SSSC. Todas las agendas de las reuniones ordinarias se publican all\u00ed. A partir del 25 de agosto de 2021 tambi\u00e9n encontrar\u00e1 todas las mociones de las reuniones ordinarias y los registros de votaci\u00f3n.<\/p>\n<p>Haga clic en el a\u00f1o para ver el registro de reuniones de ese periodo.<\/p>\n\n\t\t<\/div>\n\t\t\t\t\t<\/div>\n\n\t\n\n\t<div id=\"col-1657598452\" class=\"col small-12 large-12\"  >\n\t\t\t\t<div class=\"col-inner\"  >\n\t\t\t\n\t\t\t\n\n<a href=\"https:\/\/ssscorp.org\/2016-regular-and-special-meetings\/\" target=\"_self\" class=\"button primary reveal-icon\"  >\n    <span>Reuniones de 2016<\/span>\n  <i class=\"icon-angle-right\" ><\/i><\/a>\n\n\n<a href=\"https:\/\/ssscorp.org\/2017-regular-and-special-meetings\/\" target=\"_self\" class=\"button primary reveal-icon\"  >\n    <span>Reuniones de 2017<\/span>\n  <i class=\"icon-angle-right\" ><\/i><\/a>\n\n\n<a href=\"https:\/\/ssscorp.org\/2018-regular-and-special-meetings\/\" target=\"_self\" class=\"button primary reveal-icon\"  >\n    <span>Reuniones de 2018<\/span>\n  <i class=\"icon-angle-right\" ><\/i><\/a>\n\n\n<a href=\"https:\/\/ssscorp.org\/2019-regular-and-special-meetings\/\" target=\"_self\" class=\"button primary reveal-icon\"  >\n    <span>Reuniones de 2019<\/span>\n  <i class=\"icon-angle-right\" ><\/i><\/a>\n\n\n<a href=\"https:\/\/ssscorp.org\/2020-regular-and-special-meetings\/\" target=\"_self\" class=\"button primary reveal-icon\"  >\n    <span>Reuniones de 2020<\/span>\n  <i class=\"icon-angle-right\" ><\/i><\/a>\n\n\n<a href=\"https:\/\/ssscorp.org\/2021-regular-and-special-meetings\/\" target=\"_self\" class=\"button primary reveal-icon\"  >\n    <span>Reuniones de 2021<\/span>\n  <i class=\"icon-angle-right\" ><\/i><\/a>\n\n\n<a href=\"https:\/\/ssscorp.org\/2022-regular-and-special-meetings\/\" target=\"_self\" class=\"button primary reveal-icon\"  >\n    <span>Reuniones de 2022<\/span>\n  <i class=\"icon-angle-right\" ><\/i><\/a>\n\n\n\n\t\t<\/div>\n\t\t\t\t\t<\/div>\n\n\t\n\n<\/div>\n\n\t\t<\/div>\n\n\t\t\n<style>\n#section_627811592 {\n  padding-top: 30px;\n  padding-bottom: 30px;\n}\n#section_627811592 .ux-shape-divider--top svg {\n  height: 150px;\n  --divider-top-width: 100%;\n}\n#section_627811592 .ux-shape-divider--bottom svg {\n  height: 150px;\n  --divider-width: 100%;\n}\n<\/style>\n\t<\/section>\n\t\n\n","protected":false},"excerpt":{"rendered":"","protected":false},"author":1,"featured_media":0,"parent":0,"menu_order":0,"comment_status":"closed","ping_status":"closed","template":"page-blank.php","meta":{"iawp_total_views":4,"footnotes":""},"class_list":["post-2066","page","type-page","status-publish","hentry"],"_links":{"self":[{"href":"https:\/\/ssscorp.org\/es\/wp-json\/wp\/v2\/pages\/2066","targetHints":{"allow":["GET"]}}],"collection":[{"href":"https:\/\/ssscorp.org\/es\/wp-json\/wp\/v2\/pages"}],"about":[{"href":"https:\/\/ssscorp.org\/es\/wp-json\/wp\/v2\/types\/page"}],"author":[{"embeddable":true,"href":"https:\/\/ssscorp.org\/es\/wp-json\/wp\/v2\/users\/1"}],"replies":[{"embeddable":true,"href":"https:\/\/ssscorp.org\/es\/wp-json\/wp\/v2\/comments?post=2066"}],"version-history":[{"count":1,"href":"https:\/\/ssscorp.org\/es\/wp-json\/wp\/v2\/pages\/2066\/revisions"}],"predecessor-version":[{"id":2076,"href":"https:\/\/ssscorp.org\/es\/wp-json\/wp\/v2\/pages\/2066\/revisions\/2076"}],"wp:attachment":[{"href":"https:\/\/ssscorp.org\/es\/wp-json\/wp\/v2\/media?parent=2066"}],"curies":[{"name":"wp","href":"https:\/\/api.w.org\/{rel}","templated":true}]}}