{"id":18696,"date":"2026-05-14T15:18:40","date_gmt":"2026-05-14T15:18:40","guid":{"rendered":"https:\/\/ssscorp.org\/alimentar-al-mundo-langar-a-langar-2\/"},"modified":"2026-05-14T16:32:31","modified_gmt":"2026-05-14T16:32:31","slug":"alimentar-al-mundo-langar-a-langar-2","status":"publish","type":"page","link":"https:\/\/ssscorp.org\/es\/alimentar-al-mundo-langar-a-langar-2\/","title":{"rendered":"Ayuda a las inundaciones del Punjab"},"content":{"rendered":"\n\n\n<style>\n\n\n.seva-logo-section .row {\n  margin: 0 !important;\n}\n\n.row-large > .col {\n  padding: 0px;\n}\n\n.seva-map-section {\n  width: 100vw;\n  left: 50%;\n  transform: translateX(-50.00001%);\n}\n\n\n.row {\nmax-width: 840px;\n}\n\n.flood-relief-msg-box {\nwidth: 25em;\nmargin: 0 auto;\nborder-radius: 15px;\npadding: 15px;\nmargin-top: 30px;\n}\n\n@media (max-width: 500px) {\n.flood-relief-msg-box {\nwidth: 100%;\nmargin-top: 50px;\n}\n}\n\n.flood-relief-msg-box .message-box-bg-overlay {\nborder-radius: 15px;\n}\n\n.flood-relief-msg-box .col-inner {\npadding: 8px 8px !important;\n}\n\n.flood-relief-msg-box p {\nmargin: 10px 0;\n}\n\nh4.section-title b {\nopacity: 0;\n}\n\n\n.flood-relief-numbers-row .col-inner {\n  display: flex;\n  justify-content: center;\n  flex-direction: column;\n  align-items: center;\n}\n.flood-relief-numbers-row .col-inner p {\n margin: 10px 0;\n}\n\n.flood-relief-pull-quote {\npadding: 1em 3em;\n}\n\n@media (max-width: 500px) {\n.flood-relief-pull-quote {\npadding: 1em;\n}\n\n}\n\n@media (max-width: 549px) {\n.seva-map-section .col-inner {\n padding-top: 10px !important;\n padding-bottom: 10px !important;\n}\n.seva-map-section-last {\n margin-top: -1em;\n  margin-bottom: 1em;\n}\n}\n<\/style>\n\n\t<section class=\"section\" id=\"section_1672797251\">\n\t\t<div class=\"bg section-bg fill bg-fill  bg-loaded\" >\n\n\t\t\t\n\t\t\t\n\t\t\t\n\n\t\t<\/div>\n\n\t\t\n\n\t\t<div class=\"section-content relative\">\n\t\t\t\n\n<div class=\"row align-middle align-center\"  id=\"row-1632071681\">\n\n\n\t<div id=\"col-1370065697\" class=\"col small-12 large-12\"  >\n\t\t\t\t<div class=\"col-inner text-center\"  >\n\t\t\t\n\t\t\t\n\n<div class=\"container section-title-container\" ><h4 class=\"section-title section-title-center\"><b><\/b><span class=\"section-title-main\" style=\"font-size:91%;\">Seva en acci\u00f3n - Ayuda humanitaria<\/span><b><\/b><\/h4><\/div>\n\n<div class=\"container section-title-container\" ><h1 class=\"section-title section-title-center\"><b><\/b><span class=\"section-title-main\" style=\"font-size:105%;\">Ayuda a las inundaciones del Punjab<\/span><b><\/b><\/h1><\/div>\n\n<p style=\"text-align: left;\">Cuando unas devastadoras inundaciones desplazaron a cientos de familias en Punjab (India), el sangat respondi\u00f3 con rapidez, atenci\u00f3n y un compromiso sostenido, demostrando c\u00f3mo es el seva cuando las comunidades act\u00faan juntas.<\/p>\n<p>Una iniciativa conjunta de <strong>SSSC &#8211; Academia Miri Piri &#8211; Raj Khalsa Gurdwara<\/strong><\/p>\n\n\t\t<\/div>\n\t\t\t\t\t<\/div>\n\n\t\n\n<\/div>\n\n\t\t<\/div>\n\n\t\t\n<style>\n#section_1672797251 {\n  padding-top: 0px;\n  padding-bottom: 0px;\n}\n#section_1672797251 .ux-shape-divider--top svg {\n  height: 150px;\n  --divider-top-width: 100%;\n}\n#section_1672797251 .ux-shape-divider--bottom svg {\n  height: 150px;\n  --divider-width: 100%;\n}\n<\/style>\n\t<\/section>\n\t\n\t<section class=\"section seva-map-section\" id=\"section_605758963\">\n\t\t<div class=\"bg section-bg fill bg-fill  bg-loaded\" >\n\n\t\t\t\n\t\t\t\n\t\t\t\n\n\t\t<\/div>\n\n\t\t\n\n\t\t<div class=\"section-content relative\">\n\t\t\t\n\n<div class=\"row row-collapse align-middle align-center\"  id=\"row-1376621559\">\n\n\n\t<div id=\"col-1120327759\" class=\"col medium-4 small-12 large-4\"  >\n\t\t\t\t<div class=\"col-inner text-center\"  >\n\t\t\t\n\t\t\t\n\n\n\n<div style=\"color: white; font-size: 2rem; font-weight: bold; text-align: center\" id=\"sssc-map-first-column\">\n100\n<\/div>\n<div style=\"color: white; font-size: 1; text-align: center\">familias con ayuda inmediata<\/div>\n<div style=\"color: white; font-size: 1rem; text-align: center; margin-top: 5px;\">&nbsp;<\/div>\n\n<style>\n@media (max-width: 549px) {\n  #sssc-map-first-column {\n    margin-top: 10px;\n  }\n}\n<\/style>\n\n\n\t\t<\/div>\n\t\t\t\t\n<style>\n#col-1120327759 > .col-inner {\n  padding: 0 0px 0px 0px;\n  margin: 0 0px 0px 0px;\n}\n<\/style>\n\t<\/div>\n\n\t\n\n\t<div id=\"col-1049611316\" class=\"col medium-4 small-12 large-4\"  >\n\t\t\t\t<div class=\"col-inner text-center\"  >\n\t\t\t\n\t\t\t\n\n\n\n<div style=\"color: white; font-size: 2rem; font-weight: bold; text-align: center\">808<\/div>\n<div style=\"color: white; font-size: 1; text-align: center\">kits de ropa de cama y mantas entregados<\/div>\n<div style=\"color: white; font-size: 1rem; text-align: center; margin-top: 5px;\">&nbsp;<\/div>\n\n\n\t\t<\/div>\n\t\t\t\t\n<style>\n#col-1049611316 > .col-inner {\n  padding: 0 0px 0px 0px;\n  margin: 0 0px 0px 0px;\n}\n<\/style>\n\t<\/div>\n\n\t\n\n\t<div id=\"col-1058403928\" class=\"col medium-4 small-12 large-4\"  >\n\t\t\t\t<div class=\"col-inner text-center\"  >\n\t\t\t\n\t\t\t\n\n\n\n<div class=\"seva-map-section-last\"><div style=\"color: white; font-size: 2rem; font-weight: bold; text-align: center\">1<\/div>\n<div style=\"color: white; font-size: 1rem; text-align: center\">reconstrucci\u00f3n de la casa en curso<\/div>\n<div style=\"background: white; color: rgb(33, 0, 112); font-size: 1rem; text-align: center; margin: 5px auto; width: 5.5rem\">EN MARCHA<\/div><\/div>\n\n\n\t\t<\/div>\n\t\t\t\t\n<style>\n#col-1058403928 > .col-inner {\n  padding: 0 0px 0px 0px;\n  margin: 0 0px 0px 0px;\n}\n<\/style>\n\t<\/div>\n\n\t\n\n\n<style>\n#row-1376621559 > .col > .col-inner {\n  padding: 30px 0px 30px 0px;\n}\n<\/style>\n<\/div>\n\n\t\t<\/div>\n\n\t\t\n<style>\n#section_605758963 {\n  padding-top: 8px;\n  padding-bottom: 8px;\n  background-color: rgb(33, 0, 112);\n}\n#section_605758963 .ux-shape-divider--top svg {\n  height: 150px;\n  --divider-top-width: 100%;\n}\n#section_605758963 .ux-shape-divider--bottom svg {\n  height: 150px;\n  --divider-width: 100%;\n}\n<\/style>\n\t<\/section>\n\t\n\t<div id=\"gap-1050740962\" class=\"gap-element clearfix\" style=\"display:block; height:auto;\">\n\t\t\n<style>\n#gap-1050740962 {\n  padding-top: 50px;\n}\n<\/style>\n\t<\/div>\n\t\n\n\t<section class=\"section\" id=\"section_1813893750\">\n\t\t<div class=\"bg section-bg fill bg-fill  bg-loaded\" >\n\n\t\t\t\n\t\t\t\n\t\t\t\n\n\t\t<\/div>\n\n\t\t\n\n\t\t<div class=\"section-content relative\">\n\t\t\t\n\n<div class=\"row\"  id=\"row-1563692750\">\n\n\n\t<div id=\"col-1231635595\" class=\"col small-12 large-12\"  >\n\t\t\t\t<div class=\"col-inner\"  >\n\t\t\t\n\t\t\t\n\n\t<div id=\"text-2984755149\" class=\"text seva-text-section\">\n\t\t\n\n<h3 style=\"text-align: center; margin-bottom: 1.5em;\">La respuesta<\/h3>\n<p class=\"gmail-font-claude-response-body gmail-break-words gmail-whitespace-normal gmail-leading-&#091;1.7&#093;\" style=\"text-align: left;\">Cuando el Punjab sufri\u00f3 graves inundaciones, cientos de familias se quedaron sin cobijo, ropa de cama ni art\u00edculos de primera necesidad. La SSSC, en colaboraci\u00f3n con la Academia Miri Piri y Raj Khalsa Gurdwara, moviliz\u00f3 recursos r\u00e1pidamente, dando prioridad a las familias de las zonas m\u00e1s afectadas y asegur\u00e1ndose de que la ayuda llegaba a quienes ten\u00edan menos opciones de recuperarse. <\/p>\n<p class=\"gmail-font-claude-response-body gmail-break-words gmail-whitespace-normal gmail-leading-&#091;1.7&#093;\" style=\"text-align: left;\">Se recaudaron fondos y se destinaron a la ayuda inmediata, haciendo hincapi\u00e9 en la dignidad: se montaron juegos completos de ropa de cama y se entregaron a las familias como un paquete cohesionado.<\/p>\n\n\t\t\n<style>\n#text-2984755149 {\n  text-align: center;\n}\n<\/style>\n\t<\/div>\n\t\n\n\t\t<\/div>\n\t\t\t\t\t<\/div>\n\n\t\n\n<\/div>\n\n\t\t<\/div>\n\n\t\t\n<style>\n#section_1813893750 {\n  padding-top: 0px;\n  padding-bottom: 0px;\n}\n#section_1813893750 .ux-shape-divider--top svg {\n  height: 150px;\n  --divider-top-width: 100%;\n}\n#section_1813893750 .ux-shape-divider--bottom svg {\n  height: 150px;\n  --divider-width: 100%;\n}\n<\/style>\n\t<\/section>\n\t\n\t<section class=\"section\" id=\"section_1502648636\">\n\t\t<div class=\"bg section-bg fill bg-fill  bg-loaded\" >\n\n\t\t\t\n\t\t\t\n\t\t\t\n\n\t\t<\/div>\n\n\t\t\n\n\t\t<div class=\"section-content relative\">\n\t\t\t\n\n<h3 style=\"text-align: center; margin-bottom: 1.5em;\">El impacto en cifras<\/h3>\n\n<div class=\"row align-equal flood-relief-numbers-row\"  id=\"row-2033693339\">\n\n\n\t<div id=\"col-936609070\" class=\"col medium-6 small-12 large-6\"  >\n\t\t\t\t<div class=\"col-inner\" style=\"background-color:rgb(239, 239, 239);\" >\n\t\t\t\n\t\t\t\n\n<p style=\"text-align: center;\"><strong>100 familias<\/strong><\/p>\n<p style=\"text-align: center;\">ayuda inmediata a las v\u00edctimas de las inundaciones<\/p>\n\n\t\t<\/div>\n\t\t\t\t\n<style>\n#col-936609070 > .col-inner {\n  padding: 15px 15px 15px 15px;\n  border-radius: 20px;\n}\n<\/style>\n\t<\/div>\n\n\t\n\n\t<div id=\"col-1727050892\" class=\"col medium-6 small-12 large-6\"  >\n\t\t\t\t<div class=\"col-inner\" style=\"background-color:rgb(239, 239, 239);\" >\n\t\t\t\n\t\t\t\n\n<p style=\"text-align: center;\"><strong>300 juegos de cama<\/strong><\/p>\n<p style=\"text-align: center;\">kits completos entregados a las familias desplazadas<\/p>\n\n\t\t<\/div>\n\t\t\t\t\n<style>\n#col-1727050892 > .col-inner {\n  padding: 15px 15px 15px 15px;\n  border-radius: 20px;\n}\n<\/style>\n\t<\/div>\n\n\t\n\n<\/div>\n<div class=\"row align-equal align-center flood-relief-numbers-row\"  id=\"row-1861403912\">\n\n\n\t<div id=\"col-616433216\" class=\"col medium-6 small-12 large-6\"  >\n\t\t\t\t<div class=\"col-inner\" style=\"background-color:rgb(239, 239, 239);\" >\n\t\t\t\n\t\t\t\n\n<p style=\"text-align: center;\"><strong>508 mantas<\/strong><\/p>\n<p style=\"text-align: center;\">m\u00e1s mantas para las familias de las zonas m\u00e1s afectadas<\/p>\n\n\t\t<\/div>\n\t\t\t\t\n<style>\n#col-616433216 > .col-inner {\n  padding: 15px 15px 15px 15px;\n  border-radius: 20px;\n}\n<\/style>\n\t<\/div>\n\n\t\n\n\t<div id=\"col-1724684448\" class=\"col medium-6 small-12 large-6\"  >\n\t\t\t\t<div class=\"col-inner\" style=\"background-color:rgb(239, 239, 239);\" >\n\t\t\t\n\t\t\t\n\n<p style=\"text-align: center;\"><strong>Reconstrucci\u00f3n de 1 vivienda En curso para una viuda que perdi\u00f3 su casa<\/strong><\/p>\n<p style=\"text-align: center;\">un compromiso con la recuperaci\u00f3n a largo plazo, no s\u00f3lo con el alivio inmediato<\/p>\n\n\t\t<\/div>\n\t\t\t\t\n<style>\n#col-1724684448 > .col-inner {\n  padding: 15px 15px 15px 15px;\n  border-radius: 20px;\n}\n<\/style>\n\t<\/div>\n\n\t\n\n<\/div>\n<div class=\"row\"  id=\"row-602022801\">\n\n\n\t<div id=\"col-267117331\" class=\"col small-12 large-12\"  >\n\t\t\t\t<div class=\"col-inner\"  >\n\t\t\t\n\t\t\t\n\n<p style=\"text-align: center;\"><em>Todo el socorro desplegado en colaboraci\u00f3n con la Academia Miri Piri y la Gurdwara Raj Khalsa.<\/em><\/p>\n\n\t\t<\/div>\n\t\t\t\t\t<\/div>\n\n\t\n\n<\/div>\n\n\t\t<\/div>\n\n\t\t\n<style>\n#section_1502648636 {\n  padding-top: 0px;\n  padding-bottom: 0px;\n}\n#section_1502648636 .ux-shape-divider--top svg {\n  height: 150px;\n  --divider-top-width: 100%;\n}\n#section_1502648636 .ux-shape-divider--bottom svg {\n  height: 150px;\n  --divider-width: 100%;\n}\n<\/style>\n\t<\/section>\n\t\n\t<section class=\"section\" id=\"section_981699772\">\n\t\t<div class=\"bg section-bg fill bg-fill  bg-loaded\" >\n\n\t\t\t\n\t\t\t\n\t\t\t\n\n\t\t<\/div>\n\n\t\t\n\n\t\t<div class=\"section-content relative\">\n\t\t\t\n\n<div class=\"row\"  id=\"row-26059551\">\n\n\n\t<div id=\"col-1148716952\" class=\"col small-12 large-12\"  >\n\t\t\t\t<div class=\"col-inner\"  >\n\t\t\t\n\t\t\t\n\n<h3 style=\"text-align: center;\">Una historia de Seva<\/h3>\n<p class=\"flood-relief-pull-quote\"><strong><em>Entre las personas atendidas hab\u00eda una viuda que perdi\u00f3 su casa por completo a causa de las inundaciones. La reconstrucci\u00f3n que se est\u00e1 llevando a cabo nos recuerda que el seva no consiste s\u00f3lo en dar una respuesta inmediata, sino en permanecer presentes para quienes m\u00e1s nos necesitan. <\/em><\/strong><\/p>\n<p>Esta iniciativa refleja lo que es posible cuando el sangat act\u00faa unido. La asociaci\u00f3n entre SSSC, MPA y Raj Khalsa Gurdwara demostr\u00f3 c\u00f3mo los recursos institucionales y las relaciones comunitarias -ya existentes- pueden volcarse en el servicio con rapidez y esmero. <\/p>\n\n\n\t\t<\/div>\n\t\t\t\t\t<\/div>\n\n\t\n\n<\/div>\n\n\t\t<\/div>\n\n\t\t\n<style>\n#section_981699772 {\n  padding-top: 0px;\n  padding-bottom: 0px;\n}\n#section_981699772 .ux-shape-divider--top svg {\n  height: 150px;\n  --divider-top-width: 100%;\n}\n#section_981699772 .ux-shape-divider--bottom svg {\n  height: 150px;\n  --divider-width: 100%;\n}\n<\/style>\n\t<\/section>\n\t\n\t<section class=\"section\" id=\"section_1156478035\">\n\t\t<div class=\"bg section-bg fill bg-fill  bg-loaded\" >\n\n\t\t\t\n\t\t\t\n\t\t\t\n\n\t\t<\/div>\n\n\t\t\n\n\t\t<div class=\"section-content relative\">\n\t\t\t\n\n<div class=\"row\"  id=\"row-806403142\">\n\n\n\t<div id=\"col-1749752128\" class=\"col small-12 large-12\"  >\n\t\t\t\t<div class=\"col-inner\"  >\n\t\t\t\n\t\t\t\n\n<h3 style=\"text-align: center; margin-bottom: 1.5em;\"><strong>Parte de un compromiso creciente<\/strong><\/h3>\n<p>La ayuda a las inundaciones del Punjab forma parte del trabajo m\u00e1s amplio de seva de la SSSC, que abarca la acci\u00f3n medioambiental, el servicio alimentario y la respuesta humanitaria en todo el sangat mundial. En los pr\u00f3ximos cuatro a\u00f1os, la SSSC trabajar\u00e1 para crear centros de seva en 30 pa\u00edses, construyendo la infraestructura necesaria para este tipo de respuesta r\u00e1pida y local all\u00ed donde viva la comunidad. <\/p>\n\n<div class=\"message-box relative flood-relief-msg-box dark\" style=\"padding-top:12px;padding-bottom:12px;\"><div class=\"message-box-bg-image bg-fill fill\" ><\/div><div class=\"message-box-bg-overlay bg-fill fill\" style=\"background-color:rgb(33, 0, 112);\"><\/div><div class=\"container relative\"><div class=\"inner last-reset\">\n\n<div class=\"row align-middle align-center\"  id=\"row-236245828\">\n\n\n\t<div id=\"col-1925783063\" class=\"col small-12 large-12\"  >\n\t\t\t\t<div class=\"col-inner\"  >\n\t\t\t\n\t\t\t\n\n\t<div id=\"text-3000555880\" class=\"text\">\n\t\t\n\n<p style=\"font-weight: bold;\">CENTROS SEVA ACTUALES:<\/p>\n<p><strong>India (Academia Miri Piri) &#8211; Estados Unidos  <\/strong><\/p>\n<p style=\"font-size: 0.88em\">con un objetivo de 30 centros en 30 pa\u00edses para 2029<\/p>\n\n\t\t\n<style>\n#text-3000555880 {\n  text-align: center;\n}\n<\/style>\n\t<\/div>\n\t\n\n\t\t<\/div>\n\t\t\t\t\n<style>\n#col-1925783063 > .col-inner {\n  padding: 0 0px 0px 0px;\n  margin: 0 0px 0px 0px;\n}\n<\/style>\n\t<\/div>\n\n\t\n\n\n<style>\n#row-236245828 > .col > .col-inner {\n  padding: 30px 30px 30px 30px;\n}\n<\/style>\n<\/div>\n\n<\/div><\/div><\/div>\n\n\t\t<\/div>\n\t\t\t\t\t<\/div>\n\n\t\n\n<\/div>\n\n\t\t<\/div>\n\n\t\t\n<style>\n#section_1156478035 {\n  padding-top: 0px;\n  padding-bottom: 0px;\n}\n#section_1156478035 .ux-shape-divider--top svg {\n  height: 150px;\n  --divider-top-width: 100%;\n}\n#section_1156478035 .ux-shape-divider--bottom svg {\n  height: 150px;\n  --divider-width: 100%;\n}\n<\/style>\n\t<\/section>\n\t\n\n","protected":false},"excerpt":{"rendered":"","protected":false},"author":1,"featured_media":0,"parent":0,"menu_order":0,"comment_status":"closed","ping_status":"closed","template":"","meta":{"iawp_total_views":1,"footnotes":""},"class_list":["post-18696","page","type-page","status-publish","hentry"],"_links":{"self":[{"href":"https:\/\/ssscorp.org\/es\/wp-json\/wp\/v2\/pages\/18696","targetHints":{"allow":["GET"]}}],"collection":[{"href":"https:\/\/ssscorp.org\/es\/wp-json\/wp\/v2\/pages"}],"about":[{"href":"https:\/\/ssscorp.org\/es\/wp-json\/wp\/v2\/types\/page"}],"author":[{"embeddable":true,"href":"https:\/\/ssscorp.org\/es\/wp-json\/wp\/v2\/users\/1"}],"replies":[{"embeddable":true,"href":"https:\/\/ssscorp.org\/es\/wp-json\/wp\/v2\/comments?post=18696"}],"version-history":[{"count":50,"href":"https:\/\/ssscorp.org\/es\/wp-json\/wp\/v2\/pages\/18696\/revisions"}],"predecessor-version":[{"id":19078,"href":"https:\/\/ssscorp.org\/es\/wp-json\/wp\/v2\/pages\/18696\/revisions\/19078"}],"wp:attachment":[{"href":"https:\/\/ssscorp.org\/es\/wp-json\/wp\/v2\/media?parent=18696"}],"curies":[{"name":"wp","href":"https:\/\/api.w.org\/{rel}","templated":true}]}}