{"id":17244,"date":"2026-02-08T11:53:25","date_gmt":"2026-02-08T11:53:25","guid":{"rendered":"https:\/\/ssscorp.org\/2026-reuniones-ordinarias-y-extraordinarias\/"},"modified":"2026-04-29T19:41:40","modified_gmt":"2026-04-29T19:41:40","slug":"2026-reuniones-ordinarias-y-extraordinarias","status":"publish","type":"page","link":"https:\/\/ssscorp.org\/es\/2026-reuniones-ordinarias-y-extraordinarias\/","title":{"rendered":"2026 Reuniones ordinarias y extraordinarias"},"content":{"rendered":"\n\n  <div class=\"banner has-hover has-parallax\" id=\"banner-1308900414\">\n          <div class=\"banner-inner fill\">\n        <div class=\"banner-bg fill\" data-parallax=\"-3\" data-parallax-container=\".banner\" data-parallax-background>\n            <div class=\"bg fill bg-fill \"><\/div>\n                        <div class=\"overlay\"><\/div>            \n                    <\/div>\n\t\t\n        <div class=\"banner-layers container\">\n            <div class=\"fill banner-link\"><\/div>            \n\n   <div id=\"text-box-1834622448\" class=\"text-box banner-layer x50 md-x50 lg-x50 y50 md-y50 lg-y50 res-text\">\n                                <div class=\"text-box-content text dark\">\n              \n              <div class=\"text-inner text-center\">\n                  \n\n<h3 class=\"uppercase\"><strong>2026 Reuniones ordinarias y extraordinarias<\/strong><\/h3>\n<p>Haga clic en cada fecha de reuni\u00f3n ordinaria para ver el orden del d\u00eda de esa reuni\u00f3n.&nbsp;<\/p>\n\n              <\/div>\n           <\/div>\n                            \n<style>\n#text-box-1834622448 {\n  width: 98%;\n}\n#text-box-1834622448 .text-box-content {\n  font-size: 100%;\n}\n<\/style>\n    <\/div>\n \n\n        <\/div>\n      <\/div>\n\n            \n<style>\n#banner-1308900414 {\n  padding-top: 300px;\n}\n#banner-1308900414 .bg.bg-loaded {\n  background-image: url(https:\/\/ssscorp.org\/wp-content\/uploads\/2022\/09\/Untitled-design-3-scaled-1.jpeg);\n}\n#banner-1308900414 .overlay {\n  background-color: rgba(17, 33, 82, 0.855);\n}\n#banner-1308900414 .ux-shape-divider--top svg {\n  height: 150px;\n  --divider-top-width: 100%;\n}\n#banner-1308900414 .ux-shape-divider--bottom svg {\n  height: 150px;\n  --divider-width: 100%;\n}\n<\/style>\n  <\/div>\n\n\n\t<section class=\"section\" id=\"section_616351765\">\n\t\t<div class=\"bg section-bg fill bg-fill  bg-loaded\" >\n\n\t\t\t\n\t\t\t\n\t\t\t\n\n\t\t<\/div>\n\n\t\t\n\n\t\t<div class=\"section-content relative\">\n\t\t\t\n\n<div class=\"row\"  id=\"row-1800091182\">\n\n\n\t<div id=\"col-1078579443\" class=\"col medium-6 small-12 large-6\"  >\n\t\t\t\t<div class=\"col-inner\"  >\n\t\t\t\n\t\t\t\n\n<div class=\"container section-title-container\" ><h3 class=\"section-title section-title-normal\"><b><\/b><span class=\"section-title-main\" >2026 \u00d3rdenes del d\u00eda de las reuniones ordinarias<\/span><b><\/b><\/h3><\/div>\n\n<p><a href=\"https:\/\/ssscorp.org\/wp-content\/uploads\/2026\/02\/Screen-Shot-2026-02-07-at-12.05.53-PM.png\">8 de enero de 2026<\/a><\/p>\n<p><a href=\"https:\/\/ssscorp.org\/wp-content\/uploads\/2026\/02\/Screen-Shot-2026-02-07-at-12.06.18-PM.png\">14 de enero de 2026<\/a><\/p>\n<p><a href=\"https:\/\/ssscorp.org\/wp-content\/uploads\/2026\/02\/Screen-Shot-2026-02-07-at-12.06.51-PM.png\">28 de enero de 2026<\/a><\/p>\n<p><a href=\"https:\/\/ssscorp.org\/wp-content\/uploads\/2026\/03\/AGENDA-Wednesday-February-25-2026-Regular.docx.pdf\">25 de febrero de 2026<\/a><\/p>\n<p><a href=\"https:\/\/ssscorp.org\/wp-content\/uploads\/2026\/03\/AGENDA-Thursday-February-26-2026-Regular.docx.pdf\">26 de febrero de 2026<\/a><\/p>\n<p><a href=\"https:\/\/ssscorp.org\/wp-content\/uploads\/2026\/04\/AGENDA-Wednesday-March-4-2026-Regular.docx-1.pdf\">4 de marzo de 2026<\/a><\/p>\n<p><a href=\"https:\/\/ssscorp.org\/wp-content\/uploads\/2026\/04\/AGENDA-Wednesday-March-11-2026-Regular.docx.pdf\">11 de marzo de 2026<\/a><\/p>\n<p><a href=\"https:\/\/ssscorp.org\/wp-content\/uploads\/2026\/04\/AGENDA-Thursday-April-2-2026-Regular.docx.pdf\">2 de abril de 2026<\/a><\/p>\n<p><a href=\"https:\/\/ssscorp.org\/wp-content\/uploads\/2026\/04\/AGENDA-Wednesday-April-15-2026-Morning-Meeting-Regular.docx.pdf\">15 de abril de 2026<\/a><\/p>\n<p><a href=\"https:\/\/ssscorp.org\/wp-content\/uploads\/2026\/04\/AGENDA-Wednesday-April-22-2026-Regular.docx.pdf\">22 de abril de 2026<\/a><\/p>\n<p> <\/p>\n<p> <\/p>\n\n\t\t<\/div>\n\t\t\t\t\t<\/div>\n\n\t\n\n\t<div id=\"col-377079193\" class=\"col medium-6 small-12 large-6\"  >\n\t\t\t\t<div class=\"col-inner\"  >\n\t\t\t\n\t\t\t\n\n<div class=\"container section-title-container\" ><h3 class=\"section-title section-title-normal\"><b><\/b><span class=\"section-title-main\" >Reuniones Extraordinarias 2026<\/span><b><\/b><\/h3><\/div>\n\n<p>14 de enero de 2026<\/p>\n<p>5 de febrero de 2026<\/p>\n<p>11 de febrero de 2026<\/p>\n<p>25 de febrero de 2026<\/p>\n<p>4 de marzo de 2026<\/p>\n<p>11 de marzo de 2026<\/p>\n<p>12 de marzo de 2026<\/p>\n<p>18 de marzo de 2026<\/p>\n<p>25 de marzo de 2026<\/p>\n<p>1 de abril de 2026<\/p>\n<p>15 de abril de 2026<\/p>\n\n\t\t<\/div>\n\t\t\t\t\t<\/div>\n\n\t\n\n<\/div>\n<div class=\"row\"  id=\"row-95048453\">\n\n\n\t<div id=\"col-1320904221\" class=\"col small-12 large-12\"  >\n\t\t\t\t<div class=\"col-inner\"  >\n\t\t\t\n\t\t\t\n\n<div class=\"row\"  id=\"row-1120579929\">\n\n\n\t<div id=\"col-328638155\" class=\"col small-12 large-12\"  >\n\t\t\t\t<div class=\"col-inner\"  >\n\t\t\t\n\t\t\t\n\n<h3\/>\n<p>&nbsp;<\/p>\n\n\t\t<\/div>\n\t\t\t\t\t<\/div>\n\n\t\n\n\t<div id=\"col-40208161\" class=\"col small-12 large-12\"  >\n\t\t\t\t<div class=\"col-inner\"  >\n\t\t\t\n\t\t\t\n\n<h3>MOCIONES<\/h3>\n<p>4 de marzo de 2026- Reuni\u00f3n ordinaria<\/p>\n<p><b>MOCI\u00d3N 1<\/b><\/p>\n<p>El SSSC nombra a Amarjap Kaur miembro de la Junta de 3HO Europa por un periodo de dos a\u00f1os con efecto inmediato. Adem\u00e1s, apoya a Deva Fateh, Varan Devpreet y Avtar Kaur Thielefeldt como asesores de la Junta. <\/p>\n<p><b>PASE  <\/b><\/p>\n<p><a href=\"https:\/\/ssscorp.org\/wp-content\/uploads\/2026\/04\/Screen-Shot-2026-04-29-at-3.22.51-PM.png\">REGISTRO DE VOTOS<\/a><\/p>\n<p> <\/p>\n<p>2 de abril de 2026- Reuni\u00f3n ordinaria<\/p>\n<p><b>MOCI\u00d3N 1  <\/b><\/p>\n<p><span style=\"font-weight: 400;\">   <\/span><i><span style=\"font-weight: 400;\">  Considerando que el Comit\u00e9 de Gobernanza ha examinado minuciosamente a los solicitantes para un nuevo nombramiento en la Junta de KRI y ha revisado la evaluaci\u00f3n de los miembros de la Junta (Peer Review), la Matriz de Habilidades de KRI y la aportaci\u00f3n del Enlace de la Junta de KRI, Gurumeet Kaur Khalsa,<\/span><\/i><\/p>\n<p><i><span style=\"font-weight: 400;\">  Considerando que el Comit\u00e9 de Gobernanza del CSE recomienda la aprobaci\u00f3n del nuevo nombramiento de Aman Jiwan Kaur \/Ellen Lenny-Pessagno para el Consejo de KRI por un mandato de dos a\u00f1os a partir del 1 de marzo de 2026:<\/span><\/i><\/p>\n<p><i><span style=\"font-weight: 400;\">  Por lo tanto<\/span><\/i><\/p>\n<p><i><span style=\"font-weight: 400;\">Resuelve que el SSSC apruebe el nuevo nombramiento de Aman Jiwan Kaur \/Ellen Lenny-Pessagno para un mandato de dos a\u00f1os que comenzar\u00e1 el 1 de marzo de 2026 y finalizar\u00e1 el 1 de marzo de 2028.<\/span><\/i><\/p>\n<p><strong><i>PASE  <\/i><\/strong><\/p>\n<p><a href=\"https:\/\/ssscorp.org\/wp-content\/uploads\/2026\/04\/Screen-Shot-2026-04-29-at-3.29.13-PM.png\">REGISTRO DE VOTOS<\/a><\/p>\n<p> <\/p>\n<p><b>MOCI\u00d3N 2<\/b><\/p>\n<p><i><span style=\"font-weight: 400;\">Considerando que el Comit\u00e9 de Gobernanza ha examinado minuciosamente a los solicitantes para un nuevo nombramiento en la Junta de KRI y ha revisado la evaluaci\u00f3n de los miembros de la Junta (Peer Review), la Matriz de Habilidades de KRI y la aportaci\u00f3n del Enlace de la Junta de KRI, Gurumeet Kaur Khalsa,<\/span><\/i><\/p>\n<p><i><span style=\"font-weight: 400;\">  Considerando que el Comit\u00e9 de Gobernanza del SSSC recomienda la aprobaci\u00f3n del nuevo nombramiento de Dharam Dev Kaur Khalsa para el Consejo de KRI por un mandato de dos a\u00f1os a partir del 1 de marzo de 2026:<\/span><\/i><\/p>\n<p><i><span style=\"font-weight: 400;\">  Por lo tanto<\/span><\/i><\/p>\n<p><i><span style=\"font-weight: 400;\">Resuelve que el SSSC apruebe el nuevo nombramiento de Dharam Dev Kaur Khalsa para un mandato de dos a\u00f1os que comenzar\u00e1 el 1 de marzo de 2026 y finalizar\u00e1 el 1 de marzo de 2028.<\/span><\/i><\/p>\n<p><b><i>PASE  <\/i><\/b><\/p>\n<p><a href=\"https:\/\/ssscorp.org\/wp-content\/uploads\/2026\/04\/Screen-Shot-2026-04-29-at-3.30.41-PM.png\">REGISTRO DE VOTOS<\/a><br style=\"font-weight: 400;\"><br style=\"font-weight: 400;\"><\/p>\n<p><b>MOCI\u00d3N 3<\/b><\/p>\n<p><b><i> <\/i><\/b><i><span style=\"font-weight: 400;\">  Considerando que el Comit\u00e9 de Gobernanza ha examinado minuciosamente a los solicitantes para un nuevo nombramiento en la Junta de KRI y ha revisado la evaluaci\u00f3n de los miembros de la Junta (Peer Review), la Matriz de Habilidades de KRI y la aportaci\u00f3n del Enlace de la Junta de KRI, Gurumeet Kaur Khalsa,<\/span><\/i><\/p>\n<p><i><span style=\"font-weight: 400;\">  Considerando que el Comit\u00e9 de Gobernanza del CSE recomienda la aprobaci\u00f3n del nuevo nombramiento de Harimandir Kaur Khalsa para el Consejo de KRI por un mandato de dos a\u00f1os a partir del 1 de marzo de 2026:<\/span><\/i><\/p>\n<p><i><span style=\"font-weight: 400;\">  Por lo tanto<\/span><\/i><\/p>\n<p><i><span style=\"font-weight: 400;\">Resuelve que el SSSC apruebe el nuevo nombramiento de Harimandir Kaur Khalsa para un mandato de dos a\u00f1os que comenzar\u00e1 el 1 de marzo de 2026 y finalizar\u00e1 el 1 de marzo de 2028.<\/span><\/i><\/p>\n<p><b>PASE  <\/b><\/p>\n<p><a href=\"https:\/\/ssscorp.org\/wp-content\/uploads\/2026\/04\/Screen-Shot-2026-04-29-at-3.32.20-PM.png\">REGISTRO DE VOTOS<\/a><br style=\"font-weight: 400;\"><br style=\"font-weight: 400;\"><\/p>\n<p><b>MOCI\u00d3N 4<\/b><\/p>\n<p><i><span style=\"font-weight: 400;\">Considerando que el Comit\u00e9 de Gobernanza ha examinado minuciosamente a los solicitantes para un nuevo nombramiento en la Junta de KRI y ha revisado la evaluaci\u00f3n de los miembros de la Junta (Peer Review), la Matriz de Habilidades de KRI y la aportaci\u00f3n del Enlace de la Junta de KRI, Gurumeet Kaur Khalsa,<\/span><\/i><\/p>\n<p><i><span style=\"font-weight: 400;\">  Considerando que el Comit\u00e9 de Gobernanza del CSE recomienda la aprobaci\u00f3n del nuevo nombramiento de Harimandir Kaur Khalsa para el Consejo de KRI por un mandato de dos a\u00f1os a partir del 1 de marzo de 2026:<\/span><\/i><\/p>\n<p><i><span style=\"font-weight: 400;\">  Por lo tanto<\/span><\/i><\/p>\n<p><i><span style=\"font-weight: 400;\">Resuelve que el SSSC apruebe el nuevo nombramiento de Harimandir Kaur Khalsa para un mandato de dos a\u00f1os que comenzar\u00e1 el 1 de marzo de 2026 y finalizar\u00e1 el 1 de marzo de 2028.<\/span><\/i><\/p>\n<p><b><i>PASES<\/i><\/b><\/p>\n<p><a href=\"https:\/\/ssscorp.org\/wp-content\/uploads\/2026\/04\/Screen-Shot-2026-04-29-at-3.34.55-PM.png\">REGISTRO DE VOTOS<\/a><br style=\"font-weight: 400;\"><br style=\"font-weight: 400;\"><br style=\"font-weight: 400;\"><\/p>\n<p> <\/p>\n<p> <\/p>\n<p><br style=\"font-weight: 400;\"><br style=\"font-weight: 400;\"><\/p>\n\n\t\t<\/div>\n\t\t\t\t\t<\/div>\n\n\t\n\n<\/div>\n\n\t\t<\/div>\n\t\t\t\t\t<\/div>\n\n\t\n\n<\/div>\n\n\t\t<\/div>\n\n\t\t\n<style>\n#section_616351765 {\n  padding-top: 30px;\n  padding-bottom: 30px;\n}\n#section_616351765 .ux-shape-divider--top svg {\n  height: 150px;\n  --divider-top-width: 100%;\n}\n#section_616351765 .ux-shape-divider--bottom svg {\n  height: 150px;\n  --divider-width: 100%;\n}\n<\/style>\n\t<\/section>\n\t\n\n","protected":false},"excerpt":{"rendered":"","protected":false},"author":1,"featured_media":0,"parent":0,"menu_order":0,"comment_status":"closed","ping_status":"closed","template":"page-blank.php","meta":{"iawp_total_views":0,"footnotes":""},"class_list":["post-17244","page","type-page","status-publish","hentry"],"_links":{"self":[{"href":"https:\/\/ssscorp.org\/es\/wp-json\/wp\/v2\/pages\/17244","targetHints":{"allow":["GET"]}}],"collection":[{"href":"https:\/\/ssscorp.org\/es\/wp-json\/wp\/v2\/pages"}],"about":[{"href":"https:\/\/ssscorp.org\/es\/wp-json\/wp\/v2\/types\/page"}],"author":[{"embeddable":true,"href":"https:\/\/ssscorp.org\/es\/wp-json\/wp\/v2\/users\/1"}],"replies":[{"embeddable":true,"href":"https:\/\/ssscorp.org\/es\/wp-json\/wp\/v2\/comments?post=17244"}],"version-history":[{"count":62,"href":"https:\/\/ssscorp.org\/es\/wp-json\/wp\/v2\/pages\/17244\/revisions"}],"predecessor-version":[{"id":18448,"href":"https:\/\/ssscorp.org\/es\/wp-json\/wp\/v2\/pages\/17244\/revisions\/18448"}],"wp:attachment":[{"href":"https:\/\/ssscorp.org\/es\/wp-json\/wp\/v2\/media?parent=17244"}],"curies":[{"name":"wp","href":"https:\/\/api.w.org\/{rel}","templated":true}]}}