{"id":16994,"date":"2026-01-22T13:06:10","date_gmt":"2026-01-22T13:06:10","guid":{"rendered":"https:\/\/ssscorp.org\/dia-mundial-de-seva\/"},"modified":"2026-02-02T18:11:06","modified_gmt":"2026-02-02T18:11:06","slug":"dia-mundial-de-seva","status":"publish","type":"page","link":"https:\/\/ssscorp.org\/es\/dia-mundial-de-seva\/","title":{"rendered":"D\u00eda Mundial de Seva"},"content":{"rendered":"\n\n\n<style>\n\n\n.img-inner {\n  \/*border: 0px solid #b7ccb2;\n  border-bottom-width: 3px;*\/\n  padding: 10px\n}\n\n.seva-logo-section, .seva-logo-section .img-inner, .seva-logo-section .col {\n  padding: 0 !important;\n}\n\n.seva-logo-section .row {\n  margin: 0 !important;\n}\n\n.row-large &gt; .col {\n  padding: 0px;\n}\n\n.seva-logo-section {\n  margin-top: -10% !important;\n  margin-bottom: -10% !important;\n  z-index: 20;\n}\n\n.seva-logo-section .col {\n  padding-bottom: 0;\n}\n\n@media screen and (max-width: 549px) {\n\n .seva-top-logo-wrap {\n   text-align: center !important;\n  }\n  \n  .seva-top-logo {\n    margin-left: auto !important;\n    margin-right: auto !important;\n  }\n\n}\n\n.seva-top-logo {\n \/*opacity: 0.7;*\/\n}\n\n.seva-top-logo .img-inner {\n  border: none !important;\n  box-shadow: none !important;\n}\n\n<\/style>\n\n\t<section class=\"section\" id=\"section_914225317\">\n\t\t<div class=\"bg section-bg fill bg-fill  bg-loaded\" >\n\n\t\t\t\n\t\t\t\n\t\t\t\n\n\t\t<\/div>\n\n\t\t\n\n\t\t<div class=\"section-content relative\">\n\t\t\t\n\n<div class=\"row row-collapse align-middle align-center\"  id=\"row-42168669\">\n\n\n\t<div id=\"col-1793493173\" class=\"col seva-top-logo-wrap medium-6 small-12 large-6\"  >\n\t\t\t\t<div class=\"col-inner text-right\"  >\n\t\t\t\n\t\t\t\n\n\t<div class=\"img has-hover seva-top-logo x md-x lg-x y md-y lg-y\" id=\"image_205691688\">\n\t\t\t\t\t\t\t\t<div class=\"img-inner box-shadow-2 dark\" style=\"margin:0px 0 0px 0px;\">\n\t\t\t<img fetchpriority=\"high\" decoding=\"async\" width=\"720\" height=\"516\" src=\"https:\/\/ssscorp.org\/wp-content\/uploads\/2026\/01\/LOGO-seva-cr.png\" class=\"attachment-large size-large\" alt=\"\" srcset=\"https:\/\/ssscorp.org\/wp-content\/uploads\/2026\/01\/LOGO-seva-cr.png 720w, https:\/\/ssscorp.org\/wp-content\/uploads\/2026\/01\/LOGO-seva-cr-300x215.png 300w\" sizes=\"(max-width: 720px) 100vw, 720px\" \/>\t\t\t\t\t\t\n\t\t\t\t\t<\/div>\n\t\t\t\t\t\t\t\t\n<style>\n#image_205691688 {\n  width: 73%;\n}\n<\/style>\n\t<\/div>\n\t\n\n\n\t\t<\/div>\n\t\t\t\t\n<style>\n#col-1793493173 > .col-inner {\n  padding: 0 0px 0px 0px;\n  margin: 0 0px 0px 0px;\n}\n<\/style>\n\t<\/div>\n\n\t\n\n\t<div id=\"col-1375896897\" class=\"col seva-top-logo-wrap medium-6 small-12 large-6\"  >\n\t\t\t\t<div class=\"col-inner text-left\"  >\n\t\t\t\n\t\t\t\n\n\t<div class=\"img has-hover seva-top-logo x md-x lg-x y md-y lg-y\" id=\"image_1720960878\">\n\t\t\t\t\t\t\t\t<div class=\"img-inner box-shadow-2 dark\" >\n\t\t\t<img decoding=\"async\" width=\"800\" height=\"516\" src=\"https:\/\/ssscorp.org\/wp-content\/uploads\/2026\/01\/feeding-the-world-logo-e1769086802138.png\" class=\"attachment-large size-large\" alt=\"\" \/>\t\t\t\t\t\t\n\t\t\t\t\t<\/div>\n\t\t\t\t\t\t\t\t\n<style>\n#image_1720960878 {\n  width: 82%;\n}\n<\/style>\n\t<\/div>\n\t\n\n\n\t\t<\/div>\n\t\t\t\t\n<style>\n#col-1375896897 > .col-inner {\n  padding: 0 0px 0px 0px;\n  margin: 0 0px 0px 0px;\n}\n<\/style>\n\t<\/div>\n\n\t\n\n\n<style>\n#row-42168669 > .col > .col-inner {\n  padding: 0 0px 0px 0px;\n}\n<\/style>\n<\/div>\n\n\t\t<\/div>\n\n\t\t\n<style>\n#section_914225317 {\n  padding-top: 0px;\n  padding-bottom: 0px;\n}\n#section_914225317 .ux-shape-divider--top svg {\n  height: 150px;\n  --divider-top-width: 100%;\n}\n#section_914225317 .ux-shape-divider--bottom svg {\n  height: 150px;\n  --divider-width: 100%;\n}\n<\/style>\n\t<\/section>\n\t\n\t<div id=\"gap-455789428\" class=\"gap-element clearfix\" style=\"display:block; height:auto;\">\n\t\t\n<style>\n#gap-455789428 {\n  padding-top: 30px;\n}\n<\/style>\n\t<\/div>\n\t\n\n  <div id=\"page-header-1286115610\" class=\"page-header-wrapper\">\n  <div class=\"page-title seva-header light simple-title\">\n\n    \n    <div class=\"page-title-inner container align-center text-center flex-row-col medium-flex-wrap\" >\n              <div class=\"title-wrapper is-large flex-col\">\n          <h1 class=\"entry-title mb-0\">\n            D\u00eda Mundial de Seva          <\/h1>\n        <\/div>\n                    <div class=\"title-content flex-col\">\n        <div class=\"title-breadcrumbs pb-half pt-half\"><\/div>      <\/div>\n    <\/div>\n\n       <\/div>\n    <\/div>\n  \n\n\t<div id=\"text-3762628465\" class=\"text seva-text-section\">\n\t\t\n\n<p dir=\"ltr\" style=\"text-align: center;\"><strong>Un D\u00eda Mundial de Compasi\u00f3n, Servicio y Superaci\u00f3n<\/strong><br><br><\/p>\n<h2 dir=\"ltr\" style=\"text-align: left;\"><strong>\u00bfQu\u00e9 es el D\u00eda Mundial de Seva?<\/strong><\/h2>\n<p dir=\"ltr\" style=\"text-align: left;\">El <strong>D\u00eda Mundial de la Seva<\/strong> es una invitaci\u00f3n mundial a poner en pr\u00e1ctica nuestros valores espirituales mediante el <strong>servicio desinteresado (seva)<\/strong>. En este d\u00eda, personas, familias, gurdwaras y comunidades de todo el mundo se unen para servir, elevar a los necesitados y fortalecer las conexiones locales compasivas y equitativas. <\/p>\n<p dir=\"ltr\" style=\"text-align: left;\">Nuestro prop\u00f3sito es sencillo y poderoso: <strong>unirnos por una intenci\u00f3n compartida -el servicio- y<\/strong>elegir proyectos de seva que puedan tener un impacto significativo y mensurable en comunidades de todo el mundo.<\/p>\n<p dir=\"ltr\" style=\"text-align: left;\">Este d\u00eda se trata de muchas manos, un solo coraz\u00f3n.<\/p>\n<p style=\"text-align: left;\"> <\/p>\n<h2 dir=\"ltr\" style=\"text-align: left;\"><strong>Nuestros Temas Globales<\/strong><\/h2>\n<p dir=\"ltr\" style=\"text-align: left;\">Cada a\u00f1o, el D\u00eda Mundial de Seva destaca un tema unificador que refleja nuestros valores compartidos y las necesidades del mundo.<\/p>\n<h3 dir=\"ltr\" style=\"text-align: left;\">2025 Tema: Seva el Planeta<\/h3>\n<p dir=\"ltr\" style=\"text-align: left;\"><a href=\"https:\/\/ssscorp.org\/es\/el-proyecto-global-seva\/\" target=\"_blank\" rel=\"noopener\">&gt;  LEER M\u00c1S AQU\u00cd<\/a><\/p>\n<p dir=\"ltr\" style=\"text-align: left;\">En 2025, comunidades de todo el mundo se centraron en el cuidado de la Tierra mediante actos de servicio que honraban la sostenibilidad, la administraci\u00f3n medioambiental y nuestra responsabilidad con las generaciones futuras.<\/p>\n<h3 dir=\"ltr\" style=\"text-align: left;\">Tema 2026: Alimentar al mundo, langar a langar<\/h3>\n<p dir=\"ltr\" style=\"text-align: left;\"><a href=\"https:\/\/ssscorp.org\/es\/alimentar-al-mundo-langar-a-langar\/\" target=\"_blank\" rel=\"noopener\">&gt;  LEER M\u00c1S AQU\u00cd<\/a><\/p>\n<p dir=\"ltr\" style=\"text-align: left;\">En 2026, el D\u00eda Mundial de Seva se centra en <strong>el langar, la<\/strong>sagrada tradici\u00f3n de compartir alimentos como expresi\u00f3n de igualdad, compasi\u00f3n y comunidad.<\/p>\n<p dir=\"ltr\" style=\"text-align: left;\">Juntos, nos comprometemos a <strong>alimentar al mundo, un langar cada vez<\/strong>.<\/p>\n<p style=\"text-align: left;\"> <\/p>\n<h2 dir=\"ltr\" style=\"text-align: left;\"><strong>Nuestro objetivo com\u00fan<\/strong><\/h2>\n<p dir=\"ltr\" style=\"text-align: left;\">El D\u00eda Mundial de Seva se configur\u00f3 mediante la colaboraci\u00f3n comunitaria y la visi\u00f3n colectiva. Su finalidad es <\/p>\n<ul style=\"text-align: left;\">\n<li dir=\"ltr\">\n<p dir=\"ltr\">Unir a las comunidades en torno a una intenci\u00f3n com\u00fan<\/p>\n<\/li>\n<li dir=\"ltr\">\n<p dir=\"ltr\">Ofrecer formas accesibles para que la gente retribuya a trav\u00e9s del servicio<\/p>\n<\/li>\n<li dir=\"ltr\">\n<p dir=\"ltr\">Reforzar la conexi\u00f3n mediante la acci\u00f3n colectiva<\/p>\n<\/li>\n<li dir=\"ltr\">\n<p dir=\"ltr\">Explorar formas significativas de comprender y medir el impacto social en nuestras comunidades<\/p>\n<\/li>\n<\/ul>\n<p dir=\"ltr\" style=\"text-align: left;\">Juntos, convertimos los valores en acci\u00f3n y el servicio en una expresi\u00f3n global de unidad.<\/p>\n\t\t\n<style>\n#text-3762628465 {\n  text-align: center;\n}\n<\/style>\n\t<\/div>\n\t\n<p> <\/p>\n<p> <\/p>\n\n","protected":false},"excerpt":{"rendered":"","protected":false},"author":1,"featured_media":0,"parent":0,"menu_order":0,"comment_status":"closed","ping_status":"closed","template":"","meta":{"iawp_total_views":0,"footnotes":""},"class_list":["post-16994","page","type-page","status-publish","hentry"],"_links":{"self":[{"href":"https:\/\/ssscorp.org\/es\/wp-json\/wp\/v2\/pages\/16994","targetHints":{"allow":["GET"]}}],"collection":[{"href":"https:\/\/ssscorp.org\/es\/wp-json\/wp\/v2\/pages"}],"about":[{"href":"https:\/\/ssscorp.org\/es\/wp-json\/wp\/v2\/types\/page"}],"author":[{"embeddable":true,"href":"https:\/\/ssscorp.org\/es\/wp-json\/wp\/v2\/users\/1"}],"replies":[{"embeddable":true,"href":"https:\/\/ssscorp.org\/es\/wp-json\/wp\/v2\/comments?post=16994"}],"version-history":[{"count":25,"href":"https:\/\/ssscorp.org\/es\/wp-json\/wp\/v2\/pages\/16994\/revisions"}],"predecessor-version":[{"id":17199,"href":"https:\/\/ssscorp.org\/es\/wp-json\/wp\/v2\/pages\/16994\/revisions\/17199"}],"wp:attachment":[{"href":"https:\/\/ssscorp.org\/es\/wp-json\/wp\/v2\/media?parent=16994"}],"curies":[{"name":"wp","href":"https:\/\/api.w.org\/{rel}","templated":true}]}}