{"id":14379,"date":"2025-08-20T20:11:39","date_gmt":"2025-08-20T20:11:39","guid":{"rendered":"https:\/\/ssscorp.org\/la-experiencia-de-servicio-de-la-junta-directiva-de-legacy-nonprofit\/"},"modified":"2025-08-20T20:42:00","modified_gmt":"2025-08-20T20:42:00","slug":"la-experiencia-de-servicio-de-la-junta-directiva-de-legacy-nonprofit","status":"publish","type":"page","link":"https:\/\/ssscorp.org\/es\/la-experiencia-de-servicio-de-la-junta-directiva-de-legacy-nonprofit\/","title":{"rendered":"La Experiencia de Servicio de la Junta Directiva de Legacy Nonprofit"},"content":{"rendered":"\n<h2 class=\"wp-block-heading\">La Experiencia de Servicio de la Junta Directiva de Legacy Nonprofit<\/h2>\n\n<p>Formar parte de uno de nuestros Consejos sin \u00e1nimo de lucro es una forma significativa de aportar tus habilidades, visi\u00f3n y devoci\u00f3n al servicio de nuestra comunidad de Dharma y global. A los miembros de las Juntas se les encomienda guiar la misi\u00f3n, garantizar el buen gobierno y apoyar la vitalidad de las organizaciones a las que sirven. <\/p>\n\n<h3 class=\"wp-block-heading\"><strong>Finalidad del servicio de la Junta<\/strong><\/h3>\n\n<p><strong>Nuestras Juntas sin \u00e1nimo de lucro:<\/strong><\/p>\n\n<ul class=\"wp-block-list\">\n<li>Proporcionar direcci\u00f3n estrat\u00e9gica y supervisi\u00f3n para su organizaci\u00f3n.<br\/><\/li>\n\n\n\n<li>Defiende la misi\u00f3n, los valores y el legado del Siri Singh Sahib.<br\/><\/li>\n\n\n\n<li>Salvaguardar los recursos y garantizar la responsabilidad ante nuestra sangat y las partes interesadas.<br\/><\/li>\n\n\n\n<li>Construye la unidad y fomenta una cultura de servicio, transparencia y confianza.<br\/><\/li>\n<\/ul>\n\n<h3 class=\"wp-block-heading\"><strong>Qu\u00e9 significa servir<\/strong><\/h3>\n\n<p>El servicio en la Junta es una oportunidad para servir con dedicaci\u00f3n y prop\u00f3sito. Los miembros pueden esperar: <\/p>\n\n<ul class=\"wp-block-list\">\n<li><strong>Dirige con intenci\u00f3n<\/strong> &#8211; Toma decisiones que hagan avanzar la misi\u00f3n y sirvan a las necesidades de la sangat.<br\/><\/li>\n\n\n\n<li><strong>Colabora con integridad<\/strong> &#8211; Trabaja junto a otros miembros dedicados que aportan perspectivas y conocimientos diversos.<br\/><\/li>\n\n\n\n<li><strong>Crece en el Servicio<\/strong> &#8211; Ampl\u00eda tus habilidades de gobierno, liderazgo y administraci\u00f3n organizativa.<br\/><\/li>\n\n\n\n<li><strong>Fortalecer nuestro legado<\/strong> &#8211; Apoya programas e iniciativas que eleven e inspiren a comunidades de todo el mundo.<br\/><\/li>\n<\/ul>\n\n<h3 class=\"wp-block-heading\"><strong>Compromiso y expectativas<\/strong><\/h3>\n\n<ul class=\"wp-block-list\">\n<li><strong>Periodo de servicio:<\/strong> La mayor\u00eda de los mandatos de las Juntas de organizaciones sin \u00e1nimo de lucro son de 2 a\u00f1os con posibilidad de renovaci\u00f3n.<br\/><\/li>\n\n\n\n<li><strong>Compromiso de tiempo:<\/strong> El compromiso de tiempo al mes para reuniones, trabajo en comit\u00e9s y preparaci\u00f3n var\u00eda. Encontrar\u00e1s el compromiso de tiempo aproximado en la descripci\u00f3n del puesto de miembro de la Junta, que se publica a medida que se abren los puestos. <br\/><\/li>\n\n\n\n<li><strong>\u00c9tica y responsabilidad:<\/strong> Cumplimiento de los C\u00f3digos \u00c9ticos de la organizaci\u00f3n, las pol\u00edticas sobre Conflictos de Intereses y las normas de gobernanza.<br\/><\/li>\n\n\n\n<li><strong>Participaci\u00f3n activa:<\/strong> Participaci\u00f3n preparada y presente en reuniones, trabajo de comit\u00e9s y eventos de la organizaci\u00f3n.<br\/><\/li>\n<\/ul>\n\n<h3 class=\"wp-block-heading\"><strong>Apoyo a los miembros del Consejo<\/strong><\/h3>\n\n<p>Apoyamos a los miembros de nuestro Consejo en el cumplimiento de su funci\u00f3n mediante:<\/p>\n\n<ul class=\"wp-block-list\">\n<li><strong>Orientaci\u00f3n y Formaci\u00f3n<\/strong> &#8211; Una introducci\u00f3n a la misi\u00f3n, la estructura de gobierno y las prioridades actuales de la organizaci\u00f3n, as\u00ed como la Formaci\u00f3n BoardSource: Certificado de Educaci\u00f3n para Juntas Directivas sin \u00e1nimo de lucro.<br\/><\/li>\n\n\n\n<li><strong>Desarrollo continuo<\/strong> &#8211; Siri Singh Sahib Corporation ofrece peri\u00f3dicamente cursos de desarrollo profesional abiertos a los miembros de la Junta Directiva.<br\/><\/li>\n\n\n\n<li><strong>Comunidad y conexi\u00f3n<\/strong> &#8211; Oportunidades para entablar relaciones con otros miembros de la Junta y l\u00edderes de organizaciones.<br\/><\/li>\n<\/ul>\n\n<h3 class=\"wp-block-heading\"><strong>El camino de Seva<\/strong><\/h3>\n\n<p>Se trata de un puesto voluntario. Formar parte de un Consejo sin \u00e1nimo de lucro dentro de nuestra familia Dh\u00e1rmica es una oportunidad \u00fanica para devolver, compartir tus talentos y ayudar a garantizar la fortaleza y sostenibilidad de nuestras organizaciones para las generaciones venideras.  <\/p>\n\n<p>Haz clic<a href=\"https:\/\/ssscorp.org\/es\/organizaciones-sin-animo-de-lucro\/\"> aqu\u00ed<\/a> para ver nuestra familia de organizaciones sin \u00e1nimo de lucro<\/p>\n\n<p>Haz clic <a href=\"https:\/\/ssscorp.org\/es\/a-quien-servimos\/servir-en-una-junta-subsidiaria\/\">aqu\u00ed<\/a> para ver las ofertas de empleo para miembros de la junta directiva<\/p>\n","protected":false},"excerpt":{"rendered":"<p>La Experiencia de Servicio de la Junta Directiva de Legacy Nonprofit Formar parte de uno de nuestros Consejos sin \u00e1nimo de lucro es una forma significativa de aportar tus habilidades, visi\u00f3n y devoci\u00f3n al servicio de nuestra comunidad de Dharma y global. A los miembros de las Juntas se les encomienda guiar la misi\u00f3n, garantizar [&#8230;]\n","protected":false},"author":2,"featured_media":0,"parent":0,"menu_order":0,"comment_status":"closed","ping_status":"closed","template":"","meta":{"iawp_total_views":1,"footnotes":""},"class_list":["post-14379","page","type-page","status-publish","hentry"],"_links":{"self":[{"href":"https:\/\/ssscorp.org\/es\/wp-json\/wp\/v2\/pages\/14379","targetHints":{"allow":["GET"]}}],"collection":[{"href":"https:\/\/ssscorp.org\/es\/wp-json\/wp\/v2\/pages"}],"about":[{"href":"https:\/\/ssscorp.org\/es\/wp-json\/wp\/v2\/types\/page"}],"author":[{"embeddable":true,"href":"https:\/\/ssscorp.org\/es\/wp-json\/wp\/v2\/users\/2"}],"replies":[{"embeddable":true,"href":"https:\/\/ssscorp.org\/es\/wp-json\/wp\/v2\/comments?post=14379"}],"version-history":[{"count":6,"href":"https:\/\/ssscorp.org\/es\/wp-json\/wp\/v2\/pages\/14379\/revisions"}],"predecessor-version":[{"id":14409,"href":"https:\/\/ssscorp.org\/es\/wp-json\/wp\/v2\/pages\/14379\/revisions\/14409"}],"wp:attachment":[{"href":"https:\/\/ssscorp.org\/es\/wp-json\/wp\/v2\/media?parent=14379"}],"curies":[{"name":"wp","href":"https:\/\/api.w.org\/{rel}","templated":true}]}}