{"id":13769,"date":"2025-07-04T09:34:22","date_gmt":"2025-07-04T09:34:22","guid":{"rendered":"https:\/\/ssscorp.org\/de-la-oficina-de-etica-y-normas-profesionales-eps-protocolo-de-proteccion-de-menores-2\/"},"modified":"2025-07-04T09:41:16","modified_gmt":"2025-07-04T09:41:16","slug":"de-la-oficina-de-etica-y-normas-profesionales-eps-protocolo-de-proteccion-de-menores-2","status":"publish","type":"page","link":"https:\/\/ssscorp.org\/es\/de-la-oficina-de-etica-y-normas-profesionales-eps-protocolo-de-proteccion-de-menores-2\/","title":{"rendered":"De la Oficina de \u00c9tica y Normas Profesionales (EPS): PROTOCOLO DE PROTECCI\u00d3N DE MENORES"},"content":{"rendered":"\n\n  <div class=\"banner has-hover has-parallax\" id=\"banner-847365646\">\n          <div class=\"banner-inner fill\">\n        <div class=\"banner-bg fill\" data-parallax=\"-3\" data-parallax-container=\".banner\" data-parallax-background>\n            <div class=\"bg fill bg-fill \"><\/div>\n                        <div class=\"overlay\"><\/div>            \n                    <\/div>\n\t\t\n        <div class=\"banner-layers container\">\n            <div class=\"fill banner-link\"><\/div>            \n\n   <div id=\"text-box-625729459\" class=\"text-box banner-layer x50 md-x50 lg-x50 y50 md-y50 lg-y50 res-text\">\n                                <div class=\"text-box-content text dark\">\n              \n              <div class=\"text-inner text-center\">\n                  \n\n<h3 class=\"uppercase\"><strong>De la Oficina de \u00c9tica y Normas Profesionales (EPS): PROTOCOLO DE PROTECCI\u00d3N DE MENORES<\/strong><\/h3>\n\n\n              <\/div>\n           <\/div>\n                            \n<style>\n#text-box-625729459 {\n  width: 60%;\n}\n#text-box-625729459 .text-box-content {\n  font-size: 100%;\n}\n<\/style>\n    <\/div>\n \n\n        <\/div>\n      <\/div>\n\n            \n<style>\n#banner-847365646 {\n  padding-top: 300px;\n}\n#banner-847365646 .bg.bg-loaded {\n  background-image: url(https:\/\/ssscorp.org\/wp-content\/uploads\/2022\/09\/Untitled-design-3-scaled-1.jpeg);\n}\n#banner-847365646 .overlay {\n  background-color: rgba(17, 33, 82, 0.855);\n}\n#banner-847365646 .ux-shape-divider--top svg {\n  height: 150px;\n  --divider-top-width: 100%;\n}\n#banner-847365646 .ux-shape-divider--bottom svg {\n  height: 150px;\n  --divider-width: 100%;\n}\n<\/style>\n  <\/div>\n\n\n\t<section class=\"section\" id=\"section_773530507\">\n\t\t<div class=\"bg section-bg fill bg-fill  bg-loaded\" >\n\n\t\t\t\n\t\t\t\n\t\t\t\n\n\t\t<\/div>\n\n\t\t\n\n\t\t<div class=\"section-content relative\">\n\t\t\t\n\n<div class=\"row\"  id=\"row-398266857\">\n\n\n\t<div id=\"col-7891166\" class=\"col small-12 large-12\"  >\n\t\t\t\t<div class=\"col-inner\"  >\n\t\t\t\n\t\t\t\n\n<p> <\/p>\n<p style=\"text-align: left;\"><b>Objetivo<\/b><br>Salvaguardar la salud, el bienestar y los derechos de los menores, permiti\u00e9ndoles participar en todas las actividades dh\u00e1rmicas, incluidas la educaci\u00f3n, la vida espiritual y el compromiso social, libres de da\u00f1os, abusos y negligencias.<br><br><b>Estrategia<\/b><br>Protocolo de salvaguarda: Procedimientos, directrices e instrucciones de protecci\u00f3n de menores que respaldan las formas en que nuestra comunidad dh\u00e1rmica mantiene a salvo a ni\u00f1os y j\u00f3venes.<\/p>\n\t<div id=\"gap-1714912802\" class=\"gap-element clearfix\" style=\"display:block; height:auto;\">\n\t\t\n<style>\n#gap-1714912802 {\n  padding-top: 30px;\n}\n<\/style>\n\t<\/div>\n\t\n\n<div class=\"text-center\"><div class=\"is-divider divider clearfix\" style=\"max-width:361px;\"><\/div><\/div>\n\n<p> <\/p>\n<p style=\"text-align: left;\">El 5 de junio de 2025, la Siri Singh Sahib Corporation (SSSC) aprob\u00f3 una moci\u00f3n por la que se adopta una Declaraci\u00f3n de Pol\u00edtica de Salvaguarda de la Infancia que afecta a todos los ni\u00f1os y j\u00f3venes que participan en actividades de la comunidad dh\u00e1rmica.  <\/p>\n<p>Los ni\u00f1os y los j\u00f3venes tienen derecho a ser protegidos de cualquier da\u00f1o. Como organizaciones de SSSC trabajamos con esta poblaci\u00f3n, debemos tener un conjunto claro de directrices sobre c\u00f3mo mantendremos a salvo a los menores y responderemos a los problemas de protecci\u00f3n infantil.   <\/p>\n<p>La Oficina de \u00c9tica y Normas Profesionales (EPS) y la Oficina del Consejo Dh\u00e1rmico (ODC) colaboran con las Organizaciones sin \u00c1nimo de Lucro Legadas (LNPO) pertinentes, como Sikh Dharma Education International (SDEI) \/ Miri Piri Academy (MPA), 3HO Internacional y 3HO Europa, para evaluar:<\/p>\n<ul>\n<li>Los riesgos potenciales para un ni\u00f1o que participe en nuestros programas educativos en la Academia Miri Piri y en los programas para j\u00f3venes en Solsticios y el Festival Europeo de Yoga<\/li>\n<li>C\u00f3mo plantean sus problemas las partes interesadas<\/li>\n<li>Qu\u00e9 se hace actualmente para garantizar que los j\u00f3venes puedan prosperar, tener experiencias positivas y mantenerse seguros<\/li>\n<\/ul>\n<div> <\/div>\n<p><b>Las actividades en curso para la Supervisi\u00f3n del Protocolo de Salvaguarda incluyen:<\/b><\/p>\n<ul>\n<li>Actividades rutinarias de formaci\u00f3n y sensibilizaci\u00f3n<\/li>\n<li>Revisi\u00f3n rutinaria de los informes de incidentes<\/li>\n<li>Reuniones trimestrales con la direcci\u00f3n de las organizaciones sin \u00e1nimo de lucro locales pertinentes para evaluar, supervisar y actualizar los procedimientos y las actividades de salvaguardia.<\/li>\n<\/ul>\n<p><b>EPS y ODC desarrollan Procedimientos de Salvaguarda que incluyen:<\/b><\/p>\n<ul>\n<li>Responder a las preocupaciones sobre el bienestar de un ni\u00f1o<\/li>\n<li>Almacenar los registros de protecci\u00f3n de menores<\/li>\n<li>Prevenir y responder al acoso<\/li>\n<li>Contrataci\u00f3n de personal y voluntarios adecuados para trabajar con los ni\u00f1os<\/li>\n<li>C\u00f3digos de conducta para todos los que trabajan con ni\u00f1os<\/li>\n<li>Gesti\u00f3n de las preocupaciones expresadas contra el personal y los voluntarios<\/li>\n<\/ul>\n<p>Visita el sitio web de la EPS para enviar tus preocupaciones sobre la protecci\u00f3n de la infancia: <a href=\"https:\/\/epsweb.org\/child-safeguarding\/\">https:\/\/epsweb.org\/child-safeguarding\/<\/a><\/p>\n\n\n\t\t<\/div>\n\t\t\t\t\t<\/div>\n\n\t\n\n<\/div>\n\n\t\t<\/div>\n\n\t\t\n<style>\n#section_773530507 {\n  padding-top: 30px;\n  padding-bottom: 30px;\n}\n#section_773530507 .ux-shape-divider--top svg {\n  height: 150px;\n  --divider-top-width: 100%;\n}\n#section_773530507 .ux-shape-divider--bottom svg {\n  height: 150px;\n  --divider-width: 100%;\n}\n<\/style>\n\t<\/section>\n\t\n\n","protected":false},"excerpt":{"rendered":"","protected":false},"author":1,"featured_media":0,"parent":0,"menu_order":0,"comment_status":"closed","ping_status":"closed","template":"page-blank.php","meta":{"iawp_total_views":0,"footnotes":""},"class_list":["post-13769","page","type-page","status-publish","hentry"],"_links":{"self":[{"href":"https:\/\/ssscorp.org\/es\/wp-json\/wp\/v2\/pages\/13769","targetHints":{"allow":["GET"]}}],"collection":[{"href":"https:\/\/ssscorp.org\/es\/wp-json\/wp\/v2\/pages"}],"about":[{"href":"https:\/\/ssscorp.org\/es\/wp-json\/wp\/v2\/types\/page"}],"author":[{"embeddable":true,"href":"https:\/\/ssscorp.org\/es\/wp-json\/wp\/v2\/users\/1"}],"replies":[{"embeddable":true,"href":"https:\/\/ssscorp.org\/es\/wp-json\/wp\/v2\/comments?post=13769"}],"version-history":[{"count":3,"href":"https:\/\/ssscorp.org\/es\/wp-json\/wp\/v2\/pages\/13769\/revisions"}],"predecessor-version":[{"id":13792,"href":"https:\/\/ssscorp.org\/es\/wp-json\/wp\/v2\/pages\/13769\/revisions\/13792"}],"wp:attachment":[{"href":"https:\/\/ssscorp.org\/es\/wp-json\/wp\/v2\/media?parent=13769"}],"curies":[{"name":"wp","href":"https:\/\/api.w.org\/{rel}","templated":true}]}}