{"id":12431,"date":"2025-03-09T19:11:56","date_gmt":"2025-03-09T19:11:56","guid":{"rendered":"https:\/\/ssscorp.org\/crc-eventos\/"},"modified":"2025-03-09T22:26:43","modified_gmt":"2025-03-09T22:26:43","slug":"crc-eventos","status":"publish","type":"page","link":"https:\/\/ssscorp.org\/es\/proyecto-de-reconciliacion-compasiva\/crc-eventos\/","title":{"rendered":"CRP &#8211; Eventos"},"content":{"rendered":"\t\t<div data-elementor-type=\"wp-page\" data-elementor-id=\"12431\" class=\"elementor elementor-12431 elementor-12426\">\n\t\t\t\t\t\t<section class=\"elementor-section elementor-top-section elementor-element elementor-element-6d8e2564 elementor-section-boxed elementor-section-height-default elementor-section-height-default\" data-id=\"6d8e2564\" data-element_type=\"section\" data-e-type=\"section\" data-settings=\"{&quot;background_background&quot;:&quot;classic&quot;}\">\n\t\t\t\t\t\t<div class=\"elementor-container elementor-column-gap-default\">\n\t\t\t\t\t<div class=\"elementor-column elementor-col-100 elementor-top-column elementor-element elementor-element-4ec99e90\" data-id=\"4ec99e90\" data-element_type=\"column\" data-e-type=\"column\">\n\t\t\t<div class=\"elementor-widget-wrap elementor-element-populated\">\n\t\t\t\t\t\t<div class=\"elementor-element elementor-element-452188ef elementor-widget elementor-widget-text-editor\" data-id=\"452188ef\" data-element_type=\"widget\" data-e-type=\"widget\" data-widget_type=\"text-editor.default\">\n\t\t\t\t<div class=\"elementor-widget-container\">\n\t\t\t\t\t\t\t\t\t<p><strong>Navegando por el di\u00e1logo comunitario: Conceptos y habilidades para la facilitaci\u00f3n de grupos <\/strong>est\u00e1 dise\u00f1ado para dotar a los participantes de t\u00e9cnicas y estrategias pr\u00e1cticas para facilitar di\u00e1logos de grupo inclusivos y transformadores.<\/p>\n<p>A lo largo de la formaci\u00f3n, los participantes aprender\u00e1n diversos conceptos y pr\u00e1cticas de facilitaci\u00f3n de grupos, como los procesos en c\u00edrculo, el di\u00e1logo basado en los intereses y el poder de las preguntas abiertas. Explorar\u00e1n c\u00f3mo pueden aplicarse los principios de la justicia reparadora en entornos de grupo para fomentar la comprensi\u00f3n, la empat\u00eda y la comunicaci\u00f3n constructiva. La formaci\u00f3n incluir\u00e1 una combinaci\u00f3n de ejercicios interactivos, debates en grupo y estudios de casos para mejorar el aprendizaje y la aplicaci\u00f3n pr\u00e1ctica.<\/p>\n<p>Objetivos clave del aprendizaje:<\/p>\n<ol>\n<li>Explorar diferentes conceptos y pr\u00e1cticas relacionales adecuados para entornos de grupo, como los procesos en c\u00edrculo y el di\u00e1logo basado en intereses.<\/li>\n<li>Aprenda t\u00e9cnicas y habilidades para crear un espacio seguro e inclusivo para el di\u00e1logo dentro de los grupos.<\/li>\n<li>Practicar la aplicaci\u00f3n de habilidades de facilitaci\u00f3n para la toma de decisiones situacionales en grupo a trav\u00e9s de actividades interactivas y juegos de rol.<\/li>\n<\/ol>\n<p>Nota: Gran parte del material cubierto en esta formaci\u00f3n ser\u00e1 una r\u00e9plica de lo que se cubri\u00f3 en las formaciones de Facilitador de Equipo Asesor de CRC, o Proceso de C\u00edrculo. Si s\u00f3lo ha asistido a la formaci\u00f3n de cinco d\u00edas para facilitadores de justicia reparadora, se tratar\u00e1 principalmente de material nuevo. Esperamos verle all\u00ed.<\/p>\n<p>Esta formaci\u00f3n se impartir\u00e1 en  <strong>dos sesiones. Es necesario inscribirse en ambas sesiones<\/strong>.<\/p>\n<p><strong>Parte 1: Jul 20, 2023 9:00 am PT &#8211; 12:30 pm PT<\/strong><\/p>\n<p>Inscr\u00edbase con antelaci\u00f3n a esta reuni\u00f3n:<\/p>\n<p><a href=\"https:\/\/us06web.zoom.us\/meeting\/register\/tZMoce-prj4uEtWPUzUciy2d9UzUG_bRaA29\" target=\"_blank\" rel=\"noopener\">https:\/\/us06web.zoom.us\/meeting\/register\/tZMoce-prj4uEtWPUzUciy2d9UzUG_bRaA29<\/a><\/p>\n<p>Tras inscribirse, recibir\u00e1 un correo electr\u00f3nico de confirmaci\u00f3n con informaci\u00f3n sobre c\u00f3mo participar en la reuni\u00f3n.<\/p>\n<p><strong>Parte 2: Jul 26, 2023 9:00 am PT &#8211; 12:30 pm PT<\/strong><\/p>\n<p>Inscr\u00edbase con antelaci\u00f3n a esta reuni\u00f3n:<\/p>\n<p><a href=\"https:\/\/us06web.zoom.us\/meeting\/register\/tZckdumprzMiE9YG7TaubrifYZPk4aXic1jY\" target=\"_blak\" rel=\"noopener\">https:\/\/us06web.zoom.us\/meeting\/register\/tZckdumprzMiE9YG7TaubrifYZPk4aXic1jY<\/a><\/p>\n<p>Tras inscribirse, recibir\u00e1 un correo electr\u00f3nico de confirmaci\u00f3n con informaci\u00f3n sobre c\u00f3mo participar en la reuni\u00f3n.<\/p>\t\t\t\t\t\t\t\t<\/div>\n\t\t\t\t<\/div>\n\t\t\t\t\t<\/div>\n\t\t<\/div>\n\t\t\t\t\t<\/div>\n\t\t<\/section>\n\t\t\t\t<\/div>\n\t\t","protected":false},"excerpt":{"rendered":"<p>Navegando por el di\u00e1logo comunitario: Conceptos y habilidades para la facilitaci\u00f3n de grupos est\u00e1 dise\u00f1ado para dotar a los participantes de t\u00e9cnicas y estrategias pr\u00e1cticas para facilitar di\u00e1logos de grupo inclusivos y transformadores. A lo largo de la formaci\u00f3n, los participantes aprender\u00e1n diversos conceptos y pr\u00e1cticas de facilitaci\u00f3n de grupos, como los procesos en c\u00edrculo, [&#8230;]\n","protected":false},"author":1,"featured_media":0,"parent":6969,"menu_order":0,"comment_status":"closed","ping_status":"closed","template":"","meta":{"iawp_total_views":0,"footnotes":""},"class_list":["post-12431","page","type-page","status-publish","hentry"],"_links":{"self":[{"href":"https:\/\/ssscorp.org\/es\/wp-json\/wp\/v2\/pages\/12431","targetHints":{"allow":["GET"]}}],"collection":[{"href":"https:\/\/ssscorp.org\/es\/wp-json\/wp\/v2\/pages"}],"about":[{"href":"https:\/\/ssscorp.org\/es\/wp-json\/wp\/v2\/types\/page"}],"author":[{"embeddable":true,"href":"https:\/\/ssscorp.org\/es\/wp-json\/wp\/v2\/users\/1"}],"replies":[{"embeddable":true,"href":"https:\/\/ssscorp.org\/es\/wp-json\/wp\/v2\/comments?post=12431"}],"version-history":[{"count":2,"href":"https:\/\/ssscorp.org\/es\/wp-json\/wp\/v2\/pages\/12431\/revisions"}],"predecessor-version":[{"id":12678,"href":"https:\/\/ssscorp.org\/es\/wp-json\/wp\/v2\/pages\/12431\/revisions\/12678"}],"up":[{"embeddable":true,"href":"https:\/\/ssscorp.org\/es\/wp-json\/wp\/v2\/pages\/6969"}],"wp:attachment":[{"href":"https:\/\/ssscorp.org\/es\/wp-json\/wp\/v2\/media?parent=12431"}],"curies":[{"name":"wp","href":"https:\/\/api.w.org\/{rel}","templated":true}]}}