{"id":12394,"date":"2025-03-09T19:07:24","date_gmt":"2025-03-09T19:07:24","guid":{"rendered":"https:\/\/ssscorp.org\/crc-mas-sobre-justicia-restaurativa\/"},"modified":"2025-03-09T22:27:33","modified_gmt":"2025-03-09T22:27:33","slug":"crc-mas-sobre-justicia-restaurativa","status":"publish","type":"page","link":"https:\/\/ssscorp.org\/es\/proyecto-de-reconciliacion-compasiva\/crc-mas-sobre-justicia-restaurativa\/","title":{"rendered":"CRP &#8211; M\u00e1s sobre Justicia Restaurativa"},"content":{"rendered":"\t\t<div data-elementor-type=\"wp-page\" data-elementor-id=\"12394\" class=\"elementor elementor-12394 elementor-12374\">\n\t\t\t\t\t\t<section class=\"elementor-section elementor-top-section elementor-element elementor-element-1ee6f355 elementor-section-boxed elementor-section-height-default elementor-section-height-default\" data-id=\"1ee6f355\" data-element_type=\"section\" data-e-type=\"section\" data-settings=\"{&quot;background_background&quot;:&quot;classic&quot;}\">\n\t\t\t\t\t\t\t<div class=\"elementor-background-overlay\"><\/div>\n\t\t\t\t\t\t\t<div class=\"elementor-container elementor-column-gap-no\">\n\t\t\t\t\t<div class=\"elementor-column elementor-col-50 elementor-top-column elementor-element elementor-element-7523028e\" data-id=\"7523028e\" data-element_type=\"column\" data-e-type=\"column\">\n\t\t\t<div class=\"elementor-widget-wrap elementor-element-populated\">\n\t\t\t\t\t\t<div class=\"elementor-element elementor-element-260812eb elementor-widget elementor-widget-heading\" data-id=\"260812eb\" data-element_type=\"widget\" data-e-type=\"widget\" data-widget_type=\"heading.default\">\n\t\t\t\t<div class=\"elementor-widget-container\">\n\t\t\t\t\t<h1 class=\"elementor-heading-title elementor-size-default\">M\u00e1s recursos sobre Justicia Restaurativa<\/h1>\t\t\t\t<\/div>\n\t\t\t\t<\/div>\n\t\t\t\t\t<\/div>\n\t\t<\/div>\n\t\t\t\t<div class=\"elementor-column elementor-col-50 elementor-top-column elementor-element elementor-element-577eb28\" data-id=\"577eb28\" data-element_type=\"column\" data-e-type=\"column\">\n\t\t\t<div class=\"elementor-widget-wrap elementor-element-populated\">\n\t\t\t\t\t\t<div class=\"elementor-element elementor-element-4a721e81 elementor-widget elementor-widget-image\" data-id=\"4a721e81\" data-element_type=\"widget\" data-e-type=\"widget\" data-widget_type=\"image.default\">\n\t\t\t\t<div class=\"elementor-widget-container\">\n\t\t\t\t\t\t\t\t\t\t\t\t\t\t\t<img decoding=\"async\" src=\"https:\/\/ssscorp.org\/wp-content\/uploads\/elementor\/thumbs\/cropped-white-with-green-banner-agriculture-logo-1_orig-r2mamiq5fjuq0d7vw81nmxo3h4aok2a9v226dppibm.png\" title=\"cropped-white-with-green-banner-agriculture-logo-1_orig.png\" alt=\"cropped-white-with-green-banner-agriculture-logo-1_orig.png\" loading=\"lazy\" \/>\t\t\t\t\t\t\t\t\t\t\t\t\t\t\t<\/div>\n\t\t\t\t<\/div>\n\t\t\t\t\t<\/div>\n\t\t<\/div>\n\t\t\t\t\t<\/div>\n\t\t<\/section>\n\t\t\t\t<section class=\"elementor-section elementor-top-section elementor-element elementor-element-141a7fc1 elementor-section-boxed elementor-section-height-default elementor-section-height-default\" data-id=\"141a7fc1\" data-element_type=\"section\" data-e-type=\"section\" data-settings=\"{&quot;background_background&quot;:&quot;classic&quot;}\">\n\t\t\t\t\t\t\t<div class=\"elementor-background-overlay\"><\/div>\n\t\t\t\t\t\t\t<div class=\"elementor-container elementor-column-gap-no\">\n\t\t\t\t\t<div class=\"elementor-column elementor-col-100 elementor-top-column elementor-element elementor-element-6e5063f5\" data-id=\"6e5063f5\" data-element_type=\"column\" data-e-type=\"column\">\n\t\t\t<div class=\"elementor-widget-wrap elementor-element-populated\">\n\t\t\t\t\t\t<div class=\"elementor-element elementor-element-3a0730c3 elementor-widget elementor-widget-heading\" data-id=\"3a0730c3\" data-element_type=\"widget\" data-e-type=\"widget\" data-widget_type=\"heading.default\">\n\t\t\t\t<div class=\"elementor-widget-container\">\n\t\t\t\t\t<h2 class=\"elementor-heading-title elementor-size-default\">Libros:<\/h2>\t\t\t\t<\/div>\n\t\t\t\t<\/div>\n\t\t\t\t<div class=\"elementor-element elementor-element-1f3058c5 elementor-widget elementor-widget-text-editor\" data-id=\"1f3058c5\" data-element_type=\"widget\" data-e-type=\"widget\" data-widget_type=\"text-editor.default\">\n\t\t\t\t<div class=\"elementor-widget-container\">\n\t\t\t\t\t\t\t\t\t<p>Ball, J., Caldwell, W., y Pranis, K. (2010). Hacer democracia con c\u00edrculos: Involucrando a las Comunidades en la Planificaci\u00f3n P\u00fablica. Living Justice Press.  <\/p>\n<p>Bohm, D., Nichol, L., y Senge, P. (2004). Sobre el di\u00e1logo. Routledge.  <\/p>\n<p>Brubaker, D., y Zimmerman, H. R. (2009). Peque\u00f1o Libro de las Organizaciones Saludables: Herramientas para comprender y transformar tu organizaci\u00f3n. Good Books.  <\/p>\n<p>Hadley, M. L. (2001). Las Ra\u00edces Espirituales de la Justicia Restaurativa. State University of New York Press.  <\/p>\n<p>Hooker, D. A. (2016). El Peque\u00f1o Libro de la Conferencia Comunitaria Transformadora: Un Enfoque Esperanzador y Pr\u00e1ctico del Di\u00e1logo. Good Books.  <\/p>\n<p>Kaba, M., y Hassan, S. (2019). Dando tumbos hacia la reparaci\u00f3n: Un Cuaderno de Trabajo para Facilitadores de la Responsabilidad Comunitaria. PROYECTO NIA.  <\/p>\n<p>Kahane, A. (2012). Planificaci\u00f3n transformadora de escenarios: Trabajando juntos para cambiar el futuro. Editorial Berrett-Koehler.  <\/p>\n<p>Kolk, V. B. (2015). El cuerpo lleva la cuenta: cerebro, mente y cuerpo en la curaci\u00f3n del trauma. Penguin Books.  <\/p>\n<p>Kotter, J. P. (2012). Liderar el cambio, (1R ed.). Harvard Business Review Press.  <\/p>\n<p>Lederach, J. (2021). Peque\u00f1o Libro de la Transformaci\u00f3n de Conflictos: Una Clara Articulaci\u00f3n De Los Principios Rectores Por Un Pionero En La Materia. Good Books.  <\/p>\n<p>Levine, Pl, y Kolk, B. V. A. (2015). Trauma y Memoria: Cerebro y Cuerpo en la B\u00fasqueda del Pasado Vivo: Una Gu\u00eda Pr\u00e1ctica para Comprender y Trabajar con la Memoria Traum\u00e1tica. North Atlantic Books.  <\/p>\n<p>Pranis, K. (2005). El peque\u00f1o libro de los procesos circulares. Good Books.  <\/p>\n<p>Stone, D., Patton, B., Heen, S. y Fisher, R. (2010). Conversaciones Dif\u00edciles: C\u00f3mo Discutir lo que M\u00e1s Importa (ed. Ilustrada). Penguin Books.  <\/p>\n<p>Valandra, E. C., y Yazzie, J. R. (2020). Colorear la Justicia Restaurativa: Voicing Our Realities. Living Justice Press.  <\/p>\n<p>Yoder, C. (2005). El Peque\u00f1o Libro de la Curaci\u00f3n del Trauma. Good Books.  <\/p>\n<p>Zehr, H. (2015a). Cambiar de lente: Justicia Reparadora para Nuestros Tiempos. Herald Press.  <\/p>\n<p>Zehr, H. (2015c). El Peque\u00f1o Libro de la Justicia Restaurativa: Revisado y Actualizado. Good Books.  <\/p>\n\t\t\t\t\t\t\t\t<\/div>\n\t\t\t\t<\/div>\n\t\t\t\t<div class=\"elementor-element elementor-element-4529d61d elementor-widget elementor-widget-heading\" data-id=\"4529d61d\" data-element_type=\"widget\" data-e-type=\"widget\" data-widget_type=\"heading.default\">\n\t\t\t\t<div class=\"elementor-widget-container\">\n\t\t\t\t\t<h2 class=\"elementor-heading-title elementor-size-default\">Art\u00edculos, Informes y Blogs:<\/h2>\t\t\t\t<\/div>\n\t\t\t\t<\/div>\n\t\t\t\t<div class=\"elementor-element elementor-element-1e620b2f elementor-widget elementor-widget-text-editor\" data-id=\"1e620b2f\" data-element_type=\"widget\" data-e-type=\"widget\" data-widget_type=\"text-editor.default\">\n\t\t\t\t<div class=\"elementor-widget-container\">\n\t\t\t\t\t\t\t\t\t<p>Bargen, C. Lyons, A. y Hartman, M (2019). Crime Victims&#8217; Experience of Restorative Justice; A Listening Project (La experiencia de las v\u00edctimas de la justicia restaurativa: un proyecto de escucha). Departamento de Justicia de Canad\u00e1. cverj-vvpcj.pdf <a href=\"https:\/\/justice.gc.ca\/\" target=\"_blank\" rel=\"noopener\">(justice.gc.ca)<\/a>   <\/p>\n<p>Herman, J.L. (2005). &#8220;La justicia desde la perspectiva de la v\u00edctima&#8221;, Violencia contra las mujeres, Vol. 11, n\u00ba 5, pp. 571-602.  <\/p>\n<p>Viaje a la Luz &#8211; Un Camino Diferente Hacia Adelante: Informe Final de la Investigaci\u00f3n Reparadora &#8211; Hogar para Ni\u00f1os de Color de Nueva Escocia <a href=\"https:\/\/www.restorativeinquiry.ca\/report\/Restorative-Justice-Inquiry-Final-%20Report.pdf\" target=\"_blank\" rel=\"noopener\" data-wplink-url-error=\"true\">https:\/\/www.restorativeinquiry.ca\/report\/Restorative-Justice-Inquiry-Final- Report.pdf<\/a><\/p>\n<p>Lyons, A. Justicia reparadora frente a resoluci\u00f3n de conflictos: Evaluaci\u00f3n para la Intervenci\u00f3n (2016). Blog sobre resultados justos.   <a href=\"https:\/\/www.justoutcomesconsulting.com\/restorative-justice-vs-conflict-resolution-assessing-%20for-intervention\" target=\"_blank\" rel=\"noopener\" data-wplink-url-error=\"true\">https:\/\/www.justoutcomesconsulting.com\/restorative-justice-vs-conflict-resolution-assessing- para-intervenci\u00f3n<\/a><\/p>\n<p>Walker, M.U. (2006). Justicia Reparadora y Reparaciones. Revista de Filosof\u00eda Social, Vol. 37, n\u00ba 3, (Oto\u00f1o de 2006): 377-395   <\/p>\n<p>Zehr, H. (2002). &#8220;Journey to Belonging&#8221;, en Weitekamp y Kerner (eds.), Restorative Justice: Fundamentos Te\u00f3ricos. Willan Publishing, Portland, OR.  <\/p>\n<p>Zehr, Howard. Instituto Zehr de Justicia Restaurativa (Blog).   <a href=\"https:\/\/emu.edu\/now\/restorative-justice\/\" target=\"_blank\" rel=\"noopener\">https:\/\/emu.edu\/now\/restorative-justice\/<\/a><\/p>\n\t\t\t\t\t\t\t\t<\/div>\n\t\t\t\t<\/div>\n\t\t\t\t<div class=\"elementor-element elementor-element-3c04e3f2 elementor-widget elementor-widget-heading\" data-id=\"3c04e3f2\" data-element_type=\"widget\" data-e-type=\"widget\" data-widget_type=\"heading.default\">\n\t\t\t\t<div class=\"elementor-widget-container\">\n\t\t\t\t\t<h2 class=\"elementor-heading-title elementor-size-default\">Seminarios web:<\/h2>\t\t\t\t<\/div>\n\t\t\t\t<\/div>\n\t\t\t\t<div class=\"elementor-element elementor-element-25ce8eb9 elementor-widget elementor-widget-text-editor\" data-id=\"25ce8eb9\" data-element_type=\"widget\" data-e-type=\"widget\" data-widget_type=\"text-editor.default\">\n\t\t\t\t<div class=\"elementor-widget-container\">\n\t\t\t\t\t\t\t\t\t<p>Baliga, S. (2020) Justicia reparadora y violencia sexual [Webinar]. Coalici\u00f3n del Estado de Nueva York contra las Agresiones Sexuales <a href=\"https:\/\/www.youtube.com\/watch?v=Xz0HkHICwU8\" target=\"_blank\" rel=\"noopener\">https:\/\/www.youtube.com\/watch?v=Xz0HkHICwU8<\/a> <\/p>\n<p>Nuri, N, Portez, J, &amp; Howard, R. (2018, 4 de abril) \u00bfC\u00f3mo utilizamos la justicia restaurativa para transformar una cultura de da\u00f1o sexual? [Webinar]. Instituto Zehr.   <a href=\"https:\/\/zehr-%20institute.org\/webinars\/rj-and-sexual-harm\/\" target=\"_blank\" rel=\"noopener\">https:\/\/zehr- institute.org\/webinars\/rj-y-da\u00f1o-sexual\/<\/a><\/p>\n\t\t\t\t\t\t\t\t<\/div>\n\t\t\t\t<\/div>\n\t\t\t\t\t<\/div>\n\t\t<\/div>\n\t\t\t\t\t<\/div>\n\t\t<\/section>\n\t\t\t\t<\/div>\n\t\t","protected":false},"excerpt":{"rendered":"<p>M\u00e1s recursos sobre Justicia Restaurativa Libros: Ball, J., Caldwell, W., y Pranis, K. (2010). Hacer democracia con c\u00edrculos: Involucrando a las Comunidades en la Planificaci\u00f3n P\u00fablica. Living Justice Press. Bohm, D., Nichol, L., y Senge, P. (2004). Sobre el di\u00e1logo. Routledge. Brubaker, D., y Zimmerman, H. R. (2009). Peque\u00f1o Libro de las Organizaciones Saludables: Herramientas [&#8230;]\n","protected":false},"author":1,"featured_media":0,"parent":6969,"menu_order":0,"comment_status":"closed","ping_status":"closed","template":"","meta":{"iawp_total_views":7,"footnotes":""},"class_list":["post-12394","page","type-page","status-publish","hentry"],"_links":{"self":[{"href":"https:\/\/ssscorp.org\/es\/wp-json\/wp\/v2\/pages\/12394","targetHints":{"allow":["GET"]}}],"collection":[{"href":"https:\/\/ssscorp.org\/es\/wp-json\/wp\/v2\/pages"}],"about":[{"href":"https:\/\/ssscorp.org\/es\/wp-json\/wp\/v2\/types\/page"}],"author":[{"embeddable":true,"href":"https:\/\/ssscorp.org\/es\/wp-json\/wp\/v2\/users\/1"}],"replies":[{"embeddable":true,"href":"https:\/\/ssscorp.org\/es\/wp-json\/wp\/v2\/comments?post=12394"}],"version-history":[{"count":2,"href":"https:\/\/ssscorp.org\/es\/wp-json\/wp\/v2\/pages\/12394\/revisions"}],"predecessor-version":[{"id":12697,"href":"https:\/\/ssscorp.org\/es\/wp-json\/wp\/v2\/pages\/12394\/revisions\/12697"}],"up":[{"embeddable":true,"href":"https:\/\/ssscorp.org\/es\/wp-json\/wp\/v2\/pages\/6969"}],"wp:attachment":[{"href":"https:\/\/ssscorp.org\/es\/wp-json\/wp\/v2\/media?parent=12394"}],"curies":[{"name":"wp","href":"https:\/\/api.w.org\/{rel}","templated":true}]}}