{"id":12375,"date":"2025-03-09T19:04:34","date_gmt":"2025-03-09T19:04:34","guid":{"rendered":"https:\/\/ssscorp.org\/crc-eps\/"},"modified":"2025-03-09T21:07:03","modified_gmt":"2025-03-09T21:07:03","slug":"crc-eps","status":"publish","type":"page","link":"https:\/\/ssscorp.org\/es\/proyecto-de-reconciliacion-compasiva\/crc-eps\/","title":{"rendered":"CRC &#8211; EPS"},"content":{"rendered":"\t\t<div data-elementor-type=\"wp-page\" data-elementor-id=\"12375\" class=\"elementor elementor-12375 elementor-12352\">\n\t\t\t\t\t\t<section class=\"elementor-section elementor-top-section elementor-element elementor-element-32e1c9bd elementor-section-boxed elementor-section-height-default elementor-section-height-default\" data-id=\"32e1c9bd\" data-element_type=\"section\" data-e-type=\"section\" data-settings=\"{&quot;background_background&quot;:&quot;gradient&quot;}\">\n\t\t\t\t\t\t\t<div class=\"elementor-background-overlay\"><\/div>\n\t\t\t\t\t\t\t<div class=\"elementor-container elementor-column-gap-no\">\n\t\t\t\t\t<div class=\"elementor-column elementor-col-100 elementor-top-column elementor-element elementor-element-6dedc390\" data-id=\"6dedc390\" data-element_type=\"column\" data-e-type=\"column\">\n\t\t\t<div class=\"elementor-widget-wrap elementor-element-populated\">\n\t\t\t\t\t\t<div class=\"elementor-element elementor-element-163e0dc0 elementor-widget elementor-widget-image\" data-id=\"163e0dc0\" data-element_type=\"widget\" data-e-type=\"widget\" data-widget_type=\"image.default\">\n\t\t\t\t<div class=\"elementor-widget-container\">\n\t\t\t\t\t\t\t\t\t\t\t\t\t\t\t<img decoding=\"async\" src=\"https:\/\/ssscorp.org\/wp-content\/uploads\/elementor\/thumbs\/eps-logo_orig-r2mamnf9ggz2v12dxytvvv9cvntowgu1nrhzvu128e.png\" title=\"eps-logo_orig.png\" alt=\"eps-logo_orig.png\" loading=\"lazy\" \/>\t\t\t\t\t\t\t\t\t\t\t\t\t\t\t<\/div>\n\t\t\t\t<\/div>\n\t\t\t\t<div class=\"elementor-element elementor-element-219b4652 elementor-widget elementor-widget-heading\" data-id=\"219b4652\" data-element_type=\"widget\" data-e-type=\"widget\" data-widget_type=\"heading.default\">\n\t\t\t\t<div class=\"elementor-widget-container\">\n\t\t\t\t\t<h1 class=\"elementor-heading-title elementor-size-default\">\u00c9tica y Normas Profesionales (EPS)<\/h1>\t\t\t\t<\/div>\n\t\t\t\t<\/div>\n\t\t\t\t<div class=\"elementor-element elementor-element-7d0f87eb elementor-widget elementor-widget-text-editor\" data-id=\"7d0f87eb\" data-element_type=\"widget\" data-e-type=\"widget\" data-widget_type=\"text-editor.default\">\n\t\t\t\t<div class=\"elementor-widget-container\">\n\t\t\t\t\t\t\t\t\t<p>El EPS sirve a la unidad, la \u00e9tica y la integridad de nuestras comunidades y Sangats locales y globales trabajando con las entidades y personas adecuadas para resolver las quejas y las infracciones de nuestros c\u00f3digos \u00e9ticos. Creamos y mantenemos procesos que permiten que las situaciones dif\u00edciles se resuelvan de forma sistem\u00e1tica, justa y respetuosa. Educamos a nuestras comunidades y Sangats, Ministros, Profesores y Formadores de Profesores sobre c\u00f3mo trabajar juntos de forma \u00e9tica y consciente. El EPS ense\u00f1a nuestros valores y normas en todos los lugares donde prestamos servicio. EPS trabaja para resolver las preocupaciones\/quejas relativas a los Profesores y Formadores de Profesores de KRI Kundalini Yoga, los Ministros de SDI y las organizaciones inspiradas en Yogi Bhajan. Esta oficina trabaja independientemente de KRI, IKYTA, 3HO y SDI, pero muy estrechamente con ellos. Llevamos tramitando reclamaciones desde 2001. <\/p>\n\t\t\t\t\t\t\t\t<\/div>\n\t\t\t\t<\/div>\n\t\t\t\t<div class=\"elementor-element elementor-element-329406b2 elementor-align-center elementor-widget elementor-widget-button\" data-id=\"329406b2\" data-element_type=\"widget\" data-e-type=\"widget\" data-widget_type=\"button.default\">\n\t\t\t\t<div class=\"elementor-widget-container\">\n\t\t\t\t\t\t\t\t\t<div class=\"elementor-button-wrapper\">\n\t\t\t\t\t<a class=\"elementor-button elementor-button-link elementor-size-sm\" href=\"https:\/\/epsweb.org\/\" target=\"_blank\">\n\t\t\t\t\t\t<span class=\"elementor-button-content-wrapper\">\n\t\t\t\t\t\t\t\t\t<span class=\"elementor-button-text\">Visita la p\u00e1gina web de EPS<\/span>\n\t\t\t\t\t<\/span>\n\t\t\t\t\t<\/a>\n\t\t\t\t<\/div>\n\t\t\t\t\t\t\t\t<\/div>\n\t\t\t\t<\/div>\n\t\t\t\t<section class=\"elementor-section elementor-inner-section elementor-element elementor-element-6698d693 elementor-section-boxed elementor-section-height-default elementor-section-height-default\" data-id=\"6698d693\" data-element_type=\"section\" data-e-type=\"section\">\n\t\t\t\t\t\t<div class=\"elementor-container elementor-column-gap-default\">\n\t\t\t\t\t<div class=\"elementor-column elementor-col-50 elementor-inner-column elementor-element elementor-element-76dd03aa\" data-id=\"76dd03aa\" data-element_type=\"column\" data-e-type=\"column\">\n\t\t\t<div class=\"elementor-widget-wrap elementor-element-populated\">\n\t\t\t\t\t\t<div class=\"elementor-element elementor-element-4a5c3342 elementor-widget elementor-widget-text-editor\" data-id=\"4a5c3342\" data-element_type=\"widget\" data-e-type=\"widget\" data-widget_type=\"text-editor.default\">\n\t\t\t\t<div class=\"elementor-widget-container\">\n\t\t\t\t\t\t\t\t\t<p>Misi\u00f3n de la EPS<\/p>\n\t\t\t\t\t\t\t\t<\/div>\n\t\t\t\t<\/div>\n\t\t\t\t<div class=\"elementor-element elementor-element-551b8bbf elementor-widget elementor-widget-text-editor\" data-id=\"551b8bbf\" data-element_type=\"widget\" data-e-type=\"widget\" data-widget_type=\"text-editor.default\">\n\t\t\t\t<div class=\"elementor-widget-container\">\n\t\t\t\t\t\t\t\t\t<p>La Oficina de \u00c9tica y Normas Profesionales y Resoluci\u00f3n Consciente de Conflictos mantiene activamente la \u00e9tica y la integridad de las comunidades 3HO\/KRI\/Sikh Dharma, los profesores de Kundalini Yoga, los formadores de profesores de KRI y las organizaciones sin \u00e1nimo de lucro mediante:<\/p>\n<p>1. Apoyar entornos seguros para nuestros miembros, comunidades y organizaciones<\/p>\n<p>2. Educar a todos los segmentos de nuestra comunidad en un comportamiento \u00e9tico y respetuoso<\/p>\n<p>3. Capacitar a los estudiantes para que tengan voces claras y fuertes en nuestras comunidades globales 3HO\/KRI\/Sikh Dharma<\/p>\n<p>4. Defender una cultura \u00e9tica, inclusiva, diversa y transparente en la que todos los participantes puedan hablar libremente y ser escuchados con respeto.<\/p>\n<p>5. Mejorar la integridad y la profesionalidad de los profesores de Kundalini Yoga y de los formadores de profesores de KRI<br \/>Ofrecer v\u00edas guiadas de resoluci\u00f3n consciente de conflictos <\/p>\n\t\t\t\t\t\t\t\t<\/div>\n\t\t\t\t<\/div>\n\t\t\t\t\t<\/div>\n\t\t<\/div>\n\t\t\t\t<div class=\"elementor-column elementor-col-50 elementor-inner-column elementor-element elementor-element-3f9ae515\" data-id=\"3f9ae515\" data-element_type=\"column\" data-e-type=\"column\">\n\t\t\t<div class=\"elementor-widget-wrap elementor-element-populated\">\n\t\t\t\t\t\t<div class=\"elementor-element elementor-element-6aded67e elementor-widget elementor-widget-text-editor\" data-id=\"6aded67e\" data-element_type=\"widget\" data-e-type=\"widget\" data-widget_type=\"text-editor.default\">\n\t\t\t\t<div class=\"elementor-widget-container\">\n\t\t\t\t\t\t\t\t\t<p>Visi\u00f3n EPS<\/p>\n\t\t\t\t\t\t\t\t<\/div>\n\t\t\t\t<\/div>\n\t\t\t\t<div class=\"elementor-element elementor-element-2f309cab elementor-widget elementor-widget-text-editor\" data-id=\"2f309cab\" data-element_type=\"widget\" data-e-type=\"widget\" data-widget_type=\"text-editor.default\">\n\t\t\t\t<div class=\"elementor-widget-container\">\n\t\t\t\t\t\t\t\t\t<p>El EPS sirve a la unidad, la \u00e9tica y la integridad de nuestras comunidades locales y globales de 3HO\/KRI\/Sikh Dharma trabajando con las entidades y personas pertinentes para resolver las quejas y las infracciones de nuestros c\u00f3digos \u00e9ticos. Creamos y mantenemos procesos que permiten que las situaciones dif\u00edciles se resuelvan de forma sistem\u00e1tica, justa y respetuosa. Educamos a nuestras comunidades, ministros, profesores y formadores de profesores sobre c\u00f3mo trabajar de forma \u00e9tica y consciente.  <\/p>\n<p>El EPS lleva tramitando las reclamaciones desde 2014 utilizando un Procedimiento Formal de Reclamaci\u00f3n, Mediaci\u00f3n y Justicia Restaurativa. El EPS trabaja con independencia de KRI, IKYTA, 3HO y SDI, pero en estrecha colaboraci\u00f3n con ellos. <\/p>\n<p>La EPS est\u00e1 abierta a todos y desea servir a todos. Si tienes alguna preocupaci\u00f3n, te animamos a que te pongas en contacto con la EPS para que juntos podamos crear soluciones. <\/p>\n\t\t\t\t\t\t\t\t<\/div>\n\t\t\t\t<\/div>\n\t\t\t\t\t<\/div>\n\t\t<\/div>\n\t\t\t\t\t<\/div>\n\t\t<\/section>\n\t\t\t\t\t<\/div>\n\t\t<\/div>\n\t\t\t\t\t<\/div>\n\t\t<\/section>\n\t\t\t\t<\/div>\n\t\t","protected":false},"excerpt":{"rendered":"<p>\u00c9tica y Normas Profesionales (EPS) El EPS sirve a la unidad, la \u00e9tica y la integridad de nuestras comunidades y Sangats locales y globales trabajando con las entidades y personas adecuadas para resolver las quejas y las infracciones de nuestros c\u00f3digos \u00e9ticos. Creamos y mantenemos procesos que permiten que las situaciones dif\u00edciles se resuelvan de [&#8230;]\n","protected":false},"author":1,"featured_media":0,"parent":6969,"menu_order":0,"comment_status":"closed","ping_status":"closed","template":"elementor_header_footer","meta":{"iawp_total_views":1,"footnotes":""},"class_list":["post-12375","page","type-page","status-publish","hentry"],"_links":{"self":[{"href":"https:\/\/ssscorp.org\/es\/wp-json\/wp\/v2\/pages\/12375","targetHints":{"allow":["GET"]}}],"collection":[{"href":"https:\/\/ssscorp.org\/es\/wp-json\/wp\/v2\/pages"}],"about":[{"href":"https:\/\/ssscorp.org\/es\/wp-json\/wp\/v2\/types\/page"}],"author":[{"embeddable":true,"href":"https:\/\/ssscorp.org\/es\/wp-json\/wp\/v2\/users\/1"}],"replies":[{"embeddable":true,"href":"https:\/\/ssscorp.org\/es\/wp-json\/wp\/v2\/comments?post=12375"}],"version-history":[{"count":2,"href":"https:\/\/ssscorp.org\/es\/wp-json\/wp\/v2\/pages\/12375\/revisions"}],"predecessor-version":[{"id":12655,"href":"https:\/\/ssscorp.org\/es\/wp-json\/wp\/v2\/pages\/12375\/revisions\/12655"}],"up":[{"embeddable":true,"href":"https:\/\/ssscorp.org\/es\/wp-json\/wp\/v2\/pages\/6969"}],"wp:attachment":[{"href":"https:\/\/ssscorp.org\/es\/wp-json\/wp\/v2\/media?parent=12375"}],"curies":[{"name":"wp","href":"https:\/\/api.w.org\/{rel}","templated":true}]}}