{"id":12333,"date":"2025-03-09T19:01:13","date_gmt":"2025-03-09T19:01:13","guid":{"rendered":"https:\/\/ssscorp.org\/crc-faq\/"},"modified":"2025-03-09T22:27:09","modified_gmt":"2025-03-09T22:27:09","slug":"crc-faq","status":"publish","type":"page","link":"https:\/\/ssscorp.org\/es\/proyecto-de-reconciliacion-compasiva\/crc-faq\/","title":{"rendered":"CRP &#8211; PREGUNTAS FRECUENTES"},"content":{"rendered":"\t\t<div data-elementor-type=\"wp-page\" data-elementor-id=\"12333\" class=\"elementor elementor-12333\">\n\t\t\t\t\t\t<section class=\"elementor-section elementor-top-section elementor-element elementor-element-69b0a3ee elementor-section-boxed elementor-section-height-default elementor-section-height-default\" data-id=\"69b0a3ee\" data-element_type=\"section\" data-e-type=\"section\" data-settings=\"{&quot;background_background&quot;:&quot;gradient&quot;}\">\n\t\t\t\t\t\t\t<div class=\"elementor-background-overlay\"><\/div>\n\t\t\t\t\t\t\t<div class=\"elementor-container elementor-column-gap-no\">\n\t\t\t\t\t<div class=\"elementor-column elementor-col-100 elementor-top-column elementor-element elementor-element-596d13b3\" data-id=\"596d13b3\" data-element_type=\"column\" data-e-type=\"column\">\n\t\t\t<div class=\"elementor-widget-wrap elementor-element-populated\">\n\t\t\t\t\t\t<div class=\"elementor-element elementor-element-77c2a8ef elementor-widget elementor-widget-image\" data-id=\"77c2a8ef\" data-element_type=\"widget\" data-e-type=\"widget\" data-widget_type=\"image.default\">\n\t\t\t\t<div class=\"elementor-widget-container\">\n\t\t\t\t\t\t\t\t\t\t\t\t\t\t\t<img decoding=\"async\" src=\"https:\/\/ssscorp.org\/wp-content\/uploads\/elementor\/thumbs\/cropped-white-with-green-banner-agriculture-logo-1_orig-r2mamiq2iasn8z97pesr1eg1wqgutzbdz48khg823m.png\" title=\"cropped-white-with-green-banner-agriculture-logo-1_orig.png\" alt=\"cropped-white-with-green-banner-agriculture-logo-1_orig.png\" loading=\"lazy\" \/>\t\t\t\t\t\t\t\t\t\t\t\t\t\t\t<\/div>\n\t\t\t\t<\/div>\n\t\t\t\t<div class=\"elementor-element elementor-element-21800fae elementor-widget elementor-widget-heading\" data-id=\"21800fae\" data-element_type=\"widget\" data-e-type=\"widget\" data-widget_type=\"heading.default\">\n\t\t\t\t<div class=\"elementor-widget-container\">\n\t\t\t\t\t<h1 class=\"elementor-heading-title elementor-size-default\">PREGUNTAS FRECUENTES<\/h1>\t\t\t\t<\/div>\n\t\t\t\t<\/div>\n\t\t\t\t\t<\/div>\n\t\t<\/div>\n\t\t\t\t\t<\/div>\n\t\t<\/section>\n\t\t\t\t<section class=\"elementor-section elementor-top-section elementor-element elementor-element-aea33aa elementor-section-content-middle elementor-section-boxed elementor-section-height-default elementor-section-height-default\" data-id=\"aea33aa\" data-element_type=\"section\" data-e-type=\"section\" data-settings=\"{&quot;background_background&quot;:&quot;classic&quot;}\">\n\t\t\t\t\t\t\t<div class=\"elementor-background-overlay\"><\/div>\n\t\t\t\t\t\t\t<div class=\"elementor-container elementor-column-gap-no\">\n\t\t\t\t\t<div class=\"elementor-column elementor-col-50 elementor-top-column elementor-element elementor-element-30c6743b\" data-id=\"30c6743b\" data-element_type=\"column\" data-e-type=\"column\">\n\t\t\t<div class=\"elementor-widget-wrap elementor-element-populated\">\n\t\t\t\t\t\t<div class=\"elementor-element elementor-element-6fc2729e elementor-widget elementor-widget-text-editor\" data-id=\"6fc2729e\" data-element_type=\"widget\" data-e-type=\"widget\" data-widget_type=\"text-editor.default\">\n\t\t\t\t<div class=\"elementor-widget-container\">\n\t\t\t\t\t\t\t\t\t<p>Qui\u00e9n es Just Outcomes<\/p>\n\t\t\t\t\t\t\t\t<\/div>\n\t\t\t\t<\/div>\n\t\t\t\t<div class=\"elementor-element elementor-element-7a920376 elementor-widget elementor-widget-text-editor\" data-id=\"7a920376\" data-element_type=\"widget\" data-e-type=\"widget\" data-widget_type=\"text-editor.default\">\n\t\t\t\t<div class=\"elementor-widget-container\">\n\t\t\t\t\t\t\t\t\t<p>Just Outcomes es un equipo de especialistas en justicia reparadora, transformaci\u00f3n de conflictos, construcci\u00f3n de comunidades y cambio organizativo. Nuestro trabajo se basa en la comprensi\u00f3n de la importancia de las relaciones para crear crecimiento y cambio. El equipo principal est\u00e1 formado por Aaron Lyons, Catherine Bargen y Matthew Hartman, que suman una experiencia combinada de m\u00e1s de 50 a\u00f1os de trabajo en este campo. Just Outcomes tambi\u00e9n cuenta con un equipo m\u00e1s amplio especializado en \u00e1reas relacionadas, como la atenci\u00f3n informada sobre traumas, la curaci\u00f3n comunitaria, la diversidad\/equidad\/inclusi\u00f3n, la justicia transicional, la negociaci\u00f3n entre m\u00faltiples partes interesadas, la construcci\u00f3n estrat\u00e9gica de la paz y el derecho. Puedes obtener m\u00e1s informaci\u00f3n sobre nosotros en <a href=\"http:\/\/www.justoutcomesconsulting.com\/\" data-cke-saved-href=\"http:\/\/www.justoutcomesconsulting.com\">www.justoutcomesconsulting.com<\/a>    <\/p>\n\t\t\t\t\t\t\t\t<\/div>\n\t\t\t\t<\/div>\n\t\t\t\t\t<\/div>\n\t\t<\/div>\n\t\t\t\t<div class=\"elementor-column elementor-col-50 elementor-top-column elementor-element elementor-element-bc816ad\" data-id=\"bc816ad\" data-element_type=\"column\" data-e-type=\"column\">\n\t\t\t<div class=\"elementor-widget-wrap elementor-element-populated\">\n\t\t\t\t\t\t<div class=\"elementor-element elementor-element-57726468 elementor-widget elementor-widget-image\" data-id=\"57726468\" data-element_type=\"widget\" data-e-type=\"widget\" data-widget_type=\"image.default\">\n\t\t\t\t<div class=\"elementor-widget-container\">\n\t\t\t\t\t\t\t\t\t\t\t\t\t\t\t<img decoding=\"async\" src=\"https:\/\/ssscorp.org\/wp-content\/uploads\/elementor\/thumbs\/white-with-green-banner-agriculture-logo_orig-r2mamnfbaox8hylngnj4ztekgqiwnj03f7j2pkzx3c.png\" title=\"white-with-green-banner-agriculture-logo_orig.png\" alt=\"white-with-green-banner-agriculture-logo_orig.png\" loading=\"lazy\" \/>\t\t\t\t\t\t\t\t\t\t\t\t\t\t\t<\/div>\n\t\t\t\t<\/div>\n\t\t\t\t\t<\/div>\n\t\t<\/div>\n\t\t\t\t\t<\/div>\n\t\t<\/section>\n\t\t\t\t<section class=\"elementor-section elementor-top-section elementor-element elementor-element-767a7606 elementor-section-content-middle elementor-section-boxed elementor-section-height-default elementor-section-height-default\" data-id=\"767a7606\" data-element_type=\"section\" data-e-type=\"section\" data-settings=\"{&quot;background_background&quot;:&quot;classic&quot;}\">\n\t\t\t\t\t\t\t<div class=\"elementor-background-overlay\"><\/div>\n\t\t\t\t\t\t\t<div class=\"elementor-container elementor-column-gap-no\">\n\t\t\t\t\t<div class=\"elementor-column elementor-col-50 elementor-top-column elementor-element elementor-element-4cfc5539\" data-id=\"4cfc5539\" data-element_type=\"column\" data-e-type=\"column\">\n\t\t\t<div class=\"elementor-widget-wrap elementor-element-populated\">\n\t\t\t\t\t\t<div class=\"elementor-element elementor-element-206a30f3 elementor-widget elementor-widget-image\" data-id=\"206a30f3\" data-element_type=\"widget\" data-e-type=\"widget\" data-widget_type=\"image.default\">\n\t\t\t\t<div class=\"elementor-widget-container\">\n\t\t\t\t\t\t\t\t\t\t\t\t\t\t\t<img decoding=\"async\" src=\"https:\/\/ssscorp.org\/wp-content\/uploads\/elementor\/thumbs\/white-with-green-banner-agriculture-logo_orig-r2mamnfbaox8hylngnj4ztekgqiwnj03f7j2pkzx3c.png\" title=\"white-with-green-banner-agriculture-logo_orig.png\" alt=\"white-with-green-banner-agriculture-logo_orig.png\" loading=\"lazy\" \/>\t\t\t\t\t\t\t\t\t\t\t\t\t\t\t<\/div>\n\t\t\t\t<\/div>\n\t\t\t\t\t<\/div>\n\t\t<\/div>\n\t\t\t\t<div class=\"elementor-column elementor-col-50 elementor-top-column elementor-element elementor-element-1a9db3eb\" data-id=\"1a9db3eb\" data-element_type=\"column\" data-e-type=\"column\">\n\t\t\t<div class=\"elementor-widget-wrap elementor-element-populated\">\n\t\t\t\t\t\t<div class=\"elementor-element elementor-element-4911dccb elementor-widget elementor-widget-text-editor\" data-id=\"4911dccb\" data-element_type=\"widget\" data-e-type=\"widget\" data-widget_type=\"text-editor.default\">\n\t\t\t\t<div class=\"elementor-widget-container\">\n\t\t\t\t\t\t\t\t\t<p>\u00bfQu\u00e9 es la justicia reparadora?<\/p>\n\t\t\t\t\t\t\t\t<\/div>\n\t\t\t\t<\/div>\n\t\t\t\t<div class=\"elementor-element elementor-element-16e9f3c5 elementor-widget elementor-widget-text-editor\" data-id=\"16e9f3c5\" data-element_type=\"widget\" data-e-type=\"widget\" data-widget_type=\"text-editor.default\">\n\t\t\t\t<div class=\"elementor-widget-container\">\n\t\t\t\t\t\t\t\t\t<p>La justicia restaurativa es un enfoque para abordar los da\u00f1os dentro de la comunidad que reconoce nuestra interconexi\u00f3n dentro de una red de relaciones. Este enfoque est\u00e1 arraigado en principios b\u00e1sicos que incluyen: <\/p>\n<ul>\n<li><em>Inclusi\u00f3n:<\/em> la justicia es participativa y colaborativa, en lugar de adversarial y jer\u00e1rquica.<\/li>\n<li><em>Reparaci\u00f3n:<\/em> la justicia consiste en construir\/reconstruir relaciones correctas; devolver la dignidad y la voz a los perjudicados; curar el trauma; fomentar la responsabilidad y la rendici\u00f3n de cuentas individual y colectiva; reparar el da\u00f1o; restaurar la identidad y el significado.<\/li>\n<li><em>Transformaci\u00f3n:<\/em> abordar las causas profundas; crear resiliencia individual, colectiva y organizativa.<\/li>\n<\/ul>\n<p>En resumen, la justicia reparadora pretende reparar el da\u00f1o al tiempo que construye una comunidad de confianza. Al servicio de estos objetivos, puede emplearse una amplia gama de enfoques que se desarrollan y perfeccionan en colaboraci\u00f3n, al tiempo que se basan en d\u00e9cadas de experiencia e investigaci\u00f3n. <\/p>\n\t\t\t\t\t\t\t\t<\/div>\n\t\t\t\t<\/div>\n\t\t\t\t\t<\/div>\n\t\t<\/div>\n\t\t\t\t\t<\/div>\n\t\t<\/section>\n\t\t\t\t<section class=\"elementor-section elementor-top-section elementor-element elementor-element-5aabf96b elementor-section-content-middle elementor-section-boxed elementor-section-height-default elementor-section-height-default\" data-id=\"5aabf96b\" data-element_type=\"section\" data-e-type=\"section\" data-settings=\"{&quot;background_background&quot;:&quot;classic&quot;}\">\n\t\t\t\t\t\t\t<div class=\"elementor-background-overlay\"><\/div>\n\t\t\t\t\t\t\t<div class=\"elementor-container elementor-column-gap-no\">\n\t\t\t\t\t<div class=\"elementor-column elementor-col-50 elementor-top-column elementor-element elementor-element-4a7188d4\" data-id=\"4a7188d4\" data-element_type=\"column\" data-e-type=\"column\">\n\t\t\t<div class=\"elementor-widget-wrap elementor-element-populated\">\n\t\t\t\t\t\t<div class=\"elementor-element elementor-element-94e50fa elementor-widget elementor-widget-text-editor\" data-id=\"94e50fa\" data-element_type=\"widget\" data-e-type=\"widget\" data-widget_type=\"text-editor.default\">\n\t\t\t\t<div class=\"elementor-widget-container\">\n\t\t\t\t\t\t\t\t\t<p>\u00bfPor qu\u00e9 participa Just Outcomes?<\/p>\n\t\t\t\t\t\t\t\t<\/div>\n\t\t\t\t<\/div>\n\t\t\t\t<div class=\"elementor-element elementor-element-10896ad8 elementor-widget elementor-widget-text-editor\" data-id=\"10896ad8\" data-element_type=\"widget\" data-e-type=\"widget\" data-widget_type=\"text-editor.default\">\n\t\t\t\t<div class=\"elementor-widget-container\">\n\t\t\t\t\t\t\t\t\t<p>En tiempos de crisis, a menudo puede ser \u00fatil contar con una parte externa que facilite procesos colaborativos, relacionales e intencionados que se muevan para abordar las necesidades emergentes de las personas y los grupos de la comunidad. Aportamos una variedad de experiencias que esperamos y creemos que ser\u00e1n valiosas para tu comunidad. Nos comprometemos a responder a tus necesidades y circunstancias particulares. Algunos puntos sobre c\u00f3mo vemos nuestro papel:   <\/p>\n<ul>\n<li>El papel principal de Just Outcomes es facilitar un proceso mediante el cual esta comunidad pueda responder a la crisis actual de acuerdo con sus valores y ense\u00f1anzas expresados.<\/li>\n<li>El dise\u00f1o del proyecto es altamente colaborativo, y Just Outcomes desempe\u00f1a un papel facilitador, de apoyo y asesoramiento a los miembros de la comunidad que dirigen el trabajo.<\/li>\n<li>El liderazgo del proceso de Reconciliaci\u00f3n Compasiva proceder\u00e1 de la CRC, que estar\u00e1 dise\u00f1ada en la medida de lo posible para representar a todas las facetas de la comunidad (v\u00e9ase la explicaci\u00f3n anterior).<\/li>\n<\/ul>\n\t\t\t\t\t\t\t\t<\/div>\n\t\t\t\t<\/div>\n\t\t\t\t\t<\/div>\n\t\t<\/div>\n\t\t\t\t<div class=\"elementor-column elementor-col-50 elementor-top-column elementor-element elementor-element-7d47e397\" data-id=\"7d47e397\" data-element_type=\"column\" data-e-type=\"column\">\n\t\t\t<div class=\"elementor-widget-wrap elementor-element-populated\">\n\t\t\t\t\t\t<div class=\"elementor-element elementor-element-113d42fa elementor-widget elementor-widget-image\" data-id=\"113d42fa\" data-element_type=\"widget\" data-e-type=\"widget\" data-widget_type=\"image.default\">\n\t\t\t\t<div class=\"elementor-widget-container\">\n\t\t\t\t\t\t\t\t\t\t\t\t\t\t\t<img decoding=\"async\" src=\"https:\/\/ssscorp.org\/wp-content\/uploads\/elementor\/thumbs\/white-with-green-banner-agriculture-logo_orig-r2mamnfbaox8hylngnj4ztekgqiwnj03f7j2pkzx3c.png\" title=\"white-with-green-banner-agriculture-logo_orig.png\" alt=\"white-with-green-banner-agriculture-logo_orig.png\" loading=\"lazy\" \/>\t\t\t\t\t\t\t\t\t\t\t\t\t\t\t<\/div>\n\t\t\t\t<\/div>\n\t\t\t\t\t<\/div>\n\t\t<\/div>\n\t\t\t\t\t<\/div>\n\t\t<\/section>\n\t\t\t\t<section class=\"elementor-section elementor-top-section elementor-element elementor-element-655f92a5 elementor-section-content-middle elementor-section-boxed elementor-section-height-default elementor-section-height-default\" data-id=\"655f92a5\" data-element_type=\"section\" data-e-type=\"section\" data-settings=\"{&quot;background_background&quot;:&quot;classic&quot;}\">\n\t\t\t\t\t\t\t<div class=\"elementor-background-overlay\"><\/div>\n\t\t\t\t\t\t\t<div class=\"elementor-container elementor-column-gap-no\">\n\t\t\t\t\t<div class=\"elementor-column elementor-col-50 elementor-top-column elementor-element elementor-element-6a2bda39\" data-id=\"6a2bda39\" data-element_type=\"column\" data-e-type=\"column\">\n\t\t\t<div class=\"elementor-widget-wrap elementor-element-populated\">\n\t\t\t\t\t\t<div class=\"elementor-element elementor-element-63222676 elementor-widget elementor-widget-image\" data-id=\"63222676\" data-element_type=\"widget\" data-e-type=\"widget\" data-widget_type=\"image.default\">\n\t\t\t\t<div class=\"elementor-widget-container\">\n\t\t\t\t\t\t\t\t\t\t\t\t\t\t\t<img decoding=\"async\" src=\"https:\/\/ssscorp.org\/wp-content\/uploads\/elementor\/thumbs\/white-with-green-banner-agriculture-logo_orig-r2mamnfbaox8hylngnj4ztekgqiwnj03f7j2pkzx3c.png\" title=\"white-with-green-banner-agriculture-logo_orig.png\" alt=\"white-with-green-banner-agriculture-logo_orig.png\" loading=\"lazy\" \/>\t\t\t\t\t\t\t\t\t\t\t\t\t\t\t<\/div>\n\t\t\t\t<\/div>\n\t\t\t\t\t<\/div>\n\t\t<\/div>\n\t\t\t\t<div class=\"elementor-column elementor-col-50 elementor-top-column elementor-element elementor-element-2facb8c0\" data-id=\"2facb8c0\" data-element_type=\"column\" data-e-type=\"column\">\n\t\t\t<div class=\"elementor-widget-wrap elementor-element-populated\">\n\t\t\t\t\t\t<div class=\"elementor-element elementor-element-43f74952 elementor-widget elementor-widget-text-editor\" data-id=\"43f74952\" data-element_type=\"widget\" data-e-type=\"widget\" data-widget_type=\"text-editor.default\">\n\t\t\t\t<div class=\"elementor-widget-container\">\n\t\t\t\t\t\t\t\t\t<p>\u00bfC\u00f3mo ser\u00e1 el Proceso de Reconciliaci\u00f3n Compasiva?<\/p>\n\t\t\t\t\t\t\t\t<\/div>\n\t\t\t\t<\/div>\n\t\t\t\t<div class=\"elementor-element elementor-element-20777a05 elementor-widget elementor-widget-text-editor\" data-id=\"20777a05\" data-element_type=\"widget\" data-e-type=\"widget\" data-widget_type=\"text-editor.default\">\n\t\t\t\t<div class=\"elementor-widget-container\">\n\t\t\t\t\t\t\t\t\t<p>A diferencia de otros procesos a gran escala, la justicia reparadora y la transformaci\u00f3n de conflictos no siguen un enfoque prescrito o predeterminado. Cada individuo y cada comunidad tienen necesidades diferentes con respecto a su curaci\u00f3n y crecimiento. Para nosotros, estar al servicio de la curaci\u00f3n y el crecimiento significa tomarnos el tiempo necesario para construir estrategias y enfoques que se basen directamente en las necesidades que o\u00edmos expresar a la comunidad. El compromiso con la capacidad de respuesta significa que, cuando intervenimos en una crisis, nuestro trabajo se realiza en profunda consulta y colaboraci\u00f3n con las personas implicadas e impactadas. Con el apoyo y la orientaci\u00f3n de nuestro equipo, la forma de este proceso ser\u00e1 determinada por la CRC y sus Equipos Asesores en los pr\u00f3ximos meses.    <\/p>\n\t\t\t\t\t\t\t\t<\/div>\n\t\t\t\t<\/div>\n\t\t\t\t\t<\/div>\n\t\t<\/div>\n\t\t\t\t\t<\/div>\n\t\t<\/section>\n\t\t\t\t<\/div>\n\t\t","protected":false},"excerpt":{"rendered":"<p>PREGUNTAS FRECUENTES Qui\u00e9n es Just Outcomes Just Outcomes es un equipo de especialistas en justicia reparadora, transformaci\u00f3n de conflictos, construcci\u00f3n de comunidades y cambio organizativo. Nuestro trabajo se basa en la comprensi\u00f3n de la importancia de las relaciones para crear crecimiento y cambio. El equipo principal est\u00e1 formado por Aaron Lyons, Catherine Bargen y Matthew [&#8230;]\n","protected":false},"author":1,"featured_media":0,"parent":6969,"menu_order":0,"comment_status":"closed","ping_status":"closed","template":"elementor_header_footer","meta":{"iawp_total_views":2,"footnotes":""},"class_list":["post-12333","page","type-page","status-publish","hentry"],"_links":{"self":[{"href":"https:\/\/ssscorp.org\/es\/wp-json\/wp\/v2\/pages\/12333","targetHints":{"allow":["GET"]}}],"collection":[{"href":"https:\/\/ssscorp.org\/es\/wp-json\/wp\/v2\/pages"}],"about":[{"href":"https:\/\/ssscorp.org\/es\/wp-json\/wp\/v2\/types\/page"}],"author":[{"embeddable":true,"href":"https:\/\/ssscorp.org\/es\/wp-json\/wp\/v2\/users\/1"}],"replies":[{"embeddable":true,"href":"https:\/\/ssscorp.org\/es\/wp-json\/wp\/v2\/comments?post=12333"}],"version-history":[{"count":14,"href":"https:\/\/ssscorp.org\/es\/wp-json\/wp\/v2\/pages\/12333\/revisions"}],"predecessor-version":[{"id":12565,"href":"https:\/\/ssscorp.org\/es\/wp-json\/wp\/v2\/pages\/12333\/revisions\/12565"}],"up":[{"embeddable":true,"href":"https:\/\/ssscorp.org\/es\/wp-json\/wp\/v2\/pages\/6969"}],"wp:attachment":[{"href":"https:\/\/ssscorp.org\/es\/wp-json\/wp\/v2\/media?parent=12333"}],"curies":[{"name":"wp","href":"https:\/\/api.w.org\/{rel}","templated":true}]}}