{"id":12316,"date":"2025-03-09T18:58:00","date_gmt":"2025-03-09T18:58:00","guid":{"rendered":"https:\/\/ssscorp.org\/resultados-justos\/"},"modified":"2025-03-09T22:27:21","modified_gmt":"2025-03-09T22:27:21","slug":"resultados-justos","status":"publish","type":"page","link":"https:\/\/ssscorp.org\/es\/proyecto-de-reconciliacion-compasiva\/resultados-justos\/","title":{"rendered":"CRP &#8211; Resultados justos"},"content":{"rendered":"\t\t<div data-elementor-type=\"wp-page\" data-elementor-id=\"12316\" class=\"elementor elementor-12316 elementor-12309\">\n\t\t\t\t\t\t<section class=\"elementor-section elementor-top-section elementor-element elementor-element-8a2b87 elementor-section-boxed elementor-section-height-default elementor-section-height-default\" data-id=\"8a2b87\" data-element_type=\"section\" data-e-type=\"section\" data-settings=\"{&quot;background_background&quot;:&quot;classic&quot;}\">\n\t\t\t\t\t\t\t<div class=\"elementor-background-overlay\"><\/div>\n\t\t\t\t\t\t\t<div class=\"elementor-container elementor-column-gap-no\">\n\t\t\t\t\t<div class=\"elementor-column elementor-col-100 elementor-top-column elementor-element elementor-element-1137ac83\" data-id=\"1137ac83\" data-element_type=\"column\" data-e-type=\"column\">\n\t\t\t<div class=\"elementor-widget-wrap elementor-element-populated\">\n\t\t\t\t\t\t<div class=\"elementor-element elementor-element-1bd680b5 elementor-widget elementor-widget-heading\" data-id=\"1bd680b5\" data-element_type=\"widget\" data-e-type=\"widget\" data-widget_type=\"heading.default\">\n\t\t\t\t<div class=\"elementor-widget-container\">\n\t\t\t\t\t<h1 class=\"elementor-heading-title elementor-size-default\">Resultados justos<\/h1>\t\t\t\t<\/div>\n\t\t\t\t<\/div>\n\t\t\t\t<div class=\"elementor-element elementor-element-4a8a2768 elementor-widget elementor-widget-text-editor\" data-id=\"4a8a2768\" data-element_type=\"widget\" data-e-type=\"widget\" data-widget_type=\"text-editor.default\">\n\t\t\t\t<div class=\"elementor-widget-container\">\n\t\t\t\t\t\t\t\t\t<p>Just Outcomes es un equipo de consultores en justicia reparadora que trabaja con l\u00edderes de comunidades y organizaciones para construir y mejorar sistemas de seguridad comunitaria, justicia y responsabilidad. Just Outcomes se especializa en lograr resultados que apoyen el liderazgo colectivo e incorporen las percepciones, aspiraciones y necesidades de las comunidades y grupos. <\/p>\n\t\t\t\t\t\t\t\t<\/div>\n\t\t\t\t<\/div>\n\t\t\t\t<section class=\"elementor-section elementor-inner-section elementor-element elementor-element-4d150972 elementor-section-boxed elementor-section-height-default elementor-section-height-default\" data-id=\"4d150972\" data-element_type=\"section\" data-e-type=\"section\">\n\t\t\t\t\t\t<div class=\"elementor-container elementor-column-gap-default\">\n\t\t\t\t\t<div class=\"elementor-column elementor-col-50 elementor-inner-column elementor-element elementor-element-4ee73837\" data-id=\"4ee73837\" data-element_type=\"column\" data-e-type=\"column\">\n\t\t\t<div class=\"elementor-widget-wrap elementor-element-populated\">\n\t\t\t\t\t\t<div class=\"elementor-element elementor-element-219d6a9a elementor-widget elementor-widget-heading\" data-id=\"219d6a9a\" data-element_type=\"widget\" data-e-type=\"widget\" data-widget_type=\"heading.default\">\n\t\t\t\t<div class=\"elementor-widget-container\">\n\t\t\t\t\t<h2 class=\"elementor-heading-title elementor-size-default\">Misi\u00f3n<\/h2>\t\t\t\t<\/div>\n\t\t\t\t<\/div>\n\t\t\t\t<div class=\"elementor-element elementor-element-7bcfaa41 elementor-widget elementor-widget-text-editor\" data-id=\"7bcfaa41\" data-element_type=\"widget\" data-e-type=\"widget\" data-widget_type=\"text-editor.default\">\n\t\t\t\t<div class=\"elementor-widget-container\">\n\t\t\t\t\t\t\t\t\t<p>Nuestra misi\u00f3n es apoyar a las comunidades y organizaciones en el desarrollo de respuestas justas a acciones o situaciones perjudiciales.<\/p>\n\t\t\t\t\t\t\t\t<\/div>\n\t\t\t\t<\/div>\n\t\t\t\t\t<\/div>\n\t\t<\/div>\n\t\t\t\t<div class=\"elementor-column elementor-col-50 elementor-inner-column elementor-element elementor-element-416d2893\" data-id=\"416d2893\" data-element_type=\"column\" data-e-type=\"column\">\n\t\t\t<div class=\"elementor-widget-wrap elementor-element-populated\">\n\t\t\t\t\t\t<div class=\"elementor-element elementor-element-51dcaf19 elementor-widget elementor-widget-heading\" data-id=\"51dcaf19\" data-element_type=\"widget\" data-e-type=\"widget\" data-widget_type=\"heading.default\">\n\t\t\t\t<div class=\"elementor-widget-container\">\n\t\t\t\t\t<h2 class=\"elementor-heading-title elementor-size-default\">Visi\u00f3n de resultados justos\n<\/h2>\t\t\t\t<\/div>\n\t\t\t\t<\/div>\n\t\t\t\t<div class=\"elementor-element elementor-element-8e65ebe elementor-widget elementor-widget-text-editor\" data-id=\"8e65ebe\" data-element_type=\"widget\" data-e-type=\"widget\" data-widget_type=\"text-editor.default\">\n\t\t\t\t<div class=\"elementor-widget-container\">\n\t\t\t\t\t\t\t\t\t<p>Imaginamos comunidades vibrantes y resistentes construidas sobre la fuerza de unas relaciones justas.<\/p>\n\t\t\t\t\t\t\t\t<\/div>\n\t\t\t\t<\/div>\n\t\t\t\t\t<\/div>\n\t\t<\/div>\n\t\t\t\t\t<\/div>\n\t\t<\/section>\n\t\t\t\t\t<\/div>\n\t\t<\/div>\n\t\t\t\t\t<\/div>\n\t\t<\/section>\n\t\t\t\t<section class=\"elementor-section elementor-top-section elementor-element elementor-element-3a388bb8 elementor-section-boxed elementor-section-height-default elementor-section-height-default\" data-id=\"3a388bb8\" data-element_type=\"section\" data-e-type=\"section\" data-settings=\"{&quot;background_background&quot;:&quot;classic&quot;}\">\n\t\t\t\t\t\t\t<div class=\"elementor-background-overlay\"><\/div>\n\t\t\t\t\t\t\t<div class=\"elementor-container elementor-column-gap-no\">\n\t\t\t\t\t<div class=\"elementor-column elementor-col-100 elementor-top-column elementor-element elementor-element-25327dd0\" data-id=\"25327dd0\" data-element_type=\"column\" data-e-type=\"column\">\n\t\t\t<div class=\"elementor-widget-wrap elementor-element-populated\">\n\t\t\t\t\t\t<div class=\"elementor-element elementor-element-1d18feaa elementor-widget elementor-widget-image\" data-id=\"1d18feaa\" data-element_type=\"widget\" data-e-type=\"widget\" data-widget_type=\"image.default\">\n\t\t\t\t<div class=\"elementor-widget-container\">\n\t\t\t\t\t\t\t\t\t\t\t\t\t\t\t<img decoding=\"async\" width=\"198\" height=\"101\" src=\"https:\/\/ssscorp.org\/wp-content\/uploads\/2025\/03\/just-outcomes-logo.png\" class=\"attachment-large size-large wp-image-12151\" alt=\"\" \/>\t\t\t\t\t\t\t\t\t\t\t\t\t\t\t<\/div>\n\t\t\t\t<\/div>\n\t\t\t\t<div class=\"elementor-element elementor-element-1ce3ea4a elementor-widget elementor-widget-text-editor\" data-id=\"1ce3ea4a\" data-element_type=\"widget\" data-e-type=\"widget\" data-widget_type=\"text-editor.default\">\n\t\t\t\t<div class=\"elementor-widget-container\">\n\t\t\t\t\t\t\t\t\t<p>Equipo Just Outcomes<\/p>\n\t\t\t\t\t\t\t\t<\/div>\n\t\t\t\t<\/div>\n\t\t\t\t<section class=\"elementor-section elementor-inner-section elementor-element elementor-element-1546985e elementor-section-boxed elementor-section-height-default elementor-section-height-default\" data-id=\"1546985e\" data-element_type=\"section\" data-e-type=\"section\">\n\t\t\t\t\t\t<div class=\"elementor-container elementor-column-gap-default\">\n\t\t\t\t\t<div class=\"elementor-column elementor-col-33 elementor-inner-column elementor-element elementor-element-62b7cf24\" data-id=\"62b7cf24\" data-element_type=\"column\" data-e-type=\"column\">\n\t\t\t<div class=\"elementor-widget-wrap elementor-element-populated\">\n\t\t\t\t\t\t<div class=\"elementor-element elementor-element-58501ea5 elementor-widget elementor-widget-image\" data-id=\"58501ea5\" data-element_type=\"widget\" data-e-type=\"widget\" data-widget_type=\"image.default\">\n\t\t\t\t<div class=\"elementor-widget-container\">\n\t\t\t\t\t\t\t\t\t\t\t\t\t\t\t<img fetchpriority=\"high\" decoding=\"async\" width=\"520\" height=\"676\" src=\"https:\/\/ssscorp.org\/wp-content\/uploads\/2025\/03\/screen-shot-2021-01-26-at-10-40-46-am_orig.png\" class=\"attachment-large size-large wp-image-12159\" alt=\"\" srcset=\"https:\/\/ssscorp.org\/wp-content\/uploads\/2025\/03\/screen-shot-2021-01-26-at-10-40-46-am_orig.png 520w, https:\/\/ssscorp.org\/wp-content\/uploads\/2025\/03\/screen-shot-2021-01-26-at-10-40-46-am_orig-231x300.png 231w\" sizes=\"(max-width: 520px) 100vw, 520px\" \/>\t\t\t\t\t\t\t\t\t\t\t\t\t\t\t<\/div>\n\t\t\t\t<\/div>\n\t\t\t\t<div class=\"elementor-element elementor-element-6d1188f9 elementor-widget elementor-widget-heading\" data-id=\"6d1188f9\" data-element_type=\"widget\" data-e-type=\"widget\" data-widget_type=\"heading.default\">\n\t\t\t\t<div class=\"elementor-widget-container\">\n\t\t\t\t\t<h2 class=\"elementor-heading-title elementor-size-default\">Catherine Bargen<\/h2>\t\t\t\t<\/div>\n\t\t\t\t<\/div>\n\t\t\t\t<div class=\"elementor-element elementor-element-52729dfd elementor-widget elementor-widget-text-editor\" data-id=\"52729dfd\" data-element_type=\"widget\" data-e-type=\"widget\" data-widget_type=\"text-editor.default\">\n\t\t\t\t<div class=\"elementor-widget-container\">\n\t\t\t\t\t\t\t\t\t<p>Catherine Bargen lleva m\u00e1s de 20 a\u00f1os trabajando con comunidades para desarrollar programas de justicia reparadora. Trabaja en todo Canad\u00e1 y a escala internacional, asesorando, formando y facilitando procesos de justicia reparadora y transformaci\u00f3n de conflictos para escuelas, comunidades religiosas, comunidades ind\u00edgenas y organizaciones gubernamentales y no gubernamentales. Antes de cofundar Just Outcomes, Catherine trabaj\u00f3 durante 9 a\u00f1os como Coordinadora de Justicia Restaurativa en la Divisi\u00f3n de Servicios a las V\u00edctimas y Prevenci\u00f3n del Delito del Gobierno de la Columbia Brit\u00e1nica, Canad\u00e1. Es autora y coautora de varios recursos muy le\u00eddos sobre justicia restaurativa, y en 2019 fue galardonada con el Premio de Seguridad Comunitaria y Prevenci\u00f3n del Delito de la Columbia Brit\u00e1nica. Catherine tiene un M\u00e1ster en Transformaci\u00f3n de Conflictos del Centro para la Justicia y la Consolidaci\u00f3n de la Paz de Virginia (EEUU). Aporta un estilo optimista a su trabajo, al tiempo que ofrece su genuino cuidado y compasi\u00f3n a todas las personas con las que trabaja.     <\/p>\n\t\t\t\t\t\t\t\t<\/div>\n\t\t\t\t<\/div>\n\t\t\t\t\t<\/div>\n\t\t<\/div>\n\t\t\t\t<div class=\"elementor-column elementor-col-33 elementor-inner-column elementor-element elementor-element-15b352eb\" data-id=\"15b352eb\" data-element_type=\"column\" data-e-type=\"column\">\n\t\t\t<div class=\"elementor-widget-wrap elementor-element-populated\">\n\t\t\t\t\t\t<div class=\"elementor-element elementor-element-18bd54c1 elementor-widget elementor-widget-image\" data-id=\"18bd54c1\" data-element_type=\"widget\" data-e-type=\"widget\" data-widget_type=\"image.default\">\n\t\t\t\t<div class=\"elementor-widget-container\">\n\t\t\t\t\t\t\t\t\t\t\t\t\t\t\t<img decoding=\"async\" width=\"518\" height=\"676\" src=\"https:\/\/ssscorp.org\/wp-content\/uploads\/2025\/03\/screen-shot-2021-01-26-at-10-41-06-am_orig.png\" class=\"attachment-large size-large wp-image-12167\" alt=\"\" srcset=\"https:\/\/ssscorp.org\/wp-content\/uploads\/2025\/03\/screen-shot-2021-01-26-at-10-41-06-am_orig.png 518w, https:\/\/ssscorp.org\/wp-content\/uploads\/2025\/03\/screen-shot-2021-01-26-at-10-41-06-am_orig-230x300.png 230w\" sizes=\"(max-width: 518px) 100vw, 518px\" \/>\t\t\t\t\t\t\t\t\t\t\t\t\t\t\t<\/div>\n\t\t\t\t<\/div>\n\t\t\t\t<div class=\"elementor-element elementor-element-2032a85b elementor-widget elementor-widget-heading\" data-id=\"2032a85b\" data-element_type=\"widget\" data-e-type=\"widget\" data-widget_type=\"heading.default\">\n\t\t\t\t<div class=\"elementor-widget-container\">\n\t\t\t\t\t<h2 class=\"elementor-heading-title elementor-size-default\">Matthew Hartman<\/h2>\t\t\t\t<\/div>\n\t\t\t\t<\/div>\n\t\t\t\t<div class=\"elementor-element elementor-element-7144d1a6 elementor-widget elementor-widget-text-editor\" data-id=\"7144d1a6\" data-element_type=\"widget\" data-e-type=\"widget\" data-widget_type=\"text-editor.default\">\n\t\t\t\t<div class=\"elementor-widget-container\">\n\t\t\t\t\t\t\t\t\t<p>Matthew Hartman tiene m\u00e1s de 20 a\u00f1os de experiencia multisectorial como facilitador, formador, administrador de programas y consultor dentro del movimiento de justicia reparadora en EEUU y Canad\u00e1. Su experiencia incluye la facilitaci\u00f3n de procesos de justicia restaurativa en diversos contextos; el trabajo en sectores gubernamentales y sin \u00e1nimo de lucro para desarrollar y administrar programas de justicia restaurativa; y la colaboraci\u00f3n con comunidades y organismos para alinear sus respuestas al da\u00f1o con los valores humanos universales y restaurativos. Profesional de principios, Matthew siente una gran pasi\u00f3n por el desarrollo humano y organizativo. Combinando su curiosidad y empat\u00eda con excepcionales habilidades organizativas y t\u00e9cnicas, Matthew ofrece un enfoque empoderador y colaborativo para trabajar con personas y grupos. Tiene un M\u00e1ster en Transformaci\u00f3n de Conflictos.    <\/p>\n\t\t\t\t\t\t\t\t<\/div>\n\t\t\t\t<\/div>\n\t\t\t\t\t<\/div>\n\t\t<\/div>\n\t\t\t\t<div class=\"elementor-column elementor-col-33 elementor-inner-column elementor-element elementor-element-15ba2b6b\" data-id=\"15ba2b6b\" data-element_type=\"column\" data-e-type=\"column\">\n\t\t\t<div class=\"elementor-widget-wrap elementor-element-populated\">\n\t\t\t\t\t\t<div class=\"elementor-element elementor-element-365fa853 elementor-widget elementor-widget-image\" data-id=\"365fa853\" data-element_type=\"widget\" data-e-type=\"widget\" data-widget_type=\"image.default\">\n\t\t\t\t<div class=\"elementor-widget-container\">\n\t\t\t\t\t\t\t\t\t\t\t\t\t\t\t<img loading=\"lazy\" decoding=\"async\" width=\"528\" height=\"680\" src=\"https:\/\/ssscorp.org\/wp-content\/uploads\/2025\/03\/screen-shot-2021-01-26-at-10-41-21-am_orig.png\" class=\"attachment-large size-large wp-image-12175\" alt=\"\" srcset=\"https:\/\/ssscorp.org\/wp-content\/uploads\/2025\/03\/screen-shot-2021-01-26-at-10-41-21-am_orig.png 528w, https:\/\/ssscorp.org\/wp-content\/uploads\/2025\/03\/screen-shot-2021-01-26-at-10-41-21-am_orig-233x300.png 233w\" sizes=\"(max-width: 528px) 100vw, 528px\" \/>\t\t\t\t\t\t\t\t\t\t\t\t\t\t\t<\/div>\n\t\t\t\t<\/div>\n\t\t\t\t<div class=\"elementor-element elementor-element-49b1f460 elementor-widget elementor-widget-heading\" data-id=\"49b1f460\" data-element_type=\"widget\" data-e-type=\"widget\" data-widget_type=\"heading.default\">\n\t\t\t\t<div class=\"elementor-widget-container\">\n\t\t\t\t\t<h2 class=\"elementor-heading-title elementor-size-default\">Aaron Lyons<\/h2>\t\t\t\t<\/div>\n\t\t\t\t<\/div>\n\t\t\t\t<div class=\"elementor-element elementor-element-266bab01 elementor-widget elementor-widget-text-editor\" data-id=\"266bab01\" data-element_type=\"widget\" data-e-type=\"widget\" data-widget_type=\"text-editor.default\">\n\t\t\t\t<div class=\"elementor-widget-container\">\n\t\t\t\t\t\t\t\t\t<p>Aaron Lyons es un experimentado y apasionado constructor de la paz y especialista en justicia restaurativa con 17 a\u00f1os de servicio internacional en facilitaci\u00f3n, consulta, coaching y formaci\u00f3n. Titular de un M\u00e1ster en Transformaci\u00f3n de Conflictos por el Centro para la Justicia y la Consolidaci\u00f3n de la Paz de Virginia, aporta a\u00f1os de pr\u00e1ctica en la facilitaci\u00f3n del di\u00e1logo restaurativo tras el delito y el trauma. Aaron apoya a una serie de organismos gubernamentales y no gubernamentales en el dise\u00f1o y la aplicaci\u00f3n de enfoques basados en valores, informados sobre el trauma y culturalmente sensibles para abordar el conflicto, el da\u00f1o y la injusticia. Cree firmemente en la capacidad de las personas para crecer y descubrir sus propios caminos creativos incluso a trav\u00e9s de las experiencias vitales m\u00e1s dif\u00edciles. Facilitador, escritor e instructor nato, Aaron aporta una presencia perspicaz, atractiva y firme a todo su trabajo.    <\/p>\n\t\t\t\t\t\t\t\t<\/div>\n\t\t\t\t<\/div>\n\t\t\t\t\t<\/div>\n\t\t<\/div>\n\t\t\t\t\t<\/div>\n\t\t<\/section>\n\t\t\t\t\t<\/div>\n\t\t<\/div>\n\t\t\t\t\t<\/div>\n\t\t<\/section>\n\t\t\t\t<\/div>\n\t\t","protected":false},"excerpt":{"rendered":"<p>Resultados justos Just Outcomes es un equipo de consultores en justicia reparadora que trabaja con l\u00edderes de comunidades y organizaciones para construir y mejorar sistemas de seguridad comunitaria, justicia y responsabilidad. Just Outcomes se especializa en lograr resultados que apoyen el liderazgo colectivo e incorporen las percepciones, aspiraciones y necesidades de las comunidades y grupos. [&#8230;]\n","protected":false},"author":1,"featured_media":0,"parent":6969,"menu_order":0,"comment_status":"closed","ping_status":"closed","template":"elementor_header_footer","meta":{"iawp_total_views":6,"footnotes":""},"class_list":["post-12316","page","type-page","status-publish","hentry"],"_links":{"self":[{"href":"https:\/\/ssscorp.org\/es\/wp-json\/wp\/v2\/pages\/12316","targetHints":{"allow":["GET"]}}],"collection":[{"href":"https:\/\/ssscorp.org\/es\/wp-json\/wp\/v2\/pages"}],"about":[{"href":"https:\/\/ssscorp.org\/es\/wp-json\/wp\/v2\/types\/page"}],"author":[{"embeddable":true,"href":"https:\/\/ssscorp.org\/es\/wp-json\/wp\/v2\/users\/1"}],"replies":[{"embeddable":true,"href":"https:\/\/ssscorp.org\/es\/wp-json\/wp\/v2\/comments?post=12316"}],"version-history":[{"count":3,"href":"https:\/\/ssscorp.org\/es\/wp-json\/wp\/v2\/pages\/12316\/revisions"}],"predecessor-version":[{"id":12626,"href":"https:\/\/ssscorp.org\/es\/wp-json\/wp\/v2\/pages\/12316\/revisions\/12626"}],"up":[{"embeddable":true,"href":"https:\/\/ssscorp.org\/es\/wp-json\/wp\/v2\/pages\/6969"}],"wp:attachment":[{"href":"https:\/\/ssscorp.org\/es\/wp-json\/wp\/v2\/media?parent=12316"}],"curies":[{"name":"wp","href":"https:\/\/api.w.org\/{rel}","templated":true}]}}