{"id":6961,"date":"2023-08-28T16:51:50","date_gmt":"2023-08-28T16:51:50","guid":{"rendered":"https:\/\/ssscorp.org\/das-projekt-compassionate-reconciliation\/"},"modified":"2025-03-09T22:36:11","modified_gmt":"2025-03-09T22:36:11","slug":"das-projekt-compassionate-reconciliation","status":"publish","type":"page","link":"https:\/\/ssscorp.org\/de\/das-projekt-compassionate-reconciliation\/","title":{"rendered":"Das Projekt &#8220;Compassionate Reconciliation"},"content":{"rendered":"\n\n  <div class=\"banner has-hover has-parallax\" id=\"banner-1801424792\">\n          <div class=\"banner-inner fill\">\n        <div class=\"banner-bg fill\" data-parallax=\"-3\" data-parallax-container=\".banner\" data-parallax-background>\n            <div class=\"bg fill bg-fill \"><\/div>\n                        <div class=\"overlay\"><\/div>            \n                    <\/div>\n\t\t\n        <div class=\"banner-layers container\">\n            <div class=\"fill banner-link\"><\/div>            \n\n   <div id=\"text-box-1743947988\" class=\"text-box banner-layer x50 md-x50 lg-x50 y50 md-y50 lg-y50 res-text\">\n                                <div class=\"text-box-content text dark\">\n              \n              <div class=\"text-inner text-center\">\n                  \n\n<h3 class=\"uppercase\"><strong>Das Projekt &#8220;Compassionate Reconciliation<\/strong><\/h3>\n\n              <\/div>\n           <\/div>\n                            \n<style>\n#text-box-1743947988 {\n  width: 60%;\n}\n#text-box-1743947988 .text-box-content {\n  font-size: 100%;\n}\n<\/style>\n    <\/div>\n \n\n        <\/div>\n      <\/div>\n\n            \n<style>\n#banner-1801424792 {\n  padding-top: 300px;\n}\n#banner-1801424792 .bg.bg-loaded {\n  background-image: url(https:\/\/ssscorp.org\/wp-content\/uploads\/2022\/09\/Untitled-design-3-scaled-1.jpeg);\n}\n#banner-1801424792 .overlay {\n  background-color: rgba(17, 33, 82, 0.855);\n}\n#banner-1801424792 .ux-shape-divider--top svg {\n  height: 150px;\n  --divider-top-width: 100%;\n}\n#banner-1801424792 .ux-shape-divider--bottom svg {\n  height: 150px;\n  --divider-width: 100%;\n}\n<\/style>\n  <\/div>\n\n\n\t<section class=\"section\" id=\"section_391301382\">\n\t\t<div class=\"bg section-bg fill bg-fill  bg-loaded\" >\n\n\t\t\t\n\t\t\t\n\t\t\t\n\n\t\t<\/div>\n\n\t\t\n\n\t\t<div class=\"section-content relative\">\n\t\t\t\n\n<div class=\"row align-center\"  id=\"row-1151195419\">\n\n\n\t<div id=\"col-1856853947\" class=\"col small-12 large-12\"  >\n\t\t\t\t<div class=\"col-inner\"  >\n\t\t\t\n\t\t\t\n\n<h2>Das Projekt &#8220;Compassionate Reconciliation<\/h2>\n<p><span style=\"font-weight: 400;\">Anfang 2020 h\u00f6rten die weltweiten Gemeinschaften von 3HO, KRI und Sikh Dharma International, wie schmerzlich die Erfahrungen mit Schaden in unseren Gemeinschaften und insbesondere in unseren Jugendprogrammen und Schulen waren.<\/span><\/p>\n<p><span style=\"font-weight: 400;\">Das SSSC hat sich auf eine Reise der mitf\u00fchlenden Vers\u00f6hnung begeben, die sich auf die grundlegenden Prinzipien der wiederherstellenden Gerechtigkeit st\u00fctzt, um den Heilungsprozess f\u00fcr alle Betroffenen anzuleiten. Das Compassionate Reconciliation Project versucht, Schaden anzuerkennen und wiedergutzumachen und gleichzeitig eine Gemeinschaft des Vertrauens wieder aufzubauen.<\/span><\/p>\n<p><span style=\"font-weight: 400;\">Im Herbst 2020 beauftragte das SSSC Just Outcomes, ein Beratungsunternehmen f\u00fcr opferorientierte Justiz, das sich darauf konzentrierte, Einzelpersonen und Gruppen innerhalb unserer Gemeinschaft zu treffen, um die unterschiedlichen Bed\u00fcrfnisse und Erfahrungen besser zu verstehen. Dieser Lern- und Bewertungsprozess half Just Outcomes dabei, ein Verst\u00e4ndnis daf\u00fcr zu entwickeln, was n\u00f6tig sein k\u00f6nnte, um dem Bed\u00fcrfnis nach Anerkennung und Heilung gerecht zu werden. Durch diese Vernetzung und den Aufbau von Beziehungen hat Just Outcomes eng mit unseren derzeitigen<\/span><\/p>\n<p><span style=\"font-weight: 400;\">Organisation und Gemeindef\u00fchrung, um Kapazit\u00e4ten aufzubauen und Wege f\u00fcr Gerechtigkeit, Unterst\u00fctzung und Heilung zu entwickeln.<\/span><\/p>\n<p><span style=\"font-weight: 400;\">Eine wichtige Initiative des Compassionate Reconciliation Project war die Gr\u00fcndung der Compassionate Reconciliation Commission (CRC). Der CRC ist eine vielf\u00e4ltige Gruppe, die sich mit den vielen Stimmen, Bed\u00fcrfnissen und Perspektiven in unserer Gemeinschaft auseinandersetzt. Die derzeitige Struktur des CRC besteht aus einer Reihe von Beraterteams, die neben dem zentralen CRC arbeiten, der sich aus Vertretern der einzelnen Beraterteams zusammensetzt.<\/span><\/p>\n<p><span style=\"font-weight: 400;\">Klicken Sie hier, um weitere Informationen \u00fcber das Projekt zu erhalten: <\/span><a href=\"https:\/\/ssscorp.org\/de\/das-projekt-compassionate-reconciliation\/crc-test\/\"><span style=\"font-weight: 400;\">https:\/\/ssscorp.org\/the-compassionate-reconciliation-project\/crp-about\/<\/span><\/a><\/p>\n\n\n\t\t<\/div>\n\t\t\t\t\t<\/div>\n\n\t\n\n<\/div>\n\n\t\t<\/div>\n\n\t\t\n<style>\n#section_391301382 {\n  padding-top: 30px;\n  padding-bottom: 30px;\n}\n#section_391301382 .ux-shape-divider--top svg {\n  height: 150px;\n  --divider-top-width: 100%;\n}\n#section_391301382 .ux-shape-divider--bottom svg {\n  height: 150px;\n  --divider-width: 100%;\n}\n<\/style>\n\t<\/section>\n\t\n\n","protected":false},"excerpt":{"rendered":"","protected":false},"author":2,"featured_media":0,"parent":0,"menu_order":0,"comment_status":"closed","ping_status":"closed","template":"page-blank.php","meta":{"iawp_total_views":2,"footnotes":""},"class_list":["post-6961","page","type-page","status-publish","hentry"],"_links":{"self":[{"href":"https:\/\/ssscorp.org\/de\/wp-json\/wp\/v2\/pages\/6961","targetHints":{"allow":["GET"]}}],"collection":[{"href":"https:\/\/ssscorp.org\/de\/wp-json\/wp\/v2\/pages"}],"about":[{"href":"https:\/\/ssscorp.org\/de\/wp-json\/wp\/v2\/types\/page"}],"author":[{"embeddable":true,"href":"https:\/\/ssscorp.org\/de\/wp-json\/wp\/v2\/users\/2"}],"replies":[{"embeddable":true,"href":"https:\/\/ssscorp.org\/de\/wp-json\/wp\/v2\/comments?post=6961"}],"version-history":[{"count":4,"href":"https:\/\/ssscorp.org\/de\/wp-json\/wp\/v2\/pages\/6961\/revisions"}],"predecessor-version":[{"id":12841,"href":"https:\/\/ssscorp.org\/de\/wp-json\/wp\/v2\/pages\/6961\/revisions\/12841"}],"wp:attachment":[{"href":"https:\/\/ssscorp.org\/de\/wp-json\/wp\/v2\/media?parent=6961"}],"curies":[{"name":"wp","href":"https:\/\/api.w.org\/{rel}","templated":true}]}}