{"id":6901,"date":"2023-08-28T16:44:52","date_gmt":"2023-08-28T16:44:52","guid":{"rendered":"https:\/\/ssscorp.org\/eingliederung-vielfalt-gerechtigkeit-und-zugaenglichkeit-idea-bei-sssc\/"},"modified":"2023-08-28T16:45:40","modified_gmt":"2023-08-28T16:45:40","slug":"eingliederung-vielfalt-gerechtigkeit-und-zugaenglichkeit-idea-bei-sssc","status":"publish","type":"page","link":"https:\/\/ssscorp.org\/de\/eingliederung-vielfalt-gerechtigkeit-und-zugaenglichkeit-idea-bei-sssc\/","title":{"rendered":"Eingliederung, Vielfalt, Gerechtigkeit und Zug\u00e4nglichkeit (IDEA) bei SSSC"},"content":{"rendered":"\n\n  <div class=\"banner has-hover has-parallax\" id=\"banner-1528959028\">\n          <div class=\"banner-inner fill\">\n        <div class=\"banner-bg fill\" data-parallax=\"-3\" data-parallax-container=\".banner\" data-parallax-background>\n            <div class=\"bg fill bg-fill \"><\/div>\n                        <div class=\"overlay\"><\/div>            \n                    <\/div>\n\t\t\n        <div class=\"banner-layers container\">\n            <div class=\"fill banner-link\"><\/div>            \n\n   <div id=\"text-box-716172761\" class=\"text-box banner-layer x50 md-x50 lg-x50 y50 md-y50 lg-y50 res-text\">\n                                <div class=\"text-box-content text dark\">\n              \n              <div class=\"text-inner text-center\">\n                  \n\n<h3 class=\"uppercase\"><strong>Eingliederung, Vielfalt, Gerechtigkeit und Zug\u00e4nglichkeit (IDEA) bei SSSC<\/strong><\/h3>\n\n\n              <\/div>\n           <\/div>\n                            \n<style>\n#text-box-716172761 {\n  width: 60%;\n}\n#text-box-716172761 .text-box-content {\n  font-size: 100%;\n}\n<\/style>\n    <\/div>\n \n\n        <\/div>\n      <\/div>\n\n            \n<style>\n#banner-1528959028 {\n  padding-top: 300px;\n}\n#banner-1528959028 .bg.bg-loaded {\n  background-image: url(https:\/\/ssscorp.org\/wp-content\/uploads\/2022\/09\/Untitled-design-3-scaled-1.jpeg);\n}\n#banner-1528959028 .overlay {\n  background-color: rgba(17, 33, 82, 0.855);\n}\n#banner-1528959028 .ux-shape-divider--top svg {\n  height: 150px;\n  --divider-top-width: 100%;\n}\n#banner-1528959028 .ux-shape-divider--bottom svg {\n  height: 150px;\n  --divider-width: 100%;\n}\n<\/style>\n  <\/div>\n\n\n\t<section class=\"section\" id=\"section_1908958928\">\n\t\t<div class=\"bg section-bg fill bg-fill  bg-loaded\" >\n\n\t\t\t\n\t\t\t\n\t\t\t\n\n\t\t<\/div>\n\n\t\t\n\n\t\t<div class=\"section-content relative\">\n\t\t\t\n\n<div class=\"row align-center\"  id=\"row-961364855\">\n\n\n\t<div id=\"col-635156942\" class=\"col small-12 large-12\"  >\n\t\t\t\t<div class=\"col-inner\"  >\n\t\t\t\n\t\t\t\n\n<h2>Eingliederung, Vielfalt, Gerechtigkeit und Zug\u00e4nglichkeit (IDEA) bei SSSC<\/h2>\n<p>Der Zweck der IDEA-Kommission (Inclusion, Diversity, Equity and Accessibility) bestand darin, eine beratende Kommission f\u00fcr den SSSC einzurichten, die sich mit den Themen Vielfalt, Gleichberechtigung und Inklusion in unseren Organisationen befasst und diese vorantreibt. Dieser Schwerpunkt umfasst Fragen des Antirassismus, der Entkolonialisierung und der Antiunterdr\u00fcckung in allen Gemeinschaften.<br>\n<\/a><\/p>\n<p>\n<strong>Klicken Sie hier, um die Aufzeichnung der IDEA-Grundlagenschulung anzusehen:<\/strong><\/p>\n<p><a href=\"https:\/\/www.youtube.com\/watch?v=ElORjIDwvcA&amp;ab_channel=SatAkalKaur\" target=\"_blank\" rel=\"noopener\">https:\/\/www.youtube.com\/watch?v=ElORjIDwvcA&amp;ab_channel=SatAkalKaur<\/a>\n<\/p>\n<p>\n <a href=\"https:\/\/docs.google.com\/document\/d\/1aIaJ5scGPj82OS6VvX3MhnqgUDSKQuyPS8kBdv2uXxI\/edit#heading=h.y02hu2ojjv5k\" target=\"_blank\" rel=\"noopener\">Charta der<\/a> Kommission f\u00fcr Eingliederung, Vielfalt, Gleichheit und Zug\u00e4nglichkeit (IDEA)<\/p>\n\n<h2>Projekt zum Aufbau eines vielf\u00e4ltigen Pools von Vorstandstalenten<\/h2>\n<p>Wir vom SSSC wollen den Bereich der Perspektiven und der gelebten Erfahrung erweitern, indem wir mehr Mitglieder mit unterschiedlicher Herkunft in den Vorstand holen. Wir sind auf der Suche nach interessierten, kompetenten und qualifizierten Mitgliedern der Gemeinschaft, die den Vorstand des SSSC und seiner Untergremien besetzen m\u00f6chten. Dies ist ein notwendiger Schritt, wenn die Siri Singh Sahib Corporation wachsen, sich weiterentwickeln und auch in Zukunft relevant bleiben soll.<\/p>\n<p>Die Hauptziele dieses Projekts sind:<\/p>\n<ul>\n<li>Kontakte zu neuen, vielf\u00e4ltigen, potenziellen Vorstandsmitgliedern zu kn\u00fcpfen und diese zu gewinnen<\/li>\n<li>Erstellung einer Datenbank mit Kontaktinformationen potenzieller Vorstandsmitglieder<\/li>\n<li>Gemeinsame Nutzung des Pools von Vorstandstalenten mit den Tochtergesellschaften, um sie f\u00fcr das Verfahren zur Ernennung des Vorstands zu ber\u00fccksichtigen<\/li>\n<\/ul>\n<p>Wir m\u00f6chten Sie bitten, diesen Fragebogen auszuf\u00fcllen, wenn Sie schon einmal dar\u00fcber nachgedacht haben, in einem Vorstand mitzuarbeiten, wenn Sie sich mehr Vielfalt in den Vorst\u00e4nden des SSSC und der Tochtergesellschaften w\u00fcnschen oder wenn Sie Ihre Stimme in den Governance-Prozess einbringen m\u00f6chten.<\/p>\n<p><span style=\"font-weight: 700;\">Bitte lesen Sie die Informationen \u00fcber die Dharma-Organisationen des SSSC, bevor Sie diesen Fragebogen ausf\u00fcllen:  <\/span><\/p>\n<p><span style=\"font-weight: 400;\">3HO (gl\u00fccklich, gesund, heilig): <\/span><a href=\"https:\/\/www.3ho.org\">\n  <span style=\"font-weight: 400;\">https:\/\/www.3ho.org<\/span>\n<\/a><\/p>\n<p><span style=\"font-weight: 400;\">3HO Europa (Gl\u00fcckliches, gesundes, heiliges Europa):<\/span><a href=\"https:\/\/www.3ho-europe.org\">\n  <span style=\"font-weight: 400;\"> https:\/\/www.3ho-europe.org<\/span>\n<\/a><\/p>\n<p><span style=\"font-weight: 400;\">KRI: (Kundalini Research Institute): <\/span><a href=\"https:\/\/kundaliniresearchinstitute.org\/en\/\">\n  <span style=\"font-weight: 400;\">https:\/\/kundaliniresearchinstitute.org\/en\/<\/span>\n<\/a><\/p>\n<p><span style=\"font-weight: 400;\">SDI: (Sikh Dharma International) <\/span><a href=\"https:\/\/www.sikhdharma.org\/\">\n  <span style=\"font-weight: 400;\">https:\/\/www.sikhdharma.org\/<\/span>\n<\/a><\/p>\n<p><span style=\"font-weight: 400;\">SDEI: (Sikh Dharma Education International) <\/span><a href=\"https:\/\/miripiriacademy.org\/\">\n  <span style=\"font-weight: 400;\">https:\/\/miripiriacademy.org\/<\/span>\n<\/a><\/p>\n<p><span style=\"font-weight: 400;\">LYF: (LYF Management) <\/span><a href=\"https:\/\/www.lyfrentals.com\/YogiBhajan.htm\">\n  <span style=\"font-weight: 400;\">https:\/\/www.lyfrentals.com\/YogiBhajan.htm<\/span>\n<\/a><\/p>\n<p><span style=\"font-weight: 400;\">KIIT: (Khalsa International Industries &amp; Trade): <\/span><a href=\"https:\/\/www.kiit.com\/\">\n  <span style=\"font-weight: 400;\">https:\/\/www.kiit.com\/<\/span>\n<\/a><\/p>\n<p><span style=\"font-weight: 400;\">SSSC: (Siri Singh Sahib Corporation): <\/span><a href=\"https:\/\/ssscorp.org\/de\/\">\n  <span style=\"font-weight: 400;\">https:\/\/ssscorp.org\/<\/span>\n<\/a><\/p>\n<p><span style=\"font-weight: 400;\">Klicken Sie hier, um den Fragebogen auszuf\u00fcllen:<\/span><br>\n<a href=\"https:\/\/www.surveymonkey.com\/r\/275QQT7\"><span style=\"font-weight: 400;\">https:\/\/www.surveymonkey.com\/r\/275QQT7<\/span><\/a><\/p>\n\n\n\t\t<\/div>\n\t\t\t\t\t<\/div>\n\n\t\n\n<\/div>\n\n\t\t<\/div>\n\n\t\t\n<style>\n#section_1908958928 {\n  padding-top: 30px;\n  padding-bottom: 30px;\n}\n#section_1908958928 .ux-shape-divider--top svg {\n  height: 150px;\n  --divider-top-width: 100%;\n}\n#section_1908958928 .ux-shape-divider--bottom svg {\n  height: 150px;\n  --divider-width: 100%;\n}\n<\/style>\n\t<\/section>\n\t\n\n","protected":false},"excerpt":{"rendered":"","protected":false},"author":2,"featured_media":0,"parent":0,"menu_order":0,"comment_status":"closed","ping_status":"closed","template":"page-blank.php","meta":{"iawp_total_views":2,"footnotes":""},"class_list":["post-6901","page","type-page","status-publish","hentry"],"_links":{"self":[{"href":"https:\/\/ssscorp.org\/de\/wp-json\/wp\/v2\/pages\/6901","targetHints":{"allow":["GET"]}}],"collection":[{"href":"https:\/\/ssscorp.org\/de\/wp-json\/wp\/v2\/pages"}],"about":[{"href":"https:\/\/ssscorp.org\/de\/wp-json\/wp\/v2\/types\/page"}],"author":[{"embeddable":true,"href":"https:\/\/ssscorp.org\/de\/wp-json\/wp\/v2\/users\/2"}],"replies":[{"embeddable":true,"href":"https:\/\/ssscorp.org\/de\/wp-json\/wp\/v2\/comments?post=6901"}],"version-history":[{"count":2,"href":"https:\/\/ssscorp.org\/de\/wp-json\/wp\/v2\/pages\/6901\/revisions"}],"predecessor-version":[{"id":6918,"href":"https:\/\/ssscorp.org\/de\/wp-json\/wp\/v2\/pages\/6901\/revisions\/6918"}],"wp:attachment":[{"href":"https:\/\/ssscorp.org\/de\/wp-json\/wp\/v2\/media?parent=6901"}],"curies":[{"name":"wp","href":"https:\/\/api.w.org\/{rel}","templated":true}]}}