{"id":6872,"date":"2023-08-28T16:36:52","date_gmt":"2023-08-28T16:36:52","guid":{"rendered":"https:\/\/ssscorp.org\/menschenrechtskommission-2\/"},"modified":"2024-09-20T15:13:29","modified_gmt":"2024-09-20T15:13:29","slug":"menschenrechtskommission-2","status":"publish","type":"page","link":"https:\/\/ssscorp.org\/de\/menschenrechtskommission-2\/","title":{"rendered":"IHRP Task Force f\u00fcr nichtmonet\u00e4re Antr\u00e4ge"},"content":{"rendered":"\n\n  <div class=\"banner has-hover has-parallax\" id=\"banner-885846749\">\n          <div class=\"banner-inner fill\">\n        <div class=\"banner-bg fill\" data-parallax=\"-3\" data-parallax-container=\".banner\" data-parallax-background>\n            <div class=\"bg fill bg-fill \"><\/div>\n                        <div class=\"overlay\"><\/div>            \n                    <\/div>\n\t\t\n        <div class=\"banner-layers container\">\n            <div class=\"fill banner-link\"><\/div>            \n\n   <div id=\"text-box-749034694\" class=\"text-box banner-layer x50 md-x50 lg-x50 y50 md-y50 lg-y50 res-text\">\n                                <div class=\"text-box-content text dark\">\n              \n              <div class=\"text-inner text-center\">\n                  \n\n<h3 class=\"uppercase\"><strong>IHRP Task Force f\u00fcr nichtmonet\u00e4re Antr\u00e4ge<\/strong><\/h3>\n\n              <\/div>\n           <\/div>\n                            \n<style>\n#text-box-749034694 {\n  width: 60%;\n}\n#text-box-749034694 .text-box-content {\n  font-size: 100%;\n}\n<\/style>\n    <\/div>\n \n\n        <\/div>\n      <\/div>\n\n            \n<style>\n#banner-885846749 {\n  padding-top: 300px;\n}\n#banner-885846749 .bg.bg-loaded {\n  background-image: url(https:\/\/ssscorp.org\/wp-content\/uploads\/2022\/09\/Untitled-design-3-scaled-1.jpeg);\n}\n#banner-885846749 .overlay {\n  background-color: rgba(17, 33, 82, 0.855);\n}\n#banner-885846749 .ux-shape-divider--top svg {\n  height: 150px;\n  --divider-top-width: 100%;\n}\n#banner-885846749 .ux-shape-divider--bottom svg {\n  height: 150px;\n  --divider-width: 100%;\n}\n<\/style>\n  <\/div>\n\n\n\t<section class=\"section\" id=\"section_1670732670\">\n\t\t<div class=\"bg section-bg fill bg-fill  bg-loaded\" >\n\n\t\t\t\n\t\t\t\n\t\t\t\n\n\t\t<\/div>\n\n\t\t\n\n\t\t<div class=\"section-content relative\">\n\t\t\t\n\n<div class=\"row align-center\"  id=\"row-233758892\">\n\n\n\t<div id=\"col-1759417237\" class=\"col small-12 large-12\"  >\n\t\t\t\t<div class=\"col-inner\"  >\n\t\t\t\n\t\t\t\n\n<h2>IHRP Task Force f\u00fcr nichtmonet\u00e4re Antr\u00e4ge<\/h2>\n<p>Am 7. Juni 2023 richtete das SSSC eine Task Force f\u00fcr nicht-geldliche Antr\u00e4ge ein, die nicht-geldliche Antr\u00e4ge von IHRP-Teilnehmern bewerten und dem Ausschuss ihre Schlussfolgerungen und Empfehlungen im Zusammenhang mit solchen Antr\u00e4gen vorlegen soll. Die nichtmonet\u00e4ren Antr\u00e4ge wurden von Lynn Shiner, der IHRP-Moderatorin, zusammengestellt und der Task Force zur Verf\u00fcgung gestellt, wobei die Anonymit\u00e4t der einzelnen Personen sorgf\u00e4ltig gewahrt wurde. Sie enth\u00e4lt \u00fcber tausend nichtmonet\u00e4re Antr\u00e4ge.<br><a href=\"https:\/\/epsweb.org\/reparations-faq\/\" target=\"_blank\" rel=\"noopener\">Unabh\u00e4ngiges Programm f\u00fcr Heilung und Wiedergutmachung (IHRP).  <\/a><\/p>\n<p> <\/p>\n\n\t\t<\/div>\n\t\t\t\t\t<\/div>\n\n\t\n\n<\/div>\n\n\t\t<\/div>\n\n\t\t\n<style>\n#section_1670732670 {\n  padding-top: 30px;\n  padding-bottom: 30px;\n}\n#section_1670732670 .ux-shape-divider--top svg {\n  height: 150px;\n  --divider-top-width: 100%;\n}\n#section_1670732670 .ux-shape-divider--bottom svg {\n  height: 150px;\n  --divider-width: 100%;\n}\n<\/style>\n\t<\/section>\n\t\n\n","protected":false},"excerpt":{"rendered":"","protected":false},"author":2,"featured_media":0,"parent":0,"menu_order":0,"comment_status":"closed","ping_status":"closed","template":"page-blank.php","meta":{"iawp_total_views":1,"footnotes":""},"class_list":["post-6872","page","type-page","status-publish","hentry"],"_links":{"self":[{"href":"https:\/\/ssscorp.org\/de\/wp-json\/wp\/v2\/pages\/6872","targetHints":{"allow":["GET"]}}],"collection":[{"href":"https:\/\/ssscorp.org\/de\/wp-json\/wp\/v2\/pages"}],"about":[{"href":"https:\/\/ssscorp.org\/de\/wp-json\/wp\/v2\/types\/page"}],"author":[{"embeddable":true,"href":"https:\/\/ssscorp.org\/de\/wp-json\/wp\/v2\/users\/2"}],"replies":[{"embeddable":true,"href":"https:\/\/ssscorp.org\/de\/wp-json\/wp\/v2\/comments?post=6872"}],"version-history":[{"count":4,"href":"https:\/\/ssscorp.org\/de\/wp-json\/wp\/v2\/pages\/6872\/revisions"}],"predecessor-version":[{"id":10879,"href":"https:\/\/ssscorp.org\/de\/wp-json\/wp\/v2\/pages\/6872\/revisions\/10879"}],"wp:attachment":[{"href":"https:\/\/ssscorp.org\/de\/wp-json\/wp\/v2\/media?parent=6872"}],"curies":[{"name":"wp","href":"https:\/\/api.w.org\/{rel}","templated":true}]}}