{"id":6839,"date":"2023-08-28T16:33:01","date_gmt":"2023-08-28T16:33:01","guid":{"rendered":"https:\/\/ssscorp.org\/beratungsprogramme-2\/"},"modified":"2024-09-20T15:11:52","modified_gmt":"2024-09-20T15:11:52","slug":"beratungsprogramme-2","status":"publish","type":"page","link":"https:\/\/ssscorp.org\/de\/beratungsprogramme-2\/","title":{"rendered":"Beratungsprogramme"},"content":{"rendered":"\n\n  <div class=\"banner has-hover has-parallax\" id=\"banner-1302881418\">\n          <div class=\"banner-inner fill\">\n        <div class=\"banner-bg fill\" data-parallax=\"-3\" data-parallax-container=\".banner\" data-parallax-background>\n            <div class=\"bg fill bg-fill \"><\/div>\n                        <div class=\"overlay\"><\/div>            \n                    <\/div>\n\t\t\n        <div class=\"banner-layers container\">\n            <div class=\"fill banner-link\"><\/div>            \n\n   <div id=\"text-box-684404337\" class=\"text-box banner-layer x50 md-x50 lg-x50 y50 md-y50 lg-y50 res-text\">\n                                <div class=\"text-box-content text dark\">\n              \n              <div class=\"text-inner text-center\">\n                  \n\n<h3 class=\"uppercase\"><strong>Beratungsprogramme<\/strong><\/h3>\n\n              <\/div>\n           <\/div>\n                            \n<style>\n#text-box-684404337 {\n  width: 60%;\n}\n#text-box-684404337 .text-box-content {\n  font-size: 100%;\n}\n<\/style>\n    <\/div>\n \n\n        <\/div>\n      <\/div>\n\n            \n<style>\n#banner-1302881418 {\n  padding-top: 300px;\n}\n#banner-1302881418 .bg.bg-loaded {\n  background-image: url(https:\/\/ssscorp.org\/wp-content\/uploads\/2022\/09\/Untitled-design-3-scaled-1.jpeg);\n}\n#banner-1302881418 .overlay {\n  background-color: rgba(17, 33, 82, 0.855);\n}\n#banner-1302881418 .ux-shape-divider--top svg {\n  height: 150px;\n  --divider-top-width: 100%;\n}\n#banner-1302881418 .ux-shape-divider--bottom svg {\n  height: 150px;\n  --divider-width: 100%;\n}\n<\/style>\n  <\/div>\n\n\n\t<section class=\"section\" id=\"section_473251241\">\n\t\t<div class=\"bg section-bg fill bg-fill  bg-loaded\" >\n\n\t\t\t\n\t\t\t\n\t\t\t\n\n\t\t<\/div>\n\n\t\t\n\n\t\t<div class=\"section-content relative\">\n\t\t\t\n\n<div class=\"row align-center\"  id=\"row-1250588380\">\n\n\n\t<div id=\"col-1115255838\" class=\"col small-12 large-12\"  >\n\t\t\t\t<div class=\"col-inner\"  >\n\t\t\t\n\t\t\t\n\n<h2>Beratungsprogramme<\/h2>\n<p>Als Reaktion auf die Berichte \u00fcber Sch\u00e4den hat die Siri Singh Sahib Corporation mehrere Programme zur Unterst\u00fctzung der Mitglieder unserer Gemeinschaft eingef\u00fchrt. Ab M\u00e4rz 2020 wurden Programme zur Erstattung von Beratungskosten eingef\u00fchrt, um sowohl langj\u00e4hrige Mitglieder der Gemeinschaft als auch Mitglieder unserer zweiten Generation zu unterst\u00fctzen.  <\/p>\n<p>Diese Programme sind inzwischen abgeschlossen.<\/p>\n\n\t\t<\/div>\n\t\t\t\t\t<\/div>\n\n\t\n\n<\/div>\n\n\t\t<\/div>\n\n\t\t\n<style>\n#section_473251241 {\n  padding-top: 30px;\n  padding-bottom: 30px;\n}\n#section_473251241 .ux-shape-divider--top svg {\n  height: 150px;\n  --divider-top-width: 100%;\n}\n#section_473251241 .ux-shape-divider--bottom svg {\n  height: 150px;\n  --divider-width: 100%;\n}\n<\/style>\n\t<\/section>\n\t\n\n","protected":false},"excerpt":{"rendered":"","protected":false},"author":2,"featured_media":0,"parent":0,"menu_order":0,"comment_status":"closed","ping_status":"closed","template":"page-blank.php","meta":{"iawp_total_views":2,"footnotes":""},"class_list":["post-6839","page","type-page","status-publish","hentry"],"_links":{"self":[{"href":"https:\/\/ssscorp.org\/de\/wp-json\/wp\/v2\/pages\/6839","targetHints":{"allow":["GET"]}}],"collection":[{"href":"https:\/\/ssscorp.org\/de\/wp-json\/wp\/v2\/pages"}],"about":[{"href":"https:\/\/ssscorp.org\/de\/wp-json\/wp\/v2\/types\/page"}],"author":[{"embeddable":true,"href":"https:\/\/ssscorp.org\/de\/wp-json\/wp\/v2\/users\/2"}],"replies":[{"embeddable":true,"href":"https:\/\/ssscorp.org\/de\/wp-json\/wp\/v2\/comments?post=6839"}],"version-history":[{"count":3,"href":"https:\/\/ssscorp.org\/de\/wp-json\/wp\/v2\/pages\/6839\/revisions"}],"predecessor-version":[{"id":10872,"href":"https:\/\/ssscorp.org\/de\/wp-json\/wp\/v2\/pages\/6839\/revisions\/10872"}],"wp:attachment":[{"href":"https:\/\/ssscorp.org\/de\/wp-json\/wp\/v2\/media?parent=6839"}],"curies":[{"name":"wp","href":"https:\/\/api.w.org\/{rel}","templated":true}]}}