{"id":4671,"date":"2023-01-07T17:27:25","date_gmt":"2023-01-07T17:27:25","guid":{"rendered":"https:\/\/ssscorp.org\/projektleiter-menschenrechte\/"},"modified":"2023-01-07T17:39:34","modified_gmt":"2023-01-07T17:39:34","slug":"projektleiter-menschenrechte","status":"publish","type":"page","link":"https:\/\/ssscorp.org\/de\/projektleiter-menschenrechte\/","title":{"rendered":"Projektleiter Menschenrechte"},"content":{"rendered":"\n\t<section class=\"section\" id=\"section_483185466\">\n\t\t<div class=\"bg section-bg fill bg-fill  bg-loaded\" >\n\n\t\t\t\n\t\t\t\n\t\t\t\n\n\t\t<\/div>\n\n\t\t\n\n\t\t<div class=\"section-content relative\">\n\t\t\t\n\n<div class=\"row align-center\"  id=\"row-2083987484\">\n\n\n\t<div id=\"col-723951022\" class=\"col small-12 large-12\"  >\n\t\t\t\t<div class=\"col-inner\"  >\n\t\t\t\n\t\t\t\n\n<h2>Das SSSC sucht einen Projektmanager f\u00fcr Menschenrechte<\/h2>\n<p>Die SSSC ist die Mutterorganisation der gemeinn\u00fctzigen Tochterorganisationen (3HO, 3HO Europe, LYB, KRI, Sikhnet, SDI und SDEI) und der Anteilseigner von KIIT, unserer gewinnorientierten Tochtergesellschaft. Das SSSC fungiert auch als Treuh\u00e4nder eines Wohlt\u00e4tigkeitsfonds, dessen Beg\u00fcnstigte die gemeinn\u00fctzigen Organisationen und die Gemeinden sind, denen sie dienen.<\/p>\n<p>Im April 2021 gr\u00fcndete der SSSC auf Anraten des Khalsa-Rates die Menschenrechtskommission. Das erste Schwerpunktthema der Kommission ist die Gleichstellung der Ehe f\u00fcr LGBTQ-Sikhs-Paare.<\/p>\n<p>Wir suchen nun einen Projektmanager f\u00fcr die Menschenrechtskommission, der die Leitung dieses Projekts \u00fcbernimmt und seine F\u00e4higkeiten und Talente in diese Position einbringt. Lesen Sie die nachstehende Stellenbeschreibung und senden Sie Ihren Lebenslauf und Ihr Anschreiben an <a href=\"mailto:humanrightsadmin@ssscorp.org\">humanrightsadmin@ssscorp.org<\/a>, um sich zu bewerben.<\/p>\n<h3>Arbeitsbeschreibung<\/h3>\n<p>\n<strong>Art:<\/strong> Teilzeit, unabh\u00e4ngiger Auftragnehmer<br>\n<strong>Berichtet an:<\/strong> Der Vorsitzenden der Menschenrechtskommission<br>\n<strong>Schwerpunkt:<\/strong> Gleichstellung der Ehe in der 3HO, dem Sikh Dharma und der gr\u00f6\u00dferen Sikh-Gemeinschaft\n<\/p>\n<p style=\"font-weight: bold\">Der Arbeitsumfang umfasst:<\/p>\n<ul>\n<li>Verwaltung und Erstellung von Inhalten, die weitergegeben werden k\u00f6nnen, einschlie\u00dflich der Geschichte der Ehegleichheit in der Sikh-Gemeinschaft, einer Liste von Orten und Geistlichen, die gleichgeschlechtliche Sikh-Hochzeiten abhalten, Ressourcen f\u00fcr die Sicherheit von Gurdwaras, Partnern und Verb\u00fcndeten  <\/li>\n<li>Entwicklung von Aufkl\u00e4rungsmaterial und Ressourcenleitf\u00e4den, einschlie\u00dflich psychologischer und familientherapeutischer Unterst\u00fctzung f\u00fcr die LGBTQ-Gemeinschaft, sowie eines Regenbogenmotivs, das Geistliche, Gurdwaras und Menschen, die diesen Gruppen freundlich gesinnt sind, auf ihren Websites anzeigen k\u00f6nnen<\/li>\n<li>\nInterne Zusammenarbeit mit dem SSSC und den nachgeordneten Organisationen<\/li>\n<li>Unterst\u00fctzung\/Arbeit mit OPA (Office of Public Affairs)<\/li>\n<li>Vernetzung\/Bildung von Partnerschaften und Verb\u00fcndeten mit Gurdwaras und anderen Sikh\/LGBTQ-Gruppen<\/li>\n<li>\nSonstige von der Menschenrechtskommission entwickelte und zugewiesene Aufgaben  <\/li>\n<\/ul>\n<p>\n<b>Andere m\u00f6gliche Aufgaben:<\/b><\/p>\n<ul>\n<li>Zusammenarbeit mit Human Rights\/OPA bei Vaisakhi-Veranstaltung<\/li>\n<\/ul>\n<p>\n<b>Qualifikationen<\/b><\/p>\n<ul>\n<li>Ausgezeichnete schriftliche und m\u00fcndliche Kommunikationsf\u00e4higkeiten\n<\/li>\n<li>Projektmanagement-Hintergrund\/-Kenntnisse\n<\/li>\n<li>Technologiekenntnisse im Umgang mit Computern, dem Internet und g\u00e4ngigen Anwendungen wie Google Docs\n<\/li>\n<li>Erfahrung in der Strategieentwicklung\n<\/li>\n<li>Ansprechperson\n<\/li>\n<li>muss in der Lage sein, an allen HRC-Sitzungen per Zoom teilzunehmen und sich eng mit dem HRC-Vorsitzenden abzustimmen\n<\/li>\n<\/ul>\n<p>\n<b>Bevorzugte Qualifikationen<\/b><\/p>\n<ul>\n<li>F\u00fchrungsqualit\u00e4ten<\/li>\n<li>Gelebte Erfahrung\n<\/li>\n<li>Erfahrung mit dem Einsatz f\u00fcr soziale Gerechtigkeit\n<\/li>\n<li>Interkulturelle Kompetenz und Sensibilit\u00e4t\n<\/li>\n<li>Erfahrung im Projektmanagement\n<\/li>\n<li>Erfahrung in der Unterst\u00fctzung der LGBTQ+-Gemeinschaft\n<\/li>\n<li>Erfahrung in der Arbeit mit gemeinn\u00fctzigen Organisationen\n<\/li>\n<li>Erfahrung mit Vertragsarbeit\/Remote-Arbeit\n<\/li>\n<li>Ausgezeichnete Zeitmanagementf\u00e4higkeiten\n<\/li>\n<\/ul>\n<p>\nHinweis: Es handelt sich um eine unabh\u00e4ngige Stelle, die f\u00fcr zwei Jahre in Teilzeit vergeben wird. Die Fortsetzung der Arbeit nach den zwei Jahren ist von der Finanzierung abh\u00e4ngig. Es handelt sich um eine virtuelle Stelle, die gelegentlich Reisen erfordert.<\/p>\n<p>Bitte reichen Sie Ihren Lebenslauf mit einem Anschreiben ein, in dem Sie erl\u00e4utern, wie Ihre F\u00e4higkeiten und Erfahrungen dieses Projekt bereichern k\u00f6nnen: <a href=\"mailto:humanrightsadmin@ssscorp.org\">humanrightsadmin@ssscorp.org.<\/a> <u>Frist f\u00fcr die Einreichung Ihres Lebenslaufs: 31. Januar 2023<\/u>\n<\/p>\n\n\n\t\t<\/div>\n\t\t\t\t\t<\/div>\n\n\t\n\n<\/div>\n\n\t\t<\/div>\n\n\t\t\n<style>\n#section_483185466 {\n  padding-top: 30px;\n  padding-bottom: 30px;\n}\n#section_483185466 .ux-shape-divider--top svg {\n  height: 150px;\n  --divider-top-width: 100%;\n}\n#section_483185466 .ux-shape-divider--bottom svg {\n  height: 150px;\n  --divider-width: 100%;\n}\n<\/style>\n\t<\/section>\n\t\n\n","protected":false},"excerpt":{"rendered":"","protected":false},"author":1,"featured_media":0,"parent":0,"menu_order":0,"comment_status":"closed","ping_status":"closed","template":"page-blank.php","meta":{"iawp_total_views":0,"footnotes":""},"class_list":["post-4671","page","type-page","status-publish","hentry"],"_links":{"self":[{"href":"https:\/\/ssscorp.org\/de\/wp-json\/wp\/v2\/pages\/4671","targetHints":{"allow":["GET"]}}],"collection":[{"href":"https:\/\/ssscorp.org\/de\/wp-json\/wp\/v2\/pages"}],"about":[{"href":"https:\/\/ssscorp.org\/de\/wp-json\/wp\/v2\/types\/page"}],"author":[{"embeddable":true,"href":"https:\/\/ssscorp.org\/de\/wp-json\/wp\/v2\/users\/1"}],"replies":[{"embeddable":true,"href":"https:\/\/ssscorp.org\/de\/wp-json\/wp\/v2\/comments?post=4671"}],"version-history":[{"count":3,"href":"https:\/\/ssscorp.org\/de\/wp-json\/wp\/v2\/pages\/4671\/revisions"}],"predecessor-version":[{"id":4693,"href":"https:\/\/ssscorp.org\/de\/wp-json\/wp\/v2\/pages\/4671\/revisions\/4693"}],"wp:attachment":[{"href":"https:\/\/ssscorp.org\/de\/wp-json\/wp\/v2\/media?parent=4671"}],"curies":[{"name":"wp","href":"https:\/\/api.w.org\/{rel}","templated":true}]}}